{"id":1895,"date":"2022-12-15T11:46:58","date_gmt":"2022-12-15T11:46:58","guid":{"rendered":"https:\/\/comercialnespral.com\/producto\/cuscino-cervicale-lombare-cilindrico\/"},"modified":"2022-12-15T11:55:41","modified_gmt":"2022-12-15T11:55:41","slug":"cuscino-cervicale-lombare-cilindrico","status":"publish","type":"product","link":"https:\/\/comercialnespral.com\/it\/producto\/cuscino-cervicale-lombare-cilindrico\/","title":{"rendered":"Cuscino cervicale lombare cilindrico"},"content":{"rendered":"<ul>\n<li>Speciale per la rettificazione della lordosi cervicale (collo troppo dritto con perdita della curvatura naturale). Dona comfort e comfort, aumentando le ore di riposo. Ergonomico e ortopedico.<\/li>\n<li>Versatile cuscino per collo e schiena che offre comfort durante il sonno a casa o in viaggio. Allevia lo stress nei punti di pressione comuni. Aiuta a recuperare la curva naturale della cervicale.<\/li>\n<li>Perfetto per il collo. Molteplici usi, pu\u00f2 essere utilizzato come cuscino per i reni, il collo, supporto per la schiena, cuscino lombare, poggiatesta, supporto per la guida e anche come cuscino antiribaltamento per bambini. Ideale per viaggiare. Progettato per essere compatibile con la maggior parte dei cuscini tradizionali.<\/li>\n<li>Dimensioni: 40 x 14 x 14 cm. Doppia fodera: interno in tessuto non tessuto ed esterno in popeline (\u00e8 un tessuto molto versatile, grazie alla flessibilit\u00e0 di miscelare le fibre durante la sua produzione, \u00e8 uno dei tessuti pi\u00f9 misti. Imbottitura in ovatta sintetica. Imbottitura morbida e soffice. Chiusura con elastico.<\/li>\n<li>Fabbricato interamente in Spagna con materiali di prima qualit\u00e0.<\/li>\n<\/ul>\n","protected":false},"excerpt":{"rendered":"<p>ORTONES | Cuscino cervicale lombare cilindrico | Allevia il collo posturale e il dolore alle spalle | Mantiene la curva naturale<\/p>\n<p><strong>Marchio:<\/strong> Ortones<br \/>\n<strong>Colore:<\/strong> Bianco<br \/>\n<strong>Taglia:<\/strong> Taglia unica<br \/>\n<strong>Materiale di riempimento<\/strong> Guata sint\u00e9tica<br \/>\n<strong>Forma:<\/strong> Cilindrico<\/p>\n","protected":false},"featured_media":1830,"template":"","meta":{"_et_pb_use_builder":"","_et_pb_old_content":"","_et_gb_content_width":""},"product_cat":[57],"product_tag":[],"yoast_head":"<!-- This site is optimized with the Yoast SEO plugin v20.5 - https:\/\/yoast.com\/wordpress\/plugins\/seo\/ -->\n<title>Cuscino cervicale lombare cilindrico - Comercial Nespral<\/title>\n<meta name=\"description\" content=\"ORTONES | Cuscino cervicale lombare cilindrico | Allevia il collo posturale e il dolore alle spalle | Mantiene la curva naturale\" \/>\n<meta name=\"robots\" content=\"index, follow, max-snippet:-1, max-image-preview:large, max-video-preview:-1\" \/>\n<link rel=\"canonical\" href=\"https:\/\/comercialnespral.com\/it\/producto\/cuscino-cervicale-lombare-cilindrico\/\" \/>\n<meta property=\"og:locale\" content=\"it_IT\" \/>\n<meta property=\"og:type\" content=\"article\" \/>\n<meta property=\"og:title\" content=\"Cuscino cervicale lombare cilindrico - Comercial Nespral\" \/>\n<meta property=\"og:description\" content=\"ORTONES | Cuscino cervicale lombare cilindrico | Allevia il collo posturale e il dolore alle spalle | Mantiene la curva naturale\" \/>\n<meta property=\"og:url\" content=\"https:\/\/comercialnespral.com\/it\/producto\/cuscino-cervicale-lombare-cilindrico\/\" \/>\n<meta property=\"og:site_name\" content=\"Comercial Nespral\" \/>\n<meta property=\"article:modified_time\" content=\"2022-12-15T11:55:41+00:00\" \/>\n<meta property=\"og:image\" content=\"https:\/\/comercialnespral.com\/wp-content\/uploads\/2022\/06\/Cojin-Cervical.jpg\" \/>\n\t<meta property=\"og:image:width\" content=\"679\" \/>\n\t<meta property=\"og:image:height\" content=\"550\" \/>\n\t<meta property=\"og:image:type\" content=\"image\/jpeg\" \/>\n<meta name=\"twitter:card\" content=\"summary_large_image\" \/>\n<meta name=\"twitter:label1\" content=\"Tempo di lettura stimato\" \/>\n\t<meta name=\"twitter:data1\" content=\"1 minuto\" \/>\n<script type=\"application\/ld+json\" class=\"yoast-schema-graph\">{\"@context\":\"https:\/\/schema.org\",\"@graph\":[{\"@type\":\"WebPage\",\"@id\":\"https:\/\/comercialnespral.com\/it\/producto\/cuscino-cervicale-lombare-cilindrico\/\",\"url\":\"https:\/\/comercialnespral.com\/it\/producto\/cuscino-cervicale-lombare-cilindrico\/\",\"name\":\"Cuscino cervicale lombare cilindrico - Comercial Nespral\",\"isPartOf\":{\"@id\":\"https:\/\/comercialnespral.com\/#website\"},\"datePublished\":\"2022-12-15T11:46:58+00:00\",\"dateModified\":\"2022-12-15T11:55:41+00:00\",\"description\":\"ORTONES | Cuscino cervicale lombare cilindrico | Allevia il collo posturale e il dolore alle spalle | Mantiene la curva naturale\",\"breadcrumb\":{\"@id\":\"https:\/\/comercialnespral.com\/it\/producto\/cuscino-cervicale-lombare-cilindrico\/#breadcrumb\"},\"inLanguage\":\"it-IT\",\"potentialAction\":[{\"@type\":\"ReadAction\",\"target\":[\"https:\/\/comercialnespral.com\/it\/producto\/cuscino-cervicale-lombare-cilindrico\/\"]}]},{\"@type\":\"BreadcrumbList\",\"@id\":\"https:\/\/comercialnespral.com\/it\/producto\/cuscino-cervicale-lombare-cilindrico\/#breadcrumb\",\"itemListElement\":[{\"@type\":\"ListItem\",\"position\":1,\"name\":\"Home\",\"item\":\"https:\/\/comercialnespral.com\/it\/\"},{\"@type\":\"ListItem\",\"position\":2,\"name\":\"Productos\",\"item\":\"https:\/\/comercialnespral.com\/tienda\/\"},{\"@type\":\"ListItem\",\"position\":3,\"name\":\"Cuscino cervicale lombare cilindrico\"}]},{\"@type\":\"WebSite\",\"@id\":\"https:\/\/comercialnespral.com\/#website\",\"url\":\"https:\/\/comercialnespral.com\/\",\"name\":\"Comercial Nespral\",\"description\":\"\",\"potentialAction\":[{\"@type\":\"SearchAction\",\"target\":{\"@type\":\"EntryPoint\",\"urlTemplate\":\"https:\/\/comercialnespral.com\/?s={search_term_string}\"},\"query-input\":\"required name=search_term_string\"}],\"inLanguage\":\"it-IT\"}]}<\/script>\n<!-- \/ Yoast SEO plugin. -->","yoast_head_json":{"title":"Cuscino cervicale lombare cilindrico - Comercial Nespral","description":"ORTONES | Cuscino cervicale lombare cilindrico | Allevia il collo posturale e il dolore alle spalle | Mantiene la curva naturale","robots":{"index":"index","follow":"follow","max-snippet":"max-snippet:-1","max-image-preview":"max-image-preview:large","max-video-preview":"max-video-preview:-1"},"canonical":"https:\/\/comercialnespral.com\/it\/producto\/cuscino-cervicale-lombare-cilindrico\/","og_locale":"it_IT","og_type":"article","og_title":"Cuscino cervicale lombare cilindrico - Comercial Nespral","og_description":"ORTONES | Cuscino cervicale lombare cilindrico | Allevia il collo posturale e il dolore alle spalle | Mantiene la curva naturale","og_url":"https:\/\/comercialnespral.com\/it\/producto\/cuscino-cervicale-lombare-cilindrico\/","og_site_name":"Comercial Nespral","article_modified_time":"2022-12-15T11:55:41+00:00","og_image":[{"width":679,"height":550,"url":"https:\/\/comercialnespral.com\/wp-content\/uploads\/2022\/06\/Cojin-Cervical.jpg","type":"image\/jpeg"}],"twitter_card":"summary_large_image","twitter_misc":{"Tempo di lettura stimato":"1 minuto"},"schema":{"@context":"https:\/\/schema.org","@graph":[{"@type":"WebPage","@id":"https:\/\/comercialnespral.com\/it\/producto\/cuscino-cervicale-lombare-cilindrico\/","url":"https:\/\/comercialnespral.com\/it\/producto\/cuscino-cervicale-lombare-cilindrico\/","name":"Cuscino cervicale lombare cilindrico - Comercial Nespral","isPartOf":{"@id":"https:\/\/comercialnespral.com\/#website"},"datePublished":"2022-12-15T11:46:58+00:00","dateModified":"2022-12-15T11:55:41+00:00","description":"ORTONES | Cuscino cervicale lombare cilindrico | Allevia il collo posturale e il dolore alle spalle | Mantiene la curva naturale","breadcrumb":{"@id":"https:\/\/comercialnespral.com\/it\/producto\/cuscino-cervicale-lombare-cilindrico\/#breadcrumb"},"inLanguage":"it-IT","potentialAction":[{"@type":"ReadAction","target":["https:\/\/comercialnespral.com\/it\/producto\/cuscino-cervicale-lombare-cilindrico\/"]}]},{"@type":"BreadcrumbList","@id":"https:\/\/comercialnespral.com\/it\/producto\/cuscino-cervicale-lombare-cilindrico\/#breadcrumb","itemListElement":[{"@type":"ListItem","position":1,"name":"Home","item":"https:\/\/comercialnespral.com\/it\/"},{"@type":"ListItem","position":2,"name":"Productos","item":"https:\/\/comercialnespral.com\/tienda\/"},{"@type":"ListItem","position":3,"name":"Cuscino cervicale lombare cilindrico"}]},{"@type":"WebSite","@id":"https:\/\/comercialnespral.com\/#website","url":"https:\/\/comercialnespral.com\/","name":"Comercial Nespral","description":"","potentialAction":[{"@type":"SearchAction","target":{"@type":"EntryPoint","urlTemplate":"https:\/\/comercialnespral.com\/?s={search_term_string}"},"query-input":"required name=search_term_string"}],"inLanguage":"it-IT"}]}},"_links":{"self":[{"href":"https:\/\/comercialnespral.com\/it\/wp-json\/wp\/v3\/product\/1895"}],"collection":[{"href":"https:\/\/comercialnespral.com\/it\/wp-json\/wp\/v3\/product"}],"about":[{"href":"https:\/\/comercialnespral.com\/it\/wp-json\/wp\/v2\/types\/product"}],"wp:featuredmedia":[{"embeddable":true,"href":"https:\/\/comercialnespral.com\/it\/wp-json\/wp\/v2\/media\/1830"}],"wp:attachment":[{"href":"https:\/\/comercialnespral.com\/it\/wp-json\/wp\/v2\/media?parent=1895"}],"wp:term":[{"taxonomy":"product_cat","embeddable":true,"href":"https:\/\/comercialnespral.com\/it\/wp-json\/wp\/v2\/product_cat?post=1895"},{"taxonomy":"product_tag","embeddable":true,"href":"https:\/\/comercialnespral.com\/it\/wp-json\/wp\/v2\/product_tag?post=1895"}],"curies":[{"name":"wp","href":"https:\/\/api.w.org\/{rel}","templated":true}]}}