{"id":1891,"date":"2022-12-09T12:30:25","date_gmt":"2022-12-09T12:30:25","guid":{"rendered":"https:\/\/comercialnespral.com\/producto\/cintura-di-sostegno-lombare-tribanda\/"},"modified":"2022-12-09T12:50:47","modified_gmt":"2022-12-09T12:50:47","slug":"cintura-di-sostegno-lombare-tribanda","status":"publish","type":"product","link":"https:\/\/comercialnespral.com\/it\/producto\/cintura-di-sostegno-lombare-tribanda\/","title":{"rendered":"Cintura di Sostegno Lombare | Tribanda"},"content":{"rendered":"<ul>\n<li><strong>BENEFICI:<\/strong> La Tribanda Girdle di ORTONES serve a sostenere e contenere la regione lombare e sacrale della schiena. \u00c8 indicato per i casi di lombalgia cronica come risultato di varie patologie, lesioni. Casi di lombalgia, osteoartrite lombare, osteoporosi, ernia discale post-operatoria, debolezza muscolare, processi degenerativi o riabilitazione, post-partum. Ideale per fornire compressione e supporto dopo gli interventi chirurgici.<\/li>\n<li><strong>SOLLIEVO<\/strong>: La cintura di supporto lombare ORTONES ti permette di rientrare nello swing della vita quotidiana, aggiungendo una maggiore compressione alla parte bassa della schiena e proteggendo la vita. Aiuta a mantenere la colonna vertebrale e lombare stabile in posizione eretta, ma senza ridurre la libert\u00e0 di movimento. Ti permette di dire addio al mal di schiena e di migliorare la tua qualit\u00e0 di vita.<\/li>\n<li><strong>COMFORT<\/strong>: Design ergonomico. Avendo tre fasce fornisce pi\u00f9 supporto lombare. Elastico senza balene. Con sistema di fissaggio in velcro per facilitare la sottomissione di qualit\u00e0 industriale ultra resistente. La sua vestibilit\u00e0 \u00e8 aderente e discreta sotto i vestiti. Non scivola gi\u00f9. Morbido al tatto. Pu\u00f2 essere usato per il lavoro d&#8217;ufficio, il lavoro quotidiano, la guida, la protezione del lavoro, etc.<\/li>\n<li><strong>COMODO, TRASPIRANTE E LEGGERO:<\/strong> Ha un&#8217;altezza di 24 cm e copre tutta la zona lombare. Con tre misure diverse, S: da 60 a 75 cm. M: da 75 a 90 cm. L: da 90 a 115 cm. Per un corretto dimensionamento, utilizzare un metro a nastro per misurare la vita all&#8217;altezza dell&#8217;ombelico.<\/li>\n<li><strong>Fabbricati in Spagna<\/strong> Composizione: Poliestere: 75%, Poliammide: 15%, Elastico: 10%. Tessuto traspirante con cotone. Non utilizzare in caso di allergia a uno qualsiasi dei materiali che lo compongono. Non usare su ferite aperte.<\/li>\n<\/ul>\n","protected":false},"excerpt":{"rendered":"<p>Ortones | Cintura di Sostegno Lombare | Tribanda | Elastica | Allevia Dolori e Lesioni nella Vita e nella Schiena | Sciatica, Ernia, Lombaggine, Postparto, etc | Uomo o Donna (Small: de 60 a 75 cms)<\/p>\n<p><strong> Marchio:<\/strong> Ortones<br \/>\n<strong>Utilizzare per<\/strong>: Indietro<br \/>\n<strong>Dimensioni:<\/strong> M: de 75 a 90 cms. L: da 90 a 115 cm.<br \/>\n<strong>Composizione:<\/strong> Poliestere: 75%, Poliammide: 15%, Elastico: 10%.<br \/>\n<strong>Caratteristiche speciali:<\/strong> Copertina rimovibile<\/p>\n","protected":false},"featured_media":1805,"template":"","meta":{"_et_pb_use_builder":"","_et_pb_old_content":"","_et_gb_content_width":""},"product_cat":[56],"product_tag":[],"yoast_head":"<!-- This site is optimized with the Yoast SEO plugin v20.5 - https:\/\/yoast.com\/wordpress\/plugins\/seo\/ -->\n<title>Cintura di Sostegno Lombare | Tribanda - Comercial Nespral<\/title>\n<meta name=\"description\" content=\"Ortones | Cintura di Sostegno Lombare | Tribanda | Elastica | Allevia Dolori e Lesioni nella Vita e nella Schiena | Sciatica, Ernia, Lombaggine, Postparto, etc | Uomo o Donna\" \/>\n<meta name=\"robots\" content=\"index, follow, max-snippet:-1, max-image-preview:large, max-video-preview:-1\" \/>\n<link rel=\"canonical\" href=\"https:\/\/comercialnespral.com\/it\/producto\/cintura-di-sostegno-lombare-tribanda\/\" \/>\n<meta property=\"og:locale\" content=\"it_IT\" \/>\n<meta property=\"og:type\" content=\"article\" \/>\n<meta property=\"og:title\" content=\"Cintura di Sostegno Lombare | Tribanda - Comercial Nespral\" \/>\n<meta property=\"og:description\" content=\"Ortones | Cintura di Sostegno Lombare | Tribanda | Elastica | Allevia Dolori e Lesioni nella Vita e nella Schiena | Sciatica, Ernia, Lombaggine, Postparto, etc | Uomo o Donna\" \/>\n<meta property=\"og:url\" content=\"https:\/\/comercialnespral.com\/it\/producto\/cintura-di-sostegno-lombare-tribanda\/\" \/>\n<meta property=\"og:site_name\" content=\"Comercial Nespral\" \/>\n<meta property=\"article:modified_time\" content=\"2022-12-09T12:50:47+00:00\" \/>\n<meta property=\"og:image\" content=\"https:\/\/comercialnespral.com\/wp-content\/uploads\/2022\/06\/Faja.jpg\" \/>\n\t<meta property=\"og:image:width\" content=\"522\" \/>\n\t<meta property=\"og:image:height\" content=\"522\" \/>\n\t<meta property=\"og:image:type\" content=\"image\/jpeg\" \/>\n<meta name=\"twitter:card\" content=\"summary_large_image\" \/>\n<meta name=\"twitter:label1\" content=\"Tempo di lettura stimato\" \/>\n\t<meta name=\"twitter:data1\" content=\"2 minuti\" \/>\n<script type=\"application\/ld+json\" class=\"yoast-schema-graph\">{\"@context\":\"https:\/\/schema.org\",\"@graph\":[{\"@type\":\"WebPage\",\"@id\":\"https:\/\/comercialnespral.com\/it\/producto\/cintura-di-sostegno-lombare-tribanda\/\",\"url\":\"https:\/\/comercialnespral.com\/it\/producto\/cintura-di-sostegno-lombare-tribanda\/\",\"name\":\"Cintura di Sostegno Lombare | Tribanda - Comercial Nespral\",\"isPartOf\":{\"@id\":\"https:\/\/comercialnespral.com\/#website\"},\"datePublished\":\"2022-12-09T12:30:25+00:00\",\"dateModified\":\"2022-12-09T12:50:47+00:00\",\"description\":\"Ortones | Cintura di Sostegno Lombare | Tribanda | Elastica | Allevia Dolori e Lesioni nella Vita e nella Schiena | Sciatica, Ernia, Lombaggine, Postparto, etc | Uomo o Donna\",\"breadcrumb\":{\"@id\":\"https:\/\/comercialnespral.com\/it\/producto\/cintura-di-sostegno-lombare-tribanda\/#breadcrumb\"},\"inLanguage\":\"it-IT\",\"potentialAction\":[{\"@type\":\"ReadAction\",\"target\":[\"https:\/\/comercialnespral.com\/it\/producto\/cintura-di-sostegno-lombare-tribanda\/\"]}]},{\"@type\":\"BreadcrumbList\",\"@id\":\"https:\/\/comercialnespral.com\/it\/producto\/cintura-di-sostegno-lombare-tribanda\/#breadcrumb\",\"itemListElement\":[{\"@type\":\"ListItem\",\"position\":1,\"name\":\"Home\",\"item\":\"https:\/\/comercialnespral.com\/it\/\"},{\"@type\":\"ListItem\",\"position\":2,\"name\":\"Productos\",\"item\":\"https:\/\/comercialnespral.com\/tienda\/\"},{\"@type\":\"ListItem\",\"position\":3,\"name\":\"Cintura di Sostegno Lombare | Tribanda\"}]},{\"@type\":\"WebSite\",\"@id\":\"https:\/\/comercialnespral.com\/#website\",\"url\":\"https:\/\/comercialnespral.com\/\",\"name\":\"Comercial Nespral\",\"description\":\"\",\"potentialAction\":[{\"@type\":\"SearchAction\",\"target\":{\"@type\":\"EntryPoint\",\"urlTemplate\":\"https:\/\/comercialnespral.com\/?s={search_term_string}\"},\"query-input\":\"required name=search_term_string\"}],\"inLanguage\":\"it-IT\"}]}<\/script>\n<!-- \/ Yoast SEO plugin. -->","yoast_head_json":{"title":"Cintura di Sostegno Lombare | Tribanda - Comercial Nespral","description":"Ortones | Cintura di Sostegno Lombare | Tribanda | Elastica | Allevia Dolori e Lesioni nella Vita e nella Schiena | Sciatica, Ernia, Lombaggine, Postparto, etc | Uomo o Donna","robots":{"index":"index","follow":"follow","max-snippet":"max-snippet:-1","max-image-preview":"max-image-preview:large","max-video-preview":"max-video-preview:-1"},"canonical":"https:\/\/comercialnespral.com\/it\/producto\/cintura-di-sostegno-lombare-tribanda\/","og_locale":"it_IT","og_type":"article","og_title":"Cintura di Sostegno Lombare | Tribanda - Comercial Nespral","og_description":"Ortones | Cintura di Sostegno Lombare | Tribanda | Elastica | Allevia Dolori e Lesioni nella Vita e nella Schiena | Sciatica, Ernia, Lombaggine, Postparto, etc | Uomo o Donna","og_url":"https:\/\/comercialnespral.com\/it\/producto\/cintura-di-sostegno-lombare-tribanda\/","og_site_name":"Comercial Nespral","article_modified_time":"2022-12-09T12:50:47+00:00","og_image":[{"width":522,"height":522,"url":"https:\/\/comercialnespral.com\/wp-content\/uploads\/2022\/06\/Faja.jpg","type":"image\/jpeg"}],"twitter_card":"summary_large_image","twitter_misc":{"Tempo di lettura stimato":"2 minuti"},"schema":{"@context":"https:\/\/schema.org","@graph":[{"@type":"WebPage","@id":"https:\/\/comercialnespral.com\/it\/producto\/cintura-di-sostegno-lombare-tribanda\/","url":"https:\/\/comercialnespral.com\/it\/producto\/cintura-di-sostegno-lombare-tribanda\/","name":"Cintura di Sostegno Lombare | Tribanda - Comercial Nespral","isPartOf":{"@id":"https:\/\/comercialnespral.com\/#website"},"datePublished":"2022-12-09T12:30:25+00:00","dateModified":"2022-12-09T12:50:47+00:00","description":"Ortones | Cintura di Sostegno Lombare | Tribanda | Elastica | Allevia Dolori e Lesioni nella Vita e nella Schiena | Sciatica, Ernia, Lombaggine, Postparto, etc | Uomo o Donna","breadcrumb":{"@id":"https:\/\/comercialnespral.com\/it\/producto\/cintura-di-sostegno-lombare-tribanda\/#breadcrumb"},"inLanguage":"it-IT","potentialAction":[{"@type":"ReadAction","target":["https:\/\/comercialnespral.com\/it\/producto\/cintura-di-sostegno-lombare-tribanda\/"]}]},{"@type":"BreadcrumbList","@id":"https:\/\/comercialnespral.com\/it\/producto\/cintura-di-sostegno-lombare-tribanda\/#breadcrumb","itemListElement":[{"@type":"ListItem","position":1,"name":"Home","item":"https:\/\/comercialnespral.com\/it\/"},{"@type":"ListItem","position":2,"name":"Productos","item":"https:\/\/comercialnespral.com\/tienda\/"},{"@type":"ListItem","position":3,"name":"Cintura di Sostegno Lombare | Tribanda"}]},{"@type":"WebSite","@id":"https:\/\/comercialnespral.com\/#website","url":"https:\/\/comercialnespral.com\/","name":"Comercial Nespral","description":"","potentialAction":[{"@type":"SearchAction","target":{"@type":"EntryPoint","urlTemplate":"https:\/\/comercialnespral.com\/?s={search_term_string}"},"query-input":"required name=search_term_string"}],"inLanguage":"it-IT"}]}},"_links":{"self":[{"href":"https:\/\/comercialnespral.com\/it\/wp-json\/wp\/v3\/product\/1891"}],"collection":[{"href":"https:\/\/comercialnespral.com\/it\/wp-json\/wp\/v3\/product"}],"about":[{"href":"https:\/\/comercialnespral.com\/it\/wp-json\/wp\/v2\/types\/product"}],"wp:featuredmedia":[{"embeddable":true,"href":"https:\/\/comercialnespral.com\/it\/wp-json\/wp\/v2\/media\/1805"}],"wp:attachment":[{"href":"https:\/\/comercialnespral.com\/it\/wp-json\/wp\/v2\/media?parent=1891"}],"wp:term":[{"taxonomy":"product_cat","embeddable":true,"href":"https:\/\/comercialnespral.com\/it\/wp-json\/wp\/v2\/product_cat?post=1891"},{"taxonomy":"product_tag","embeddable":true,"href":"https:\/\/comercialnespral.com\/it\/wp-json\/wp\/v2\/product_tag?post=1891"}],"curies":[{"name":"wp","href":"https:\/\/api.w.org\/{rel}","templated":true}]}}