{"id":1866,"date":"2022-11-14T12:53:55","date_gmt":"2022-11-14T12:53:55","guid":{"rendered":"https:\/\/comercialnespral.com\/producto\/confezione-da-2-stampelle-ortopediche-regolabile-in-alluminio-stampella-ortopedica-colore-nero\/"},"modified":"2022-11-14T12:58:51","modified_gmt":"2022-11-14T12:58:51","slug":"confezione-da-2-stampelle-ortopediche-regolabile-in-alluminio-stampella-ortopedica-colore-nero","status":"publish","type":"product","link":"https:\/\/comercialnespral.com\/it\/producto\/confezione-da-2-stampelle-ortopediche-regolabile-in-alluminio-stampella-ortopedica-colore-nero\/","title":{"rendered":"Confezione da 2 Stampelle Ortopediche Regolabile in Alluminio | Stampella Ortopedica | Colore Nero"},"content":{"rendered":"<ul>\n<li>REGOLABILE IN ALTEZZA: in sette posizioni tramite un estensore metallico ad alta resistenza per adattarsi perfettamente all&#8217;altezza dell&#8217;utente. Lunghezza massima braccio esteso: 22,50 cm. Lunghezza gamba: 67,50-98,00 cm. Lunghezza manico: 12,50 cm.<\/li>\n<li>LEGGERE E VERSATILI: realizzate in tubo di alluminio ad alta durezza e impugnatura in polipropilene. Il suo peso \u00e8 di 520 grammi. Peso massimo utente: 125 kg. Angolo di supporto: 21 gradi. Angolo di impugnatura: 104,50 gradi.<\/li>\n<li>La tettoia \u00e8 realizzata in PVC ad alta aderenza, antiscivolo da 18 mm. Si consiglia di controllarli periodicamente perch\u00e9 \u00e8 la parte pi\u00f9 soggetta a usura.<\/li>\n<li>I bastoni inglesi portano sicurezza e fiducia. Anatomico, ergonomico e ortopedico.<br \/>\nProdotto in Spagna.<\/li>\n<\/ul>\n","protected":false},"excerpt":{"rendered":"<p>Confezione da 2 Stampelle Ortopediche Regolabile in Alluminio | Stampella Ortopedica | Colore Nero<\/p>\n","protected":false},"featured_media":1696,"template":"","meta":{"_et_pb_use_builder":"","_et_pb_old_content":"","_et_gb_content_width":""},"product_cat":[54],"product_tag":[],"yoast_head":"<!-- This site is optimized with the Yoast SEO plugin v20.5 - https:\/\/yoast.com\/wordpress\/plugins\/seo\/ -->\n<title>Confezione da 2 Stampelle Ortopediche Regolabile in Alluminio | Stampella Ortopedica | Colore Nero<\/title>\n<meta name=\"description\" content=\"Confezione da 2 Stampelle Ortopediche Regolabile in Alluminio | Stampella Ortopedica | Colore Nero\" \/>\n<meta name=\"robots\" content=\"index, follow, max-snippet:-1, max-image-preview:large, max-video-preview:-1\" \/>\n<link rel=\"canonical\" href=\"https:\/\/comercialnespral.com\/it\/producto\/confezione-da-2-stampelle-ortopediche-regolabile-in-alluminio-stampella-ortopedica-colore-nero\/\" \/>\n<meta property=\"og:locale\" content=\"it_IT\" \/>\n<meta property=\"og:type\" content=\"article\" \/>\n<meta property=\"og:title\" content=\"Confezione da 2 Stampelle Ortopediche Regolabile in Alluminio | Stampella Ortopedica | Colore Nero\" \/>\n<meta property=\"og:description\" content=\"Confezione da 2 Stampelle Ortopediche Regolabile in Alluminio | Stampella Ortopedica | Colore Nero\" \/>\n<meta property=\"og:url\" content=\"https:\/\/comercialnespral.com\/it\/producto\/confezione-da-2-stampelle-ortopediche-regolabile-in-alluminio-stampella-ortopedica-colore-nero\/\" \/>\n<meta property=\"og:site_name\" content=\"Comercial Nespral\" \/>\n<meta property=\"article:modified_time\" content=\"2022-11-14T12:58:51+00:00\" \/>\n<meta property=\"og:image\" content=\"https:\/\/comercialnespral.com\/wp-content\/uploads\/2022\/06\/Pack-de-2-Muletas-Adulto-Regulable-negras.jpg\" \/>\n\t<meta property=\"og:image:width\" content=\"425\" \/>\n\t<meta property=\"og:image:height\" content=\"425\" \/>\n\t<meta property=\"og:image:type\" content=\"image\/jpeg\" \/>\n<meta name=\"twitter:card\" content=\"summary_large_image\" \/>\n<meta name=\"twitter:label1\" content=\"Tempo di lettura stimato\" \/>\n\t<meta name=\"twitter:data1\" content=\"1 minuto\" \/>\n<script type=\"application\/ld+json\" class=\"yoast-schema-graph\">{\"@context\":\"https:\/\/schema.org\",\"@graph\":[{\"@type\":\"WebPage\",\"@id\":\"https:\/\/comercialnespral.com\/it\/producto\/confezione-da-2-stampelle-ortopediche-regolabile-in-alluminio-stampella-ortopedica-colore-nero\/\",\"url\":\"https:\/\/comercialnespral.com\/it\/producto\/confezione-da-2-stampelle-ortopediche-regolabile-in-alluminio-stampella-ortopedica-colore-nero\/\",\"name\":\"Confezione da 2 Stampelle Ortopediche Regolabile in Alluminio | Stampella Ortopedica | Colore Nero\",\"isPartOf\":{\"@id\":\"https:\/\/comercialnespral.com\/#website\"},\"datePublished\":\"2022-11-14T12:53:55+00:00\",\"dateModified\":\"2022-11-14T12:58:51+00:00\",\"description\":\"Confezione da 2 Stampelle Ortopediche Regolabile in Alluminio | Stampella Ortopedica | Colore Nero\",\"breadcrumb\":{\"@id\":\"https:\/\/comercialnespral.com\/it\/producto\/confezione-da-2-stampelle-ortopediche-regolabile-in-alluminio-stampella-ortopedica-colore-nero\/#breadcrumb\"},\"inLanguage\":\"it-IT\",\"potentialAction\":[{\"@type\":\"ReadAction\",\"target\":[\"https:\/\/comercialnespral.com\/it\/producto\/confezione-da-2-stampelle-ortopediche-regolabile-in-alluminio-stampella-ortopedica-colore-nero\/\"]}]},{\"@type\":\"BreadcrumbList\",\"@id\":\"https:\/\/comercialnespral.com\/it\/producto\/confezione-da-2-stampelle-ortopediche-regolabile-in-alluminio-stampella-ortopedica-colore-nero\/#breadcrumb\",\"itemListElement\":[{\"@type\":\"ListItem\",\"position\":1,\"name\":\"Home\",\"item\":\"https:\/\/comercialnespral.com\/it\/\"},{\"@type\":\"ListItem\",\"position\":2,\"name\":\"Productos\",\"item\":\"https:\/\/comercialnespral.com\/tienda\/\"},{\"@type\":\"ListItem\",\"position\":3,\"name\":\"Confezione da 2 Stampelle Ortopediche Regolabile in Alluminio | Stampella Ortopedica | Colore Nero\"}]},{\"@type\":\"WebSite\",\"@id\":\"https:\/\/comercialnespral.com\/#website\",\"url\":\"https:\/\/comercialnespral.com\/\",\"name\":\"Comercial Nespral\",\"description\":\"\",\"potentialAction\":[{\"@type\":\"SearchAction\",\"target\":{\"@type\":\"EntryPoint\",\"urlTemplate\":\"https:\/\/comercialnespral.com\/?s={search_term_string}\"},\"query-input\":\"required name=search_term_string\"}],\"inLanguage\":\"it-IT\"}]}<\/script>\n<!-- \/ Yoast SEO plugin. -->","yoast_head_json":{"title":"Confezione da 2 Stampelle Ortopediche Regolabile in Alluminio | Stampella Ortopedica | Colore Nero","description":"Confezione da 2 Stampelle Ortopediche Regolabile in Alluminio | Stampella Ortopedica | Colore Nero","robots":{"index":"index","follow":"follow","max-snippet":"max-snippet:-1","max-image-preview":"max-image-preview:large","max-video-preview":"max-video-preview:-1"},"canonical":"https:\/\/comercialnespral.com\/it\/producto\/confezione-da-2-stampelle-ortopediche-regolabile-in-alluminio-stampella-ortopedica-colore-nero\/","og_locale":"it_IT","og_type":"article","og_title":"Confezione da 2 Stampelle Ortopediche Regolabile in Alluminio | Stampella Ortopedica | Colore Nero","og_description":"Confezione da 2 Stampelle Ortopediche Regolabile in Alluminio | Stampella Ortopedica | Colore Nero","og_url":"https:\/\/comercialnespral.com\/it\/producto\/confezione-da-2-stampelle-ortopediche-regolabile-in-alluminio-stampella-ortopedica-colore-nero\/","og_site_name":"Comercial Nespral","article_modified_time":"2022-11-14T12:58:51+00:00","og_image":[{"width":425,"height":425,"url":"https:\/\/comercialnespral.com\/wp-content\/uploads\/2022\/06\/Pack-de-2-Muletas-Adulto-Regulable-negras.jpg","type":"image\/jpeg"}],"twitter_card":"summary_large_image","twitter_misc":{"Tempo di lettura stimato":"1 minuto"},"schema":{"@context":"https:\/\/schema.org","@graph":[{"@type":"WebPage","@id":"https:\/\/comercialnespral.com\/it\/producto\/confezione-da-2-stampelle-ortopediche-regolabile-in-alluminio-stampella-ortopedica-colore-nero\/","url":"https:\/\/comercialnespral.com\/it\/producto\/confezione-da-2-stampelle-ortopediche-regolabile-in-alluminio-stampella-ortopedica-colore-nero\/","name":"Confezione da 2 Stampelle Ortopediche Regolabile in Alluminio | Stampella Ortopedica | Colore Nero","isPartOf":{"@id":"https:\/\/comercialnespral.com\/#website"},"datePublished":"2022-11-14T12:53:55+00:00","dateModified":"2022-11-14T12:58:51+00:00","description":"Confezione da 2 Stampelle Ortopediche Regolabile in Alluminio | Stampella Ortopedica | Colore Nero","breadcrumb":{"@id":"https:\/\/comercialnespral.com\/it\/producto\/confezione-da-2-stampelle-ortopediche-regolabile-in-alluminio-stampella-ortopedica-colore-nero\/#breadcrumb"},"inLanguage":"it-IT","potentialAction":[{"@type":"ReadAction","target":["https:\/\/comercialnespral.com\/it\/producto\/confezione-da-2-stampelle-ortopediche-regolabile-in-alluminio-stampella-ortopedica-colore-nero\/"]}]},{"@type":"BreadcrumbList","@id":"https:\/\/comercialnespral.com\/it\/producto\/confezione-da-2-stampelle-ortopediche-regolabile-in-alluminio-stampella-ortopedica-colore-nero\/#breadcrumb","itemListElement":[{"@type":"ListItem","position":1,"name":"Home","item":"https:\/\/comercialnespral.com\/it\/"},{"@type":"ListItem","position":2,"name":"Productos","item":"https:\/\/comercialnespral.com\/tienda\/"},{"@type":"ListItem","position":3,"name":"Confezione da 2 Stampelle Ortopediche Regolabile in Alluminio | Stampella Ortopedica | Colore Nero"}]},{"@type":"WebSite","@id":"https:\/\/comercialnespral.com\/#website","url":"https:\/\/comercialnespral.com\/","name":"Comercial Nespral","description":"","potentialAction":[{"@type":"SearchAction","target":{"@type":"EntryPoint","urlTemplate":"https:\/\/comercialnespral.com\/?s={search_term_string}"},"query-input":"required name=search_term_string"}],"inLanguage":"it-IT"}]}},"_links":{"self":[{"href":"https:\/\/comercialnespral.com\/it\/wp-json\/wp\/v3\/product\/1866"}],"collection":[{"href":"https:\/\/comercialnespral.com\/it\/wp-json\/wp\/v3\/product"}],"about":[{"href":"https:\/\/comercialnespral.com\/it\/wp-json\/wp\/v2\/types\/product"}],"wp:featuredmedia":[{"embeddable":true,"href":"https:\/\/comercialnespral.com\/it\/wp-json\/wp\/v2\/media\/1696"}],"wp:attachment":[{"href":"https:\/\/comercialnespral.com\/it\/wp-json\/wp\/v2\/media?parent=1866"}],"wp:term":[{"taxonomy":"product_cat","embeddable":true,"href":"https:\/\/comercialnespral.com\/it\/wp-json\/wp\/v2\/product_cat?post=1866"},{"taxonomy":"product_tag","embeddable":true,"href":"https:\/\/comercialnespral.com\/it\/wp-json\/wp\/v2\/product_tag?post=1866"}],"curies":[{"name":"wp","href":"https:\/\/api.w.org\/{rel}","templated":true}]}}