{"id":2265,"date":"2023-02-09T09:58:58","date_gmt":"2023-02-09T09:58:58","guid":{"rendered":"https:\/\/comercialnespral.com\/producto\/lit-pad-incontinence\/"},"modified":"2023-02-09T10:01:34","modified_gmt":"2023-02-09T10:01:34","slug":"lit-pad-incontinence","status":"publish","type":"product","link":"https:\/\/comercialnespral.com\/fr\/producto\/lit-pad-incontinence\/","title":{"rendered":"Lit Pad Incontinence"},"content":{"rendered":"<ul class=\"a-unordered-list a-vertical a-spacing-mini\">\n<li><span class=\"a-list-item\">Traversin de lit respirant, lavable et imperm\u00e9able, avec ailettes lat\u00e9rales pour s&rsquo;adapter facilement au matelas. Obtenez une bonne absorption des liquides et des fluides, gardant la peau du patient propre et s\u00e8che. Grande capacit\u00e9 de filtration. R\u00e9sistant, doux et confortable.<\/span><\/li>\n<li><span class=\"a-list-item\">Indications : peut \u00eatre utilis\u00e9 en cas d\u2019enur\u00e8se nocturne et en cas de transpiration excessive. Convient pour les incontinences g\u00e9riatriques et les enfants.<\/span><\/li>\n<li><span class=\"a-list-item\">Composition 4 couches : dessus : tissu interlock polyester. 2. Couche int\u00e9rieure : tissu form\u00e9 par napa poin\u00e7onn\u00e9 de 190 g. 3a couche int\u00e9rieure : feuille de polyur\u00e9thane de 40 g. Couche inf\u00e9rieure : tissu circulaire interlock en polyester de 75 g. Avec une structure interne l\u00e9g\u00e8rement ouverte qui permet une filtration rapide des liquides (environ 75 g).<\/span><\/li>\n<li><span class=\"a-list-item\">Le protecteur r\u00e9duit l&rsquo;humidit\u00e9 et maintient la peau propre et s\u00e8che. Cela \u00e9vite la mac\u00e9ration de la peau et favorise son hygi\u00e8ne.<\/span><\/li>\n<li><span class=\"a-list-item\">Dimensions parfaites : housse de matelas pour lit de 90 cm, compatible avec les lits grands et petits, matelas \u00e0 langer, si\u00e8ges ou canap\u00e9s. Il prolonge la dur\u00e9e de vie de votre matelas en le gardant toujours au sec et exempt d&rsquo;humidit\u00e9.<\/span><\/li>\n<\/ul>\n","protected":false},"excerpt":{"rendered":"<p>ORTONES | Lit Pad Incontinence | Extra-Absorbant pour Adultes et Enfants<\/p>\n<p><strong>Dimensions:<\/strong> 90 x 75 cm, avec ailes de 75 x 50.<\/p>\n","protected":false},"featured_media":2205,"template":"","meta":{"_et_pb_use_builder":"","_et_pb_old_content":"","_et_gb_content_width":""},"product_cat":[65],"product_tag":[],"yoast_head":"<!-- This site is optimized with the Yoast SEO plugin v20.5 - https:\/\/yoast.com\/wordpress\/plugins\/seo\/ -->\n<title>Lit Pad Incontinence - Comercial Nespral<\/title>\n<meta name=\"description\" content=\"ORTONES | Lit Pad Incontinence | Extra-Absorbant pour Adultes et Enfants | Dimensions : 90 x 75 cm, avec ailes de 75 x 50\" \/>\n<meta name=\"robots\" content=\"index, follow, max-snippet:-1, max-image-preview:large, max-video-preview:-1\" \/>\n<link rel=\"canonical\" href=\"https:\/\/comercialnespral.com\/fr\/producto\/lit-pad-incontinence\/\" \/>\n<meta property=\"og:locale\" content=\"fr_FR\" \/>\n<meta property=\"og:type\" content=\"article\" \/>\n<meta property=\"og:title\" content=\"Lit Pad Incontinence - Comercial Nespral\" \/>\n<meta property=\"og:description\" content=\"ORTONES | Lit Pad Incontinence | Extra-Absorbant pour Adultes et Enfants | Dimensions : 90 x 75 cm, avec ailes de 75 x 50\" \/>\n<meta property=\"og:url\" content=\"https:\/\/comercialnespral.com\/fr\/producto\/lit-pad-incontinence\/\" \/>\n<meta property=\"og:site_name\" content=\"Comercial Nespral\" \/>\n<meta property=\"article:modified_time\" content=\"2023-02-09T10:01:34+00:00\" \/>\n<meta property=\"og:image\" content=\"https:\/\/comercialnespral.com\/wp-content\/uploads\/2022\/06\/Empapador-de-Cama-Reutilizable.jpg\" \/>\n\t<meta property=\"og:image:width\" content=\"425\" \/>\n\t<meta property=\"og:image:height\" content=\"283\" \/>\n\t<meta property=\"og:image:type\" content=\"image\/jpeg\" \/>\n<meta name=\"twitter:card\" content=\"summary_large_image\" \/>\n<meta name=\"twitter:label1\" content=\"Dur\u00e9e de lecture estim\u00e9e\" \/>\n\t<meta name=\"twitter:data1\" content=\"1 minute\" \/>\n<script type=\"application\/ld+json\" class=\"yoast-schema-graph\">{\"@context\":\"https:\/\/schema.org\",\"@graph\":[{\"@type\":\"WebPage\",\"@id\":\"https:\/\/comercialnespral.com\/fr\/producto\/lit-pad-incontinence\/\",\"url\":\"https:\/\/comercialnespral.com\/fr\/producto\/lit-pad-incontinence\/\",\"name\":\"Lit Pad Incontinence - Comercial Nespral\",\"isPartOf\":{\"@id\":\"https:\/\/comercialnespral.com\/#website\"},\"datePublished\":\"2023-02-09T09:58:58+00:00\",\"dateModified\":\"2023-02-09T10:01:34+00:00\",\"description\":\"ORTONES | Lit Pad Incontinence | Extra-Absorbant pour Adultes et Enfants | Dimensions : 90 x 75 cm, avec ailes de 75 x 50\",\"breadcrumb\":{\"@id\":\"https:\/\/comercialnespral.com\/fr\/producto\/lit-pad-incontinence\/#breadcrumb\"},\"inLanguage\":\"fr-FR\",\"potentialAction\":[{\"@type\":\"ReadAction\",\"target\":[\"https:\/\/comercialnespral.com\/fr\/producto\/lit-pad-incontinence\/\"]}]},{\"@type\":\"BreadcrumbList\",\"@id\":\"https:\/\/comercialnespral.com\/fr\/producto\/lit-pad-incontinence\/#breadcrumb\",\"itemListElement\":[{\"@type\":\"ListItem\",\"position\":1,\"name\":\"Accueil\",\"item\":\"https:\/\/comercialnespral.com\/fr\/\"},{\"@type\":\"ListItem\",\"position\":2,\"name\":\"Productos\",\"item\":\"https:\/\/comercialnespral.com\/tienda\/\"},{\"@type\":\"ListItem\",\"position\":3,\"name\":\"Lit Pad Incontinence\"}]},{\"@type\":\"WebSite\",\"@id\":\"https:\/\/comercialnespral.com\/#website\",\"url\":\"https:\/\/comercialnespral.com\/\",\"name\":\"Comercial Nespral\",\"description\":\"\",\"potentialAction\":[{\"@type\":\"SearchAction\",\"target\":{\"@type\":\"EntryPoint\",\"urlTemplate\":\"https:\/\/comercialnespral.com\/?s={search_term_string}\"},\"query-input\":\"required name=search_term_string\"}],\"inLanguage\":\"fr-FR\"}]}<\/script>\n<!-- \/ Yoast SEO plugin. -->","yoast_head_json":{"title":"Lit Pad Incontinence - Comercial Nespral","description":"ORTONES | Lit Pad Incontinence | Extra-Absorbant pour Adultes et Enfants | Dimensions : 90 x 75 cm, avec ailes de 75 x 50","robots":{"index":"index","follow":"follow","max-snippet":"max-snippet:-1","max-image-preview":"max-image-preview:large","max-video-preview":"max-video-preview:-1"},"canonical":"https:\/\/comercialnespral.com\/fr\/producto\/lit-pad-incontinence\/","og_locale":"fr_FR","og_type":"article","og_title":"Lit Pad Incontinence - Comercial Nespral","og_description":"ORTONES | Lit Pad Incontinence | Extra-Absorbant pour Adultes et Enfants | Dimensions : 90 x 75 cm, avec ailes de 75 x 50","og_url":"https:\/\/comercialnespral.com\/fr\/producto\/lit-pad-incontinence\/","og_site_name":"Comercial Nespral","article_modified_time":"2023-02-09T10:01:34+00:00","og_image":[{"width":425,"height":283,"url":"https:\/\/comercialnespral.com\/wp-content\/uploads\/2022\/06\/Empapador-de-Cama-Reutilizable.jpg","type":"image\/jpeg"}],"twitter_card":"summary_large_image","twitter_misc":{"Dur\u00e9e de lecture estim\u00e9e":"1 minute"},"schema":{"@context":"https:\/\/schema.org","@graph":[{"@type":"WebPage","@id":"https:\/\/comercialnespral.com\/fr\/producto\/lit-pad-incontinence\/","url":"https:\/\/comercialnespral.com\/fr\/producto\/lit-pad-incontinence\/","name":"Lit Pad Incontinence - Comercial Nespral","isPartOf":{"@id":"https:\/\/comercialnespral.com\/#website"},"datePublished":"2023-02-09T09:58:58+00:00","dateModified":"2023-02-09T10:01:34+00:00","description":"ORTONES | Lit Pad Incontinence | Extra-Absorbant pour Adultes et Enfants | Dimensions : 90 x 75 cm, avec ailes de 75 x 50","breadcrumb":{"@id":"https:\/\/comercialnespral.com\/fr\/producto\/lit-pad-incontinence\/#breadcrumb"},"inLanguage":"fr-FR","potentialAction":[{"@type":"ReadAction","target":["https:\/\/comercialnespral.com\/fr\/producto\/lit-pad-incontinence\/"]}]},{"@type":"BreadcrumbList","@id":"https:\/\/comercialnespral.com\/fr\/producto\/lit-pad-incontinence\/#breadcrumb","itemListElement":[{"@type":"ListItem","position":1,"name":"Accueil","item":"https:\/\/comercialnespral.com\/fr\/"},{"@type":"ListItem","position":2,"name":"Productos","item":"https:\/\/comercialnespral.com\/tienda\/"},{"@type":"ListItem","position":3,"name":"Lit Pad Incontinence"}]},{"@type":"WebSite","@id":"https:\/\/comercialnespral.com\/#website","url":"https:\/\/comercialnespral.com\/","name":"Comercial Nespral","description":"","potentialAction":[{"@type":"SearchAction","target":{"@type":"EntryPoint","urlTemplate":"https:\/\/comercialnespral.com\/?s={search_term_string}"},"query-input":"required name=search_term_string"}],"inLanguage":"fr-FR"}]}},"_links":{"self":[{"href":"https:\/\/comercialnespral.com\/fr\/wp-json\/wp\/v3\/product\/2265"}],"collection":[{"href":"https:\/\/comercialnespral.com\/fr\/wp-json\/wp\/v3\/product"}],"about":[{"href":"https:\/\/comercialnespral.com\/fr\/wp-json\/wp\/v2\/types\/product"}],"wp:featuredmedia":[{"embeddable":true,"href":"https:\/\/comercialnespral.com\/fr\/wp-json\/wp\/v2\/media\/2205"}],"wp:attachment":[{"href":"https:\/\/comercialnespral.com\/fr\/wp-json\/wp\/v2\/media?parent=2265"}],"wp:term":[{"taxonomy":"product_cat","embeddable":true,"href":"https:\/\/comercialnespral.com\/fr\/wp-json\/wp\/v2\/product_cat?post=2265"},{"taxonomy":"product_tag","embeddable":true,"href":"https:\/\/comercialnespral.com\/fr\/wp-json\/wp\/v2\/product_tag?post=2265"}],"curies":[{"name":"wp","href":"https:\/\/api.w.org\/{rel}","templated":true}]}}