{"id":2263,"date":"2023-02-09T08:55:49","date_gmt":"2023-02-09T08:55:49","guid":{"rendered":"https:\/\/comercialnespral.com\/producto\/bavoirs-impermeables-pour-adultes-2\/"},"modified":"2023-02-09T09:04:30","modified_gmt":"2023-02-09T09:04:30","slug":"bavoirs-impermeables-pour-adultes-2","status":"publish","type":"product","link":"https:\/\/comercialnespral.com\/fr\/producto\/bavoirs-impermeables-pour-adultes-2\/","title":{"rendered":"Bavoirs Imperm\u00e9ables pour Adultes"},"content":{"rendered":"<ul>\n<li>Pour <strong>Personnes \u00e2g\u00e9es<\/strong> Accesorio para la Vida diaria de Salud y Cuidado Personal.<\/li>\n<li>Il dispose d&rsquo;un ramasse-miettes int\u00e9gr\u00e9 qui sert de <strong>protection contre la chute de miettes<\/strong> ou de morceaux d&rsquo;aliments.<\/li>\n<li>Il peut \u00eatre nettoy\u00e9 rapidement et facilement avec un chiffon humide.<\/li>\n<li><strong>Composition:<\/strong> 100 % PU. Lavage conventionnel jusqu&rsquo;\u00e0 95\u00ba<\/li>\n<li>Fabriqu\u00e9s en Espagne<\/li>\n<\/ul>\n","protected":false},"excerpt":{"rendered":"<p>Ortones | Bavoirs Imperm\u00e9ables pour Adultes | Pour les Personnes \u00e2g\u00e9es | R\u00e9utilisables 100% PU | R\u00e9sistants et Ignifuges | 89 cm de long x 42 cm de large | Couleur Bleu | Prix par Unit\u00e9<\/p>\n<p><strong>Couleur:<\/strong> bleu<br \/>\n<strong>Mat\u00e9riau:<\/strong> Similicuir<br \/>\n<strong> Marque:<\/strong> Ortones<br \/>\n<strong>Dimensions de l&rsquo;article:<\/strong> 25 x 18 x 2 centim\u00e8tres<\/p>\n","protected":false},"featured_media":2194,"template":"","meta":{"_et_pb_use_builder":"","_et_pb_old_content":"","_et_gb_content_width":""},"product_cat":[65],"product_tag":[],"yoast_head":"<!-- This site is optimized with the Yoast SEO plugin v20.5 - https:\/\/yoast.com\/wordpress\/plugins\/seo\/ -->\n<title>Bavoirs Imperm\u00e9ables pour Adultes - Comercial Nespral<\/title>\n<meta name=\"description\" content=\"Ortones | Bavoirs Imperm\u00e9ables pour Adultes R\u00e9utilisables 100% PU Il dispose d&#039;un ramasse-miettes int\u00e9gr\u00e9 qui sert de protection contre la chute de miettes ou de morceaux d&#039;aliments. R\u00e9sistants et Ignifugese Ign\u00edfugo.\" \/>\n<meta name=\"robots\" content=\"index, follow, max-snippet:-1, max-image-preview:large, max-video-preview:-1\" \/>\n<link rel=\"canonical\" href=\"https:\/\/comercialnespral.com\/fr\/producto\/bavoirs-impermeables-pour-adultes-2\/\" \/>\n<meta property=\"og:locale\" content=\"fr_FR\" \/>\n<meta property=\"og:type\" content=\"article\" \/>\n<meta property=\"og:title\" content=\"Bavoirs Imperm\u00e9ables pour Adultes - Comercial Nespral\" \/>\n<meta property=\"og:description\" content=\"Ortones | Bavoirs Imperm\u00e9ables pour Adultes R\u00e9utilisables 100% PU Il dispose d&#039;un ramasse-miettes int\u00e9gr\u00e9 qui sert de protection contre la chute de miettes ou de morceaux d&#039;aliments. R\u00e9sistants et Ignifugese Ign\u00edfugo.\" \/>\n<meta property=\"og:url\" content=\"https:\/\/comercialnespral.com\/fr\/producto\/bavoirs-impermeables-pour-adultes-2\/\" \/>\n<meta property=\"og:site_name\" content=\"Comercial Nespral\" \/>\n<meta property=\"article:modified_time\" content=\"2023-02-09T09:04:30+00:00\" \/>\n<meta property=\"og:image\" content=\"https:\/\/comercialnespral.com\/wp-content\/uploads\/2022\/06\/Babero-Personas-Mayores.jpg\" \/>\n\t<meta property=\"og:image:width\" content=\"569\" \/>\n\t<meta property=\"og:image:height\" content=\"1535\" \/>\n\t<meta property=\"og:image:type\" content=\"image\/jpeg\" \/>\n<meta name=\"twitter:card\" content=\"summary_large_image\" \/>\n<meta name=\"twitter:label1\" content=\"Dur\u00e9e de lecture estim\u00e9e\" \/>\n\t<meta name=\"twitter:data1\" content=\"1 minute\" \/>\n<script type=\"application\/ld+json\" class=\"yoast-schema-graph\">{\"@context\":\"https:\/\/schema.org\",\"@graph\":[{\"@type\":\"WebPage\",\"@id\":\"https:\/\/comercialnespral.com\/fr\/producto\/bavoirs-impermeables-pour-adultes-2\/\",\"url\":\"https:\/\/comercialnespral.com\/fr\/producto\/bavoirs-impermeables-pour-adultes-2\/\",\"name\":\"Bavoirs Imperm\u00e9ables pour Adultes - Comercial Nespral\",\"isPartOf\":{\"@id\":\"https:\/\/comercialnespral.com\/#website\"},\"datePublished\":\"2023-02-09T08:55:49+00:00\",\"dateModified\":\"2023-02-09T09:04:30+00:00\",\"description\":\"Ortones | Bavoirs Imperm\u00e9ables pour Adultes R\u00e9utilisables 100% PU Il dispose d'un ramasse-miettes int\u00e9gr\u00e9 qui sert de protection contre la chute de miettes ou de morceaux d'aliments. R\u00e9sistants et Ignifugese Ign\u00edfugo.\",\"breadcrumb\":{\"@id\":\"https:\/\/comercialnespral.com\/fr\/producto\/bavoirs-impermeables-pour-adultes-2\/#breadcrumb\"},\"inLanguage\":\"fr-FR\",\"potentialAction\":[{\"@type\":\"ReadAction\",\"target\":[\"https:\/\/comercialnespral.com\/fr\/producto\/bavoirs-impermeables-pour-adultes-2\/\"]}]},{\"@type\":\"BreadcrumbList\",\"@id\":\"https:\/\/comercialnespral.com\/fr\/producto\/bavoirs-impermeables-pour-adultes-2\/#breadcrumb\",\"itemListElement\":[{\"@type\":\"ListItem\",\"position\":1,\"name\":\"Accueil\",\"item\":\"https:\/\/comercialnespral.com\/fr\/\"},{\"@type\":\"ListItem\",\"position\":2,\"name\":\"Productos\",\"item\":\"https:\/\/comercialnespral.com\/tienda\/\"},{\"@type\":\"ListItem\",\"position\":3,\"name\":\"Bavoirs Imperm\u00e9ables pour Adultes\"}]},{\"@type\":\"WebSite\",\"@id\":\"https:\/\/comercialnespral.com\/#website\",\"url\":\"https:\/\/comercialnespral.com\/\",\"name\":\"Comercial Nespral\",\"description\":\"\",\"potentialAction\":[{\"@type\":\"SearchAction\",\"target\":{\"@type\":\"EntryPoint\",\"urlTemplate\":\"https:\/\/comercialnespral.com\/?s={search_term_string}\"},\"query-input\":\"required name=search_term_string\"}],\"inLanguage\":\"fr-FR\"}]}<\/script>\n<!-- \/ Yoast SEO plugin. -->","yoast_head_json":{"title":"Bavoirs Imperm\u00e9ables pour Adultes - Comercial Nespral","description":"Ortones | Bavoirs Imperm\u00e9ables pour Adultes R\u00e9utilisables 100% PU Il dispose d'un ramasse-miettes int\u00e9gr\u00e9 qui sert de protection contre la chute de miettes ou de morceaux d'aliments. R\u00e9sistants et Ignifugese Ign\u00edfugo.","robots":{"index":"index","follow":"follow","max-snippet":"max-snippet:-1","max-image-preview":"max-image-preview:large","max-video-preview":"max-video-preview:-1"},"canonical":"https:\/\/comercialnespral.com\/fr\/producto\/bavoirs-impermeables-pour-adultes-2\/","og_locale":"fr_FR","og_type":"article","og_title":"Bavoirs Imperm\u00e9ables pour Adultes - Comercial Nespral","og_description":"Ortones | Bavoirs Imperm\u00e9ables pour Adultes R\u00e9utilisables 100% PU Il dispose d'un ramasse-miettes int\u00e9gr\u00e9 qui sert de protection contre la chute de miettes ou de morceaux d'aliments. R\u00e9sistants et Ignifugese Ign\u00edfugo.","og_url":"https:\/\/comercialnespral.com\/fr\/producto\/bavoirs-impermeables-pour-adultes-2\/","og_site_name":"Comercial Nespral","article_modified_time":"2023-02-09T09:04:30+00:00","og_image":[{"width":569,"height":1535,"url":"https:\/\/comercialnespral.com\/wp-content\/uploads\/2022\/06\/Babero-Personas-Mayores.jpg","type":"image\/jpeg"}],"twitter_card":"summary_large_image","twitter_misc":{"Dur\u00e9e de lecture estim\u00e9e":"1 minute"},"schema":{"@context":"https:\/\/schema.org","@graph":[{"@type":"WebPage","@id":"https:\/\/comercialnespral.com\/fr\/producto\/bavoirs-impermeables-pour-adultes-2\/","url":"https:\/\/comercialnespral.com\/fr\/producto\/bavoirs-impermeables-pour-adultes-2\/","name":"Bavoirs Imperm\u00e9ables pour Adultes - Comercial Nespral","isPartOf":{"@id":"https:\/\/comercialnespral.com\/#website"},"datePublished":"2023-02-09T08:55:49+00:00","dateModified":"2023-02-09T09:04:30+00:00","description":"Ortones | Bavoirs Imperm\u00e9ables pour Adultes R\u00e9utilisables 100% PU Il dispose d'un ramasse-miettes int\u00e9gr\u00e9 qui sert de protection contre la chute de miettes ou de morceaux d'aliments. R\u00e9sistants et Ignifugese Ign\u00edfugo.","breadcrumb":{"@id":"https:\/\/comercialnespral.com\/fr\/producto\/bavoirs-impermeables-pour-adultes-2\/#breadcrumb"},"inLanguage":"fr-FR","potentialAction":[{"@type":"ReadAction","target":["https:\/\/comercialnespral.com\/fr\/producto\/bavoirs-impermeables-pour-adultes-2\/"]}]},{"@type":"BreadcrumbList","@id":"https:\/\/comercialnespral.com\/fr\/producto\/bavoirs-impermeables-pour-adultes-2\/#breadcrumb","itemListElement":[{"@type":"ListItem","position":1,"name":"Accueil","item":"https:\/\/comercialnespral.com\/fr\/"},{"@type":"ListItem","position":2,"name":"Productos","item":"https:\/\/comercialnespral.com\/tienda\/"},{"@type":"ListItem","position":3,"name":"Bavoirs Imperm\u00e9ables pour Adultes"}]},{"@type":"WebSite","@id":"https:\/\/comercialnespral.com\/#website","url":"https:\/\/comercialnespral.com\/","name":"Comercial Nespral","description":"","potentialAction":[{"@type":"SearchAction","target":{"@type":"EntryPoint","urlTemplate":"https:\/\/comercialnespral.com\/?s={search_term_string}"},"query-input":"required name=search_term_string"}],"inLanguage":"fr-FR"}]}},"_links":{"self":[{"href":"https:\/\/comercialnespral.com\/fr\/wp-json\/wp\/v3\/product\/2263"}],"collection":[{"href":"https:\/\/comercialnespral.com\/fr\/wp-json\/wp\/v3\/product"}],"about":[{"href":"https:\/\/comercialnespral.com\/fr\/wp-json\/wp\/v2\/types\/product"}],"wp:featuredmedia":[{"embeddable":true,"href":"https:\/\/comercialnespral.com\/fr\/wp-json\/wp\/v2\/media\/2194"}],"wp:attachment":[{"href":"https:\/\/comercialnespral.com\/fr\/wp-json\/wp\/v2\/media?parent=2263"}],"wp:term":[{"taxonomy":"product_cat","embeddable":true,"href":"https:\/\/comercialnespral.com\/fr\/wp-json\/wp\/v2\/product_cat?post=2263"},{"taxonomy":"product_tag","embeddable":true,"href":"https:\/\/comercialnespral.com\/fr\/wp-json\/wp\/v2\/product_tag?post=2263"}],"curies":[{"name":"wp","href":"https:\/\/api.w.org\/{rel}","templated":true}]}}