{"id":2260,"date":"2023-02-08T17:08:06","date_gmt":"2023-02-08T17:08:06","guid":{"rendered":"https:\/\/comercialnespral.com\/producto\/oreiller-de-jambes-pour-dormir\/"},"modified":"2023-02-08T17:13:26","modified_gmt":"2023-02-08T17:13:26","slug":"oreiller-de-jambes-pour-dormir","status":"publish","type":"product","link":"https:\/\/comercialnespral.com\/fr\/producto\/oreiller-de-jambes-pour-dormir\/","title":{"rendered":"Oreiller de Jambes pour Dormir"},"content":{"rendered":"<ul>\n<li>Le coussin orthop\u00e9dique Ortons \u00e9limine le stress du quotidien. Se adapta c\u00f3mod S&rsquo;adapte confortablement entre les jambes, offrant l&rsquo;alignement id\u00e9al pour la colonne vert\u00e9brale, les hanches, les genoux. Am\u00e9liore la circulation sanguine. En d\u00e9finitive, il am\u00e9liore votre qualit\u00e9 de vie. Avec le coussin, vous pouvez profiter de bienfaits \u00e0 court terme : vous dormirez mieux et physiquement : soulagez les douleurs et l&rsquo;inconfort.<\/li>\n<li>Oreiller sp\u00e9cialement con\u00e7u pour les femmes enceintes. La future maman dort sur le c\u00f4t\u00e9. Le coussin soulage les douleurs de grossesse et de post-accouchement. Fournit le soutien parfait pour votre corps. Souple et ferme \u00e0 la fois. Il a juste la bonne taille pour soutenir la jambe et ne pas blesser le genou.<\/li>\n<li>Utilisation dans de nombreuses positions : notre coussin de genou Ortons peut \u00eatre utilis\u00e9 dans une large gamme de positions. Soutien de l&rsquo;abdomen pour la grossesse. S\u00e9pare les jambes et les genoux. Soutien de la jambe ou du genou lorsque vous dormez sur le c\u00f4t\u00e9. Aligner votre colonne vert\u00e9brale. Vous pouvez l&rsquo;utiliser pour lire, se reposer, dormir, yoga, etc.<\/li>\n<li>Sans sangles. Lorsque vous dormez il n&rsquo;est jamais maintenu dans la m\u00eame position, c&rsquo;est pourquoi nous avons un design sans sangles pour \u00e9viter l&rsquo;inconfort inutile lorsque vous vous retournez la housse. Ne se perd pas au lit lors des mouvements nocturnes.<\/li>\n<li>Fabriqu\u00e9 en Espagne. Dimensions : 15 x 20 x 24 cm. Composition : int\u00e9rieur : mousse polyur\u00e9thane 25D douce. Ext\u00e9rieur : tissu Aloe Vera respirant.<\/li>\n<\/ul>\n","protected":false},"excerpt":{"rendered":"<p>ORTONES | Oreiller de Jambes pour Dormir | Soutien pour Dormir sur Le C\u00f4t\u00e9 | Sp\u00e9cial Femmes Enceintes | Soulage Le Mal de Dos, la Sciatique, Les Genoux, Les Hanches, Articulations | Tissu Aloe Vera<\/p>\n<p><strong> Marque:<\/strong> Ortones<br \/>\n<strong>Dimensions de l&rsquo;article:<\/strong> 24 x 20 x 15 centim\u00e8tre<br \/>\n<strong>Usos recomendados para el producto:<\/strong> Dormir<br \/>\n<strong>Composition:<\/strong> int\u00e9rieur: mousse polyur\u00e9thane 25D douce. Ext\u00e9rieur: tissu Aloe Vera respirant.<\/p>\n","protected":false},"featured_media":2185,"template":"","meta":{"_et_pb_use_builder":"","_et_pb_old_content":"","_et_gb_content_width":""},"product_cat":[65],"product_tag":[],"yoast_head":"<!-- This site is optimized with the Yoast SEO plugin v20.5 - https:\/\/yoast.com\/wordpress\/plugins\/seo\/ -->\n<title>Oreiller de Jambes pour Dormir - Comercial Nespral<\/title>\n<meta name=\"description\" content=\"Oreiller de Jambes pour Dormir | Soutien pour Dormir sur Le C\u00f4t\u00e9 | Sp\u00e9cial Femmes Enceintes | Soulage Le Mal de Dos, la Sciatique, Les Genoux, Les Hanches, Articulations | Tissu Aloe Vera\" \/>\n<meta name=\"robots\" content=\"index, follow, max-snippet:-1, max-image-preview:large, max-video-preview:-1\" \/>\n<link rel=\"canonical\" href=\"https:\/\/comercialnespral.com\/fr\/producto\/oreiller-de-jambes-pour-dormir\/\" \/>\n<meta property=\"og:locale\" content=\"fr_FR\" \/>\n<meta property=\"og:type\" content=\"article\" \/>\n<meta property=\"og:title\" content=\"Oreiller de Jambes pour Dormir - Comercial Nespral\" \/>\n<meta property=\"og:description\" content=\"Oreiller de Jambes pour Dormir | Soutien pour Dormir sur Le C\u00f4t\u00e9 | Sp\u00e9cial Femmes Enceintes | Soulage Le Mal de Dos, la Sciatique, Les Genoux, Les Hanches, Articulations | Tissu Aloe Vera\" \/>\n<meta property=\"og:url\" content=\"https:\/\/comercialnespral.com\/fr\/producto\/oreiller-de-jambes-pour-dormir\/\" \/>\n<meta property=\"og:site_name\" content=\"Comercial Nespral\" \/>\n<meta property=\"article:modified_time\" content=\"2023-02-08T17:13:26+00:00\" \/>\n<meta property=\"og:image\" content=\"https:\/\/comercialnespral.com\/wp-content\/uploads\/2022\/06\/Almohada-de-Piernas-para-Dormir.jpg\" \/>\n\t<meta property=\"og:image:width\" content=\"679\" \/>\n\t<meta property=\"og:image:height\" content=\"679\" \/>\n\t<meta property=\"og:image:type\" content=\"image\/jpeg\" \/>\n<meta name=\"twitter:card\" content=\"summary_large_image\" \/>\n<meta name=\"twitter:label1\" content=\"Dur\u00e9e de lecture estim\u00e9e\" \/>\n\t<meta name=\"twitter:data1\" content=\"2 minutes\" \/>\n<script type=\"application\/ld+json\" class=\"yoast-schema-graph\">{\"@context\":\"https:\/\/schema.org\",\"@graph\":[{\"@type\":\"WebPage\",\"@id\":\"https:\/\/comercialnespral.com\/fr\/producto\/oreiller-de-jambes-pour-dormir\/\",\"url\":\"https:\/\/comercialnespral.com\/fr\/producto\/oreiller-de-jambes-pour-dormir\/\",\"name\":\"Oreiller de Jambes pour Dormir - Comercial Nespral\",\"isPartOf\":{\"@id\":\"https:\/\/comercialnespral.com\/#website\"},\"datePublished\":\"2023-02-08T17:08:06+00:00\",\"dateModified\":\"2023-02-08T17:13:26+00:00\",\"description\":\"Oreiller de Jambes pour Dormir | Soutien pour Dormir sur Le C\u00f4t\u00e9 | Sp\u00e9cial Femmes Enceintes | Soulage Le Mal de Dos, la Sciatique, Les Genoux, Les Hanches, Articulations | Tissu Aloe Vera\",\"breadcrumb\":{\"@id\":\"https:\/\/comercialnespral.com\/fr\/producto\/oreiller-de-jambes-pour-dormir\/#breadcrumb\"},\"inLanguage\":\"fr-FR\",\"potentialAction\":[{\"@type\":\"ReadAction\",\"target\":[\"https:\/\/comercialnespral.com\/fr\/producto\/oreiller-de-jambes-pour-dormir\/\"]}]},{\"@type\":\"BreadcrumbList\",\"@id\":\"https:\/\/comercialnespral.com\/fr\/producto\/oreiller-de-jambes-pour-dormir\/#breadcrumb\",\"itemListElement\":[{\"@type\":\"ListItem\",\"position\":1,\"name\":\"Accueil\",\"item\":\"https:\/\/comercialnespral.com\/fr\/\"},{\"@type\":\"ListItem\",\"position\":2,\"name\":\"Productos\",\"item\":\"https:\/\/comercialnespral.com\/tienda\/\"},{\"@type\":\"ListItem\",\"position\":3,\"name\":\"Oreiller de Jambes pour Dormir\"}]},{\"@type\":\"WebSite\",\"@id\":\"https:\/\/comercialnespral.com\/#website\",\"url\":\"https:\/\/comercialnespral.com\/\",\"name\":\"Comercial Nespral\",\"description\":\"\",\"potentialAction\":[{\"@type\":\"SearchAction\",\"target\":{\"@type\":\"EntryPoint\",\"urlTemplate\":\"https:\/\/comercialnespral.com\/?s={search_term_string}\"},\"query-input\":\"required name=search_term_string\"}],\"inLanguage\":\"fr-FR\"}]}<\/script>\n<!-- \/ Yoast SEO plugin. -->","yoast_head_json":{"title":"Oreiller de Jambes pour Dormir - Comercial Nespral","description":"Oreiller de Jambes pour Dormir | Soutien pour Dormir sur Le C\u00f4t\u00e9 | Sp\u00e9cial Femmes Enceintes | Soulage Le Mal de Dos, la Sciatique, Les Genoux, Les Hanches, Articulations | Tissu Aloe Vera","robots":{"index":"index","follow":"follow","max-snippet":"max-snippet:-1","max-image-preview":"max-image-preview:large","max-video-preview":"max-video-preview:-1"},"canonical":"https:\/\/comercialnespral.com\/fr\/producto\/oreiller-de-jambes-pour-dormir\/","og_locale":"fr_FR","og_type":"article","og_title":"Oreiller de Jambes pour Dormir - Comercial Nespral","og_description":"Oreiller de Jambes pour Dormir | Soutien pour Dormir sur Le C\u00f4t\u00e9 | Sp\u00e9cial Femmes Enceintes | Soulage Le Mal de Dos, la Sciatique, Les Genoux, Les Hanches, Articulations | Tissu Aloe Vera","og_url":"https:\/\/comercialnespral.com\/fr\/producto\/oreiller-de-jambes-pour-dormir\/","og_site_name":"Comercial Nespral","article_modified_time":"2023-02-08T17:13:26+00:00","og_image":[{"width":679,"height":679,"url":"https:\/\/comercialnespral.com\/wp-content\/uploads\/2022\/06\/Almohada-de-Piernas-para-Dormir.jpg","type":"image\/jpeg"}],"twitter_card":"summary_large_image","twitter_misc":{"Dur\u00e9e de lecture estim\u00e9e":"2 minutes"},"schema":{"@context":"https:\/\/schema.org","@graph":[{"@type":"WebPage","@id":"https:\/\/comercialnespral.com\/fr\/producto\/oreiller-de-jambes-pour-dormir\/","url":"https:\/\/comercialnespral.com\/fr\/producto\/oreiller-de-jambes-pour-dormir\/","name":"Oreiller de Jambes pour Dormir - Comercial Nespral","isPartOf":{"@id":"https:\/\/comercialnespral.com\/#website"},"datePublished":"2023-02-08T17:08:06+00:00","dateModified":"2023-02-08T17:13:26+00:00","description":"Oreiller de Jambes pour Dormir | Soutien pour Dormir sur Le C\u00f4t\u00e9 | Sp\u00e9cial Femmes Enceintes | Soulage Le Mal de Dos, la Sciatique, Les Genoux, Les Hanches, Articulations | Tissu Aloe Vera","breadcrumb":{"@id":"https:\/\/comercialnespral.com\/fr\/producto\/oreiller-de-jambes-pour-dormir\/#breadcrumb"},"inLanguage":"fr-FR","potentialAction":[{"@type":"ReadAction","target":["https:\/\/comercialnespral.com\/fr\/producto\/oreiller-de-jambes-pour-dormir\/"]}]},{"@type":"BreadcrumbList","@id":"https:\/\/comercialnespral.com\/fr\/producto\/oreiller-de-jambes-pour-dormir\/#breadcrumb","itemListElement":[{"@type":"ListItem","position":1,"name":"Accueil","item":"https:\/\/comercialnespral.com\/fr\/"},{"@type":"ListItem","position":2,"name":"Productos","item":"https:\/\/comercialnespral.com\/tienda\/"},{"@type":"ListItem","position":3,"name":"Oreiller de Jambes pour Dormir"}]},{"@type":"WebSite","@id":"https:\/\/comercialnespral.com\/#website","url":"https:\/\/comercialnespral.com\/","name":"Comercial Nespral","description":"","potentialAction":[{"@type":"SearchAction","target":{"@type":"EntryPoint","urlTemplate":"https:\/\/comercialnespral.com\/?s={search_term_string}"},"query-input":"required name=search_term_string"}],"inLanguage":"fr-FR"}]}},"_links":{"self":[{"href":"https:\/\/comercialnespral.com\/fr\/wp-json\/wp\/v3\/product\/2260"}],"collection":[{"href":"https:\/\/comercialnespral.com\/fr\/wp-json\/wp\/v3\/product"}],"about":[{"href":"https:\/\/comercialnespral.com\/fr\/wp-json\/wp\/v2\/types\/product"}],"wp:featuredmedia":[{"embeddable":true,"href":"https:\/\/comercialnespral.com\/fr\/wp-json\/wp\/v2\/media\/2185"}],"wp:attachment":[{"href":"https:\/\/comercialnespral.com\/fr\/wp-json\/wp\/v2\/media?parent=2260"}],"wp:term":[{"taxonomy":"product_cat","embeddable":true,"href":"https:\/\/comercialnespral.com\/fr\/wp-json\/wp\/v2\/product_cat?post=2260"},{"taxonomy":"product_tag","embeddable":true,"href":"https:\/\/comercialnespral.com\/fr\/wp-json\/wp\/v2\/product_tag?post=2260"}],"curies":[{"name":"wp","href":"https:\/\/api.w.org\/{rel}","templated":true}]}}