{"id":2258,"date":"2023-01-26T10:15:40","date_gmt":"2023-01-26T10:15:40","guid":{"rendered":"https:\/\/comercialnespral.com\/producto\/gaine-ceinture-de-soutien-lombaire\/"},"modified":"2023-01-26T10:21:12","modified_gmt":"2023-01-26T10:21:12","slug":"gaine-ceinture-de-soutien-lombaire","status":"publish","type":"product","link":"https:\/\/comercialnespral.com\/fr\/producto\/gaine-ceinture-de-soutien-lombaire\/","title":{"rendered":"Gaine, Ceinture de Soutien Lombaire"},"content":{"rendered":"<ul>\n<li><strong>AVANTAGES:<\/strong> La gaine Tribanda d&rsquo;ORTONES sert \u00e0 soutenir et \u00e0 contenir la r\u00e9gion lombaire et sacr\u00e9e du dos. Il est indiqu\u00e9 pour les cas de lombalgie chronique r\u00e9sultant de diverses pathologies, blessures. Les cas de lumbago, d&rsquo;arthrose lombaire, d&rsquo;ost\u00e9oporose, de hernie discale postop\u00e9ratoire, de faiblesse musculaire, de processus d\u00e9g\u00e9n\u00e9ratifs ou de r\u00e9habilitation, de post-partum. Id\u00e9al pour assurer une compression et un soutien apr\u00e8s une intervention chirurgicale.<\/li>\n<li><strong>RELIEF:<\/strong> La ceinture de soutien lombaire ORTONES vous permet de reprendre le rythme de la vie quotidienne en ajoutant une compression suppl\u00e9mentaire au bas de votre dos et en prot\u00e9geant votre taille. Il permet de maintenir votre colonne vert\u00e9brale et vos lombaires en position verticale, sans pour autant r\u00e9duire la libert\u00e9 de mouvement. Il vous permet de dire adieu au mal de dos et d&rsquo;am\u00e9liorer votre qualit\u00e9 de vie.<\/li>\n<li><strong>CONFORT:<\/strong> Conception ergonomique. Le fait d&rsquo;avoir trois bandes offre un meilleur soutien lombaire. Elastique sans baleines. Avec syst\u00e8me de fermeture velcro pour faciliter l&rsquo;assujettissement de la qualit\u00e9 industrielle ultra-r\u00e9sistante. Sa coupe est ajust\u00e9e et discr\u00e8te sous les v\u00eatements. Ne glisse pas vers le bas. Doux au toucher. Peut \u00eatre utilis\u00e9 pour le travail de bureau, le travail quotidien, la conduite, la protection du travail, etc.<\/li>\n<li><strong>CONFORTABLE, RESPIRATOIRE ET L\u00c9G\u00c8RE:<\/strong> sa hauteur est de 24 cm, ce qui lui permet de couvrir toute la zone lombaire. Avec trois tailles diff\u00e9rentes, S : de 60 \u00e0 75 cms. M : de 75 \u00e0 90 cms. L : de 90 \u00e0 115 cms. Pour une taille correcte, utilisez un m\u00e8tre ruban pour mesurer votre taille au niveau du nombril.<\/li>\n<li><strong>Fabriqu\u00e9 en Espagne.<\/strong> Composition : Polyester : 75%, Polyamide : 15%, Elastique : 10%. Tissu respirant en coton. Ne pas utiliser en cas d&rsquo;allergie \u00e0 l&rsquo;un des mat\u00e9riaux qui le composent. Ne pas utiliser sur des plaies ouvertes.<\/li>\n<\/ul>\n","protected":false},"excerpt":{"rendered":"<p>ORTONES | Gaine, Ceinture de Soutien Lombaire | Triband | Elastique | Soulage les Douleurs et les Blessures \u00e0 la Taille et au dos | Sciatique, Postpartum | Hommes ou Femmes<\/p>\n<p><strong> Marque:<\/strong> Ortones<br \/>\n<strong>Taille<\/strong> M : de 75 \u00e0 90 cms. L : de 90 \u00e0 115 cms.<br \/>\n<strong>Mat\u00e9riau:<\/strong> Polyester, Coton<br \/>\n<strong>Type de fermeture:<\/strong> Scratch<\/p>\n","protected":false},"featured_media":2174,"template":"","meta":{"_et_pb_use_builder":"","_et_pb_old_content":"","_et_gb_content_width":""},"product_cat":[64],"product_tag":[],"yoast_head":"<!-- This site is optimized with the Yoast SEO plugin v20.5 - https:\/\/yoast.com\/wordpress\/plugins\/seo\/ -->\n<title>Gaine, Ceinture de Soutien Lombaire - Comercial Nespral<\/title>\n<meta name=\"description\" content=\"ORTONES | Gaine, Ceinture de Soutien Lombaire | Triband | Elastique | Soulage les Douleurs et les Blessures \u00e0 la Taille et au dos | Sciatique, Postpartum | Hommes ou Femmes (Medium: de 75 a 90 cms)\" \/>\n<meta name=\"robots\" content=\"index, follow, max-snippet:-1, max-image-preview:large, max-video-preview:-1\" \/>\n<link rel=\"canonical\" href=\"https:\/\/comercialnespral.com\/fr\/producto\/gaine-ceinture-de-soutien-lombaire\/\" \/>\n<meta property=\"og:locale\" content=\"fr_FR\" \/>\n<meta property=\"og:type\" content=\"article\" \/>\n<meta property=\"og:title\" content=\"Gaine, Ceinture de Soutien Lombaire - Comercial Nespral\" \/>\n<meta property=\"og:description\" content=\"ORTONES | Gaine, Ceinture de Soutien Lombaire | Triband | Elastique | Soulage les Douleurs et les Blessures \u00e0 la Taille et au dos | Sciatique, Postpartum | Hommes ou Femmes (Medium: de 75 a 90 cms)\" \/>\n<meta property=\"og:url\" content=\"https:\/\/comercialnespral.com\/fr\/producto\/gaine-ceinture-de-soutien-lombaire\/\" \/>\n<meta property=\"og:site_name\" content=\"Comercial Nespral\" \/>\n<meta property=\"article:modified_time\" content=\"2023-01-26T10:21:12+00:00\" \/>\n<meta property=\"og:image\" content=\"https:\/\/comercialnespral.com\/wp-content\/uploads\/2022\/06\/Faja.jpg\" \/>\n\t<meta property=\"og:image:width\" content=\"522\" \/>\n\t<meta property=\"og:image:height\" content=\"522\" \/>\n\t<meta property=\"og:image:type\" content=\"image\/jpeg\" \/>\n<meta name=\"twitter:card\" content=\"summary_large_image\" \/>\n<meta name=\"twitter:label1\" content=\"Dur\u00e9e de lecture estim\u00e9e\" \/>\n\t<meta name=\"twitter:data1\" content=\"2 minutes\" \/>\n<script type=\"application\/ld+json\" class=\"yoast-schema-graph\">{\"@context\":\"https:\/\/schema.org\",\"@graph\":[{\"@type\":\"WebPage\",\"@id\":\"https:\/\/comercialnespral.com\/fr\/producto\/gaine-ceinture-de-soutien-lombaire\/\",\"url\":\"https:\/\/comercialnespral.com\/fr\/producto\/gaine-ceinture-de-soutien-lombaire\/\",\"name\":\"Gaine, Ceinture de Soutien Lombaire - Comercial Nespral\",\"isPartOf\":{\"@id\":\"https:\/\/comercialnespral.com\/#website\"},\"datePublished\":\"2023-01-26T10:15:40+00:00\",\"dateModified\":\"2023-01-26T10:21:12+00:00\",\"description\":\"ORTONES | Gaine, Ceinture de Soutien Lombaire | Triband | Elastique | Soulage les Douleurs et les Blessures \u00e0 la Taille et au dos | Sciatique, Postpartum | Hommes ou Femmes (Medium: de 75 a 90 cms)\",\"breadcrumb\":{\"@id\":\"https:\/\/comercialnespral.com\/fr\/producto\/gaine-ceinture-de-soutien-lombaire\/#breadcrumb\"},\"inLanguage\":\"fr-FR\",\"potentialAction\":[{\"@type\":\"ReadAction\",\"target\":[\"https:\/\/comercialnespral.com\/fr\/producto\/gaine-ceinture-de-soutien-lombaire\/\"]}]},{\"@type\":\"BreadcrumbList\",\"@id\":\"https:\/\/comercialnespral.com\/fr\/producto\/gaine-ceinture-de-soutien-lombaire\/#breadcrumb\",\"itemListElement\":[{\"@type\":\"ListItem\",\"position\":1,\"name\":\"Accueil\",\"item\":\"https:\/\/comercialnespral.com\/fr\/\"},{\"@type\":\"ListItem\",\"position\":2,\"name\":\"Productos\",\"item\":\"https:\/\/comercialnespral.com\/tienda\/\"},{\"@type\":\"ListItem\",\"position\":3,\"name\":\"Gaine, Ceinture de Soutien Lombaire\"}]},{\"@type\":\"WebSite\",\"@id\":\"https:\/\/comercialnespral.com\/#website\",\"url\":\"https:\/\/comercialnespral.com\/\",\"name\":\"Comercial Nespral\",\"description\":\"\",\"potentialAction\":[{\"@type\":\"SearchAction\",\"target\":{\"@type\":\"EntryPoint\",\"urlTemplate\":\"https:\/\/comercialnespral.com\/?s={search_term_string}\"},\"query-input\":\"required name=search_term_string\"}],\"inLanguage\":\"fr-FR\"}]}<\/script>\n<!-- \/ Yoast SEO plugin. -->","yoast_head_json":{"title":"Gaine, Ceinture de Soutien Lombaire - Comercial Nespral","description":"ORTONES | Gaine, Ceinture de Soutien Lombaire | Triband | Elastique | Soulage les Douleurs et les Blessures \u00e0 la Taille et au dos | Sciatique, Postpartum | Hommes ou Femmes (Medium: de 75 a 90 cms)","robots":{"index":"index","follow":"follow","max-snippet":"max-snippet:-1","max-image-preview":"max-image-preview:large","max-video-preview":"max-video-preview:-1"},"canonical":"https:\/\/comercialnespral.com\/fr\/producto\/gaine-ceinture-de-soutien-lombaire\/","og_locale":"fr_FR","og_type":"article","og_title":"Gaine, Ceinture de Soutien Lombaire - Comercial Nespral","og_description":"ORTONES | Gaine, Ceinture de Soutien Lombaire | Triband | Elastique | Soulage les Douleurs et les Blessures \u00e0 la Taille et au dos | Sciatique, Postpartum | Hommes ou Femmes (Medium: de 75 a 90 cms)","og_url":"https:\/\/comercialnespral.com\/fr\/producto\/gaine-ceinture-de-soutien-lombaire\/","og_site_name":"Comercial Nespral","article_modified_time":"2023-01-26T10:21:12+00:00","og_image":[{"width":522,"height":522,"url":"https:\/\/comercialnespral.com\/wp-content\/uploads\/2022\/06\/Faja.jpg","type":"image\/jpeg"}],"twitter_card":"summary_large_image","twitter_misc":{"Dur\u00e9e de lecture estim\u00e9e":"2 minutes"},"schema":{"@context":"https:\/\/schema.org","@graph":[{"@type":"WebPage","@id":"https:\/\/comercialnespral.com\/fr\/producto\/gaine-ceinture-de-soutien-lombaire\/","url":"https:\/\/comercialnespral.com\/fr\/producto\/gaine-ceinture-de-soutien-lombaire\/","name":"Gaine, Ceinture de Soutien Lombaire - Comercial Nespral","isPartOf":{"@id":"https:\/\/comercialnespral.com\/#website"},"datePublished":"2023-01-26T10:15:40+00:00","dateModified":"2023-01-26T10:21:12+00:00","description":"ORTONES | Gaine, Ceinture de Soutien Lombaire | Triband | Elastique | Soulage les Douleurs et les Blessures \u00e0 la Taille et au dos | Sciatique, Postpartum | Hommes ou Femmes (Medium: de 75 a 90 cms)","breadcrumb":{"@id":"https:\/\/comercialnespral.com\/fr\/producto\/gaine-ceinture-de-soutien-lombaire\/#breadcrumb"},"inLanguage":"fr-FR","potentialAction":[{"@type":"ReadAction","target":["https:\/\/comercialnespral.com\/fr\/producto\/gaine-ceinture-de-soutien-lombaire\/"]}]},{"@type":"BreadcrumbList","@id":"https:\/\/comercialnespral.com\/fr\/producto\/gaine-ceinture-de-soutien-lombaire\/#breadcrumb","itemListElement":[{"@type":"ListItem","position":1,"name":"Accueil","item":"https:\/\/comercialnespral.com\/fr\/"},{"@type":"ListItem","position":2,"name":"Productos","item":"https:\/\/comercialnespral.com\/tienda\/"},{"@type":"ListItem","position":3,"name":"Gaine, Ceinture de Soutien Lombaire"}]},{"@type":"WebSite","@id":"https:\/\/comercialnespral.com\/#website","url":"https:\/\/comercialnespral.com\/","name":"Comercial Nespral","description":"","potentialAction":[{"@type":"SearchAction","target":{"@type":"EntryPoint","urlTemplate":"https:\/\/comercialnespral.com\/?s={search_term_string}"},"query-input":"required name=search_term_string"}],"inLanguage":"fr-FR"}]}},"_links":{"self":[{"href":"https:\/\/comercialnespral.com\/fr\/wp-json\/wp\/v3\/product\/2258"}],"collection":[{"href":"https:\/\/comercialnespral.com\/fr\/wp-json\/wp\/v3\/product"}],"about":[{"href":"https:\/\/comercialnespral.com\/fr\/wp-json\/wp\/v2\/types\/product"}],"wp:featuredmedia":[{"embeddable":true,"href":"https:\/\/comercialnespral.com\/fr\/wp-json\/wp\/v2\/media\/2174"}],"wp:attachment":[{"href":"https:\/\/comercialnespral.com\/fr\/wp-json\/wp\/v2\/media?parent=2258"}],"wp:term":[{"taxonomy":"product_cat","embeddable":true,"href":"https:\/\/comercialnespral.com\/fr\/wp-json\/wp\/v2\/product_cat?post=2258"},{"taxonomy":"product_tag","embeddable":true,"href":"https:\/\/comercialnespral.com\/fr\/wp-json\/wp\/v2\/product_tag?post=2258"}],"curies":[{"name":"wp","href":"https:\/\/api.w.org\/{rel}","templated":true}]}}