{"id":2254,"date":"2023-01-24T16:33:19","date_gmt":"2023-01-24T16:33:19","guid":{"rendered":"https:\/\/comercialnespral.com\/producto\/echarpe-de-bras-et-dimmobilisation-epaule\/"},"modified":"2023-01-24T16:42:01","modified_gmt":"2023-01-24T16:42:01","slug":"echarpe-de-bras-et-dimmobilisation-epaule","status":"publish","type":"product","link":"https:\/\/comercialnespral.com\/fr\/producto\/echarpe-de-bras-et-dimmobilisation-epaule\/","title":{"rendered":"\u00c9charpe de bras et d&rsquo;immobilisation \u00e9paule"},"content":{"rendered":"<ul>\n<li><strong>Id\u00e9al pour :<\/strong> processus inflammatoires qui n\u00e9cessitent immobilisation, fractures, luxations et blessures au bras, au poignet, au coude et \u00e0 la main. Support de bras en pl\u00e2tre, entorses, luxations, post chirurgie.<\/li>\n<li><strong>Facile \u00e0 utiliser<\/strong> Fabriqu\u00e9 en mousse souple (Foam) pour plus de confort.<\/li>\n<li><strong>Taille unique et universelle : 115 x 5 cm.<\/strong> Enti\u00e8rement r\u00e9glable et con\u00e7u pour soutenir et prot\u00e9ger le bras et l&rsquo;\u00e9paule dans n&rsquo;importe quelle position.<\/li>\n<li><strong>\u00c9charpe de bras avec design en forme de huit.<\/strong> Transf\u00e9rez le poids du bras bless\u00e9 sur le haut du dos et du cou.<\/li>\n<li><strong>Fabriqu\u00e9 en Espagne.<\/strong><\/li>\n<\/ul>\n","protected":false},"excerpt":{"rendered":"<p>ORTONES | Tutore Immobilizzatore per Braccio e Spalla | Supporti Reggibraccio | Braccio Destro | Dimensione Universale | Colore Blu<\/p>\n<p><strong> Marque:<\/strong> Ortones<br \/>\n<strong>Taille:<\/strong> Taille unique<br \/>\n<strong>Mat\u00e9riau:<\/strong> Mousse douce (Foam)<br \/>\n<strong>Couleur:<\/strong> bleu<br \/>\n<strong>Nombre d&rsquo;unit\u00e9s:<\/strong> 23.0 grams<br \/>\n<strong>Fonctions sp\u00e9ciales:<\/strong> R\u00e9glable<br \/>\n<strong>Instructions d\u2019entretien:<\/strong> Lavage \u00e0 la main seulement.<\/p>\n","protected":false},"featured_media":2159,"template":"","meta":{"_et_pb_use_builder":"","_et_pb_old_content":"","_et_gb_content_width":""},"product_cat":[64],"product_tag":[],"yoast_head":"<!-- This site is optimized with the Yoast SEO plugin v20.5 - https:\/\/yoast.com\/wordpress\/plugins\/seo\/ -->\n<title>\u00c9charpe de bras et d&#039;immobilisation \u00e9paule - Comercial Nespral<\/title>\n<meta name=\"description\" content=\"ORTONES | \u00c9charpe de bras et d&#039;immobilisation \u00e9paule | Sangle de soutien de qualit\u00e9 m\u00e9dicale | Taille universelle | Couleur Bleue\" \/>\n<meta name=\"robots\" content=\"index, follow, max-snippet:-1, max-image-preview:large, max-video-preview:-1\" \/>\n<link rel=\"canonical\" href=\"https:\/\/comercialnespral.com\/fr\/producto\/echarpe-de-bras-et-dimmobilisation-epaule\/\" \/>\n<meta property=\"og:locale\" content=\"fr_FR\" \/>\n<meta property=\"og:type\" content=\"article\" \/>\n<meta property=\"og:title\" content=\"\u00c9charpe de bras et d&#039;immobilisation \u00e9paule - Comercial Nespral\" \/>\n<meta property=\"og:description\" content=\"ORTONES | \u00c9charpe de bras et d&#039;immobilisation \u00e9paule | Sangle de soutien de qualit\u00e9 m\u00e9dicale | Taille universelle | Couleur Bleue\" \/>\n<meta property=\"og:url\" content=\"https:\/\/comercialnespral.com\/fr\/producto\/echarpe-de-bras-et-dimmobilisation-epaule\/\" \/>\n<meta property=\"og:site_name\" content=\"Comercial Nespral\" \/>\n<meta property=\"article:modified_time\" content=\"2023-01-24T16:42:01+00:00\" \/>\n<meta property=\"og:image\" content=\"https:\/\/comercialnespral.com\/wp-content\/uploads\/2022\/06\/Cabestrillo-Inmovilizador-Hombro.jpg\" \/>\n\t<meta property=\"og:image:width\" content=\"425\" \/>\n\t<meta property=\"og:image:height\" content=\"425\" \/>\n\t<meta property=\"og:image:type\" content=\"image\/jpeg\" \/>\n<meta name=\"twitter:card\" content=\"summary_large_image\" \/>\n<meta name=\"twitter:label1\" content=\"Dur\u00e9e de lecture estim\u00e9e\" \/>\n\t<meta name=\"twitter:data1\" content=\"1 minute\" \/>\n<script type=\"application\/ld+json\" class=\"yoast-schema-graph\">{\"@context\":\"https:\/\/schema.org\",\"@graph\":[{\"@type\":\"WebPage\",\"@id\":\"https:\/\/comercialnespral.com\/fr\/producto\/echarpe-de-bras-et-dimmobilisation-epaule\/\",\"url\":\"https:\/\/comercialnespral.com\/fr\/producto\/echarpe-de-bras-et-dimmobilisation-epaule\/\",\"name\":\"\u00c9charpe de bras et d'immobilisation \u00e9paule - Comercial Nespral\",\"isPartOf\":{\"@id\":\"https:\/\/comercialnespral.com\/#website\"},\"datePublished\":\"2023-01-24T16:33:19+00:00\",\"dateModified\":\"2023-01-24T16:42:01+00:00\",\"description\":\"ORTONES | \u00c9charpe de bras et d'immobilisation \u00e9paule | Sangle de soutien de qualit\u00e9 m\u00e9dicale | Taille universelle | Couleur Bleue\",\"breadcrumb\":{\"@id\":\"https:\/\/comercialnespral.com\/fr\/producto\/echarpe-de-bras-et-dimmobilisation-epaule\/#breadcrumb\"},\"inLanguage\":\"fr-FR\",\"potentialAction\":[{\"@type\":\"ReadAction\",\"target\":[\"https:\/\/comercialnespral.com\/fr\/producto\/echarpe-de-bras-et-dimmobilisation-epaule\/\"]}]},{\"@type\":\"BreadcrumbList\",\"@id\":\"https:\/\/comercialnespral.com\/fr\/producto\/echarpe-de-bras-et-dimmobilisation-epaule\/#breadcrumb\",\"itemListElement\":[{\"@type\":\"ListItem\",\"position\":1,\"name\":\"Accueil\",\"item\":\"https:\/\/comercialnespral.com\/fr\/\"},{\"@type\":\"ListItem\",\"position\":2,\"name\":\"Productos\",\"item\":\"https:\/\/comercialnespral.com\/tienda\/\"},{\"@type\":\"ListItem\",\"position\":3,\"name\":\"\u00c9charpe de bras et d&#8217;immobilisation \u00e9paule\"}]},{\"@type\":\"WebSite\",\"@id\":\"https:\/\/comercialnespral.com\/#website\",\"url\":\"https:\/\/comercialnespral.com\/\",\"name\":\"Comercial Nespral\",\"description\":\"\",\"potentialAction\":[{\"@type\":\"SearchAction\",\"target\":{\"@type\":\"EntryPoint\",\"urlTemplate\":\"https:\/\/comercialnespral.com\/?s={search_term_string}\"},\"query-input\":\"required name=search_term_string\"}],\"inLanguage\":\"fr-FR\"}]}<\/script>\n<!-- \/ Yoast SEO plugin. -->","yoast_head_json":{"title":"\u00c9charpe de bras et d'immobilisation \u00e9paule - Comercial Nespral","description":"ORTONES | \u00c9charpe de bras et d'immobilisation \u00e9paule | Sangle de soutien de qualit\u00e9 m\u00e9dicale | Taille universelle | Couleur Bleue","robots":{"index":"index","follow":"follow","max-snippet":"max-snippet:-1","max-image-preview":"max-image-preview:large","max-video-preview":"max-video-preview:-1"},"canonical":"https:\/\/comercialnespral.com\/fr\/producto\/echarpe-de-bras-et-dimmobilisation-epaule\/","og_locale":"fr_FR","og_type":"article","og_title":"\u00c9charpe de bras et d'immobilisation \u00e9paule - Comercial Nespral","og_description":"ORTONES | \u00c9charpe de bras et d'immobilisation \u00e9paule | Sangle de soutien de qualit\u00e9 m\u00e9dicale | Taille universelle | Couleur Bleue","og_url":"https:\/\/comercialnespral.com\/fr\/producto\/echarpe-de-bras-et-dimmobilisation-epaule\/","og_site_name":"Comercial Nespral","article_modified_time":"2023-01-24T16:42:01+00:00","og_image":[{"width":425,"height":425,"url":"https:\/\/comercialnespral.com\/wp-content\/uploads\/2022\/06\/Cabestrillo-Inmovilizador-Hombro.jpg","type":"image\/jpeg"}],"twitter_card":"summary_large_image","twitter_misc":{"Dur\u00e9e de lecture estim\u00e9e":"1 minute"},"schema":{"@context":"https:\/\/schema.org","@graph":[{"@type":"WebPage","@id":"https:\/\/comercialnespral.com\/fr\/producto\/echarpe-de-bras-et-dimmobilisation-epaule\/","url":"https:\/\/comercialnespral.com\/fr\/producto\/echarpe-de-bras-et-dimmobilisation-epaule\/","name":"\u00c9charpe de bras et d'immobilisation \u00e9paule - Comercial Nespral","isPartOf":{"@id":"https:\/\/comercialnespral.com\/#website"},"datePublished":"2023-01-24T16:33:19+00:00","dateModified":"2023-01-24T16:42:01+00:00","description":"ORTONES | \u00c9charpe de bras et d'immobilisation \u00e9paule | Sangle de soutien de qualit\u00e9 m\u00e9dicale | Taille universelle | Couleur Bleue","breadcrumb":{"@id":"https:\/\/comercialnespral.com\/fr\/producto\/echarpe-de-bras-et-dimmobilisation-epaule\/#breadcrumb"},"inLanguage":"fr-FR","potentialAction":[{"@type":"ReadAction","target":["https:\/\/comercialnespral.com\/fr\/producto\/echarpe-de-bras-et-dimmobilisation-epaule\/"]}]},{"@type":"BreadcrumbList","@id":"https:\/\/comercialnespral.com\/fr\/producto\/echarpe-de-bras-et-dimmobilisation-epaule\/#breadcrumb","itemListElement":[{"@type":"ListItem","position":1,"name":"Accueil","item":"https:\/\/comercialnespral.com\/fr\/"},{"@type":"ListItem","position":2,"name":"Productos","item":"https:\/\/comercialnespral.com\/tienda\/"},{"@type":"ListItem","position":3,"name":"\u00c9charpe de bras et d&#8217;immobilisation \u00e9paule"}]},{"@type":"WebSite","@id":"https:\/\/comercialnespral.com\/#website","url":"https:\/\/comercialnespral.com\/","name":"Comercial Nespral","description":"","potentialAction":[{"@type":"SearchAction","target":{"@type":"EntryPoint","urlTemplate":"https:\/\/comercialnespral.com\/?s={search_term_string}"},"query-input":"required name=search_term_string"}],"inLanguage":"fr-FR"}]}},"_links":{"self":[{"href":"https:\/\/comercialnespral.com\/fr\/wp-json\/wp\/v3\/product\/2254"}],"collection":[{"href":"https:\/\/comercialnespral.com\/fr\/wp-json\/wp\/v3\/product"}],"about":[{"href":"https:\/\/comercialnespral.com\/fr\/wp-json\/wp\/v2\/types\/product"}],"wp:featuredmedia":[{"embeddable":true,"href":"https:\/\/comercialnespral.com\/fr\/wp-json\/wp\/v2\/media\/2159"}],"wp:attachment":[{"href":"https:\/\/comercialnespral.com\/fr\/wp-json\/wp\/v2\/media?parent=2254"}],"wp:term":[{"taxonomy":"product_cat","embeddable":true,"href":"https:\/\/comercialnespral.com\/fr\/wp-json\/wp\/v2\/product_cat?post=2254"},{"taxonomy":"product_tag","embeddable":true,"href":"https:\/\/comercialnespral.com\/fr\/wp-json\/wp\/v2\/product_tag?post=2254"}],"curies":[{"name":"wp","href":"https:\/\/api.w.org\/{rel}","templated":true}]}}