{"id":2253,"date":"2023-01-24T16:22:21","date_gmt":"2023-01-24T16:22:21","guid":{"rendered":"https:\/\/comercialnespral.com\/producto\/tutore-immobilizzatore-per-braccio-e-spalla\/"},"modified":"2023-01-24T16:40:14","modified_gmt":"2023-01-24T16:40:14","slug":"tutore-immobilizzatore-per-braccio-e-spalla","status":"publish","type":"product","link":"https:\/\/comercialnespral.com\/fr\/producto\/tutore-immobilizzatore-per-braccio-e-spalla\/","title":{"rendered":"\u00c9charpe attelle d&rsquo;\u00e9paule"},"content":{"rendered":"<ul>\n<li>Id\u00e9al pour : processus inflammatoires n\u00e9cessitant l&rsquo;immobilisation, fractures de clavicule et de fum\u00e9e, blessures au bras ou au poignet, \u00e9paules \u00e9vas\u00e9es, maintien des bras pl\u00e2tres, entorses, luxations, post-chirurgie<\/li>\n<li>Taille universelle : la sangle est enti\u00e8rement r\u00e9glable, ce qui vous permet de soutenir le bras dans n&rsquo;importe quelle position. Avec son design ergonomique, elle s&rsquo;adapte parfaitement \u00e0 votre \u00e9paule.<\/li>\n<li>Elle est confortablement fix\u00e9e au torse avec du velcro. Distribuisce il peso del braccio su tutta l&rsquo;ortesi, compreso il gomito per un migliore sostegno e posizionamento. Permet de choisir l&rsquo;angle de flexion du coude.<\/li>\n<li>Confortable, respirant, tissu doux, ne g\u00eane pas le tour de cou. 90 % coton, 10 % polyester.<\/li>\n<li>Fabriqu\u00e9 en Espagne.<\/li>\n<\/ul>\n","protected":false},"excerpt":{"rendered":"<p>ORTONES | \u00c9charpe attelle d&rsquo;\u00e9paule | Sling Immobilisateur de Bras | De Foam | Taille Universelle | Pour Gauche et Droite | Homme Femme | Couleur Bleu<\/p>\n<p><strong> Marque:<\/strong> Ortones<br \/>\n<strong>Taille:<\/strong> one size<br \/>\n<strong>Mat\u00e9riau:<\/strong> Polyester, Coton<br \/>\n<strong>Couleur:<\/strong> bleu<br \/>\n<strong>Nombre d&rsquo;articles :<\/strong> 1<br \/>\n<strong>Instructions d\u2019entretien:<\/strong> Lavage \u00e0 la main seulement<\/p>\n","protected":false},"featured_media":2152,"template":"","meta":{"_et_pb_use_builder":"","_et_pb_old_content":"","_et_gb_content_width":""},"product_cat":[64],"product_tag":[],"yoast_head":"<!-- This site is optimized with the Yoast SEO plugin v20.5 - https:\/\/yoast.com\/wordpress\/plugins\/seo\/ -->\n<title>\u00c9charpe attelle d&#039;\u00e9paule - Comercial Nespral<\/title>\n<meta name=\"description\" content=\"ORTONES | \u00c9charpe attelle d&#039;\u00e9paule | Sling Immobilisateur de Bras | De Foam | Taille Universelle | Pour Gauche et Droite | Homme Femme | Couleur Bleu\" \/>\n<meta name=\"robots\" content=\"index, follow, max-snippet:-1, max-image-preview:large, max-video-preview:-1\" \/>\n<link rel=\"canonical\" href=\"https:\/\/comercialnespral.com\/fr\/producto\/tutore-immobilizzatore-per-braccio-e-spalla\/\" \/>\n<meta property=\"og:locale\" content=\"fr_FR\" \/>\n<meta property=\"og:type\" content=\"article\" \/>\n<meta property=\"og:title\" content=\"\u00c9charpe attelle d&#039;\u00e9paule - Comercial Nespral\" \/>\n<meta property=\"og:description\" content=\"ORTONES | \u00c9charpe attelle d&#039;\u00e9paule | Sling Immobilisateur de Bras | De Foam | Taille Universelle | Pour Gauche et Droite | Homme Femme | Couleur Bleu\" \/>\n<meta property=\"og:url\" content=\"https:\/\/comercialnespral.com\/fr\/producto\/tutore-immobilizzatore-per-braccio-e-spalla\/\" \/>\n<meta property=\"og:site_name\" content=\"Comercial Nespral\" \/>\n<meta property=\"article:modified_time\" content=\"2023-01-24T16:40:14+00:00\" \/>\n<meta property=\"og:image\" content=\"https:\/\/comercialnespral.com\/wp-content\/uploads\/2022\/06\/Cabestrillo-Sling-ajustable.jpg\" \/>\n\t<meta property=\"og:image:width\" content=\"425\" \/>\n\t<meta property=\"og:image:height\" content=\"466\" \/>\n\t<meta property=\"og:image:type\" content=\"image\/jpeg\" \/>\n<meta name=\"twitter:card\" content=\"summary_large_image\" \/>\n<meta name=\"twitter:label1\" content=\"Dur\u00e9e de lecture estim\u00e9e\" \/>\n\t<meta name=\"twitter:data1\" content=\"1 minute\" \/>\n<script type=\"application\/ld+json\" class=\"yoast-schema-graph\">{\"@context\":\"https:\/\/schema.org\",\"@graph\":[{\"@type\":\"WebPage\",\"@id\":\"https:\/\/comercialnespral.com\/fr\/producto\/tutore-immobilizzatore-per-braccio-e-spalla\/\",\"url\":\"https:\/\/comercialnespral.com\/fr\/producto\/tutore-immobilizzatore-per-braccio-e-spalla\/\",\"name\":\"\u00c9charpe attelle d'\u00e9paule - Comercial Nespral\",\"isPartOf\":{\"@id\":\"https:\/\/comercialnespral.com\/#website\"},\"datePublished\":\"2023-01-24T16:22:21+00:00\",\"dateModified\":\"2023-01-24T16:40:14+00:00\",\"description\":\"ORTONES | \u00c9charpe attelle d'\u00e9paule | Sling Immobilisateur de Bras | De Foam | Taille Universelle | Pour Gauche et Droite | Homme Femme | Couleur Bleu\",\"breadcrumb\":{\"@id\":\"https:\/\/comercialnespral.com\/fr\/producto\/tutore-immobilizzatore-per-braccio-e-spalla\/#breadcrumb\"},\"inLanguage\":\"fr-FR\",\"potentialAction\":[{\"@type\":\"ReadAction\",\"target\":[\"https:\/\/comercialnespral.com\/fr\/producto\/tutore-immobilizzatore-per-braccio-e-spalla\/\"]}]},{\"@type\":\"BreadcrumbList\",\"@id\":\"https:\/\/comercialnespral.com\/fr\/producto\/tutore-immobilizzatore-per-braccio-e-spalla\/#breadcrumb\",\"itemListElement\":[{\"@type\":\"ListItem\",\"position\":1,\"name\":\"Accueil\",\"item\":\"https:\/\/comercialnespral.com\/fr\/\"},{\"@type\":\"ListItem\",\"position\":2,\"name\":\"Productos\",\"item\":\"https:\/\/comercialnespral.com\/tienda\/\"},{\"@type\":\"ListItem\",\"position\":3,\"name\":\"\u00c9charpe attelle d&#8217;\u00e9paule\"}]},{\"@type\":\"WebSite\",\"@id\":\"https:\/\/comercialnespral.com\/#website\",\"url\":\"https:\/\/comercialnespral.com\/\",\"name\":\"Comercial Nespral\",\"description\":\"\",\"potentialAction\":[{\"@type\":\"SearchAction\",\"target\":{\"@type\":\"EntryPoint\",\"urlTemplate\":\"https:\/\/comercialnespral.com\/?s={search_term_string}\"},\"query-input\":\"required name=search_term_string\"}],\"inLanguage\":\"fr-FR\"}]}<\/script>\n<!-- \/ Yoast SEO plugin. -->","yoast_head_json":{"title":"\u00c9charpe attelle d'\u00e9paule - Comercial Nespral","description":"ORTONES | \u00c9charpe attelle d'\u00e9paule | Sling Immobilisateur de Bras | De Foam | Taille Universelle | Pour Gauche et Droite | Homme Femme | Couleur Bleu","robots":{"index":"index","follow":"follow","max-snippet":"max-snippet:-1","max-image-preview":"max-image-preview:large","max-video-preview":"max-video-preview:-1"},"canonical":"https:\/\/comercialnespral.com\/fr\/producto\/tutore-immobilizzatore-per-braccio-e-spalla\/","og_locale":"fr_FR","og_type":"article","og_title":"\u00c9charpe attelle d'\u00e9paule - Comercial Nespral","og_description":"ORTONES | \u00c9charpe attelle d'\u00e9paule | Sling Immobilisateur de Bras | De Foam | Taille Universelle | Pour Gauche et Droite | Homme Femme | Couleur Bleu","og_url":"https:\/\/comercialnespral.com\/fr\/producto\/tutore-immobilizzatore-per-braccio-e-spalla\/","og_site_name":"Comercial Nespral","article_modified_time":"2023-01-24T16:40:14+00:00","og_image":[{"width":425,"height":466,"url":"https:\/\/comercialnespral.com\/wp-content\/uploads\/2022\/06\/Cabestrillo-Sling-ajustable.jpg","type":"image\/jpeg"}],"twitter_card":"summary_large_image","twitter_misc":{"Dur\u00e9e de lecture estim\u00e9e":"1 minute"},"schema":{"@context":"https:\/\/schema.org","@graph":[{"@type":"WebPage","@id":"https:\/\/comercialnespral.com\/fr\/producto\/tutore-immobilizzatore-per-braccio-e-spalla\/","url":"https:\/\/comercialnespral.com\/fr\/producto\/tutore-immobilizzatore-per-braccio-e-spalla\/","name":"\u00c9charpe attelle d'\u00e9paule - Comercial Nespral","isPartOf":{"@id":"https:\/\/comercialnespral.com\/#website"},"datePublished":"2023-01-24T16:22:21+00:00","dateModified":"2023-01-24T16:40:14+00:00","description":"ORTONES | \u00c9charpe attelle d'\u00e9paule | Sling Immobilisateur de Bras | De Foam | Taille Universelle | Pour Gauche et Droite | Homme Femme | Couleur Bleu","breadcrumb":{"@id":"https:\/\/comercialnespral.com\/fr\/producto\/tutore-immobilizzatore-per-braccio-e-spalla\/#breadcrumb"},"inLanguage":"fr-FR","potentialAction":[{"@type":"ReadAction","target":["https:\/\/comercialnespral.com\/fr\/producto\/tutore-immobilizzatore-per-braccio-e-spalla\/"]}]},{"@type":"BreadcrumbList","@id":"https:\/\/comercialnespral.com\/fr\/producto\/tutore-immobilizzatore-per-braccio-e-spalla\/#breadcrumb","itemListElement":[{"@type":"ListItem","position":1,"name":"Accueil","item":"https:\/\/comercialnespral.com\/fr\/"},{"@type":"ListItem","position":2,"name":"Productos","item":"https:\/\/comercialnespral.com\/tienda\/"},{"@type":"ListItem","position":3,"name":"\u00c9charpe attelle d&#8217;\u00e9paule"}]},{"@type":"WebSite","@id":"https:\/\/comercialnespral.com\/#website","url":"https:\/\/comercialnespral.com\/","name":"Comercial Nespral","description":"","potentialAction":[{"@type":"SearchAction","target":{"@type":"EntryPoint","urlTemplate":"https:\/\/comercialnespral.com\/?s={search_term_string}"},"query-input":"required name=search_term_string"}],"inLanguage":"fr-FR"}]}},"_links":{"self":[{"href":"https:\/\/comercialnespral.com\/fr\/wp-json\/wp\/v3\/product\/2253"}],"collection":[{"href":"https:\/\/comercialnespral.com\/fr\/wp-json\/wp\/v3\/product"}],"about":[{"href":"https:\/\/comercialnespral.com\/fr\/wp-json\/wp\/v2\/types\/product"}],"wp:featuredmedia":[{"embeddable":true,"href":"https:\/\/comercialnespral.com\/fr\/wp-json\/wp\/v2\/media\/2152"}],"wp:attachment":[{"href":"https:\/\/comercialnespral.com\/fr\/wp-json\/wp\/v2\/media?parent=2253"}],"wp:term":[{"taxonomy":"product_cat","embeddable":true,"href":"https:\/\/comercialnespral.com\/fr\/wp-json\/wp\/v2\/product_cat?post=2253"},{"taxonomy":"product_tag","embeddable":true,"href":"https:\/\/comercialnespral.com\/fr\/wp-json\/wp\/v2\/product_tag?post=2253"}],"curies":[{"name":"wp","href":"https:\/\/api.w.org\/{rel}","templated":true}]}}