{"id":2252,"date":"2023-01-24T16:09:55","date_gmt":"2023-01-24T16:09:55","guid":{"rendered":"https:\/\/comercialnespral.com\/producto\/echarpe-attelle-depaule\/"},"modified":"2023-01-24T16:11:28","modified_gmt":"2023-01-24T16:11:28","slug":"echarpe-attelle-depaule","status":"publish","type":"product","link":"https:\/\/comercialnespral.com\/fr\/producto\/echarpe-attelle-depaule\/","title":{"rendered":"\u00c9charpe attelle d&rsquo;\u00e9paule"},"content":{"rendered":"<ul>\n<li><strong>Id\u00e9ale pour les<\/strong> : Processus inflammatoires n\u00e9cessitant une immobilisation, fractures de la clavicule et de l&rsquo;hum\u00e9rus, blessures au bras\/poignet, luxation de l&rsquo;\u00e9paule, maintien de bras en pl\u00e2tre, entorses, luxations, post-chirurgie.<\/li>\n<li><strong>Taille universelle :<\/strong> la courroie est enti\u00e8rement r\u00e9glable, vous permettant de soutenir votre bras dans n&rsquo;importe quelle position. Avec son design ergonomique, elle s&rsquo;adapte parfaitement \u00e0 votre \u00e9paule.<\/li>\n<li><strong>Elle est confortablement fix\u00e9e au torse avec du velcro.<\/strong> R\u00e9partit le poids du bras sur toute l&rsquo;orth\u00e8se, y compris le coude pour un meilleur soutien et un meilleur positionnement. Permet de choisir l&rsquo;angle de flexion du coude.<\/li>\n<li><strong>Tissu confortable, respirant et doux, la bandouli\u00e8re ne provoque pas de g\u00eane au niveau du cou.<\/strong> Fabriqu\u00e9 en Espagne.<\/li>\n<\/ul>\n","protected":false},"excerpt":{"rendered":"<p id=\"title\" class=\"a-size-large a-spacing-none\"><span id=\"productTitle\" class=\"a-size-large product-title-word-break\">ORTONES | \u00c9charpe attelle d&rsquo;\u00e9paule | Sling Immobilisateur de Bras | Taille Universelle | Pour Gauche et Droite | Bleu<\/span><\/p>\n<p><strong>Usages sp\u00e9cifiques pour le produit:<\/strong> Bras et poignet disloqu\u00e9s, \u00e9paule disloqu\u00e9e<br \/>\n<strong> Marque:<\/strong> Ortones<br \/>\n<strong>Taille:<\/strong> Taille unique<br \/>\n<strong>Mat\u00e9riau:<\/strong> Coton<br \/>\n<strong>Couleur:<\/strong> bleu<br \/>\n<strong>Nombre d&rsquo;unit\u00e9s:<\/strong> 100.0 grams<br \/>\n<strong>Caract\u00e9ristique sp\u00e9ciale:<\/strong> Ajustable<br \/>\n<strong>Instructions d&rsquo;entretien:<\/strong> Lavage \u00e0 la main seulement<\/p>\n","protected":false},"featured_media":2151,"template":"","meta":{"_et_pb_use_builder":"","_et_pb_old_content":"","_et_gb_content_width":""},"product_cat":[64],"product_tag":[],"yoast_head":"<!-- This site is optimized with the Yoast SEO plugin v20.5 - https:\/\/yoast.com\/wordpress\/plugins\/seo\/ -->\n<title>\u00c9charpe attelle d&#039;\u00e9paule - Comercial Nespral<\/title>\n<meta name=\"description\" content=\"ORTONES | \u00c9charpe attelle d&#039;\u00e9paule | Sling Immobilisateur de Bras | Taille Universelle | Pour Gauche et Droite | Bleu\" \/>\n<meta name=\"robots\" content=\"index, follow, max-snippet:-1, max-image-preview:large, max-video-preview:-1\" \/>\n<link rel=\"canonical\" href=\"https:\/\/comercialnespral.com\/fr\/producto\/echarpe-attelle-depaule\/\" \/>\n<meta property=\"og:locale\" content=\"fr_FR\" \/>\n<meta property=\"og:type\" content=\"article\" \/>\n<meta property=\"og:title\" content=\"\u00c9charpe attelle d&#039;\u00e9paule - Comercial Nespral\" \/>\n<meta property=\"og:description\" content=\"ORTONES | \u00c9charpe attelle d&#039;\u00e9paule | Sling Immobilisateur de Bras | Taille Universelle | Pour Gauche et Droite | Bleu\" \/>\n<meta property=\"og:url\" content=\"https:\/\/comercialnespral.com\/fr\/producto\/echarpe-attelle-depaule\/\" \/>\n<meta property=\"og:site_name\" content=\"Comercial Nespral\" \/>\n<meta property=\"article:modified_time\" content=\"2023-01-24T16:11:28+00:00\" \/>\n<meta property=\"og:image\" content=\"https:\/\/comercialnespral.com\/wp-content\/uploads\/2022\/06\/Cabestrillo-Sling-para-hombro.jpg\" \/>\n\t<meta property=\"og:image:width\" content=\"425\" \/>\n\t<meta property=\"og:image:height\" content=\"432\" \/>\n\t<meta property=\"og:image:type\" content=\"image\/jpeg\" \/>\n<meta name=\"twitter:card\" content=\"summary_large_image\" \/>\n<meta name=\"twitter:label1\" content=\"Dur\u00e9e de lecture estim\u00e9e\" \/>\n\t<meta name=\"twitter:data1\" content=\"1 minute\" \/>\n<script type=\"application\/ld+json\" class=\"yoast-schema-graph\">{\"@context\":\"https:\/\/schema.org\",\"@graph\":[{\"@type\":\"WebPage\",\"@id\":\"https:\/\/comercialnespral.com\/fr\/producto\/echarpe-attelle-depaule\/\",\"url\":\"https:\/\/comercialnespral.com\/fr\/producto\/echarpe-attelle-depaule\/\",\"name\":\"\u00c9charpe attelle d'\u00e9paule - Comercial Nespral\",\"isPartOf\":{\"@id\":\"https:\/\/comercialnespral.com\/#website\"},\"datePublished\":\"2023-01-24T16:09:55+00:00\",\"dateModified\":\"2023-01-24T16:11:28+00:00\",\"description\":\"ORTONES | \u00c9charpe attelle d'\u00e9paule | Sling Immobilisateur de Bras | Taille Universelle | Pour Gauche et Droite | Bleu\",\"breadcrumb\":{\"@id\":\"https:\/\/comercialnespral.com\/fr\/producto\/echarpe-attelle-depaule\/#breadcrumb\"},\"inLanguage\":\"fr-FR\",\"potentialAction\":[{\"@type\":\"ReadAction\",\"target\":[\"https:\/\/comercialnespral.com\/fr\/producto\/echarpe-attelle-depaule\/\"]}]},{\"@type\":\"BreadcrumbList\",\"@id\":\"https:\/\/comercialnespral.com\/fr\/producto\/echarpe-attelle-depaule\/#breadcrumb\",\"itemListElement\":[{\"@type\":\"ListItem\",\"position\":1,\"name\":\"Accueil\",\"item\":\"https:\/\/comercialnespral.com\/fr\/\"},{\"@type\":\"ListItem\",\"position\":2,\"name\":\"Productos\",\"item\":\"https:\/\/comercialnespral.com\/tienda\/\"},{\"@type\":\"ListItem\",\"position\":3,\"name\":\"\u00c9charpe attelle d&#8217;\u00e9paule\"}]},{\"@type\":\"WebSite\",\"@id\":\"https:\/\/comercialnespral.com\/#website\",\"url\":\"https:\/\/comercialnespral.com\/\",\"name\":\"Comercial Nespral\",\"description\":\"\",\"potentialAction\":[{\"@type\":\"SearchAction\",\"target\":{\"@type\":\"EntryPoint\",\"urlTemplate\":\"https:\/\/comercialnespral.com\/?s={search_term_string}\"},\"query-input\":\"required name=search_term_string\"}],\"inLanguage\":\"fr-FR\"}]}<\/script>\n<!-- \/ Yoast SEO plugin. -->","yoast_head_json":{"title":"\u00c9charpe attelle d'\u00e9paule - Comercial Nespral","description":"ORTONES | \u00c9charpe attelle d'\u00e9paule | Sling Immobilisateur de Bras | Taille Universelle | Pour Gauche et Droite | Bleu","robots":{"index":"index","follow":"follow","max-snippet":"max-snippet:-1","max-image-preview":"max-image-preview:large","max-video-preview":"max-video-preview:-1"},"canonical":"https:\/\/comercialnespral.com\/fr\/producto\/echarpe-attelle-depaule\/","og_locale":"fr_FR","og_type":"article","og_title":"\u00c9charpe attelle d'\u00e9paule - Comercial Nespral","og_description":"ORTONES | \u00c9charpe attelle d'\u00e9paule | Sling Immobilisateur de Bras | Taille Universelle | Pour Gauche et Droite | Bleu","og_url":"https:\/\/comercialnespral.com\/fr\/producto\/echarpe-attelle-depaule\/","og_site_name":"Comercial Nespral","article_modified_time":"2023-01-24T16:11:28+00:00","og_image":[{"width":425,"height":432,"url":"https:\/\/comercialnespral.com\/wp-content\/uploads\/2022\/06\/Cabestrillo-Sling-para-hombro.jpg","type":"image\/jpeg"}],"twitter_card":"summary_large_image","twitter_misc":{"Dur\u00e9e de lecture estim\u00e9e":"1 minute"},"schema":{"@context":"https:\/\/schema.org","@graph":[{"@type":"WebPage","@id":"https:\/\/comercialnespral.com\/fr\/producto\/echarpe-attelle-depaule\/","url":"https:\/\/comercialnespral.com\/fr\/producto\/echarpe-attelle-depaule\/","name":"\u00c9charpe attelle d'\u00e9paule - Comercial Nespral","isPartOf":{"@id":"https:\/\/comercialnespral.com\/#website"},"datePublished":"2023-01-24T16:09:55+00:00","dateModified":"2023-01-24T16:11:28+00:00","description":"ORTONES | \u00c9charpe attelle d'\u00e9paule | Sling Immobilisateur de Bras | Taille Universelle | Pour Gauche et Droite | Bleu","breadcrumb":{"@id":"https:\/\/comercialnespral.com\/fr\/producto\/echarpe-attelle-depaule\/#breadcrumb"},"inLanguage":"fr-FR","potentialAction":[{"@type":"ReadAction","target":["https:\/\/comercialnespral.com\/fr\/producto\/echarpe-attelle-depaule\/"]}]},{"@type":"BreadcrumbList","@id":"https:\/\/comercialnespral.com\/fr\/producto\/echarpe-attelle-depaule\/#breadcrumb","itemListElement":[{"@type":"ListItem","position":1,"name":"Accueil","item":"https:\/\/comercialnespral.com\/fr\/"},{"@type":"ListItem","position":2,"name":"Productos","item":"https:\/\/comercialnespral.com\/tienda\/"},{"@type":"ListItem","position":3,"name":"\u00c9charpe attelle d&#8217;\u00e9paule"}]},{"@type":"WebSite","@id":"https:\/\/comercialnespral.com\/#website","url":"https:\/\/comercialnespral.com\/","name":"Comercial Nespral","description":"","potentialAction":[{"@type":"SearchAction","target":{"@type":"EntryPoint","urlTemplate":"https:\/\/comercialnespral.com\/?s={search_term_string}"},"query-input":"required name=search_term_string"}],"inLanguage":"fr-FR"}]}},"_links":{"self":[{"href":"https:\/\/comercialnespral.com\/fr\/wp-json\/wp\/v3\/product\/2252"}],"collection":[{"href":"https:\/\/comercialnespral.com\/fr\/wp-json\/wp\/v3\/product"}],"about":[{"href":"https:\/\/comercialnespral.com\/fr\/wp-json\/wp\/v2\/types\/product"}],"wp:featuredmedia":[{"embeddable":true,"href":"https:\/\/comercialnespral.com\/fr\/wp-json\/wp\/v2\/media\/2151"}],"wp:attachment":[{"href":"https:\/\/comercialnespral.com\/fr\/wp-json\/wp\/v2\/media?parent=2252"}],"wp:term":[{"taxonomy":"product_cat","embeddable":true,"href":"https:\/\/comercialnespral.com\/fr\/wp-json\/wp\/v2\/product_cat?post=2252"},{"taxonomy":"product_tag","embeddable":true,"href":"https:\/\/comercialnespral.com\/fr\/wp-json\/wp\/v2\/product_tag?post=2252"}],"curies":[{"name":"wp","href":"https:\/\/api.w.org\/{rel}","templated":true}]}}