{"id":2251,"date":"2023-01-24T16:02:31","date_gmt":"2023-01-24T16:02:31","guid":{"rendered":"https:\/\/comercialnespral.com\/producto\/collier-cervical-souple-avec-housse-amovible\/"},"modified":"2023-01-24T16:04:04","modified_gmt":"2023-01-24T16:04:04","slug":"collier-cervical-souple-avec-housse-amovible","status":"publish","type":"product","link":"https:\/\/comercialnespral.com\/fr\/producto\/collier-cervical-souple-avec-housse-amovible\/","title":{"rendered":"Collier Cervical Souple avec Housse Amovible"},"content":{"rendered":"<ul>\n<li>Le collier cervical Ortones prot\u00e8ge la colonne cervicale de la compression et contribue \u00e0 r\u00e9duire l&rsquo;amplitude des mouvements de la t\u00eate. Il est indiqu\u00e9 pour les entorses cervicales l\u00e9g\u00e8res \u00e0 mod\u00e9r\u00e9es. Il s&rsquo;adapte au cou par le biais d&rsquo;un velcro haute r\u00e9sistance, apportant rigidit\u00e9 et stabilit\u00e9 \u00e0 la zone cervicale.<\/li>\n<li>Ajustement facile : s&rsquo;adapte \u00e0 la plupart des utilisateurs pour couvrir le tour de cou de 33 cm \u00e0 48 cm. S&rsquo;enfile et se retire gr\u00e2ce \u00e0 un syst\u00e8me de velcro, ce qui est tr\u00e8s facile pour le patient. La housse est en coton, amovible, \u00e9lastique et lavable \u00e0 30 degr\u00e9s.<\/li>\n<li>Applications : indiqu\u00e9 pour la p\u00e9riode de r\u00e9\u00e9ducation apr\u00e8s une blessure, une chirurgie ou une d\u00e9tente de la colonne cervicale. Con\u00e7u pour traiter les torticolis musculaires, les blessures dues au battement cervical, les douleurs neurologiques, les dommages aux muscles et ligaments de la colonne cervicale, l&rsquo;augmentation de la mobilit\u00e9 des vert\u00e8bres cervicales et le tonus musculaire du bas du cou.<\/li>\n<li>Confortable et ergonomique : maintient les cervicales dans une position align\u00e9e et confortable, ce qui limite le mouvement du cou et stabilise la zone bless\u00e9e. Fabriqu\u00e9 en mousse de polyur\u00e9thane D30 \u00e0 l&rsquo;int\u00e9rieur et tubulaire ext\u00e9rieur en coton de couleur bleu marine, avec velcro aux deux extr\u00e9mit\u00e9s.<\/li>\n<li>Fabriqu\u00e9 en Espagne<\/li>\n<\/ul>\n","protected":false},"excerpt":{"rendered":"<p>Minerve Collier Cervical Souple | Soulage la Douleur et la Pression Dans la Colonne Vert\u00e9brale | Taille Unique | Bleu<br \/>\n<strong>Usages sp\u00e9cifiques du produit:<\/strong> Coup du lapin<br \/>\n<strong>Marque:<\/strong> Ortones<br \/>\n<strong>Mat\u00e9riau:<\/strong> Coton<br \/>\n<strong>Type de fermeture:<\/strong> Scratch<\/p>\n","protected":false},"featured_media":2144,"template":"","meta":{"_et_pb_use_builder":"","_et_pb_old_content":"","_et_gb_content_width":""},"product_cat":[64],"product_tag":[],"yoast_head":"<!-- This site is optimized with the Yoast SEO plugin v20.5 - https:\/\/yoast.com\/wordpress\/plugins\/seo\/ -->\n<title>Collier Cervical Souple avec Housse Amovible - Comercial Nespral<\/title>\n<meta name=\"description\" content=\"Minerve Collier Cervical Souple avec Housse Amovible | Support pour le Cou | Soulagement de la Douleur et de la Pression dans la Colonne Vert\u00e9brale | Taille Unique | Couleur Bleue\" \/>\n<meta name=\"robots\" content=\"index, follow, max-snippet:-1, max-image-preview:large, max-video-preview:-1\" \/>\n<link rel=\"canonical\" href=\"https:\/\/comercialnespral.com\/fr\/producto\/collier-cervical-souple-avec-housse-amovible\/\" \/>\n<meta property=\"og:locale\" content=\"fr_FR\" \/>\n<meta property=\"og:type\" content=\"article\" \/>\n<meta property=\"og:title\" content=\"Collier Cervical Souple avec Housse Amovible - Comercial Nespral\" \/>\n<meta property=\"og:description\" content=\"Minerve Collier Cervical Souple avec Housse Amovible | Support pour le Cou | Soulagement de la Douleur et de la Pression dans la Colonne Vert\u00e9brale | Taille Unique | Couleur Bleue\" \/>\n<meta property=\"og:url\" content=\"https:\/\/comercialnespral.com\/fr\/producto\/collier-cervical-souple-avec-housse-amovible\/\" \/>\n<meta property=\"og:site_name\" content=\"Comercial Nespral\" \/>\n<meta property=\"article:modified_time\" content=\"2023-01-24T16:04:04+00:00\" \/>\n<meta property=\"og:image\" content=\"https:\/\/comercialnespral.com\/wp-content\/uploads\/2022\/06\/61OvRJDYLAL._SX522_.jpg\" \/>\n\t<meta property=\"og:image:width\" content=\"522\" \/>\n\t<meta property=\"og:image:height\" content=\"522\" \/>\n\t<meta property=\"og:image:type\" content=\"image\/jpeg\" \/>\n<meta name=\"twitter:card\" content=\"summary_large_image\" \/>\n<meta name=\"twitter:label1\" content=\"Dur\u00e9e de lecture estim\u00e9e\" \/>\n\t<meta name=\"twitter:data1\" content=\"1 minute\" \/>\n<script type=\"application\/ld+json\" class=\"yoast-schema-graph\">{\"@context\":\"https:\/\/schema.org\",\"@graph\":[{\"@type\":\"WebPage\",\"@id\":\"https:\/\/comercialnespral.com\/fr\/producto\/collier-cervical-souple-avec-housse-amovible\/\",\"url\":\"https:\/\/comercialnespral.com\/fr\/producto\/collier-cervical-souple-avec-housse-amovible\/\",\"name\":\"Collier Cervical Souple avec Housse Amovible - Comercial Nespral\",\"isPartOf\":{\"@id\":\"https:\/\/comercialnespral.com\/#website\"},\"datePublished\":\"2023-01-24T16:02:31+00:00\",\"dateModified\":\"2023-01-24T16:04:04+00:00\",\"description\":\"Minerve Collier Cervical Souple avec Housse Amovible | Support pour le Cou | Soulagement de la Douleur et de la Pression dans la Colonne Vert\u00e9brale | Taille Unique | Couleur Bleue\",\"breadcrumb\":{\"@id\":\"https:\/\/comercialnespral.com\/fr\/producto\/collier-cervical-souple-avec-housse-amovible\/#breadcrumb\"},\"inLanguage\":\"fr-FR\",\"potentialAction\":[{\"@type\":\"ReadAction\",\"target\":[\"https:\/\/comercialnespral.com\/fr\/producto\/collier-cervical-souple-avec-housse-amovible\/\"]}]},{\"@type\":\"BreadcrumbList\",\"@id\":\"https:\/\/comercialnespral.com\/fr\/producto\/collier-cervical-souple-avec-housse-amovible\/#breadcrumb\",\"itemListElement\":[{\"@type\":\"ListItem\",\"position\":1,\"name\":\"Accueil\",\"item\":\"https:\/\/comercialnespral.com\/fr\/\"},{\"@type\":\"ListItem\",\"position\":2,\"name\":\"Productos\",\"item\":\"https:\/\/comercialnespral.com\/tienda\/\"},{\"@type\":\"ListItem\",\"position\":3,\"name\":\"Collier Cervical Souple avec Housse Amovible\"}]},{\"@type\":\"WebSite\",\"@id\":\"https:\/\/comercialnespral.com\/#website\",\"url\":\"https:\/\/comercialnespral.com\/\",\"name\":\"Comercial Nespral\",\"description\":\"\",\"potentialAction\":[{\"@type\":\"SearchAction\",\"target\":{\"@type\":\"EntryPoint\",\"urlTemplate\":\"https:\/\/comercialnespral.com\/?s={search_term_string}\"},\"query-input\":\"required name=search_term_string\"}],\"inLanguage\":\"fr-FR\"}]}<\/script>\n<!-- \/ Yoast SEO plugin. -->","yoast_head_json":{"title":"Collier Cervical Souple avec Housse Amovible - Comercial Nespral","description":"Minerve Collier Cervical Souple avec Housse Amovible | Support pour le Cou | Soulagement de la Douleur et de la Pression dans la Colonne Vert\u00e9brale | Taille Unique | Couleur Bleue","robots":{"index":"index","follow":"follow","max-snippet":"max-snippet:-1","max-image-preview":"max-image-preview:large","max-video-preview":"max-video-preview:-1"},"canonical":"https:\/\/comercialnespral.com\/fr\/producto\/collier-cervical-souple-avec-housse-amovible\/","og_locale":"fr_FR","og_type":"article","og_title":"Collier Cervical Souple avec Housse Amovible - Comercial Nespral","og_description":"Minerve Collier Cervical Souple avec Housse Amovible | Support pour le Cou | Soulagement de la Douleur et de la Pression dans la Colonne Vert\u00e9brale | Taille Unique | Couleur Bleue","og_url":"https:\/\/comercialnespral.com\/fr\/producto\/collier-cervical-souple-avec-housse-amovible\/","og_site_name":"Comercial Nespral","article_modified_time":"2023-01-24T16:04:04+00:00","og_image":[{"width":522,"height":522,"url":"https:\/\/comercialnespral.com\/wp-content\/uploads\/2022\/06\/61OvRJDYLAL._SX522_.jpg","type":"image\/jpeg"}],"twitter_card":"summary_large_image","twitter_misc":{"Dur\u00e9e de lecture estim\u00e9e":"1 minute"},"schema":{"@context":"https:\/\/schema.org","@graph":[{"@type":"WebPage","@id":"https:\/\/comercialnespral.com\/fr\/producto\/collier-cervical-souple-avec-housse-amovible\/","url":"https:\/\/comercialnespral.com\/fr\/producto\/collier-cervical-souple-avec-housse-amovible\/","name":"Collier Cervical Souple avec Housse Amovible - Comercial Nespral","isPartOf":{"@id":"https:\/\/comercialnespral.com\/#website"},"datePublished":"2023-01-24T16:02:31+00:00","dateModified":"2023-01-24T16:04:04+00:00","description":"Minerve Collier Cervical Souple avec Housse Amovible | Support pour le Cou | Soulagement de la Douleur et de la Pression dans la Colonne Vert\u00e9brale | Taille Unique | Couleur Bleue","breadcrumb":{"@id":"https:\/\/comercialnespral.com\/fr\/producto\/collier-cervical-souple-avec-housse-amovible\/#breadcrumb"},"inLanguage":"fr-FR","potentialAction":[{"@type":"ReadAction","target":["https:\/\/comercialnespral.com\/fr\/producto\/collier-cervical-souple-avec-housse-amovible\/"]}]},{"@type":"BreadcrumbList","@id":"https:\/\/comercialnespral.com\/fr\/producto\/collier-cervical-souple-avec-housse-amovible\/#breadcrumb","itemListElement":[{"@type":"ListItem","position":1,"name":"Accueil","item":"https:\/\/comercialnespral.com\/fr\/"},{"@type":"ListItem","position":2,"name":"Productos","item":"https:\/\/comercialnespral.com\/tienda\/"},{"@type":"ListItem","position":3,"name":"Collier Cervical Souple avec Housse Amovible"}]},{"@type":"WebSite","@id":"https:\/\/comercialnespral.com\/#website","url":"https:\/\/comercialnespral.com\/","name":"Comercial Nespral","description":"","potentialAction":[{"@type":"SearchAction","target":{"@type":"EntryPoint","urlTemplate":"https:\/\/comercialnespral.com\/?s={search_term_string}"},"query-input":"required name=search_term_string"}],"inLanguage":"fr-FR"}]}},"_links":{"self":[{"href":"https:\/\/comercialnespral.com\/fr\/wp-json\/wp\/v3\/product\/2251"}],"collection":[{"href":"https:\/\/comercialnespral.com\/fr\/wp-json\/wp\/v3\/product"}],"about":[{"href":"https:\/\/comercialnespral.com\/fr\/wp-json\/wp\/v2\/types\/product"}],"wp:featuredmedia":[{"embeddable":true,"href":"https:\/\/comercialnespral.com\/fr\/wp-json\/wp\/v2\/media\/2144"}],"wp:attachment":[{"href":"https:\/\/comercialnespral.com\/fr\/wp-json\/wp\/v2\/media?parent=2251"}],"wp:term":[{"taxonomy":"product_cat","embeddable":true,"href":"https:\/\/comercialnespral.com\/fr\/wp-json\/wp\/v2\/product_cat?post=2251"},{"taxonomy":"product_tag","embeddable":true,"href":"https:\/\/comercialnespral.com\/fr\/wp-json\/wp\/v2\/product_tag?post=2251"}],"curies":[{"name":"wp","href":"https:\/\/api.w.org\/{rel}","templated":true}]}}