{"id":2249,"date":"2023-01-03T09:49:41","date_gmt":"2023-01-03T09:49:41","guid":{"rendered":"https:\/\/comercialnespral.com\/producto\/minerve-collier-cervical-souple\/"},"modified":"2023-01-03T09:53:43","modified_gmt":"2023-01-03T09:53:43","slug":"minerve-collier-cervical-souple","status":"publish","type":"product","link":"https:\/\/comercialnespral.com\/fr\/producto\/minerve-collier-cervical-souple\/","title":{"rendered":"Minerve Collier Cervical Souple"},"content":{"rendered":"<ul>\n<li>Double fonction: le minerve collier cervical Ortones a un support suppl\u00e9mentaire pour le rendre plus rigide ou plus souple en fonction des besoins de l&rsquo;utilisateur.<\/li>\n<li>Gr\u00e2ce \u00e0 sa conception, il dispose d&rsquo;une plaque en poly\u00e9thyl\u00e8ne qui s&rsquo;ajuste \u00e0 la surface du collier gr\u00e2ce \u00e0 des velcros de haute r\u00e9sistance, apportant une plus grande rigidit\u00e9 et stabilit\u00e9 \u00e0 la zone cervicale.<\/li>\n<li>Ajustement facile : s&rsquo;adapte \u00e0 la plupart des utilisateurs pour couvrir le tour de cou de 33 cm \u00e0 48 cm. S&rsquo;enfile et se retire gr\u00e2ce \u00e0 un syst\u00e8me de velcro, ce qui est tr\u00e8s facile pour le patient.<\/li>\n<li>Applications : indiqu\u00e9 pour la p\u00e9riode de r\u00e9\u00e9ducation apr\u00e8s une blessure, une chirurgie ou une d\u00e9tente de la colonne cervicale. Con\u00e7u pour traiter les torticolis musculaires, les blessures dues au battement cervical, les douleurs neurologiques, les dommages aux muscles et ligaments de la colonne cervicale, l&rsquo;augmentation de la mobilit\u00e9 des vert\u00e8bres cervicales et le tonus musculaire du bas du cou.<\/li>\n<li>Confortable et ergonomique : maintient les cervicales dans une position align\u00e9e et confortable, ce qui limite le mouvement du cou et stabilise la zone bless\u00e9e. Fabriqu\u00e9 en mousse de polyur\u00e9thane D30 \u00e0 l&rsquo;int\u00e9rieur et tubulaire ext\u00e9rieur en coton de couleur bleu marine, avec velcro aux deux extr\u00e9mit\u00e9s.<\/li>\n<li>Fabriqu\u00e9 en Espagne<\/li>\n<\/ul>\n","protected":false},"excerpt":{"rendered":"<p>Minerve Collier Cervical Souple | Soulage la Douleur et la Pression Dans la Colonne Vert\u00e9brale | Taille Unique | Bleu<\/p>\n<p><strong> Marque:<\/strong> Ortones<br \/>\n<strong>Mat\u00e9riau:<\/strong> Coton<br \/>\n<strong>Type de fermeture:<\/strong> Scratch<\/p>\n","protected":false},"featured_media":2136,"template":"","meta":{"_et_pb_use_builder":"","_et_pb_old_content":"","_et_gb_content_width":""},"product_cat":[64],"product_tag":[],"yoast_head":"<!-- This site is optimized with the Yoast SEO plugin v20.5 - https:\/\/yoast.com\/wordpress\/plugins\/seo\/ -->\n<title>Minerve Collier Cervical Souple - Comercial Nespral<\/title>\n<meta name=\"description\" content=\"Minerve Collier Cervical Souple | Soulage la Douleur et la Pression Dans la Colonne Vert\u00e9brale | Taille Unique | Bleu\" \/>\n<meta name=\"robots\" content=\"index, follow, max-snippet:-1, max-image-preview:large, max-video-preview:-1\" \/>\n<link rel=\"canonical\" href=\"https:\/\/comercialnespral.com\/fr\/producto\/minerve-collier-cervical-souple\/\" \/>\n<meta property=\"og:locale\" content=\"fr_FR\" \/>\n<meta property=\"og:type\" content=\"article\" \/>\n<meta property=\"og:title\" content=\"Minerve Collier Cervical Souple - Comercial Nespral\" \/>\n<meta property=\"og:description\" content=\"Minerve Collier Cervical Souple | Soulage la Douleur et la Pression Dans la Colonne Vert\u00e9brale | Taille Unique | Bleu\" \/>\n<meta property=\"og:url\" content=\"https:\/\/comercialnespral.com\/fr\/producto\/minerve-collier-cervical-souple\/\" \/>\n<meta property=\"og:site_name\" content=\"Comercial Nespral\" \/>\n<meta property=\"article:modified_time\" content=\"2023-01-03T09:53:43+00:00\" \/>\n<meta property=\"og:image\" content=\"https:\/\/comercialnespral.com\/wp-content\/uploads\/2022\/06\/Collarin-Cervical-Blando.jpg\" \/>\n\t<meta property=\"og:image:width\" content=\"522\" \/>\n\t<meta property=\"og:image:height\" content=\"522\" \/>\n\t<meta property=\"og:image:type\" content=\"image\/jpeg\" \/>\n<meta name=\"twitter:card\" content=\"summary_large_image\" \/>\n<meta name=\"twitter:label1\" content=\"Dur\u00e9e de lecture estim\u00e9e\" \/>\n\t<meta name=\"twitter:data1\" content=\"1 minute\" \/>\n<script type=\"application\/ld+json\" class=\"yoast-schema-graph\">{\"@context\":\"https:\/\/schema.org\",\"@graph\":[{\"@type\":\"WebPage\",\"@id\":\"https:\/\/comercialnespral.com\/fr\/producto\/minerve-collier-cervical-souple\/\",\"url\":\"https:\/\/comercialnespral.com\/fr\/producto\/minerve-collier-cervical-souple\/\",\"name\":\"Minerve Collier Cervical Souple - Comercial Nespral\",\"isPartOf\":{\"@id\":\"https:\/\/comercialnespral.com\/#website\"},\"datePublished\":\"2023-01-03T09:49:41+00:00\",\"dateModified\":\"2023-01-03T09:53:43+00:00\",\"description\":\"Minerve Collier Cervical Souple | Soulage la Douleur et la Pression Dans la Colonne Vert\u00e9brale | Taille Unique | Bleu\",\"breadcrumb\":{\"@id\":\"https:\/\/comercialnespral.com\/fr\/producto\/minerve-collier-cervical-souple\/#breadcrumb\"},\"inLanguage\":\"fr-FR\",\"potentialAction\":[{\"@type\":\"ReadAction\",\"target\":[\"https:\/\/comercialnespral.com\/fr\/producto\/minerve-collier-cervical-souple\/\"]}]},{\"@type\":\"BreadcrumbList\",\"@id\":\"https:\/\/comercialnespral.com\/fr\/producto\/minerve-collier-cervical-souple\/#breadcrumb\",\"itemListElement\":[{\"@type\":\"ListItem\",\"position\":1,\"name\":\"Accueil\",\"item\":\"https:\/\/comercialnespral.com\/fr\/\"},{\"@type\":\"ListItem\",\"position\":2,\"name\":\"Productos\",\"item\":\"https:\/\/comercialnespral.com\/tienda\/\"},{\"@type\":\"ListItem\",\"position\":3,\"name\":\"Minerve Collier Cervical Souple\"}]},{\"@type\":\"WebSite\",\"@id\":\"https:\/\/comercialnespral.com\/#website\",\"url\":\"https:\/\/comercialnespral.com\/\",\"name\":\"Comercial Nespral\",\"description\":\"\",\"potentialAction\":[{\"@type\":\"SearchAction\",\"target\":{\"@type\":\"EntryPoint\",\"urlTemplate\":\"https:\/\/comercialnespral.com\/?s={search_term_string}\"},\"query-input\":\"required name=search_term_string\"}],\"inLanguage\":\"fr-FR\"}]}<\/script>\n<!-- \/ Yoast SEO plugin. -->","yoast_head_json":{"title":"Minerve Collier Cervical Souple - Comercial Nespral","description":"Minerve Collier Cervical Souple | Soulage la Douleur et la Pression Dans la Colonne Vert\u00e9brale | Taille Unique | Bleu","robots":{"index":"index","follow":"follow","max-snippet":"max-snippet:-1","max-image-preview":"max-image-preview:large","max-video-preview":"max-video-preview:-1"},"canonical":"https:\/\/comercialnespral.com\/fr\/producto\/minerve-collier-cervical-souple\/","og_locale":"fr_FR","og_type":"article","og_title":"Minerve Collier Cervical Souple - Comercial Nespral","og_description":"Minerve Collier Cervical Souple | Soulage la Douleur et la Pression Dans la Colonne Vert\u00e9brale | Taille Unique | Bleu","og_url":"https:\/\/comercialnespral.com\/fr\/producto\/minerve-collier-cervical-souple\/","og_site_name":"Comercial Nespral","article_modified_time":"2023-01-03T09:53:43+00:00","og_image":[{"width":522,"height":522,"url":"https:\/\/comercialnespral.com\/wp-content\/uploads\/2022\/06\/Collarin-Cervical-Blando.jpg","type":"image\/jpeg"}],"twitter_card":"summary_large_image","twitter_misc":{"Dur\u00e9e de lecture estim\u00e9e":"1 minute"},"schema":{"@context":"https:\/\/schema.org","@graph":[{"@type":"WebPage","@id":"https:\/\/comercialnespral.com\/fr\/producto\/minerve-collier-cervical-souple\/","url":"https:\/\/comercialnespral.com\/fr\/producto\/minerve-collier-cervical-souple\/","name":"Minerve Collier Cervical Souple - Comercial Nespral","isPartOf":{"@id":"https:\/\/comercialnespral.com\/#website"},"datePublished":"2023-01-03T09:49:41+00:00","dateModified":"2023-01-03T09:53:43+00:00","description":"Minerve Collier Cervical Souple | Soulage la Douleur et la Pression Dans la Colonne Vert\u00e9brale | Taille Unique | Bleu","breadcrumb":{"@id":"https:\/\/comercialnespral.com\/fr\/producto\/minerve-collier-cervical-souple\/#breadcrumb"},"inLanguage":"fr-FR","potentialAction":[{"@type":"ReadAction","target":["https:\/\/comercialnespral.com\/fr\/producto\/minerve-collier-cervical-souple\/"]}]},{"@type":"BreadcrumbList","@id":"https:\/\/comercialnespral.com\/fr\/producto\/minerve-collier-cervical-souple\/#breadcrumb","itemListElement":[{"@type":"ListItem","position":1,"name":"Accueil","item":"https:\/\/comercialnespral.com\/fr\/"},{"@type":"ListItem","position":2,"name":"Productos","item":"https:\/\/comercialnespral.com\/tienda\/"},{"@type":"ListItem","position":3,"name":"Minerve Collier Cervical Souple"}]},{"@type":"WebSite","@id":"https:\/\/comercialnespral.com\/#website","url":"https:\/\/comercialnespral.com\/","name":"Comercial Nespral","description":"","potentialAction":[{"@type":"SearchAction","target":{"@type":"EntryPoint","urlTemplate":"https:\/\/comercialnespral.com\/?s={search_term_string}"},"query-input":"required name=search_term_string"}],"inLanguage":"fr-FR"}]}},"_links":{"self":[{"href":"https:\/\/comercialnespral.com\/fr\/wp-json\/wp\/v3\/product\/2249"}],"collection":[{"href":"https:\/\/comercialnespral.com\/fr\/wp-json\/wp\/v3\/product"}],"about":[{"href":"https:\/\/comercialnespral.com\/fr\/wp-json\/wp\/v2\/types\/product"}],"wp:featuredmedia":[{"embeddable":true,"href":"https:\/\/comercialnespral.com\/fr\/wp-json\/wp\/v2\/media\/2136"}],"wp:attachment":[{"href":"https:\/\/comercialnespral.com\/fr\/wp-json\/wp\/v2\/media?parent=2249"}],"wp:term":[{"taxonomy":"product_cat","embeddable":true,"href":"https:\/\/comercialnespral.com\/fr\/wp-json\/wp\/v2\/product_cat?post=2249"},{"taxonomy":"product_tag","embeddable":true,"href":"https:\/\/comercialnespral.com\/fr\/wp-json\/wp\/v2\/product_tag?post=2249"}],"curies":[{"name":"wp","href":"https:\/\/api.w.org\/{rel}","templated":true}]}}