{"id":2244,"date":"2022-12-22T09:55:19","date_gmt":"2022-12-22T09:55:19","guid":{"rendered":"https:\/\/comercialnespral.com\/producto\/talonniere-chausson-anti-escarres\/"},"modified":"2022-12-22T09:57:20","modified_gmt":"2022-12-22T09:57:20","slug":"talonniere-chausson-anti-escarres","status":"publish","type":"product","link":"https:\/\/comercialnespral.com\/fr\/producto\/talonniere-chausson-anti-escarres\/","title":{"rendered":"Talonni\u00e8re Chausson Anti-Escarres"},"content":{"rendered":"<ul>\n<li>Parfaites pour les patients, malades et personnes \u00e2g\u00e9es qui, en raison de leur \u00e9tat ou pathologie, doivent rester assis ou au lit pendant de longues p\u00e9riodes. Elles maintiennent la chaleur corporelle. Hygi\u00e9niques et antibact\u00e9riennes.<\/li>\n<li>Son syst\u00e8me de velcro le rend parfaitement adaptable \u00e0 toutes les tailles. Facile \u00e0 enlever et \u00e0 enfiler. Valable pour les deux pieds.<\/li>\n<li>La partie interne est faite de fibre creuse, qui assure une meilleure circulation de l&rsquo;air, ce qui contribue \u00e0 maintenir la fra\u00eecheur et le confort. Sa forme sandwich permet une adaptation ad\u00e9quate \u00e0 la zone \u00e0 prot\u00e9ger.<\/li>\n<li>Soulagement et confort. Ils procurent une grande sensation de confort et soulagent la pression sur les zones affect\u00e9es. Son mat\u00e9riau de fabrication est solide et l\u00e9ger. Protections de lit et de chaise roulante.<\/li>\n<li>Fabriqu\u00e9 en Espagne.<\/li>\n<\/ul>\n","protected":false},"excerpt":{"rendered":"<p>ORTONES | PAIRE de Talonni\u00e8res Chaussons Anti-Escarres | Protecteur de Pied ou de Coude pour Lit ou Fauteuil Roulant<\/p>\n<p><strong>Usages sp\u00e9cifiques pour le produit:<\/strong> Pr\u00e9vention des escarres<br \/>\n<strong>Utiliser pour:<\/strong> Pieds<br \/>\n<strong> Marque:<\/strong> Ortones<br \/>\n<strong>Taille:<\/strong> one size<br \/>\n<strong>Funci\u00f3n especial:<\/strong> Ajustable<br \/>\n<strong>Tranche d&rsquo;\u00e2ge:<\/strong> Adulte<br \/>\n<strong>Mat\u00e9riau:<\/strong> Polyester, Coton, Nylon<br \/>\n<strong>Couleur:<\/strong> blanche<br \/>\n<strong>Nombre d&rsquo;articles:<\/strong> 1<br \/>\n<strong>Type de fermeture:<\/strong> Crochet et Boucle<\/p>\n","protected":false},"featured_media":2101,"template":"","meta":{"_et_pb_use_builder":"","_et_pb_old_content":"","_et_gb_content_width":""},"product_cat":[63],"product_tag":[],"yoast_head":"<!-- This site is optimized with the Yoast SEO plugin v20.5 - https:\/\/yoast.com\/wordpress\/plugins\/seo\/ -->\n<title>Talonni\u00e8re Chausson Anti-Escarres - Comercial Nespral<\/title>\n<meta name=\"description\" content=\"ORTONES | Talonni\u00e8re Chausson Anti-Escarres | Protecteur de Pied ou de Coude pour Lit ou Fauteuil Roulant | Convient pour les Deux Pieds, Droit et Gauche\" \/>\n<meta name=\"robots\" content=\"index, follow, max-snippet:-1, max-image-preview:large, max-video-preview:-1\" \/>\n<link rel=\"canonical\" href=\"https:\/\/comercialnespral.com\/fr\/producto\/talonniere-chausson-anti-escarres\/\" \/>\n<meta property=\"og:locale\" content=\"fr_FR\" \/>\n<meta property=\"og:type\" content=\"article\" \/>\n<meta property=\"og:title\" content=\"Talonni\u00e8re Chausson Anti-Escarres - Comercial Nespral\" \/>\n<meta property=\"og:description\" content=\"ORTONES | Talonni\u00e8re Chausson Anti-Escarres | Protecteur de Pied ou de Coude pour Lit ou Fauteuil Roulant | Convient pour les Deux Pieds, Droit et Gauche\" \/>\n<meta property=\"og:url\" content=\"https:\/\/comercialnespral.com\/fr\/producto\/talonniere-chausson-anti-escarres\/\" \/>\n<meta property=\"og:site_name\" content=\"Comercial Nespral\" \/>\n<meta property=\"article:modified_time\" content=\"2022-12-22T09:57:20+00:00\" \/>\n<meta property=\"og:image\" content=\"https:\/\/comercialnespral.com\/wp-content\/uploads\/2022\/06\/Patucos-antiescaras.jpg\" \/>\n\t<meta property=\"og:image:width\" content=\"425\" \/>\n\t<meta property=\"og:image:height\" content=\"399\" \/>\n\t<meta property=\"og:image:type\" content=\"image\/jpeg\" \/>\n<meta name=\"twitter:card\" content=\"summary_large_image\" \/>\n<meta name=\"twitter:label1\" content=\"Dur\u00e9e de lecture estim\u00e9e\" \/>\n\t<meta name=\"twitter:data1\" content=\"1 minute\" \/>\n<script type=\"application\/ld+json\" class=\"yoast-schema-graph\">{\"@context\":\"https:\/\/schema.org\",\"@graph\":[{\"@type\":\"WebPage\",\"@id\":\"https:\/\/comercialnespral.com\/fr\/producto\/talonniere-chausson-anti-escarres\/\",\"url\":\"https:\/\/comercialnespral.com\/fr\/producto\/talonniere-chausson-anti-escarres\/\",\"name\":\"Talonni\u00e8re Chausson Anti-Escarres - Comercial Nespral\",\"isPartOf\":{\"@id\":\"https:\/\/comercialnespral.com\/#website\"},\"datePublished\":\"2022-12-22T09:55:19+00:00\",\"dateModified\":\"2022-12-22T09:57:20+00:00\",\"description\":\"ORTONES | Talonni\u00e8re Chausson Anti-Escarres | Protecteur de Pied ou de Coude pour Lit ou Fauteuil Roulant | Convient pour les Deux Pieds, Droit et Gauche\",\"breadcrumb\":{\"@id\":\"https:\/\/comercialnespral.com\/fr\/producto\/talonniere-chausson-anti-escarres\/#breadcrumb\"},\"inLanguage\":\"fr-FR\",\"potentialAction\":[{\"@type\":\"ReadAction\",\"target\":[\"https:\/\/comercialnespral.com\/fr\/producto\/talonniere-chausson-anti-escarres\/\"]}]},{\"@type\":\"BreadcrumbList\",\"@id\":\"https:\/\/comercialnespral.com\/fr\/producto\/talonniere-chausson-anti-escarres\/#breadcrumb\",\"itemListElement\":[{\"@type\":\"ListItem\",\"position\":1,\"name\":\"Accueil\",\"item\":\"https:\/\/comercialnespral.com\/fr\/\"},{\"@type\":\"ListItem\",\"position\":2,\"name\":\"Productos\",\"item\":\"https:\/\/comercialnespral.com\/tienda\/\"},{\"@type\":\"ListItem\",\"position\":3,\"name\":\"Talonni\u00e8re Chausson Anti-Escarres\"}]},{\"@type\":\"WebSite\",\"@id\":\"https:\/\/comercialnespral.com\/#website\",\"url\":\"https:\/\/comercialnespral.com\/\",\"name\":\"Comercial Nespral\",\"description\":\"\",\"potentialAction\":[{\"@type\":\"SearchAction\",\"target\":{\"@type\":\"EntryPoint\",\"urlTemplate\":\"https:\/\/comercialnespral.com\/?s={search_term_string}\"},\"query-input\":\"required name=search_term_string\"}],\"inLanguage\":\"fr-FR\"}]}<\/script>\n<!-- \/ Yoast SEO plugin. -->","yoast_head_json":{"title":"Talonni\u00e8re Chausson Anti-Escarres - Comercial Nespral","description":"ORTONES | Talonni\u00e8re Chausson Anti-Escarres | Protecteur de Pied ou de Coude pour Lit ou Fauteuil Roulant | Convient pour les Deux Pieds, Droit et Gauche","robots":{"index":"index","follow":"follow","max-snippet":"max-snippet:-1","max-image-preview":"max-image-preview:large","max-video-preview":"max-video-preview:-1"},"canonical":"https:\/\/comercialnespral.com\/fr\/producto\/talonniere-chausson-anti-escarres\/","og_locale":"fr_FR","og_type":"article","og_title":"Talonni\u00e8re Chausson Anti-Escarres - Comercial Nespral","og_description":"ORTONES | Talonni\u00e8re Chausson Anti-Escarres | Protecteur de Pied ou de Coude pour Lit ou Fauteuil Roulant | Convient pour les Deux Pieds, Droit et Gauche","og_url":"https:\/\/comercialnespral.com\/fr\/producto\/talonniere-chausson-anti-escarres\/","og_site_name":"Comercial Nespral","article_modified_time":"2022-12-22T09:57:20+00:00","og_image":[{"width":425,"height":399,"url":"https:\/\/comercialnespral.com\/wp-content\/uploads\/2022\/06\/Patucos-antiescaras.jpg","type":"image\/jpeg"}],"twitter_card":"summary_large_image","twitter_misc":{"Dur\u00e9e de lecture estim\u00e9e":"1 minute"},"schema":{"@context":"https:\/\/schema.org","@graph":[{"@type":"WebPage","@id":"https:\/\/comercialnespral.com\/fr\/producto\/talonniere-chausson-anti-escarres\/","url":"https:\/\/comercialnespral.com\/fr\/producto\/talonniere-chausson-anti-escarres\/","name":"Talonni\u00e8re Chausson Anti-Escarres - Comercial Nespral","isPartOf":{"@id":"https:\/\/comercialnespral.com\/#website"},"datePublished":"2022-12-22T09:55:19+00:00","dateModified":"2022-12-22T09:57:20+00:00","description":"ORTONES | Talonni\u00e8re Chausson Anti-Escarres | Protecteur de Pied ou de Coude pour Lit ou Fauteuil Roulant | Convient pour les Deux Pieds, Droit et Gauche","breadcrumb":{"@id":"https:\/\/comercialnespral.com\/fr\/producto\/talonniere-chausson-anti-escarres\/#breadcrumb"},"inLanguage":"fr-FR","potentialAction":[{"@type":"ReadAction","target":["https:\/\/comercialnespral.com\/fr\/producto\/talonniere-chausson-anti-escarres\/"]}]},{"@type":"BreadcrumbList","@id":"https:\/\/comercialnespral.com\/fr\/producto\/talonniere-chausson-anti-escarres\/#breadcrumb","itemListElement":[{"@type":"ListItem","position":1,"name":"Accueil","item":"https:\/\/comercialnespral.com\/fr\/"},{"@type":"ListItem","position":2,"name":"Productos","item":"https:\/\/comercialnespral.com\/tienda\/"},{"@type":"ListItem","position":3,"name":"Talonni\u00e8re Chausson Anti-Escarres"}]},{"@type":"WebSite","@id":"https:\/\/comercialnespral.com\/#website","url":"https:\/\/comercialnespral.com\/","name":"Comercial Nespral","description":"","potentialAction":[{"@type":"SearchAction","target":{"@type":"EntryPoint","urlTemplate":"https:\/\/comercialnespral.com\/?s={search_term_string}"},"query-input":"required name=search_term_string"}],"inLanguage":"fr-FR"}]}},"_links":{"self":[{"href":"https:\/\/comercialnespral.com\/fr\/wp-json\/wp\/v3\/product\/2244"}],"collection":[{"href":"https:\/\/comercialnespral.com\/fr\/wp-json\/wp\/v3\/product"}],"about":[{"href":"https:\/\/comercialnespral.com\/fr\/wp-json\/wp\/v2\/types\/product"}],"wp:featuredmedia":[{"embeddable":true,"href":"https:\/\/comercialnespral.com\/fr\/wp-json\/wp\/v2\/media\/2101"}],"wp:attachment":[{"href":"https:\/\/comercialnespral.com\/fr\/wp-json\/wp\/v2\/media?parent=2244"}],"wp:term":[{"taxonomy":"product_cat","embeddable":true,"href":"https:\/\/comercialnespral.com\/fr\/wp-json\/wp\/v2\/product_cat?post=2244"},{"taxonomy":"product_tag","embeddable":true,"href":"https:\/\/comercialnespral.com\/fr\/wp-json\/wp\/v2\/product_tag?post=2244"}],"curies":[{"name":"wp","href":"https:\/\/api.w.org\/{rel}","templated":true}]}}