{"id":2243,"date":"2022-12-21T17:02:25","date_gmt":"2022-12-21T17:02:25","guid":{"rendered":"https:\/\/comercialnespral.com\/producto\/coussin-viscoelastique-anti-escarres-2\/"},"modified":"2022-12-21T17:05:56","modified_gmt":"2022-12-21T17:05:56","slug":"coussin-viscoelastique-anti-escarres-3d","status":"publish","type":"product","link":"https:\/\/comercialnespral.com\/fr\/producto\/coussin-viscoelastique-anti-escarres-3d\/","title":{"rendered":"Coussin Visco\u00e9lastique Anti-Escarres"},"content":{"rendered":"<ul>\n<li>Anatomique\/Ergonomique\/Orthop\u00e9dique, indiqu\u00e9 pour la pr\u00e9vention des ulc\u00e8res et en cas d\u2019ulc\u00e8res de premier degr\u00e9, d\u2019h\u00e9morro\u00efdes, de grossesse, de chirurgie du dos, de sciatique, des hernies, etc. Soulagement de la douleur de la colonne vert\u00e9brale et du fessier par d\u00e9placement du coccyx et de la r\u00e9gion lombaire en position assise.<\/li>\n<li>Il offre une stabilit\u00e9 posturale et une redistribution optimale de la pression, tout en tenant compte des besoins cliniques individuels de chaque patient. Tr\u00e8s efficace pour r\u00e9partir le poids de l&rsquo;utilisateur. Facilit\u00e9 d&rsquo;utilisation et confort optimal.<\/li>\n<li>Adaptable \u00e0 n&rsquo;importe quel si\u00e8ge : s&rsquo;int\u00e8gre parfaitement au fauteuil roulant, \u00e0 la voiture, en avion, en train, \u00e0 la chaise de bureau, au si\u00e8ge de stade. Il est portable.<\/li>\n<li>Fini les changements de position constants. Il ne produit aucun type de pression sur le corps.<\/li>\n<li>Id\u00e9al pour le travailleur : conducteur de voiture, taxi, chauffeur de bus, travail s\u00e9dentaire qui exige une position assise prolong\u00e9e au bureau. C&rsquo;est le choix parfait pour am\u00e9liorer votre bien-\u00eatre et votre sant\u00e9. NE SE D\u00c9FORME JAMAIS.<\/li>\n<li><span class=\"a-list-item\">Le coussin anti-escarres visco\u00e9lastique avec housse respirante en tissu 3D d&rsquo;une densit\u00e9 de 50 kg\/m3 est fabriqu\u00e9 en Espagne.<\/span><\/li>\n<\/ul>\n","protected":false},"excerpt":{"rendered":"<p>ORTONES | Coussin Visco\u00e9lastique Anti-Escarres | Housse Respirante en Tissu 3D | Mousse \u00e0 m\u00e9moire de Forme pour la pr\u00e9vention et Le Traitement des escarres | Coussin postural pour Fauteuil Roulant<\/p>\n<p><strong> Marque:<\/strong> Ortones<br \/>\n<strong>Couleur:<\/strong> bleu<br \/>\n<strong>Mat\u00e9riau de remplissage:<\/strong> Espuma de gel viscoel\u00e1stica<br \/>\n<strong>Poids de l&rsquo;article:<\/strong> 570 Grammes<br \/>\n<strong>Dimensions de l&rsquo;article L x l x H:<\/strong> 40 x 4 x 8 centim\u00e8tres<br \/>\n<strong>Forme<\/strong>: Carr\u00e9<br \/>\n<strong>Mat\u00e9riau:<\/strong> Tissu, mousse visco\u00e9lastique<br \/>\n<strong>Instructions d&rsquo;entretien:<\/strong> Lavable en machine jusqu&rsquo;\u00e0 30 \u00b0C. Chiffon ou \u00e9ponge humide.<br \/>\n<strong>Mat\u00e9riau non utilis\u00e9: <\/strong>Sans latex<\/p>\n","protected":false},"featured_media":2108,"template":"","meta":{"_et_pb_use_builder":"","_et_pb_old_content":"","_et_gb_content_width":""},"product_cat":[63],"product_tag":[],"yoast_head":"<!-- This site is optimized with the Yoast SEO plugin v20.5 - https:\/\/yoast.com\/wordpress\/plugins\/seo\/ -->\n<title>Coussin Visco\u00e9lastique Anti-Escarres | Housse Respirante en Tissu 3D<\/title>\n<meta name=\"description\" content=\"ORTONES | Coussin Visco\u00e9lastique Anti-Escarres. Housse Respirante en Tissu 3D. Mousse \u00e0 m\u00e9moire de Forme pour la pr\u00e9vention et Le Traitement des escarres.\" \/>\n<meta name=\"robots\" content=\"index, follow, max-snippet:-1, max-image-preview:large, max-video-preview:-1\" \/>\n<link rel=\"canonical\" href=\"https:\/\/comercialnespral.com\/fr\/producto\/coussin-viscoelastique-anti-escarres-3d\/\" \/>\n<meta property=\"og:locale\" content=\"fr_FR\" \/>\n<meta property=\"og:type\" content=\"article\" \/>\n<meta property=\"og:title\" content=\"Coussin Visco\u00e9lastique Anti-Escarres | Housse Respirante en Tissu 3D\" \/>\n<meta property=\"og:description\" content=\"ORTONES | Coussin Visco\u00e9lastique Anti-Escarres. Housse Respirante en Tissu 3D. Mousse \u00e0 m\u00e9moire de Forme pour la pr\u00e9vention et Le Traitement des escarres.\" \/>\n<meta property=\"og:url\" content=\"https:\/\/comercialnespral.com\/fr\/producto\/coussin-viscoelastique-anti-escarres-3d\/\" \/>\n<meta property=\"og:site_name\" content=\"Comercial Nespral\" \/>\n<meta property=\"article:modified_time\" content=\"2022-12-21T17:05:56+00:00\" \/>\n<meta property=\"og:image\" content=\"https:\/\/comercialnespral.com\/wp-content\/uploads\/2022\/06\/Cojin-Antiescaras-Viscoelastico-3d.jpg\" \/>\n\t<meta property=\"og:image:width\" content=\"679\" \/>\n\t<meta property=\"og:image:height\" content=\"679\" \/>\n\t<meta property=\"og:image:type\" content=\"image\/jpeg\" \/>\n<meta name=\"twitter:card\" content=\"summary_large_image\" \/>\n<meta name=\"twitter:label1\" content=\"Dur\u00e9e de lecture estim\u00e9e\" \/>\n\t<meta name=\"twitter:data1\" content=\"1 minute\" \/>\n<script type=\"application\/ld+json\" class=\"yoast-schema-graph\">{\"@context\":\"https:\/\/schema.org\",\"@graph\":[{\"@type\":\"WebPage\",\"@id\":\"https:\/\/comercialnespral.com\/fr\/producto\/coussin-viscoelastique-anti-escarres-3d\/\",\"url\":\"https:\/\/comercialnespral.com\/fr\/producto\/coussin-viscoelastique-anti-escarres-3d\/\",\"name\":\"Coussin Visco\u00e9lastique Anti-Escarres | Housse Respirante en Tissu 3D\",\"isPartOf\":{\"@id\":\"https:\/\/comercialnespral.com\/#website\"},\"datePublished\":\"2022-12-21T17:02:25+00:00\",\"dateModified\":\"2022-12-21T17:05:56+00:00\",\"description\":\"ORTONES | Coussin Visco\u00e9lastique Anti-Escarres. Housse Respirante en Tissu 3D. Mousse \u00e0 m\u00e9moire de Forme pour la pr\u00e9vention et Le Traitement des escarres.\",\"breadcrumb\":{\"@id\":\"https:\/\/comercialnespral.com\/fr\/producto\/coussin-viscoelastique-anti-escarres-3d\/#breadcrumb\"},\"inLanguage\":\"fr-FR\",\"potentialAction\":[{\"@type\":\"ReadAction\",\"target\":[\"https:\/\/comercialnespral.com\/fr\/producto\/coussin-viscoelastique-anti-escarres-3d\/\"]}]},{\"@type\":\"BreadcrumbList\",\"@id\":\"https:\/\/comercialnespral.com\/fr\/producto\/coussin-viscoelastique-anti-escarres-3d\/#breadcrumb\",\"itemListElement\":[{\"@type\":\"ListItem\",\"position\":1,\"name\":\"Accueil\",\"item\":\"https:\/\/comercialnespral.com\/fr\/\"},{\"@type\":\"ListItem\",\"position\":2,\"name\":\"Productos\",\"item\":\"https:\/\/comercialnespral.com\/tienda\/\"},{\"@type\":\"ListItem\",\"position\":3,\"name\":\"Coussin Visco\u00e9lastique Anti-Escarres\"}]},{\"@type\":\"WebSite\",\"@id\":\"https:\/\/comercialnespral.com\/#website\",\"url\":\"https:\/\/comercialnespral.com\/\",\"name\":\"Comercial Nespral\",\"description\":\"\",\"potentialAction\":[{\"@type\":\"SearchAction\",\"target\":{\"@type\":\"EntryPoint\",\"urlTemplate\":\"https:\/\/comercialnespral.com\/?s={search_term_string}\"},\"query-input\":\"required name=search_term_string\"}],\"inLanguage\":\"fr-FR\"}]}<\/script>\n<!-- \/ Yoast SEO plugin. -->","yoast_head_json":{"title":"Coussin Visco\u00e9lastique Anti-Escarres | Housse Respirante en Tissu 3D","description":"ORTONES | Coussin Visco\u00e9lastique Anti-Escarres. Housse Respirante en Tissu 3D. Mousse \u00e0 m\u00e9moire de Forme pour la pr\u00e9vention et Le Traitement des escarres.","robots":{"index":"index","follow":"follow","max-snippet":"max-snippet:-1","max-image-preview":"max-image-preview:large","max-video-preview":"max-video-preview:-1"},"canonical":"https:\/\/comercialnespral.com\/fr\/producto\/coussin-viscoelastique-anti-escarres-3d\/","og_locale":"fr_FR","og_type":"article","og_title":"Coussin Visco\u00e9lastique Anti-Escarres | Housse Respirante en Tissu 3D","og_description":"ORTONES | Coussin Visco\u00e9lastique Anti-Escarres. Housse Respirante en Tissu 3D. Mousse \u00e0 m\u00e9moire de Forme pour la pr\u00e9vention et Le Traitement des escarres.","og_url":"https:\/\/comercialnespral.com\/fr\/producto\/coussin-viscoelastique-anti-escarres-3d\/","og_site_name":"Comercial Nespral","article_modified_time":"2022-12-21T17:05:56+00:00","og_image":[{"width":679,"height":679,"url":"https:\/\/comercialnespral.com\/wp-content\/uploads\/2022\/06\/Cojin-Antiescaras-Viscoelastico-3d.jpg","type":"image\/jpeg"}],"twitter_card":"summary_large_image","twitter_misc":{"Dur\u00e9e de lecture estim\u00e9e":"1 minute"},"schema":{"@context":"https:\/\/schema.org","@graph":[{"@type":"WebPage","@id":"https:\/\/comercialnespral.com\/fr\/producto\/coussin-viscoelastique-anti-escarres-3d\/","url":"https:\/\/comercialnespral.com\/fr\/producto\/coussin-viscoelastique-anti-escarres-3d\/","name":"Coussin Visco\u00e9lastique Anti-Escarres | Housse Respirante en Tissu 3D","isPartOf":{"@id":"https:\/\/comercialnespral.com\/#website"},"datePublished":"2022-12-21T17:02:25+00:00","dateModified":"2022-12-21T17:05:56+00:00","description":"ORTONES | Coussin Visco\u00e9lastique Anti-Escarres. Housse Respirante en Tissu 3D. Mousse \u00e0 m\u00e9moire de Forme pour la pr\u00e9vention et Le Traitement des escarres.","breadcrumb":{"@id":"https:\/\/comercialnespral.com\/fr\/producto\/coussin-viscoelastique-anti-escarres-3d\/#breadcrumb"},"inLanguage":"fr-FR","potentialAction":[{"@type":"ReadAction","target":["https:\/\/comercialnespral.com\/fr\/producto\/coussin-viscoelastique-anti-escarres-3d\/"]}]},{"@type":"BreadcrumbList","@id":"https:\/\/comercialnespral.com\/fr\/producto\/coussin-viscoelastique-anti-escarres-3d\/#breadcrumb","itemListElement":[{"@type":"ListItem","position":1,"name":"Accueil","item":"https:\/\/comercialnespral.com\/fr\/"},{"@type":"ListItem","position":2,"name":"Productos","item":"https:\/\/comercialnespral.com\/tienda\/"},{"@type":"ListItem","position":3,"name":"Coussin Visco\u00e9lastique Anti-Escarres"}]},{"@type":"WebSite","@id":"https:\/\/comercialnespral.com\/#website","url":"https:\/\/comercialnespral.com\/","name":"Comercial Nespral","description":"","potentialAction":[{"@type":"SearchAction","target":{"@type":"EntryPoint","urlTemplate":"https:\/\/comercialnespral.com\/?s={search_term_string}"},"query-input":"required name=search_term_string"}],"inLanguage":"fr-FR"}]}},"_links":{"self":[{"href":"https:\/\/comercialnespral.com\/fr\/wp-json\/wp\/v3\/product\/2243"}],"collection":[{"href":"https:\/\/comercialnespral.com\/fr\/wp-json\/wp\/v3\/product"}],"about":[{"href":"https:\/\/comercialnespral.com\/fr\/wp-json\/wp\/v2\/types\/product"}],"wp:featuredmedia":[{"embeddable":true,"href":"https:\/\/comercialnespral.com\/fr\/wp-json\/wp\/v2\/media\/2108"}],"wp:attachment":[{"href":"https:\/\/comercialnespral.com\/fr\/wp-json\/wp\/v2\/media?parent=2243"}],"wp:term":[{"taxonomy":"product_cat","embeddable":true,"href":"https:\/\/comercialnespral.com\/fr\/wp-json\/wp\/v2\/product_cat?post=2243"},{"taxonomy":"product_tag","embeddable":true,"href":"https:\/\/comercialnespral.com\/fr\/wp-json\/wp\/v2\/product_tag?post=2243"}],"curies":[{"name":"wp","href":"https:\/\/api.w.org\/{rel}","templated":true}]}}