{"id":2222,"date":"2022-12-20T08:49:41","date_gmt":"2022-12-20T08:49:41","guid":{"rendered":"https:\/\/comercialnespral.com\/producto\/bande-de-support-de-bequille\/"},"modified":"2022-12-20T08:53:38","modified_gmt":"2022-12-20T08:53:38","slug":"bande-de-support-de-bequille","status":"publish","type":"product","link":"https:\/\/comercialnespral.com\/fr\/producto\/bande-de-support-de-bequille\/","title":{"rendered":"Bande de support de b\u00e9quille"},"content":{"rendered":"<ul>\n<li>Pratique et confortable : Il vous permet de garder les mains libres pour vos activit\u00e9s quotidiennes, comme parler au t\u00e9l\u00e9phone. C&rsquo;est un appareil tr\u00e8s utile et l\u00e9ger.<\/li>\n<li>Facile \u00e0 utiliser : la bande de soutien permet de maintenir les b\u00e9quilles \u00e0 une hauteur appropri\u00e9e et les emp\u00eache de tomber au sol.<\/li>\n<li>Universel : gr\u00e2ce \u00e0 son syst\u00e8me de r\u00e9glage facile, il s&rsquo;adapte \u00e0 tout type de b\u00e9quille.<\/li>\n<li>Ajustable : Pour tous les types d&rsquo;utilisateurs de diff\u00e9rentes tailles qui ont besoin de libert\u00e9 de mouvement dans les membres sup\u00e9rieurs.<\/li>\n<li>Fabriqu\u00e9 en Espagne<\/li>\n<\/ul>\n","protected":false},"excerpt":{"rendered":"<p>Bande de support de b\u00e9quille | Bande de b\u00e9quille | Raccords d&rsquo;avant-bras | Support de b\u00e9quille de coude | Taille unique<\/p>\n","protected":false},"featured_media":2051,"template":"","meta":{"_et_pb_use_builder":"","_et_pb_old_content":"","_et_gb_content_width":""},"product_cat":[62],"product_tag":[],"yoast_head":"<!-- This site is optimized with the Yoast SEO plugin v20.5 - https:\/\/yoast.com\/wordpress\/plugins\/seo\/ -->\n<title>Bande de support de b\u00e9quille - Comercial Nespral<\/title>\n<meta name=\"description\" content=\"Bande de support de b\u00e9quille | Bande de b\u00e9quille | Raccords d&#039;avant-bras | Support de b\u00e9quille de coude | Taille unique\" \/>\n<meta name=\"robots\" content=\"index, follow, max-snippet:-1, max-image-preview:large, max-video-preview:-1\" \/>\n<link rel=\"canonical\" href=\"https:\/\/comercialnespral.com\/fr\/producto\/bande-de-support-de-bequille\/\" \/>\n<meta property=\"og:locale\" content=\"fr_FR\" \/>\n<meta property=\"og:type\" content=\"article\" \/>\n<meta property=\"og:title\" content=\"Bande de support de b\u00e9quille - Comercial Nespral\" \/>\n<meta property=\"og:description\" content=\"Bande de support de b\u00e9quille | Bande de b\u00e9quille | Raccords d&#039;avant-bras | Support de b\u00e9quille de coude | Taille unique\" \/>\n<meta property=\"og:url\" content=\"https:\/\/comercialnespral.com\/fr\/producto\/bande-de-support-de-bequille\/\" \/>\n<meta property=\"og:site_name\" content=\"Comercial Nespral\" \/>\n<meta property=\"article:modified_time\" content=\"2022-12-20T08:53:38+00:00\" \/>\n<meta property=\"og:image\" content=\"https:\/\/comercialnespral.com\/wp-content\/uploads\/2022\/06\/Banda-de-Soporte-para-Muletas.jpg\" \/>\n\t<meta property=\"og:image:width\" content=\"425\" \/>\n\t<meta property=\"og:image:height\" content=\"425\" \/>\n\t<meta property=\"og:image:type\" content=\"image\/jpeg\" \/>\n<meta name=\"twitter:card\" content=\"summary_large_image\" \/>\n<meta name=\"twitter:label1\" content=\"Dur\u00e9e de lecture estim\u00e9e\" \/>\n\t<meta name=\"twitter:data1\" content=\"1 minute\" \/>\n<script type=\"application\/ld+json\" class=\"yoast-schema-graph\">{\"@context\":\"https:\/\/schema.org\",\"@graph\":[{\"@type\":\"WebPage\",\"@id\":\"https:\/\/comercialnespral.com\/fr\/producto\/bande-de-support-de-bequille\/\",\"url\":\"https:\/\/comercialnespral.com\/fr\/producto\/bande-de-support-de-bequille\/\",\"name\":\"Bande de support de b\u00e9quille - Comercial Nespral\",\"isPartOf\":{\"@id\":\"https:\/\/comercialnespral.com\/#website\"},\"datePublished\":\"2022-12-20T08:49:41+00:00\",\"dateModified\":\"2022-12-20T08:53:38+00:00\",\"description\":\"Bande de support de b\u00e9quille | Bande de b\u00e9quille | Raccords d'avant-bras | Support de b\u00e9quille de coude | Taille unique\",\"breadcrumb\":{\"@id\":\"https:\/\/comercialnespral.com\/fr\/producto\/bande-de-support-de-bequille\/#breadcrumb\"},\"inLanguage\":\"fr-FR\",\"potentialAction\":[{\"@type\":\"ReadAction\",\"target\":[\"https:\/\/comercialnespral.com\/fr\/producto\/bande-de-support-de-bequille\/\"]}]},{\"@type\":\"BreadcrumbList\",\"@id\":\"https:\/\/comercialnespral.com\/fr\/producto\/bande-de-support-de-bequille\/#breadcrumb\",\"itemListElement\":[{\"@type\":\"ListItem\",\"position\":1,\"name\":\"Accueil\",\"item\":\"https:\/\/comercialnespral.com\/fr\/\"},{\"@type\":\"ListItem\",\"position\":2,\"name\":\"Productos\",\"item\":\"https:\/\/comercialnespral.com\/tienda\/\"},{\"@type\":\"ListItem\",\"position\":3,\"name\":\"Bande de support de b\u00e9quille\"}]},{\"@type\":\"WebSite\",\"@id\":\"https:\/\/comercialnespral.com\/#website\",\"url\":\"https:\/\/comercialnespral.com\/\",\"name\":\"Comercial Nespral\",\"description\":\"\",\"potentialAction\":[{\"@type\":\"SearchAction\",\"target\":{\"@type\":\"EntryPoint\",\"urlTemplate\":\"https:\/\/comercialnespral.com\/?s={search_term_string}\"},\"query-input\":\"required name=search_term_string\"}],\"inLanguage\":\"fr-FR\"}]}<\/script>\n<!-- \/ Yoast SEO plugin. -->","yoast_head_json":{"title":"Bande de support de b\u00e9quille - Comercial Nespral","description":"Bande de support de b\u00e9quille | Bande de b\u00e9quille | Raccords d'avant-bras | Support de b\u00e9quille de coude | Taille unique","robots":{"index":"index","follow":"follow","max-snippet":"max-snippet:-1","max-image-preview":"max-image-preview:large","max-video-preview":"max-video-preview:-1"},"canonical":"https:\/\/comercialnespral.com\/fr\/producto\/bande-de-support-de-bequille\/","og_locale":"fr_FR","og_type":"article","og_title":"Bande de support de b\u00e9quille - Comercial Nespral","og_description":"Bande de support de b\u00e9quille | Bande de b\u00e9quille | Raccords d'avant-bras | Support de b\u00e9quille de coude | Taille unique","og_url":"https:\/\/comercialnespral.com\/fr\/producto\/bande-de-support-de-bequille\/","og_site_name":"Comercial Nespral","article_modified_time":"2022-12-20T08:53:38+00:00","og_image":[{"width":425,"height":425,"url":"https:\/\/comercialnespral.com\/wp-content\/uploads\/2022\/06\/Banda-de-Soporte-para-Muletas.jpg","type":"image\/jpeg"}],"twitter_card":"summary_large_image","twitter_misc":{"Dur\u00e9e de lecture estim\u00e9e":"1 minute"},"schema":{"@context":"https:\/\/schema.org","@graph":[{"@type":"WebPage","@id":"https:\/\/comercialnespral.com\/fr\/producto\/bande-de-support-de-bequille\/","url":"https:\/\/comercialnespral.com\/fr\/producto\/bande-de-support-de-bequille\/","name":"Bande de support de b\u00e9quille - Comercial Nespral","isPartOf":{"@id":"https:\/\/comercialnespral.com\/#website"},"datePublished":"2022-12-20T08:49:41+00:00","dateModified":"2022-12-20T08:53:38+00:00","description":"Bande de support de b\u00e9quille | Bande de b\u00e9quille | Raccords d'avant-bras | Support de b\u00e9quille de coude | Taille unique","breadcrumb":{"@id":"https:\/\/comercialnespral.com\/fr\/producto\/bande-de-support-de-bequille\/#breadcrumb"},"inLanguage":"fr-FR","potentialAction":[{"@type":"ReadAction","target":["https:\/\/comercialnespral.com\/fr\/producto\/bande-de-support-de-bequille\/"]}]},{"@type":"BreadcrumbList","@id":"https:\/\/comercialnespral.com\/fr\/producto\/bande-de-support-de-bequille\/#breadcrumb","itemListElement":[{"@type":"ListItem","position":1,"name":"Accueil","item":"https:\/\/comercialnespral.com\/fr\/"},{"@type":"ListItem","position":2,"name":"Productos","item":"https:\/\/comercialnespral.com\/tienda\/"},{"@type":"ListItem","position":3,"name":"Bande de support de b\u00e9quille"}]},{"@type":"WebSite","@id":"https:\/\/comercialnespral.com\/#website","url":"https:\/\/comercialnespral.com\/","name":"Comercial Nespral","description":"","potentialAction":[{"@type":"SearchAction","target":{"@type":"EntryPoint","urlTemplate":"https:\/\/comercialnespral.com\/?s={search_term_string}"},"query-input":"required name=search_term_string"}],"inLanguage":"fr-FR"}]}},"_links":{"self":[{"href":"https:\/\/comercialnespral.com\/fr\/wp-json\/wp\/v3\/product\/2222"}],"collection":[{"href":"https:\/\/comercialnespral.com\/fr\/wp-json\/wp\/v3\/product"}],"about":[{"href":"https:\/\/comercialnespral.com\/fr\/wp-json\/wp\/v2\/types\/product"}],"wp:featuredmedia":[{"embeddable":true,"href":"https:\/\/comercialnespral.com\/fr\/wp-json\/wp\/v2\/media\/2051"}],"wp:attachment":[{"href":"https:\/\/comercialnespral.com\/fr\/wp-json\/wp\/v2\/media?parent=2222"}],"wp:term":[{"taxonomy":"product_cat","embeddable":true,"href":"https:\/\/comercialnespral.com\/fr\/wp-json\/wp\/v2\/product_cat?post=2222"},{"taxonomy":"product_tag","embeddable":true,"href":"https:\/\/comercialnespral.com\/fr\/wp-json\/wp\/v2\/product_tag?post=2222"}],"curies":[{"name":"wp","href":"https:\/\/api.w.org\/{rel}","templated":true}]}}