{"id":2220,"date":"2022-12-19T16:28:03","date_gmt":"2022-12-19T16:28:03","guid":{"rendered":"https:\/\/comercialnespral.com\/producto\/ceinture-de-securite-pour-fauteuil-roulant-pelvien\/"},"modified":"2022-12-19T16:41:46","modified_gmt":"2022-12-19T16:41:46","slug":"ceinture-de-securite-pour-fauteuil-roulant-pelvien","status":"publish","type":"product","link":"https:\/\/comercialnespral.com\/fr\/producto\/ceinture-de-securite-pour-fauteuil-roulant-pelvien\/","title":{"rendered":"Ceinture de S\u00e9curit\u00e9 pour Fauteuil Roulant Pelvien"},"content":{"rendered":"<ul>\n<li>Soutien et s\u00e9curit\u00e9 maximum : Il est con\u00e7u pour offrir un maximum de confort \u00e0 l&rsquo;utilisateur d&rsquo;un fauteuil roulant. Fournit un soutien suppl\u00e9mentaire pour pr\u00e9venir les accidents et les chutes.<\/li>\n<li>Son syst\u00e8me de fermeture \u00e0 pression permet de mettre et de retirer facilement la ceinture de maintien. Il est attach\u00e9 \u00e0 des sangles de nylon qui sont ajust\u00e9es par des boucles pour obtenir le contour d\u00e9sir\u00e9.<\/li>\n<li>Dimensions : Taille unique, s\u2019adapte \u00e0 tous les fauteuils roulants. Composition : nylon cordura et su\u00e9dine. Fermoir \u00e0 clip.<\/li>\n<li>Son syst\u00e8me de r\u00e9glage et de fermeture par boucles permet un positionnement rapide, assurant une stabilit\u00e9 ad\u00e9quate du tronc en \u00e9vitant les d\u00e9placements lat\u00e9raux et les glissements.<\/li>\n<li>R\u00e9duit au minimum la possibilit\u00e9 de chute et de l\u00e9sions du patient, ainsi qu\u2019il ne penche ou glisse. Fabriqu\u00e9 en Espagne.<\/li>\n<\/ul>\n","protected":false},"excerpt":{"rendered":"<p>Ceinture de S\u00e9curit\u00e9 pour Fauteuil Roulant Pelvien | Ceinture abdominale p\u00e9rin\u00e9ale | Pour fauteuils roulants, chaises | Taille Unique<\/p>\n","protected":false},"featured_media":2039,"template":"","meta":{"_et_pb_use_builder":"","_et_pb_old_content":"","_et_gb_content_width":""},"product_cat":[62],"product_tag":[],"yoast_head":"<!-- This site is optimized with the Yoast SEO plugin v20.5 - https:\/\/yoast.com\/wordpress\/plugins\/seo\/ -->\n<title>Ceinture de S\u00e9curit\u00e9 pour Fauteuil Roulant Pelvien -<\/title>\n<meta name=\"description\" content=\"Ceinture de S\u00e9curit\u00e9 pour Fauteuil Roulant Pelvien | Ceinture abdominale p\u00e9rin\u00e9ale | Pour fauteuils roulants, chaises | Taille Unique\" \/>\n<meta name=\"robots\" content=\"index, follow, max-snippet:-1, max-image-preview:large, max-video-preview:-1\" \/>\n<link rel=\"canonical\" href=\"https:\/\/comercialnespral.com\/fr\/producto\/ceinture-de-securite-pour-fauteuil-roulant-pelvien\/\" \/>\n<meta property=\"og:locale\" content=\"fr_FR\" \/>\n<meta property=\"og:type\" content=\"article\" \/>\n<meta property=\"og:title\" content=\"Ceinture de S\u00e9curit\u00e9 pour Fauteuil Roulant Pelvien -\" \/>\n<meta property=\"og:description\" content=\"Ceinture de S\u00e9curit\u00e9 pour Fauteuil Roulant Pelvien | Ceinture abdominale p\u00e9rin\u00e9ale | Pour fauteuils roulants, chaises | Taille Unique\" \/>\n<meta property=\"og:url\" content=\"https:\/\/comercialnespral.com\/fr\/producto\/ceinture-de-securite-pour-fauteuil-roulant-pelvien\/\" \/>\n<meta property=\"og:site_name\" content=\"Comercial Nespral\" \/>\n<meta property=\"article:modified_time\" content=\"2022-12-19T16:41:46+00:00\" \/>\n<meta property=\"og:image\" content=\"https:\/\/comercialnespral.com\/wp-content\/uploads\/2022\/06\/Cinturon-de-Sujecion-Pelvico.jpg\" \/>\n\t<meta property=\"og:image:width\" content=\"425\" \/>\n\t<meta property=\"og:image:height\" content=\"425\" \/>\n\t<meta property=\"og:image:type\" content=\"image\/jpeg\" \/>\n<meta name=\"twitter:card\" content=\"summary_large_image\" \/>\n<meta name=\"twitter:label1\" content=\"Dur\u00e9e de lecture estim\u00e9e\" \/>\n\t<meta name=\"twitter:data1\" content=\"1 minute\" \/>\n<script type=\"application\/ld+json\" class=\"yoast-schema-graph\">{\"@context\":\"https:\/\/schema.org\",\"@graph\":[{\"@type\":\"WebPage\",\"@id\":\"https:\/\/comercialnespral.com\/fr\/producto\/ceinture-de-securite-pour-fauteuil-roulant-pelvien\/\",\"url\":\"https:\/\/comercialnespral.com\/fr\/producto\/ceinture-de-securite-pour-fauteuil-roulant-pelvien\/\",\"name\":\"Ceinture de S\u00e9curit\u00e9 pour Fauteuil Roulant Pelvien -\",\"isPartOf\":{\"@id\":\"https:\/\/comercialnespral.com\/#website\"},\"datePublished\":\"2022-12-19T16:28:03+00:00\",\"dateModified\":\"2022-12-19T16:41:46+00:00\",\"description\":\"Ceinture de S\u00e9curit\u00e9 pour Fauteuil Roulant Pelvien | Ceinture abdominale p\u00e9rin\u00e9ale | Pour fauteuils roulants, chaises | Taille Unique\",\"breadcrumb\":{\"@id\":\"https:\/\/comercialnespral.com\/fr\/producto\/ceinture-de-securite-pour-fauteuil-roulant-pelvien\/#breadcrumb\"},\"inLanguage\":\"fr-FR\",\"potentialAction\":[{\"@type\":\"ReadAction\",\"target\":[\"https:\/\/comercialnespral.com\/fr\/producto\/ceinture-de-securite-pour-fauteuil-roulant-pelvien\/\"]}]},{\"@type\":\"BreadcrumbList\",\"@id\":\"https:\/\/comercialnespral.com\/fr\/producto\/ceinture-de-securite-pour-fauteuil-roulant-pelvien\/#breadcrumb\",\"itemListElement\":[{\"@type\":\"ListItem\",\"position\":1,\"name\":\"Accueil\",\"item\":\"https:\/\/comercialnespral.com\/fr\/\"},{\"@type\":\"ListItem\",\"position\":2,\"name\":\"Productos\",\"item\":\"https:\/\/comercialnespral.com\/tienda\/\"},{\"@type\":\"ListItem\",\"position\":3,\"name\":\"Ceinture de S\u00e9curit\u00e9 pour Fauteuil Roulant Pelvien\"}]},{\"@type\":\"WebSite\",\"@id\":\"https:\/\/comercialnespral.com\/#website\",\"url\":\"https:\/\/comercialnespral.com\/\",\"name\":\"Comercial Nespral\",\"description\":\"\",\"potentialAction\":[{\"@type\":\"SearchAction\",\"target\":{\"@type\":\"EntryPoint\",\"urlTemplate\":\"https:\/\/comercialnespral.com\/?s={search_term_string}\"},\"query-input\":\"required name=search_term_string\"}],\"inLanguage\":\"fr-FR\"}]}<\/script>\n<!-- \/ Yoast SEO plugin. -->","yoast_head_json":{"title":"Ceinture de S\u00e9curit\u00e9 pour Fauteuil Roulant Pelvien -","description":"Ceinture de S\u00e9curit\u00e9 pour Fauteuil Roulant Pelvien | Ceinture abdominale p\u00e9rin\u00e9ale | Pour fauteuils roulants, chaises | Taille Unique","robots":{"index":"index","follow":"follow","max-snippet":"max-snippet:-1","max-image-preview":"max-image-preview:large","max-video-preview":"max-video-preview:-1"},"canonical":"https:\/\/comercialnespral.com\/fr\/producto\/ceinture-de-securite-pour-fauteuil-roulant-pelvien\/","og_locale":"fr_FR","og_type":"article","og_title":"Ceinture de S\u00e9curit\u00e9 pour Fauteuil Roulant Pelvien -","og_description":"Ceinture de S\u00e9curit\u00e9 pour Fauteuil Roulant Pelvien | Ceinture abdominale p\u00e9rin\u00e9ale | Pour fauteuils roulants, chaises | Taille Unique","og_url":"https:\/\/comercialnespral.com\/fr\/producto\/ceinture-de-securite-pour-fauteuil-roulant-pelvien\/","og_site_name":"Comercial Nespral","article_modified_time":"2022-12-19T16:41:46+00:00","og_image":[{"width":425,"height":425,"url":"https:\/\/comercialnespral.com\/wp-content\/uploads\/2022\/06\/Cinturon-de-Sujecion-Pelvico.jpg","type":"image\/jpeg"}],"twitter_card":"summary_large_image","twitter_misc":{"Dur\u00e9e de lecture estim\u00e9e":"1 minute"},"schema":{"@context":"https:\/\/schema.org","@graph":[{"@type":"WebPage","@id":"https:\/\/comercialnespral.com\/fr\/producto\/ceinture-de-securite-pour-fauteuil-roulant-pelvien\/","url":"https:\/\/comercialnespral.com\/fr\/producto\/ceinture-de-securite-pour-fauteuil-roulant-pelvien\/","name":"Ceinture de S\u00e9curit\u00e9 pour Fauteuil Roulant Pelvien -","isPartOf":{"@id":"https:\/\/comercialnespral.com\/#website"},"datePublished":"2022-12-19T16:28:03+00:00","dateModified":"2022-12-19T16:41:46+00:00","description":"Ceinture de S\u00e9curit\u00e9 pour Fauteuil Roulant Pelvien | Ceinture abdominale p\u00e9rin\u00e9ale | Pour fauteuils roulants, chaises | Taille Unique","breadcrumb":{"@id":"https:\/\/comercialnespral.com\/fr\/producto\/ceinture-de-securite-pour-fauteuil-roulant-pelvien\/#breadcrumb"},"inLanguage":"fr-FR","potentialAction":[{"@type":"ReadAction","target":["https:\/\/comercialnespral.com\/fr\/producto\/ceinture-de-securite-pour-fauteuil-roulant-pelvien\/"]}]},{"@type":"BreadcrumbList","@id":"https:\/\/comercialnespral.com\/fr\/producto\/ceinture-de-securite-pour-fauteuil-roulant-pelvien\/#breadcrumb","itemListElement":[{"@type":"ListItem","position":1,"name":"Accueil","item":"https:\/\/comercialnespral.com\/fr\/"},{"@type":"ListItem","position":2,"name":"Productos","item":"https:\/\/comercialnespral.com\/tienda\/"},{"@type":"ListItem","position":3,"name":"Ceinture de S\u00e9curit\u00e9 pour Fauteuil Roulant Pelvien"}]},{"@type":"WebSite","@id":"https:\/\/comercialnespral.com\/#website","url":"https:\/\/comercialnespral.com\/","name":"Comercial Nespral","description":"","potentialAction":[{"@type":"SearchAction","target":{"@type":"EntryPoint","urlTemplate":"https:\/\/comercialnespral.com\/?s={search_term_string}"},"query-input":"required name=search_term_string"}],"inLanguage":"fr-FR"}]}},"_links":{"self":[{"href":"https:\/\/comercialnespral.com\/fr\/wp-json\/wp\/v3\/product\/2220"}],"collection":[{"href":"https:\/\/comercialnespral.com\/fr\/wp-json\/wp\/v3\/product"}],"about":[{"href":"https:\/\/comercialnespral.com\/fr\/wp-json\/wp\/v2\/types\/product"}],"wp:featuredmedia":[{"embeddable":true,"href":"https:\/\/comercialnespral.com\/fr\/wp-json\/wp\/v2\/media\/2039"}],"wp:attachment":[{"href":"https:\/\/comercialnespral.com\/fr\/wp-json\/wp\/v2\/media?parent=2220"}],"wp:term":[{"taxonomy":"product_cat","embeddable":true,"href":"https:\/\/comercialnespral.com\/fr\/wp-json\/wp\/v2\/product_cat?post=2220"},{"taxonomy":"product_tag","embeddable":true,"href":"https:\/\/comercialnespral.com\/fr\/wp-json\/wp\/v2\/product_tag?post=2220"}],"curies":[{"name":"wp","href":"https:\/\/api.w.org\/{rel}","templated":true}]}}