{"id":2218,"date":"2022-12-19T16:15:10","date_gmt":"2022-12-19T16:15:10","guid":{"rendered":"https:\/\/comercialnespral.com\/producto\/pack-de-2-bequilles-en-aluminium-a-reglage-double\/"},"modified":"2022-12-19T16:18:10","modified_gmt":"2022-12-19T16:18:10","slug":"pack-de-2-bequilles-en-aluminium-a-reglage-double","status":"publish","type":"product","link":"https:\/\/comercialnespral.com\/fr\/producto\/pack-de-2-bequilles-en-aluminium-a-reglage-double\/","title":{"rendered":"Pack de 2 B\u00e9quilles en Aluminium \u00e0 R\u00e9glage Double"},"content":{"rendered":"<ul>\n<li>R\u00c9GLAGE DOUBLE DE LA HAUTEUR : sept positions de b\u00e9quille et trois de coude via des rallonges haute r\u00e9sistance pour s&rsquo;adapter parfaitement \u00e0 la taille de l&rsquo;utilisateur.<\/li>\n<li>L\u00c9G\u00c8RES ET POLYVALENTES : Avec un poids \u00e0 l\u2019unit\u00e9 de 560 grammes. Fabriqu\u00e9es en tube d&rsquo;aluminium d&rsquo;une grande duret\u00e9, poign\u00e9e en polypropyl\u00e8ne.<\/li>\n<li>L&#8217;embout est en PVC hautement adh\u00e9rent. Il est recommand\u00e9 de le contr\u00f4ler p\u00e9riodiquement car c&rsquo;est la pi\u00e8ce la plus susceptible de s\u2019user.<\/li>\n<li>Elles procurent s\u00e9curit\u00e9 et confiance. Fabriqu\u00e9es en tube d&rsquo;aluminium de haute qualit\u00e9 et d&rsquo;une grande stabilit\u00e9.<\/li>\n<li>Fabriqu\u00e9 en Espagne.<\/li>\n<\/ul>\n","protected":false},"excerpt":{"rendered":"<p>Pack de 2 B\u00e9quilles en Aluminium \u00e0 R\u00e9glage Double (Canne et Coude) pour Adultes | Couleur:Noir<\/p>\n","protected":false},"featured_media":2025,"template":"","meta":{"_et_pb_use_builder":"","_et_pb_old_content":"","_et_gb_content_width":""},"product_cat":[62],"product_tag":[],"yoast_head":"<!-- This site is optimized with the Yoast SEO plugin v20.5 - https:\/\/yoast.com\/wordpress\/plugins\/seo\/ -->\n<title>Pack de 2 B\u00e9quilles en Aluminium \u00e0 R\u00e9glage Double -<\/title>\n<meta name=\"description\" content=\"Pack de 2 B\u00e9quilles en Aluminium \u00e0 R\u00e9glage Double (Canne et Coude) pour Adultes | Couleur: Noir.\" \/>\n<meta name=\"robots\" content=\"index, follow, max-snippet:-1, max-image-preview:large, max-video-preview:-1\" \/>\n<link rel=\"canonical\" href=\"https:\/\/comercialnespral.com\/fr\/producto\/pack-de-2-bequilles-en-aluminium-a-reglage-double\/\" \/>\n<meta property=\"og:locale\" content=\"fr_FR\" \/>\n<meta property=\"og:type\" content=\"article\" \/>\n<meta property=\"og:title\" content=\"Pack de 2 B\u00e9quilles en Aluminium \u00e0 R\u00e9glage Double -\" \/>\n<meta property=\"og:description\" content=\"Pack de 2 B\u00e9quilles en Aluminium \u00e0 R\u00e9glage Double (Canne et Coude) pour Adultes | Couleur: Noir.\" \/>\n<meta property=\"og:url\" content=\"https:\/\/comercialnespral.com\/fr\/producto\/pack-de-2-bequilles-en-aluminium-a-reglage-double\/\" \/>\n<meta property=\"og:site_name\" content=\"Comercial Nespral\" \/>\n<meta property=\"article:modified_time\" content=\"2022-12-19T16:18:10+00:00\" \/>\n<meta property=\"og:image\" content=\"https:\/\/comercialnespral.com\/wp-content\/uploads\/2022\/06\/bastones.jpg\" \/>\n\t<meta property=\"og:image:width\" content=\"425\" \/>\n\t<meta property=\"og:image:height\" content=\"425\" \/>\n\t<meta property=\"og:image:type\" content=\"image\/jpeg\" \/>\n<meta name=\"twitter:card\" content=\"summary_large_image\" \/>\n<meta name=\"twitter:label1\" content=\"Dur\u00e9e de lecture estim\u00e9e\" \/>\n\t<meta name=\"twitter:data1\" content=\"1 minute\" \/>\n<script type=\"application\/ld+json\" class=\"yoast-schema-graph\">{\"@context\":\"https:\/\/schema.org\",\"@graph\":[{\"@type\":\"WebPage\",\"@id\":\"https:\/\/comercialnespral.com\/fr\/producto\/pack-de-2-bequilles-en-aluminium-a-reglage-double\/\",\"url\":\"https:\/\/comercialnespral.com\/fr\/producto\/pack-de-2-bequilles-en-aluminium-a-reglage-double\/\",\"name\":\"Pack de 2 B\u00e9quilles en Aluminium \u00e0 R\u00e9glage Double -\",\"isPartOf\":{\"@id\":\"https:\/\/comercialnespral.com\/#website\"},\"datePublished\":\"2022-12-19T16:15:10+00:00\",\"dateModified\":\"2022-12-19T16:18:10+00:00\",\"description\":\"Pack de 2 B\u00e9quilles en Aluminium \u00e0 R\u00e9glage Double (Canne et Coude) pour Adultes | Couleur: Noir.\",\"breadcrumb\":{\"@id\":\"https:\/\/comercialnespral.com\/fr\/producto\/pack-de-2-bequilles-en-aluminium-a-reglage-double\/#breadcrumb\"},\"inLanguage\":\"fr-FR\",\"potentialAction\":[{\"@type\":\"ReadAction\",\"target\":[\"https:\/\/comercialnespral.com\/fr\/producto\/pack-de-2-bequilles-en-aluminium-a-reglage-double\/\"]}]},{\"@type\":\"BreadcrumbList\",\"@id\":\"https:\/\/comercialnespral.com\/fr\/producto\/pack-de-2-bequilles-en-aluminium-a-reglage-double\/#breadcrumb\",\"itemListElement\":[{\"@type\":\"ListItem\",\"position\":1,\"name\":\"Accueil\",\"item\":\"https:\/\/comercialnespral.com\/fr\/\"},{\"@type\":\"ListItem\",\"position\":2,\"name\":\"Productos\",\"item\":\"https:\/\/comercialnespral.com\/tienda\/\"},{\"@type\":\"ListItem\",\"position\":3,\"name\":\"Pack de 2 B\u00e9quilles en Aluminium \u00e0 R\u00e9glage Double\"}]},{\"@type\":\"WebSite\",\"@id\":\"https:\/\/comercialnespral.com\/#website\",\"url\":\"https:\/\/comercialnespral.com\/\",\"name\":\"Comercial Nespral\",\"description\":\"\",\"potentialAction\":[{\"@type\":\"SearchAction\",\"target\":{\"@type\":\"EntryPoint\",\"urlTemplate\":\"https:\/\/comercialnespral.com\/?s={search_term_string}\"},\"query-input\":\"required name=search_term_string\"}],\"inLanguage\":\"fr-FR\"}]}<\/script>\n<!-- \/ Yoast SEO plugin. -->","yoast_head_json":{"title":"Pack de 2 B\u00e9quilles en Aluminium \u00e0 R\u00e9glage Double -","description":"Pack de 2 B\u00e9quilles en Aluminium \u00e0 R\u00e9glage Double (Canne et Coude) pour Adultes | Couleur: Noir.","robots":{"index":"index","follow":"follow","max-snippet":"max-snippet:-1","max-image-preview":"max-image-preview:large","max-video-preview":"max-video-preview:-1"},"canonical":"https:\/\/comercialnespral.com\/fr\/producto\/pack-de-2-bequilles-en-aluminium-a-reglage-double\/","og_locale":"fr_FR","og_type":"article","og_title":"Pack de 2 B\u00e9quilles en Aluminium \u00e0 R\u00e9glage Double -","og_description":"Pack de 2 B\u00e9quilles en Aluminium \u00e0 R\u00e9glage Double (Canne et Coude) pour Adultes | Couleur: Noir.","og_url":"https:\/\/comercialnespral.com\/fr\/producto\/pack-de-2-bequilles-en-aluminium-a-reglage-double\/","og_site_name":"Comercial Nespral","article_modified_time":"2022-12-19T16:18:10+00:00","og_image":[{"width":425,"height":425,"url":"https:\/\/comercialnespral.com\/wp-content\/uploads\/2022\/06\/bastones.jpg","type":"image\/jpeg"}],"twitter_card":"summary_large_image","twitter_misc":{"Dur\u00e9e de lecture estim\u00e9e":"1 minute"},"schema":{"@context":"https:\/\/schema.org","@graph":[{"@type":"WebPage","@id":"https:\/\/comercialnespral.com\/fr\/producto\/pack-de-2-bequilles-en-aluminium-a-reglage-double\/","url":"https:\/\/comercialnespral.com\/fr\/producto\/pack-de-2-bequilles-en-aluminium-a-reglage-double\/","name":"Pack de 2 B\u00e9quilles en Aluminium \u00e0 R\u00e9glage Double -","isPartOf":{"@id":"https:\/\/comercialnespral.com\/#website"},"datePublished":"2022-12-19T16:15:10+00:00","dateModified":"2022-12-19T16:18:10+00:00","description":"Pack de 2 B\u00e9quilles en Aluminium \u00e0 R\u00e9glage Double (Canne et Coude) pour Adultes | Couleur: Noir.","breadcrumb":{"@id":"https:\/\/comercialnespral.com\/fr\/producto\/pack-de-2-bequilles-en-aluminium-a-reglage-double\/#breadcrumb"},"inLanguage":"fr-FR","potentialAction":[{"@type":"ReadAction","target":["https:\/\/comercialnespral.com\/fr\/producto\/pack-de-2-bequilles-en-aluminium-a-reglage-double\/"]}]},{"@type":"BreadcrumbList","@id":"https:\/\/comercialnespral.com\/fr\/producto\/pack-de-2-bequilles-en-aluminium-a-reglage-double\/#breadcrumb","itemListElement":[{"@type":"ListItem","position":1,"name":"Accueil","item":"https:\/\/comercialnespral.com\/fr\/"},{"@type":"ListItem","position":2,"name":"Productos","item":"https:\/\/comercialnespral.com\/tienda\/"},{"@type":"ListItem","position":3,"name":"Pack de 2 B\u00e9quilles en Aluminium \u00e0 R\u00e9glage Double"}]},{"@type":"WebSite","@id":"https:\/\/comercialnespral.com\/#website","url":"https:\/\/comercialnespral.com\/","name":"Comercial Nespral","description":"","potentialAction":[{"@type":"SearchAction","target":{"@type":"EntryPoint","urlTemplate":"https:\/\/comercialnespral.com\/?s={search_term_string}"},"query-input":"required name=search_term_string"}],"inLanguage":"fr-FR"}]}},"_links":{"self":[{"href":"https:\/\/comercialnespral.com\/fr\/wp-json\/wp\/v3\/product\/2218"}],"collection":[{"href":"https:\/\/comercialnespral.com\/fr\/wp-json\/wp\/v3\/product"}],"about":[{"href":"https:\/\/comercialnespral.com\/fr\/wp-json\/wp\/v2\/types\/product"}],"wp:featuredmedia":[{"embeddable":true,"href":"https:\/\/comercialnespral.com\/fr\/wp-json\/wp\/v2\/media\/2025"}],"wp:attachment":[{"href":"https:\/\/comercialnespral.com\/fr\/wp-json\/wp\/v2\/media?parent=2218"}],"wp:term":[{"taxonomy":"product_cat","embeddable":true,"href":"https:\/\/comercialnespral.com\/fr\/wp-json\/wp\/v2\/product_cat?post=2218"},{"taxonomy":"product_tag","embeddable":true,"href":"https:\/\/comercialnespral.com\/fr\/wp-json\/wp\/v2\/product_tag?post=2218"}],"curies":[{"name":"wp","href":"https:\/\/api.w.org\/{rel}","templated":true}]}}