{"id":2217,"date":"2022-12-19T15:48:52","date_gmt":"2022-12-19T15:48:52","guid":{"rendered":"https:\/\/comercialnespral.com\/producto\/pack-de-2-bequilles-en-aluminium-a-reglage-double-canne-et-coude-pour-adultes\/"},"modified":"2022-12-20T09:55:55","modified_gmt":"2022-12-20T09:55:55","slug":"pack-de-2-bequilles-en-aluminium-a-reglage-double-canne-et-coude-pour-adultes","status":"publish","type":"product","link":"https:\/\/comercialnespral.com\/fr\/producto\/pack-de-2-bequilles-en-aluminium-a-reglage-double-canne-et-coude-pour-adultes\/","title":{"rendered":"Pack de 2 B\u00e9quilles Ajustables en Aluminium pour Adultes | Couleur: Noir"},"content":{"rendered":"<ul>\n<li>R\u00e9glable en hauteur : en sept positions gr\u00e2ce \u00e0 une rallonge m\u00e9tallique haute r\u00e9sistance pour s&rsquo;adapter parfaitement \u00e0 la hauteur de l&rsquo;utilisateur. Longueur maximale du bras \u00e9tendu : 22,50 cm. Longueur de la tige : 67,50-98,00 cm. Longueur du manche : 12,50 cm.<\/li>\n<li>L\u00e9ger et polyvalent : fabriqu\u00e9 en tube d&rsquo;aluminium de grande duret\u00e9 et poign\u00e9e en polypropyl\u00e8ne. Son poids est de 520 grammes. Poids maximal de l&rsquo;utilisateur : 125 kg. Angle d&rsquo;appui : 21 degr\u00e9s. Angle de prise : 104,50 degr\u00e9s.<\/li>\n<li>Embout \/ cheville en PVC haute adh\u00e9rence antid\u00e9rapant de 18 mm. Veuillez les v\u00e9rifier r\u00e9guli\u00e8rement car c&rsquo;est la partie qui peut souffrir le plus d&rsquo;usure.<\/li>\n<li>Les b\u00e2tons anglais apportent s\u00e9curit\u00e9 et confiance. Anatomiques, ergonomiques et orthop\u00e9diques.<br \/>\nFabriqu\u00e9 en Espagne.<\/li>\n<\/ul>\n","protected":false},"excerpt":{"rendered":"<p>Pack de 2 B\u00e9quilles Ajustables en Aluminium pour Adultes<\/p>\n","protected":false},"featured_media":2065,"template":"","meta":{"_et_pb_use_builder":"","_et_pb_old_content":"","_et_gb_content_width":""},"product_cat":[62],"product_tag":[],"yoast_head":"<!-- This site is optimized with the Yoast SEO plugin v20.5 - https:\/\/yoast.com\/wordpress\/plugins\/seo\/ -->\n<title>Pack de 2 B\u00e9quilles Ajustables en Aluminium pour Adultes | Couleur: Noir<\/title>\n<meta name=\"description\" content=\"ORTONES | Pack de 2 B\u00e9quilles Ajustables en Aluminium pour Adultes | Couleur: Noir\" \/>\n<meta name=\"robots\" content=\"index, follow, max-snippet:-1, max-image-preview:large, max-video-preview:-1\" \/>\n<link rel=\"canonical\" href=\"https:\/\/comercialnespral.com\/fr\/producto\/pack-de-2-bequilles-en-aluminium-a-reglage-double-canne-et-coude-pour-adultes\/\" \/>\n<meta property=\"og:locale\" content=\"fr_FR\" \/>\n<meta property=\"og:type\" content=\"article\" \/>\n<meta property=\"og:title\" content=\"Pack de 2 B\u00e9quilles Ajustables en Aluminium pour Adultes | Couleur: Noir\" \/>\n<meta property=\"og:description\" content=\"ORTONES | Pack de 2 B\u00e9quilles Ajustables en Aluminium pour Adultes | Couleur: Noir\" \/>\n<meta property=\"og:url\" content=\"https:\/\/comercialnespral.com\/fr\/producto\/pack-de-2-bequilles-en-aluminium-a-reglage-double-canne-et-coude-pour-adultes\/\" \/>\n<meta property=\"og:site_name\" content=\"Comercial Nespral\" \/>\n<meta property=\"article:modified_time\" content=\"2022-12-20T09:55:55+00:00\" \/>\n<meta property=\"og:image\" content=\"https:\/\/comercialnespral.com\/wp-content\/uploads\/2022\/06\/Pack-de-2-Muletas-Adulto-Regulable-negras.jpg\" \/>\n\t<meta property=\"og:image:width\" content=\"425\" \/>\n\t<meta property=\"og:image:height\" content=\"425\" \/>\n\t<meta property=\"og:image:type\" content=\"image\/jpeg\" \/>\n<meta name=\"twitter:card\" content=\"summary_large_image\" \/>\n<meta name=\"twitter:label1\" content=\"Dur\u00e9e de lecture estim\u00e9e\" \/>\n\t<meta name=\"twitter:data1\" content=\"1 minute\" \/>\n<script type=\"application\/ld+json\" class=\"yoast-schema-graph\">{\"@context\":\"https:\/\/schema.org\",\"@graph\":[{\"@type\":\"WebPage\",\"@id\":\"https:\/\/comercialnespral.com\/fr\/producto\/pack-de-2-bequilles-en-aluminium-a-reglage-double-canne-et-coude-pour-adultes\/\",\"url\":\"https:\/\/comercialnespral.com\/fr\/producto\/pack-de-2-bequilles-en-aluminium-a-reglage-double-canne-et-coude-pour-adultes\/\",\"name\":\"Pack de 2 B\u00e9quilles Ajustables en Aluminium pour Adultes | Couleur: Noir\",\"isPartOf\":{\"@id\":\"https:\/\/comercialnespral.com\/#website\"},\"datePublished\":\"2022-12-19T15:48:52+00:00\",\"dateModified\":\"2022-12-20T09:55:55+00:00\",\"description\":\"ORTONES | Pack de 2 B\u00e9quilles Ajustables en Aluminium pour Adultes | Couleur: Noir\",\"breadcrumb\":{\"@id\":\"https:\/\/comercialnespral.com\/fr\/producto\/pack-de-2-bequilles-en-aluminium-a-reglage-double-canne-et-coude-pour-adultes\/#breadcrumb\"},\"inLanguage\":\"fr-FR\",\"potentialAction\":[{\"@type\":\"ReadAction\",\"target\":[\"https:\/\/comercialnespral.com\/fr\/producto\/pack-de-2-bequilles-en-aluminium-a-reglage-double-canne-et-coude-pour-adultes\/\"]}]},{\"@type\":\"BreadcrumbList\",\"@id\":\"https:\/\/comercialnespral.com\/fr\/producto\/pack-de-2-bequilles-en-aluminium-a-reglage-double-canne-et-coude-pour-adultes\/#breadcrumb\",\"itemListElement\":[{\"@type\":\"ListItem\",\"position\":1,\"name\":\"Accueil\",\"item\":\"https:\/\/comercialnespral.com\/fr\/\"},{\"@type\":\"ListItem\",\"position\":2,\"name\":\"Productos\",\"item\":\"https:\/\/comercialnespral.com\/tienda\/\"},{\"@type\":\"ListItem\",\"position\":3,\"name\":\"Pack de 2 B\u00e9quilles Ajustables en Aluminium pour Adultes | Couleur: Noir\"}]},{\"@type\":\"WebSite\",\"@id\":\"https:\/\/comercialnespral.com\/#website\",\"url\":\"https:\/\/comercialnespral.com\/\",\"name\":\"Comercial Nespral\",\"description\":\"\",\"potentialAction\":[{\"@type\":\"SearchAction\",\"target\":{\"@type\":\"EntryPoint\",\"urlTemplate\":\"https:\/\/comercialnespral.com\/?s={search_term_string}\"},\"query-input\":\"required name=search_term_string\"}],\"inLanguage\":\"fr-FR\"}]}<\/script>\n<!-- \/ Yoast SEO plugin. -->","yoast_head_json":{"title":"Pack de 2 B\u00e9quilles Ajustables en Aluminium pour Adultes | Couleur: Noir","description":"ORTONES | Pack de 2 B\u00e9quilles Ajustables en Aluminium pour Adultes | Couleur: Noir","robots":{"index":"index","follow":"follow","max-snippet":"max-snippet:-1","max-image-preview":"max-image-preview:large","max-video-preview":"max-video-preview:-1"},"canonical":"https:\/\/comercialnespral.com\/fr\/producto\/pack-de-2-bequilles-en-aluminium-a-reglage-double-canne-et-coude-pour-adultes\/","og_locale":"fr_FR","og_type":"article","og_title":"Pack de 2 B\u00e9quilles Ajustables en Aluminium pour Adultes | Couleur: Noir","og_description":"ORTONES | Pack de 2 B\u00e9quilles Ajustables en Aluminium pour Adultes | Couleur: Noir","og_url":"https:\/\/comercialnespral.com\/fr\/producto\/pack-de-2-bequilles-en-aluminium-a-reglage-double-canne-et-coude-pour-adultes\/","og_site_name":"Comercial Nespral","article_modified_time":"2022-12-20T09:55:55+00:00","og_image":[{"width":425,"height":425,"url":"https:\/\/comercialnespral.com\/wp-content\/uploads\/2022\/06\/Pack-de-2-Muletas-Adulto-Regulable-negras.jpg","type":"image\/jpeg"}],"twitter_card":"summary_large_image","twitter_misc":{"Dur\u00e9e de lecture estim\u00e9e":"1 minute"},"schema":{"@context":"https:\/\/schema.org","@graph":[{"@type":"WebPage","@id":"https:\/\/comercialnespral.com\/fr\/producto\/pack-de-2-bequilles-en-aluminium-a-reglage-double-canne-et-coude-pour-adultes\/","url":"https:\/\/comercialnespral.com\/fr\/producto\/pack-de-2-bequilles-en-aluminium-a-reglage-double-canne-et-coude-pour-adultes\/","name":"Pack de 2 B\u00e9quilles Ajustables en Aluminium pour Adultes | Couleur: Noir","isPartOf":{"@id":"https:\/\/comercialnespral.com\/#website"},"datePublished":"2022-12-19T15:48:52+00:00","dateModified":"2022-12-20T09:55:55+00:00","description":"ORTONES | Pack de 2 B\u00e9quilles Ajustables en Aluminium pour Adultes | Couleur: Noir","breadcrumb":{"@id":"https:\/\/comercialnespral.com\/fr\/producto\/pack-de-2-bequilles-en-aluminium-a-reglage-double-canne-et-coude-pour-adultes\/#breadcrumb"},"inLanguage":"fr-FR","potentialAction":[{"@type":"ReadAction","target":["https:\/\/comercialnespral.com\/fr\/producto\/pack-de-2-bequilles-en-aluminium-a-reglage-double-canne-et-coude-pour-adultes\/"]}]},{"@type":"BreadcrumbList","@id":"https:\/\/comercialnespral.com\/fr\/producto\/pack-de-2-bequilles-en-aluminium-a-reglage-double-canne-et-coude-pour-adultes\/#breadcrumb","itemListElement":[{"@type":"ListItem","position":1,"name":"Accueil","item":"https:\/\/comercialnespral.com\/fr\/"},{"@type":"ListItem","position":2,"name":"Productos","item":"https:\/\/comercialnespral.com\/tienda\/"},{"@type":"ListItem","position":3,"name":"Pack de 2 B\u00e9quilles Ajustables en Aluminium pour Adultes | Couleur: Noir"}]},{"@type":"WebSite","@id":"https:\/\/comercialnespral.com\/#website","url":"https:\/\/comercialnespral.com\/","name":"Comercial Nespral","description":"","potentialAction":[{"@type":"SearchAction","target":{"@type":"EntryPoint","urlTemplate":"https:\/\/comercialnespral.com\/?s={search_term_string}"},"query-input":"required name=search_term_string"}],"inLanguage":"fr-FR"}]}},"_links":{"self":[{"href":"https:\/\/comercialnespral.com\/fr\/wp-json\/wp\/v3\/product\/2217"}],"collection":[{"href":"https:\/\/comercialnespral.com\/fr\/wp-json\/wp\/v3\/product"}],"about":[{"href":"https:\/\/comercialnespral.com\/fr\/wp-json\/wp\/v2\/types\/product"}],"wp:featuredmedia":[{"embeddable":true,"href":"https:\/\/comercialnespral.com\/fr\/wp-json\/wp\/v2\/media\/2065"}],"wp:attachment":[{"href":"https:\/\/comercialnespral.com\/fr\/wp-json\/wp\/v2\/media?parent=2217"}],"wp:term":[{"taxonomy":"product_cat","embeddable":true,"href":"https:\/\/comercialnespral.com\/fr\/wp-json\/wp\/v2\/product_cat?post=2217"},{"taxonomy":"product_tag","embeddable":true,"href":"https:\/\/comercialnespral.com\/fr\/wp-json\/wp\/v2\/product_tag?post=2217"}],"curies":[{"name":"wp","href":"https:\/\/api.w.org\/{rel}","templated":true}]}}