{"id":2237,"date":"2022-12-21T08:52:13","date_gmt":"2022-12-21T08:52:13","guid":{"rendered":"https:\/\/comercialnespral.com\/mobilite\/"},"modified":"2022-12-21T08:52:14","modified_gmt":"2022-12-21T08:52:14","slug":"mobilite","status":"publish","type":"page","link":"https:\/\/comercialnespral.com\/fr\/mobilite\/","title":{"rendered":"Mobilit\u00e9"},"content":{"rendered":"<p>[et_pb_section fb_built=\u00a0\u00bb1&Prime; custom_padding_last_edited=\u00a0\u00bbon|phone\u00a0\u00bb admin_label=\u00a0\u00bbServices\u00a0\u00bb _builder_version=\u00a0\u00bb4.16&Prime; _module_preset=\u00a0\u00bbdefault\u00a0\u00bb background_image=\u00a0\u00bbhttps:\/\/comercialnespral.com\/wp-content\/uploads\/2022\/06\/family-doctor-012.png\u00a0\u00bb custom_padding=\u00a0\u00bb140px||140px||true|\u00a0\u00bb custom_padding_tablet=\u00a0\u00bb60px||60px||true|false\u00a0\u00bb custom_padding_phone=\u00a0\u00bb40px||40px||true|false\u00a0\u00bb global_colors_info=\u00a0\u00bb{}\u00a0\u00bb][et_pb_row _builder_version=\u00a0\u00bb4.16&Prime; _module_preset=\u00a0\u00bbdefault\u00a0\u00bb custom_padding=\u00a0\u00bb27px|||||\u00a0\u00bb locked=\u00a0\u00bboff\u00a0\u00bb global_colors_info=\u00a0\u00bb{}\u00a0\u00bb][et_pb_column type=\u00a0\u00bb4_4&Prime; _builder_version=\u00a0\u00bb4.16&Prime; _module_preset=\u00a0\u00bbdefault\u00a0\u00bb global_colors_info=\u00a0\u00bb{}\u00a0\u00bb][et_pb_text _builder_version=\u00a0\u00bb4.17.4&Prime; _module_preset=\u00a0\u00bbdefault\u00a0\u00bb header_2_font=\u00a0\u00bbPoppins|600|||||||\u00a0\u00bb header_2_text_color=\u00a0\u00bb#005450&Prime; header_2_font_size=\u00a0\u00bb60px\u00a0\u00bb header_2_line_height=\u00a0\u00bb1.2em\u00a0\u00bb text_orientation=\u00a0\u00bbcenter\u00a0\u00bb hover_enabled=\u00a0\u00bb0&Prime; header_2_font_size_tablet=\u00a0\u00bb42px\u00a0\u00bb header_2_font_size_phone=\u00a0\u00bb24px\u00a0\u00bb header_2_font_size_last_edited=\u00a0\u00bbon|phone\u00a0\u00bb locked=\u00a0\u00bboff\u00a0\u00bb global_colors_info=\u00a0\u00bb{}\u00a0\u00bb sticky_enabled=\u00a0\u00bb0&Prime;]<\/p>\n<h2>Mobilit\u00e9<\/h2>\n<p>D\u00e9couvrez notre gamme compl\u00e8te de mat\u00e9riel destin\u00e9 aux personnes \u00e0 mobilit\u00e9 r\u00e9duite, handicap\u00e9es, jeunes ou \u00e2g\u00e9es, actifs ou moins actifs.[\/et_pb_text][\/et_pb_column][\/et_pb_row][et_pb_row _builder_version=\u00a0\u00bb4.16&Prime; _module_preset=\u00a0\u00bbdefault\u00a0\u00bb global_colors_info=\u00a0\u00bb{}\u00a0\u00bb][et_pb_column type=\u00a0\u00bb4_4&Prime; _builder_version=\u00a0\u00bb4.16&Prime; _module_preset=\u00a0\u00bbdefault\u00a0\u00bb global_colors_info=\u00a0\u00bb{}\u00a0\u00bb][et_pb_shop type=\u00a0\u00bbproduct_category\u00a0\u00bb include_categories=\u00a0\u00bb46&Prime; _builder_version=\u00a0\u00bb4.17.4&Prime; _module_preset=\u00a0\u00bbdefault\u00a0\u00bb global_colors_info=\u00a0\u00bb{}\u00a0\u00bb][\/et_pb_shop][\/et_pb_column][\/et_pb_row][\/et_pb_section]<\/p>\n","protected":false},"excerpt":{"rendered":"<p>Mobilit\u00e9 D\u00e9couvrez notre gamme compl\u00e8te de mat\u00e9riel destin\u00e9 aux personnes \u00e0 mobilit\u00e9 r\u00e9duite, handicap\u00e9es, jeunes ou \u00e2g\u00e9es, actifs ou moins actifs.<\/p>\n","protected":false},"author":1,"featured_media":0,"parent":0,"menu_order":0,"comment_status":"closed","ping_status":"closed","template":"","meta":{"_et_pb_use_builder":"on","_et_pb_old_content":"","_et_gb_content_width":""},"yoast_head":"<!-- This site is optimized with the Yoast SEO plugin v20.5 - https:\/\/yoast.com\/wordpress\/plugins\/seo\/ -->\n<title>Mobilit\u00e9 - Comercial Nespral<\/title>\n<meta name=\"description\" content=\"D\u00e9couvrez notre gamme compl\u00e8te de mat\u00e9riel destin\u00e9 aux personnes \u00e0 mobilit\u00e9 r\u00e9duite, handicap\u00e9es, jeunes ou \u00e2g\u00e9es, actifs ou moins actifs.\" \/>\n<meta name=\"robots\" content=\"index, follow, max-snippet:-1, max-image-preview:large, max-video-preview:-1\" \/>\n<link rel=\"canonical\" href=\"https:\/\/comercialnespral.com\/fr\/mobilite\/\" \/>\n<meta property=\"og:locale\" content=\"fr_FR\" \/>\n<meta property=\"og:type\" content=\"article\" \/>\n<meta property=\"og:title\" content=\"Mobilit\u00e9 - Comercial Nespral\" \/>\n<meta property=\"og:description\" content=\"D\u00e9couvrez notre gamme compl\u00e8te de mat\u00e9riel destin\u00e9 aux personnes \u00e0 mobilit\u00e9 r\u00e9duite, handicap\u00e9es, jeunes ou \u00e2g\u00e9es, actifs ou moins actifs.\" \/>\n<meta property=\"og:url\" content=\"https:\/\/comercialnespral.com\/fr\/mobilite\/\" \/>\n<meta property=\"og:site_name\" content=\"Comercial Nespral\" \/>\n<meta property=\"article:modified_time\" content=\"2022-12-21T08:52:14+00:00\" \/>\n<meta name=\"twitter:card\" content=\"summary_large_image\" \/>\n<meta name=\"twitter:label1\" content=\"Dur\u00e9e de lecture estim\u00e9e\" \/>\n\t<meta name=\"twitter:data1\" content=\"1 minute\" \/>\n<script type=\"application\/ld+json\" class=\"yoast-schema-graph\">{\"@context\":\"https:\/\/schema.org\",\"@graph\":[{\"@type\":\"WebPage\",\"@id\":\"https:\/\/comercialnespral.com\/fr\/mobilite\/\",\"url\":\"https:\/\/comercialnespral.com\/fr\/mobilite\/\",\"name\":\"Mobilit\u00e9 - Comercial Nespral\",\"isPartOf\":{\"@id\":\"https:\/\/comercialnespral.com\/#website\"},\"datePublished\":\"2022-12-21T08:52:13+00:00\",\"dateModified\":\"2022-12-21T08:52:14+00:00\",\"description\":\"D\u00e9couvrez notre gamme compl\u00e8te de mat\u00e9riel destin\u00e9 aux personnes \u00e0 mobilit\u00e9 r\u00e9duite, handicap\u00e9es, jeunes ou \u00e2g\u00e9es, actifs ou moins actifs.\",\"breadcrumb\":{\"@id\":\"https:\/\/comercialnespral.com\/fr\/mobilite\/#breadcrumb\"},\"inLanguage\":\"fr-FR\",\"potentialAction\":[{\"@type\":\"ReadAction\",\"target\":[\"https:\/\/comercialnespral.com\/fr\/mobilite\/\"]}]},{\"@type\":\"BreadcrumbList\",\"@id\":\"https:\/\/comercialnespral.com\/fr\/mobilite\/#breadcrumb\",\"itemListElement\":[{\"@type\":\"ListItem\",\"position\":1,\"name\":\"Accueil\",\"item\":\"https:\/\/comercialnespral.com\/fr\/\"},{\"@type\":\"ListItem\",\"position\":2,\"name\":\"Mobilit\u00e9\"}]},{\"@type\":\"WebSite\",\"@id\":\"https:\/\/comercialnespral.com\/#website\",\"url\":\"https:\/\/comercialnespral.com\/\",\"name\":\"Comercial Nespral\",\"description\":\"\",\"potentialAction\":[{\"@type\":\"SearchAction\",\"target\":{\"@type\":\"EntryPoint\",\"urlTemplate\":\"https:\/\/comercialnespral.com\/?s={search_term_string}\"},\"query-input\":\"required name=search_term_string\"}],\"inLanguage\":\"fr-FR\"}]}<\/script>\n<!-- \/ Yoast SEO plugin. -->","yoast_head_json":{"title":"Mobilit\u00e9 - Comercial Nespral","description":"D\u00e9couvrez notre gamme compl\u00e8te de mat\u00e9riel destin\u00e9 aux personnes \u00e0 mobilit\u00e9 r\u00e9duite, handicap\u00e9es, jeunes ou \u00e2g\u00e9es, actifs ou moins actifs.","robots":{"index":"index","follow":"follow","max-snippet":"max-snippet:-1","max-image-preview":"max-image-preview:large","max-video-preview":"max-video-preview:-1"},"canonical":"https:\/\/comercialnespral.com\/fr\/mobilite\/","og_locale":"fr_FR","og_type":"article","og_title":"Mobilit\u00e9 - Comercial Nespral","og_description":"D\u00e9couvrez notre gamme compl\u00e8te de mat\u00e9riel destin\u00e9 aux personnes \u00e0 mobilit\u00e9 r\u00e9duite, handicap\u00e9es, jeunes ou \u00e2g\u00e9es, actifs ou moins actifs.","og_url":"https:\/\/comercialnespral.com\/fr\/mobilite\/","og_site_name":"Comercial Nespral","article_modified_time":"2022-12-21T08:52:14+00:00","twitter_card":"summary_large_image","twitter_misc":{"Dur\u00e9e de lecture estim\u00e9e":"1 minute"},"schema":{"@context":"https:\/\/schema.org","@graph":[{"@type":"WebPage","@id":"https:\/\/comercialnespral.com\/fr\/mobilite\/","url":"https:\/\/comercialnespral.com\/fr\/mobilite\/","name":"Mobilit\u00e9 - Comercial Nespral","isPartOf":{"@id":"https:\/\/comercialnespral.com\/#website"},"datePublished":"2022-12-21T08:52:13+00:00","dateModified":"2022-12-21T08:52:14+00:00","description":"D\u00e9couvrez notre gamme compl\u00e8te de mat\u00e9riel destin\u00e9 aux personnes \u00e0 mobilit\u00e9 r\u00e9duite, handicap\u00e9es, jeunes ou \u00e2g\u00e9es, actifs ou moins actifs.","breadcrumb":{"@id":"https:\/\/comercialnespral.com\/fr\/mobilite\/#breadcrumb"},"inLanguage":"fr-FR","potentialAction":[{"@type":"ReadAction","target":["https:\/\/comercialnespral.com\/fr\/mobilite\/"]}]},{"@type":"BreadcrumbList","@id":"https:\/\/comercialnespral.com\/fr\/mobilite\/#breadcrumb","itemListElement":[{"@type":"ListItem","position":1,"name":"Accueil","item":"https:\/\/comercialnespral.com\/fr\/"},{"@type":"ListItem","position":2,"name":"Mobilit\u00e9"}]},{"@type":"WebSite","@id":"https:\/\/comercialnespral.com\/#website","url":"https:\/\/comercialnespral.com\/","name":"Comercial Nespral","description":"","potentialAction":[{"@type":"SearchAction","target":{"@type":"EntryPoint","urlTemplate":"https:\/\/comercialnespral.com\/?s={search_term_string}"},"query-input":"required name=search_term_string"}],"inLanguage":"fr-FR"}]}},"_links":{"self":[{"href":"https:\/\/comercialnespral.com\/fr\/wp-json\/wp\/v2\/pages\/2237"}],"collection":[{"href":"https:\/\/comercialnespral.com\/fr\/wp-json\/wp\/v2\/pages"}],"about":[{"href":"https:\/\/comercialnespral.com\/fr\/wp-json\/wp\/v2\/types\/page"}],"author":[{"embeddable":true,"href":"https:\/\/comercialnespral.com\/fr\/wp-json\/wp\/v2\/users\/1"}],"replies":[{"embeddable":true,"href":"https:\/\/comercialnespral.com\/fr\/wp-json\/wp\/v2\/comments?post=2237"}],"version-history":[{"count":2,"href":"https:\/\/comercialnespral.com\/fr\/wp-json\/wp\/v2\/pages\/2237\/revisions"}],"predecessor-version":[{"id":2239,"href":"https:\/\/comercialnespral.com\/fr\/wp-json\/wp\/v2\/pages\/2237\/revisions\/2239"}],"wp:attachment":[{"href":"https:\/\/comercialnespral.com\/fr\/wp-json\/wp\/v2\/media?parent=2237"}],"curies":[{"name":"wp","href":"https:\/\/api.w.org\/{rel}","templated":true}]}}