{"id":2668,"date":"2023-04-20T16:18:02","date_gmt":"2023-04-20T16:18:02","guid":{"rendered":"https:\/\/comercialnespral.com\/producto\/inkontinenzauflage-wiederverwendbare-bettunterlage\/"},"modified":"2023-04-20T16:18:59","modified_gmt":"2023-04-20T16:18:59","slug":"inkontinenzauflage-wiederverwendbare-bettunterlage","status":"publish","type":"product","link":"https:\/\/comercialnespral.com\/de\/producto\/inkontinenzauflage-wiederverwendbare-bettunterlage\/","title":{"rendered":"Inkontinenzauflage | Wiederverwendbare Bettunterlage"},"content":{"rendered":"<ul class=\"a-unordered-list a-vertical a-spacing-mini\">\n<li><span class=\"a-list-item\">Atmungsaktive Matratzenstrecke, abwaschbar und wasserabweisend, mit seitlichen Fl\u00fcgeln zur einfachen Anpassung an die Matratze F\u00fcr eine korrekte Absorption von Fl\u00fcssigkeiten und Fl\u00fcssigkeiten, h\u00e4lt die Haut des Patienten sauber und trocken. Hat eine hohe Filterkapazit\u00e4t. Strapazierf\u00e4hig, weich und komfortabel<\/span><\/li>\n<li><span class=\"a-list-item\">Hinweise: Kann bei Nachtn\u00e4hern und bei \u00fcberm\u00e4\u00dfigem Schwitzen verwendet werden. Geeignet f\u00fcr gerialistische und Kinder Inkontinenz.<\/span><\/li>\n<li><span class=\"a-list-item\">4-lagige Materialzusammensetzung: Oberseite: Interlock-Gewebe aus Polyester. 2a Innenschicht: Gewebtes Material aus Nappaleder, 190 g. 3a Innenschicht: Polyurethan-Folie 40 g. Unterlage: Interlock-Gewebe aus 75 g Polyester. Mit einer leicht offenen Innenstruktur f\u00fcr eine schnelle Filtration von Fl\u00fcssigkeiten (ca. 75 g).<\/span><\/li>\n<li><span class=\"a-list-item\">Der Protektor reduziert Feuchtigkeit und h\u00e4lt die Haut sauber und trocken. Sie verhindert das \u00dcberpflanzen der Haut und f\u00f6rdert die Hygiene.<\/span><\/li>\n<li><span class=\"a-list-item\">Perfekte Ma\u00dfe: Bett\u00fcberwurf 90 cm, geeignet f\u00fcr gro\u00dfe und kleine Betten, Wickelauflagen, Sitze oder Sofa. Verl\u00e4ngert die Lebensdauer Ihrer Matratze und h\u00e4lt sie stets trocken und frei von Feuchtigkeit.<\/span><\/li>\n<\/ul>\n","protected":false},"excerpt":{"rendered":"<p>ORTONES |Inkontinenzauflage | Wiederverwendbare Bettunterlage |Superabosorvent | Ma\u00dfe: 90 x 75 cm mit Fl\u00fcgeln 75 x 50 cm<\/p>\n<p><strong>Ma\u00dfe:<\/strong> 90 x 75 cm mit Fl\u00fcgeln 75 x 50 cm<\/p>\n","protected":false},"featured_media":2585,"template":"","meta":{"_et_pb_use_builder":"","_et_pb_old_content":"","_et_gb_content_width":""},"product_cat":[73],"product_tag":[],"yoast_head":"<!-- This site is optimized with the Yoast SEO plugin v20.5 - https:\/\/yoast.com\/wordpress\/plugins\/seo\/ -->\n<title>Inkontinenzauflage | Wiederverwendbare Bettunterlage - Comercial Nespral<\/title>\n<meta name=\"description\" content=\"|Inkontinenzauflage | Wiederverwendbare Bettunterlage |Superabosorvent | Ma\u00dfe: 90 x 75 cm mit Fl\u00fcgeln 75 x 50 cm\" \/>\n<meta name=\"robots\" content=\"index, follow, max-snippet:-1, max-image-preview:large, max-video-preview:-1\" \/>\n<link rel=\"canonical\" href=\"https:\/\/comercialnespral.com\/de\/producto\/inkontinenzauflage-wiederverwendbare-bettunterlage\/\" \/>\n<meta property=\"og:locale\" content=\"de_DE\" \/>\n<meta property=\"og:type\" content=\"article\" \/>\n<meta property=\"og:title\" content=\"Inkontinenzauflage | Wiederverwendbare Bettunterlage - Comercial Nespral\" \/>\n<meta property=\"og:description\" content=\"|Inkontinenzauflage | Wiederverwendbare Bettunterlage |Superabosorvent | Ma\u00dfe: 90 x 75 cm mit Fl\u00fcgeln 75 x 50 cm\" \/>\n<meta property=\"og:url\" content=\"https:\/\/comercialnespral.com\/de\/producto\/inkontinenzauflage-wiederverwendbare-bettunterlage\/\" \/>\n<meta property=\"og:site_name\" content=\"Comercial Nespral\" \/>\n<meta property=\"article:modified_time\" content=\"2023-04-20T16:18:59+00:00\" \/>\n<meta property=\"og:image\" content=\"https:\/\/comercialnespral.com\/wp-content\/uploads\/2022\/06\/Empapador-de-Cama-Reutilizable.jpg\" \/>\n\t<meta property=\"og:image:width\" content=\"425\" \/>\n\t<meta property=\"og:image:height\" content=\"283\" \/>\n\t<meta property=\"og:image:type\" content=\"image\/jpeg\" \/>\n<meta name=\"twitter:card\" content=\"summary_large_image\" \/>\n<meta name=\"twitter:label1\" content=\"Gesch\u00e4tzte Lesezeit\" \/>\n\t<meta name=\"twitter:data1\" content=\"1 Minute\" \/>\n<script type=\"application\/ld+json\" class=\"yoast-schema-graph\">{\"@context\":\"https:\/\/schema.org\",\"@graph\":[{\"@type\":\"WebPage\",\"@id\":\"https:\/\/comercialnespral.com\/de\/producto\/inkontinenzauflage-wiederverwendbare-bettunterlage\/\",\"url\":\"https:\/\/comercialnespral.com\/de\/producto\/inkontinenzauflage-wiederverwendbare-bettunterlage\/\",\"name\":\"Inkontinenzauflage | Wiederverwendbare Bettunterlage - Comercial Nespral\",\"isPartOf\":{\"@id\":\"https:\/\/comercialnespral.com\/#website\"},\"datePublished\":\"2023-04-20T16:18:02+00:00\",\"dateModified\":\"2023-04-20T16:18:59+00:00\",\"description\":\"|Inkontinenzauflage | Wiederverwendbare Bettunterlage |Superabosorvent | Ma\u00dfe: 90 x 75 cm mit Fl\u00fcgeln 75 x 50 cm\",\"breadcrumb\":{\"@id\":\"https:\/\/comercialnespral.com\/de\/producto\/inkontinenzauflage-wiederverwendbare-bettunterlage\/#breadcrumb\"},\"inLanguage\":\"de-DE\",\"potentialAction\":[{\"@type\":\"ReadAction\",\"target\":[\"https:\/\/comercialnespral.com\/de\/producto\/inkontinenzauflage-wiederverwendbare-bettunterlage\/\"]}]},{\"@type\":\"BreadcrumbList\",\"@id\":\"https:\/\/comercialnespral.com\/de\/producto\/inkontinenzauflage-wiederverwendbare-bettunterlage\/#breadcrumb\",\"itemListElement\":[{\"@type\":\"ListItem\",\"position\":1,\"name\":\"Startseite\",\"item\":\"https:\/\/comercialnespral.com\/de\/\"},{\"@type\":\"ListItem\",\"position\":2,\"name\":\"Productos\",\"item\":\"https:\/\/comercialnespral.com\/tienda\/\"},{\"@type\":\"ListItem\",\"position\":3,\"name\":\"Inkontinenzauflage | Wiederverwendbare Bettunterlage\"}]},{\"@type\":\"WebSite\",\"@id\":\"https:\/\/comercialnespral.com\/#website\",\"url\":\"https:\/\/comercialnespral.com\/\",\"name\":\"Comercial Nespral\",\"description\":\"\",\"potentialAction\":[{\"@type\":\"SearchAction\",\"target\":{\"@type\":\"EntryPoint\",\"urlTemplate\":\"https:\/\/comercialnespral.com\/?s={search_term_string}\"},\"query-input\":\"required name=search_term_string\"}],\"inLanguage\":\"de-DE\"}]}<\/script>\n<!-- \/ Yoast SEO plugin. -->","yoast_head_json":{"title":"Inkontinenzauflage | Wiederverwendbare Bettunterlage - Comercial Nespral","description":"|Inkontinenzauflage | Wiederverwendbare Bettunterlage |Superabosorvent | Ma\u00dfe: 90 x 75 cm mit Fl\u00fcgeln 75 x 50 cm","robots":{"index":"index","follow":"follow","max-snippet":"max-snippet:-1","max-image-preview":"max-image-preview:large","max-video-preview":"max-video-preview:-1"},"canonical":"https:\/\/comercialnespral.com\/de\/producto\/inkontinenzauflage-wiederverwendbare-bettunterlage\/","og_locale":"de_DE","og_type":"article","og_title":"Inkontinenzauflage | Wiederverwendbare Bettunterlage - Comercial Nespral","og_description":"|Inkontinenzauflage | Wiederverwendbare Bettunterlage |Superabosorvent | Ma\u00dfe: 90 x 75 cm mit Fl\u00fcgeln 75 x 50 cm","og_url":"https:\/\/comercialnespral.com\/de\/producto\/inkontinenzauflage-wiederverwendbare-bettunterlage\/","og_site_name":"Comercial Nespral","article_modified_time":"2023-04-20T16:18:59+00:00","og_image":[{"width":425,"height":283,"url":"https:\/\/comercialnespral.com\/wp-content\/uploads\/2022\/06\/Empapador-de-Cama-Reutilizable.jpg","type":"image\/jpeg"}],"twitter_card":"summary_large_image","twitter_misc":{"Gesch\u00e4tzte Lesezeit":"1 Minute"},"schema":{"@context":"https:\/\/schema.org","@graph":[{"@type":"WebPage","@id":"https:\/\/comercialnespral.com\/de\/producto\/inkontinenzauflage-wiederverwendbare-bettunterlage\/","url":"https:\/\/comercialnespral.com\/de\/producto\/inkontinenzauflage-wiederverwendbare-bettunterlage\/","name":"Inkontinenzauflage | Wiederverwendbare Bettunterlage - Comercial Nespral","isPartOf":{"@id":"https:\/\/comercialnespral.com\/#website"},"datePublished":"2023-04-20T16:18:02+00:00","dateModified":"2023-04-20T16:18:59+00:00","description":"|Inkontinenzauflage | Wiederverwendbare Bettunterlage |Superabosorvent | Ma\u00dfe: 90 x 75 cm mit Fl\u00fcgeln 75 x 50 cm","breadcrumb":{"@id":"https:\/\/comercialnespral.com\/de\/producto\/inkontinenzauflage-wiederverwendbare-bettunterlage\/#breadcrumb"},"inLanguage":"de-DE","potentialAction":[{"@type":"ReadAction","target":["https:\/\/comercialnespral.com\/de\/producto\/inkontinenzauflage-wiederverwendbare-bettunterlage\/"]}]},{"@type":"BreadcrumbList","@id":"https:\/\/comercialnespral.com\/de\/producto\/inkontinenzauflage-wiederverwendbare-bettunterlage\/#breadcrumb","itemListElement":[{"@type":"ListItem","position":1,"name":"Startseite","item":"https:\/\/comercialnespral.com\/de\/"},{"@type":"ListItem","position":2,"name":"Productos","item":"https:\/\/comercialnespral.com\/tienda\/"},{"@type":"ListItem","position":3,"name":"Inkontinenzauflage | Wiederverwendbare Bettunterlage"}]},{"@type":"WebSite","@id":"https:\/\/comercialnespral.com\/#website","url":"https:\/\/comercialnespral.com\/","name":"Comercial Nespral","description":"","potentialAction":[{"@type":"SearchAction","target":{"@type":"EntryPoint","urlTemplate":"https:\/\/comercialnespral.com\/?s={search_term_string}"},"query-input":"required name=search_term_string"}],"inLanguage":"de-DE"}]}},"_links":{"self":[{"href":"https:\/\/comercialnespral.com\/de\/wp-json\/wp\/v3\/product\/2668"}],"collection":[{"href":"https:\/\/comercialnespral.com\/de\/wp-json\/wp\/v3\/product"}],"about":[{"href":"https:\/\/comercialnespral.com\/de\/wp-json\/wp\/v2\/types\/product"}],"wp:featuredmedia":[{"embeddable":true,"href":"https:\/\/comercialnespral.com\/de\/wp-json\/wp\/v2\/media\/2585"}],"wp:attachment":[{"href":"https:\/\/comercialnespral.com\/de\/wp-json\/wp\/v2\/media?parent=2668"}],"wp:term":[{"taxonomy":"product_cat","embeddable":true,"href":"https:\/\/comercialnespral.com\/de\/wp-json\/wp\/v2\/product_cat?post=2668"},{"taxonomy":"product_tag","embeddable":true,"href":"https:\/\/comercialnespral.com\/de\/wp-json\/wp\/v2\/product_tag?post=2668"}],"curies":[{"name":"wp","href":"https:\/\/api.w.org\/{rel}","templated":true}]}}