{"id":2667,"date":"2023-04-20T16:14:16","date_gmt":"2023-04-20T16:14:16","guid":{"rendered":"https:\/\/comercialnespral.com\/producto\/zylindrisches-halskissen-kissen-fuer-die-lendenwirbelsaeule\/"},"modified":"2023-04-20T16:15:39","modified_gmt":"2023-04-20T16:15:39","slug":"zylindrisches-halskissen-kissen-fuer-die-lendenwirbelsaeule","status":"publish","type":"product","link":"https:\/\/comercialnespral.com\/de\/producto\/zylindrisches-halskissen-kissen-fuer-die-lendenwirbelsaeule\/","title":{"rendered":"Zylindrisches Halskissen\/Kissen f\u00fcr die Lendenwirbels\u00e4ule"},"content":{"rendered":"<ul class=\"a-unordered-list a-vertical a-spacing-mini\">\n<li><span class=\"a-list-item\">Speziell zur Korrektur von zervikalen Lordose (zu gerader Hals mit Verlust der nat\u00fcrlichen Kr\u00fcmmung). Bietet Komfort und Komfort, erh\u00f6ht die Ruhezeit. Ergonomisch und orthop\u00e4disch.<\/span><\/li>\n<li><span class=\"a-list-item\">Vielseitiges Kissen \/ Rolle, das Komfort f\u00fcr Nacken oder R\u00fccken bietet, w\u00e4hrend Sie zu Hause oder unterwegs schlafen. Lindert Stress an den \u00fcblichen Druckpunkten. Hilft, die nat\u00fcrliche Kurve der Halswirbel wiederherzustellen.<\/span><\/li>\n<li><span class=\"a-list-item\">Perfekt f\u00fcr den Hals. Vielseitig verwendbar, als Nierenkissen, Nackenst\u00fctze, R\u00fcckenst\u00fctze, Lendenwirbelpolster, Kopfst\u00fctze, Fahrhilfe und sogar als Umkippkissen f\u00fcr Babys. Ideal f\u00fcr Reisen. Passend f\u00fcr die meisten herk\u00f6mmlichen Kissen.<\/span><\/li>\n<li><span class=\"a-list-item\">Ma\u00dfe: 40 x 14 x 14 cm. Doppeltuchbezug: Innenseite aus Vliesstoff und Au\u00dfenseite aus Popeline (ist ein sehr vielseitiger Stoff, dank der Flexibilit\u00e4t der Mischung von Fasern w\u00e4hrend der Herstellung eines der am meisten gemischten Stoffe). F\u00fcllung aus synthetischer Watte. Flauschige und flauschige F\u00fcllung. Elastischer Verschluss.<\/span><\/li>\n<li><span class=\"a-list-item\">Vollst\u00e4ndig in Spanien aus hochwertigen Materialien hergestellt.<\/span><\/li>\n<\/ul>\n","protected":false},"excerpt":{"rendered":"<p>Zylindrisches Halskissen\/Kissen f\u00fcr die Lendenwirbels\u00e4ule | Lindert Hals- und Schulterschmerzen | Pflegt nat\u00fcrliche B\u00f6gen<\/p>\n<p><strong> Marke:<\/strong> Ortones<br \/>\n<strong>Ma\u00dfe: <\/strong> 40 x 14 x 14 cm.<\/p>\n","protected":false},"featured_media":2579,"template":"","meta":{"_et_pb_use_builder":"","_et_pb_old_content":"","_et_gb_content_width":""},"product_cat":[73],"product_tag":[],"yoast_head":"<!-- This site is optimized with the Yoast SEO plugin v20.5 - https:\/\/yoast.com\/wordpress\/plugins\/seo\/ -->\n<title>Zylindrisches Halskissen\/Kissen f\u00fcr die Lendenwirbels\u00e4ule - Comercial Nespral<\/title>\n<meta name=\"robots\" content=\"index, follow, max-snippet:-1, max-image-preview:large, max-video-preview:-1\" \/>\n<link rel=\"canonical\" href=\"https:\/\/comercialnespral.com\/de\/producto\/zylindrisches-halskissen-kissen-fuer-die-lendenwirbelsaeule\/\" \/>\n<meta property=\"og:locale\" content=\"de_DE\" \/>\n<meta property=\"og:type\" content=\"article\" \/>\n<meta property=\"og:title\" content=\"Zylindrisches Halskissen\/Kissen f\u00fcr die Lendenwirbels\u00e4ule - Comercial Nespral\" \/>\n<meta property=\"og:description\" content=\"Zylindrisches Halskissen\/Kissen f\u00fcr die Lendenwirbels\u00e4ule | Lindert Hals- und Schulterschmerzen | Pflegt nat\u00fcrliche B\u00f6gen   Marke: Ortones Ma\u00dfe: 40 x 14 x 14 cm.\" \/>\n<meta property=\"og:url\" content=\"https:\/\/comercialnespral.com\/de\/producto\/zylindrisches-halskissen-kissen-fuer-die-lendenwirbelsaeule\/\" \/>\n<meta property=\"og:site_name\" content=\"Comercial Nespral\" \/>\n<meta property=\"article:modified_time\" content=\"2023-04-20T16:15:39+00:00\" \/>\n<meta property=\"og:image\" content=\"https:\/\/comercialnespral.com\/wp-content\/uploads\/2022\/06\/Cojin-Cervical.jpg\" \/>\n\t<meta property=\"og:image:width\" content=\"679\" \/>\n\t<meta property=\"og:image:height\" content=\"550\" \/>\n\t<meta property=\"og:image:type\" content=\"image\/jpeg\" \/>\n<meta name=\"twitter:card\" content=\"summary_large_image\" \/>\n<meta name=\"twitter:label1\" content=\"Gesch\u00e4tzte Lesezeit\" \/>\n\t<meta name=\"twitter:data1\" content=\"1 Minute\" \/>\n<script type=\"application\/ld+json\" class=\"yoast-schema-graph\">{\"@context\":\"https:\/\/schema.org\",\"@graph\":[{\"@type\":\"WebPage\",\"@id\":\"https:\/\/comercialnespral.com\/de\/producto\/zylindrisches-halskissen-kissen-fuer-die-lendenwirbelsaeule\/\",\"url\":\"https:\/\/comercialnespral.com\/de\/producto\/zylindrisches-halskissen-kissen-fuer-die-lendenwirbelsaeule\/\",\"name\":\"Zylindrisches Halskissen\/Kissen f\u00fcr die Lendenwirbels\u00e4ule - Comercial Nespral\",\"isPartOf\":{\"@id\":\"https:\/\/comercialnespral.com\/#website\"},\"datePublished\":\"2023-04-20T16:14:16+00:00\",\"dateModified\":\"2023-04-20T16:15:39+00:00\",\"breadcrumb\":{\"@id\":\"https:\/\/comercialnespral.com\/de\/producto\/zylindrisches-halskissen-kissen-fuer-die-lendenwirbelsaeule\/#breadcrumb\"},\"inLanguage\":\"de-DE\",\"potentialAction\":[{\"@type\":\"ReadAction\",\"target\":[\"https:\/\/comercialnespral.com\/de\/producto\/zylindrisches-halskissen-kissen-fuer-die-lendenwirbelsaeule\/\"]}]},{\"@type\":\"BreadcrumbList\",\"@id\":\"https:\/\/comercialnespral.com\/de\/producto\/zylindrisches-halskissen-kissen-fuer-die-lendenwirbelsaeule\/#breadcrumb\",\"itemListElement\":[{\"@type\":\"ListItem\",\"position\":1,\"name\":\"Startseite\",\"item\":\"https:\/\/comercialnespral.com\/de\/\"},{\"@type\":\"ListItem\",\"position\":2,\"name\":\"Productos\",\"item\":\"https:\/\/comercialnespral.com\/tienda\/\"},{\"@type\":\"ListItem\",\"position\":3,\"name\":\"Zylindrisches Halskissen\/Kissen f\u00fcr die Lendenwirbels\u00e4ule\"}]},{\"@type\":\"WebSite\",\"@id\":\"https:\/\/comercialnespral.com\/#website\",\"url\":\"https:\/\/comercialnespral.com\/\",\"name\":\"Comercial Nespral\",\"description\":\"\",\"potentialAction\":[{\"@type\":\"SearchAction\",\"target\":{\"@type\":\"EntryPoint\",\"urlTemplate\":\"https:\/\/comercialnespral.com\/?s={search_term_string}\"},\"query-input\":\"required name=search_term_string\"}],\"inLanguage\":\"de-DE\"}]}<\/script>\n<!-- \/ Yoast SEO plugin. -->","yoast_head_json":{"title":"Zylindrisches Halskissen\/Kissen f\u00fcr die Lendenwirbels\u00e4ule - Comercial Nespral","robots":{"index":"index","follow":"follow","max-snippet":"max-snippet:-1","max-image-preview":"max-image-preview:large","max-video-preview":"max-video-preview:-1"},"canonical":"https:\/\/comercialnespral.com\/de\/producto\/zylindrisches-halskissen-kissen-fuer-die-lendenwirbelsaeule\/","og_locale":"de_DE","og_type":"article","og_title":"Zylindrisches Halskissen\/Kissen f\u00fcr die Lendenwirbels\u00e4ule - Comercial Nespral","og_description":"Zylindrisches Halskissen\/Kissen f\u00fcr die Lendenwirbels\u00e4ule | Lindert Hals- und Schulterschmerzen | Pflegt nat\u00fcrliche B\u00f6gen   Marke: Ortones Ma\u00dfe: 40 x 14 x 14 cm.","og_url":"https:\/\/comercialnespral.com\/de\/producto\/zylindrisches-halskissen-kissen-fuer-die-lendenwirbelsaeule\/","og_site_name":"Comercial Nespral","article_modified_time":"2023-04-20T16:15:39+00:00","og_image":[{"width":679,"height":550,"url":"https:\/\/comercialnespral.com\/wp-content\/uploads\/2022\/06\/Cojin-Cervical.jpg","type":"image\/jpeg"}],"twitter_card":"summary_large_image","twitter_misc":{"Gesch\u00e4tzte Lesezeit":"1 Minute"},"schema":{"@context":"https:\/\/schema.org","@graph":[{"@type":"WebPage","@id":"https:\/\/comercialnespral.com\/de\/producto\/zylindrisches-halskissen-kissen-fuer-die-lendenwirbelsaeule\/","url":"https:\/\/comercialnespral.com\/de\/producto\/zylindrisches-halskissen-kissen-fuer-die-lendenwirbelsaeule\/","name":"Zylindrisches Halskissen\/Kissen f\u00fcr die Lendenwirbels\u00e4ule - Comercial Nespral","isPartOf":{"@id":"https:\/\/comercialnespral.com\/#website"},"datePublished":"2023-04-20T16:14:16+00:00","dateModified":"2023-04-20T16:15:39+00:00","breadcrumb":{"@id":"https:\/\/comercialnespral.com\/de\/producto\/zylindrisches-halskissen-kissen-fuer-die-lendenwirbelsaeule\/#breadcrumb"},"inLanguage":"de-DE","potentialAction":[{"@type":"ReadAction","target":["https:\/\/comercialnespral.com\/de\/producto\/zylindrisches-halskissen-kissen-fuer-die-lendenwirbelsaeule\/"]}]},{"@type":"BreadcrumbList","@id":"https:\/\/comercialnespral.com\/de\/producto\/zylindrisches-halskissen-kissen-fuer-die-lendenwirbelsaeule\/#breadcrumb","itemListElement":[{"@type":"ListItem","position":1,"name":"Startseite","item":"https:\/\/comercialnespral.com\/de\/"},{"@type":"ListItem","position":2,"name":"Productos","item":"https:\/\/comercialnespral.com\/tienda\/"},{"@type":"ListItem","position":3,"name":"Zylindrisches Halskissen\/Kissen f\u00fcr die Lendenwirbels\u00e4ule"}]},{"@type":"WebSite","@id":"https:\/\/comercialnespral.com\/#website","url":"https:\/\/comercialnespral.com\/","name":"Comercial Nespral","description":"","potentialAction":[{"@type":"SearchAction","target":{"@type":"EntryPoint","urlTemplate":"https:\/\/comercialnespral.com\/?s={search_term_string}"},"query-input":"required name=search_term_string"}],"inLanguage":"de-DE"}]}},"_links":{"self":[{"href":"https:\/\/comercialnespral.com\/de\/wp-json\/wp\/v3\/product\/2667"}],"collection":[{"href":"https:\/\/comercialnespral.com\/de\/wp-json\/wp\/v3\/product"}],"about":[{"href":"https:\/\/comercialnespral.com\/de\/wp-json\/wp\/v2\/types\/product"}],"wp:featuredmedia":[{"embeddable":true,"href":"https:\/\/comercialnespral.com\/de\/wp-json\/wp\/v2\/media\/2579"}],"wp:attachment":[{"href":"https:\/\/comercialnespral.com\/de\/wp-json\/wp\/v2\/media?parent=2667"}],"wp:term":[{"taxonomy":"product_cat","embeddable":true,"href":"https:\/\/comercialnespral.com\/de\/wp-json\/wp\/v2\/product_cat?post=2667"},{"taxonomy":"product_tag","embeddable":true,"href":"https:\/\/comercialnespral.com\/de\/wp-json\/wp\/v2\/product_tag?post=2667"}],"curies":[{"name":"wp","href":"https:\/\/api.w.org\/{rel}","templated":true}]}}