{"id":2665,"date":"2023-04-20T16:05:56","date_gmt":"2023-04-20T16:05:56","guid":{"rendered":"https:\/\/comercialnespral.com\/producto\/babero-para-personas-mayores\/"},"modified":"2023-04-20T16:11:25","modified_gmt":"2023-04-20T16:11:25","slug":"babero-para-personas-mayores","status":"publish","type":"product","link":"https:\/\/comercialnespral.com\/de\/producto\/babero-para-personas-mayores\/","title":{"rendered":"Wasserdichte L\u00e4tzchen f\u00fcr Erwachsene"},"content":{"rendered":"<ul>\n<li><strong>Ortones:<\/strong> Wasserdichte L\u00e4tzchen, geeignet f\u00fcr \u00e4ltere Menschen mit Bed\u00fcrfnissen oder Kinder. Hygienische L\u00e4tzchen von sehr guter Qualit\u00e4t. Zubeh\u00f6r f\u00fcr das t\u00e4gliche Leben der Gesundheits- und K\u00f6rperpflege.<\/li>\n<li><strong>KOMFORT: <\/strong> Sie passen sich dank des Schnellverschlusses der Kontur des Halses an. Hergestellt ohne \u00e4u\u00dfere N\u00e4hte, um m\u00f6gliche Reibung auf der Haut zu vermeiden, weicher und komfortabler Touch. L\u00e4tzchen f\u00fcr \u00e4ltere Menschen und Kinder.<\/li>\n<li><strong>HYGIENISCH:<\/strong> Geriatrische L\u00e4tzchen mit unterem Fach Kr\u00fcmelf\u00e4nger, sch\u00fctzt die Kleidung und verhindert Flecken durch Versch\u00fctten oder Spritzer.<\/li>\n<li><strong>PU.MATERIALIEN QUALIT\u00c4T:<\/strong> 100 % PU Wasserdichte Sch\u00fcrzen. Hand- oder Maschinenwaschbar bei 90\u00ba, sterilisierbar im Autoklaven bei 120\u00ba Hochwertige Materialien.<\/li>\n<li>Hergestellt in Spanien.<\/li>\n<\/ul>\n","protected":false},"excerpt":{"rendered":"<p>Ortones | Wasserdichte L\u00e4tzchen f\u00fcr Erwachsene | Waschbarer L\u00e4tzchen Erwachsene | Latz f\u00fcr Erwachsene waschbar | L\u00e4tzchen f\u00fcr Erwachsene mit Auffangschale Wasserdicht Abwaschbar |2 st\u00fccke<\/p>\n<p><strong>Farbe:<\/strong> blau<br \/>\n<strong>Material:<\/strong>Kunstleder<br \/>\n<strong> Marke:<\/strong> Ortones<br \/>\n<strong>Artikelma\u00dfe<\/strong>: 25 x 18 x 2 cm<\/p>\n","protected":false},"featured_media":2574,"template":"","meta":{"_et_pb_use_builder":"","_et_pb_old_content":"","_et_gb_content_width":""},"product_cat":[73],"product_tag":[],"yoast_head":"<!-- This site is optimized with the Yoast SEO plugin v20.5 - https:\/\/yoast.com\/wordpress\/plugins\/seo\/ -->\n<title>Wasserdichte L\u00e4tzchen f\u00fcr Erwachsene - Comercial Nespral<\/title>\n<meta name=\"description\" content=\"Wasserdichte L\u00e4tzchen f\u00fcr Erwachsene |1 St\u00fcck Reutilizable 100% PU. Mit Auffangschale. Resistente e Ign\u00edfugo.\" \/>\n<meta name=\"robots\" content=\"index, follow, max-snippet:-1, max-image-preview:large, max-video-preview:-1\" \/>\n<link rel=\"canonical\" href=\"https:\/\/comercialnespral.com\/de\/producto\/babero-para-personas-mayores\/\" \/>\n<meta property=\"og:locale\" content=\"de_DE\" \/>\n<meta property=\"og:type\" content=\"article\" \/>\n<meta property=\"og:title\" content=\"Wasserdichte L\u00e4tzchen f\u00fcr Erwachsene - Comercial Nespral\" \/>\n<meta property=\"og:description\" content=\"Wasserdichte L\u00e4tzchen f\u00fcr Erwachsene |1 St\u00fcck Reutilizable 100% PU. Mit Auffangschale. Resistente e Ign\u00edfugo.\" \/>\n<meta property=\"og:url\" content=\"https:\/\/comercialnespral.com\/de\/producto\/babero-para-personas-mayores\/\" \/>\n<meta property=\"og:site_name\" content=\"Comercial Nespral\" \/>\n<meta property=\"article:modified_time\" content=\"2023-04-20T16:11:25+00:00\" \/>\n<meta property=\"og:image\" content=\"https:\/\/comercialnespral.com\/wp-content\/uploads\/2022\/06\/Babero-Personas-Mayores.jpg\" \/>\n\t<meta property=\"og:image:width\" content=\"569\" \/>\n\t<meta property=\"og:image:height\" content=\"1535\" \/>\n\t<meta property=\"og:image:type\" content=\"image\/jpeg\" \/>\n<meta name=\"twitter:card\" content=\"summary_large_image\" \/>\n<meta name=\"twitter:label1\" content=\"Gesch\u00e4tzte Lesezeit\" \/>\n\t<meta name=\"twitter:data1\" content=\"1 Minute\" \/>\n<script type=\"application\/ld+json\" class=\"yoast-schema-graph\">{\"@context\":\"https:\/\/schema.org\",\"@graph\":[{\"@type\":\"WebPage\",\"@id\":\"https:\/\/comercialnespral.com\/de\/producto\/babero-para-personas-mayores\/\",\"url\":\"https:\/\/comercialnespral.com\/de\/producto\/babero-para-personas-mayores\/\",\"name\":\"Wasserdichte L\u00e4tzchen f\u00fcr Erwachsene - Comercial Nespral\",\"isPartOf\":{\"@id\":\"https:\/\/comercialnespral.com\/#website\"},\"datePublished\":\"2023-04-20T16:05:56+00:00\",\"dateModified\":\"2023-04-20T16:11:25+00:00\",\"description\":\"Wasserdichte L\u00e4tzchen f\u00fcr Erwachsene |1 St\u00fcck Reutilizable 100% PU. Mit Auffangschale. Resistente e Ign\u00edfugo.\",\"breadcrumb\":{\"@id\":\"https:\/\/comercialnespral.com\/de\/producto\/babero-para-personas-mayores\/#breadcrumb\"},\"inLanguage\":\"de-DE\",\"potentialAction\":[{\"@type\":\"ReadAction\",\"target\":[\"https:\/\/comercialnespral.com\/de\/producto\/babero-para-personas-mayores\/\"]}]},{\"@type\":\"BreadcrumbList\",\"@id\":\"https:\/\/comercialnespral.com\/de\/producto\/babero-para-personas-mayores\/#breadcrumb\",\"itemListElement\":[{\"@type\":\"ListItem\",\"position\":1,\"name\":\"Startseite\",\"item\":\"https:\/\/comercialnespral.com\/de\/\"},{\"@type\":\"ListItem\",\"position\":2,\"name\":\"Productos\",\"item\":\"https:\/\/comercialnespral.com\/tienda\/\"},{\"@type\":\"ListItem\",\"position\":3,\"name\":\"Wasserdichte L\u00e4tzchen f\u00fcr Erwachsene\"}]},{\"@type\":\"WebSite\",\"@id\":\"https:\/\/comercialnespral.com\/#website\",\"url\":\"https:\/\/comercialnespral.com\/\",\"name\":\"Comercial Nespral\",\"description\":\"\",\"potentialAction\":[{\"@type\":\"SearchAction\",\"target\":{\"@type\":\"EntryPoint\",\"urlTemplate\":\"https:\/\/comercialnespral.com\/?s={search_term_string}\"},\"query-input\":\"required name=search_term_string\"}],\"inLanguage\":\"de-DE\"}]}<\/script>\n<!-- \/ Yoast SEO plugin. -->","yoast_head_json":{"title":"Wasserdichte L\u00e4tzchen f\u00fcr Erwachsene - Comercial Nespral","description":"Wasserdichte L\u00e4tzchen f\u00fcr Erwachsene |1 St\u00fcck Reutilizable 100% PU. Mit Auffangschale. Resistente e Ign\u00edfugo.","robots":{"index":"index","follow":"follow","max-snippet":"max-snippet:-1","max-image-preview":"max-image-preview:large","max-video-preview":"max-video-preview:-1"},"canonical":"https:\/\/comercialnespral.com\/de\/producto\/babero-para-personas-mayores\/","og_locale":"de_DE","og_type":"article","og_title":"Wasserdichte L\u00e4tzchen f\u00fcr Erwachsene - Comercial Nespral","og_description":"Wasserdichte L\u00e4tzchen f\u00fcr Erwachsene |1 St\u00fcck Reutilizable 100% PU. Mit Auffangschale. Resistente e Ign\u00edfugo.","og_url":"https:\/\/comercialnespral.com\/de\/producto\/babero-para-personas-mayores\/","og_site_name":"Comercial Nespral","article_modified_time":"2023-04-20T16:11:25+00:00","og_image":[{"width":569,"height":1535,"url":"https:\/\/comercialnespral.com\/wp-content\/uploads\/2022\/06\/Babero-Personas-Mayores.jpg","type":"image\/jpeg"}],"twitter_card":"summary_large_image","twitter_misc":{"Gesch\u00e4tzte Lesezeit":"1 Minute"},"schema":{"@context":"https:\/\/schema.org","@graph":[{"@type":"WebPage","@id":"https:\/\/comercialnespral.com\/de\/producto\/babero-para-personas-mayores\/","url":"https:\/\/comercialnespral.com\/de\/producto\/babero-para-personas-mayores\/","name":"Wasserdichte L\u00e4tzchen f\u00fcr Erwachsene - Comercial Nespral","isPartOf":{"@id":"https:\/\/comercialnespral.com\/#website"},"datePublished":"2023-04-20T16:05:56+00:00","dateModified":"2023-04-20T16:11:25+00:00","description":"Wasserdichte L\u00e4tzchen f\u00fcr Erwachsene |1 St\u00fcck Reutilizable 100% PU. Mit Auffangschale. Resistente e Ign\u00edfugo.","breadcrumb":{"@id":"https:\/\/comercialnespral.com\/de\/producto\/babero-para-personas-mayores\/#breadcrumb"},"inLanguage":"de-DE","potentialAction":[{"@type":"ReadAction","target":["https:\/\/comercialnespral.com\/de\/producto\/babero-para-personas-mayores\/"]}]},{"@type":"BreadcrumbList","@id":"https:\/\/comercialnespral.com\/de\/producto\/babero-para-personas-mayores\/#breadcrumb","itemListElement":[{"@type":"ListItem","position":1,"name":"Startseite","item":"https:\/\/comercialnespral.com\/de\/"},{"@type":"ListItem","position":2,"name":"Productos","item":"https:\/\/comercialnespral.com\/tienda\/"},{"@type":"ListItem","position":3,"name":"Wasserdichte L\u00e4tzchen f\u00fcr Erwachsene"}]},{"@type":"WebSite","@id":"https:\/\/comercialnespral.com\/#website","url":"https:\/\/comercialnespral.com\/","name":"Comercial Nespral","description":"","potentialAction":[{"@type":"SearchAction","target":{"@type":"EntryPoint","urlTemplate":"https:\/\/comercialnespral.com\/?s={search_term_string}"},"query-input":"required name=search_term_string"}],"inLanguage":"de-DE"}]}},"_links":{"self":[{"href":"https:\/\/comercialnespral.com\/de\/wp-json\/wp\/v3\/product\/2665"}],"collection":[{"href":"https:\/\/comercialnespral.com\/de\/wp-json\/wp\/v3\/product"}],"about":[{"href":"https:\/\/comercialnespral.com\/de\/wp-json\/wp\/v2\/types\/product"}],"wp:featuredmedia":[{"embeddable":true,"href":"https:\/\/comercialnespral.com\/de\/wp-json\/wp\/v2\/media\/2574"}],"wp:attachment":[{"href":"https:\/\/comercialnespral.com\/de\/wp-json\/wp\/v2\/media?parent=2665"}],"wp:term":[{"taxonomy":"product_cat","embeddable":true,"href":"https:\/\/comercialnespral.com\/de\/wp-json\/wp\/v2\/product_cat?post=2665"},{"taxonomy":"product_tag","embeddable":true,"href":"https:\/\/comercialnespral.com\/de\/wp-json\/wp\/v2\/product_tag?post=2665"}],"curies":[{"name":"wp","href":"https:\/\/api.w.org\/{rel}","templated":true}]}}