{"id":2662,"date":"2023-04-20T15:43:41","date_gmt":"2023-04-20T15:43:41","guid":{"rendered":"https:\/\/comercialnespral.com\/producto\/beinstuetze-schlafkissen-stuetzkissen-fuer-seitenschlaefer\/"},"modified":"2023-04-20T15:46:33","modified_gmt":"2023-04-20T15:46:33","slug":"beinstuetze-schlafkissen-stuetzkissen-fuer-seitenschlaefer","status":"publish","type":"product","link":"https:\/\/comercialnespral.com\/de\/producto\/beinstuetze-schlafkissen-stuetzkissen-fuer-seitenschlaefer\/","title":{"rendered":"Beinst\u00fctze Schlafkissen | St\u00fctzkissen f\u00fcr Seitenschl\u00e4fer"},"content":{"rendered":"<ul>\n<li>Das Orthop\u00e4dische Kissen von Orthos beseitigt den Stress des Alltags. Passt bequem zwischen den Beinen und bietet die ideale Ausrichtung f\u00fcr Wirbels\u00e4ule, H\u00fcften und Knie. Verbessert die Durchblutung. Kurz gesagt, verbessern Sie Ihre Lebensqualit\u00e4t. Kissen speziell f\u00fcr Schwangere entwickelt.<\/li>\n<li>Das Kissen lindert Schwangerschafts- und Postgeburtenschmerzen. Die zuk\u00fcnftige Mutter schl\u00e4ft auf der Seite. Bietet die perfekte Unterst\u00fctzung f\u00fcr Ihren K\u00f6rper. Weich und fest zugleich. Vielseitige Einsatzm\u00f6glichkeiten: Unser Kniekissen von Ortones kann in einer Vielzahl von Positionen verwendet werden. Bauchst\u00fctze f\u00fcr Schwangere Trennt Beine und Knie.<\/li>\n<li>Einbein- oder Kniest\u00fctze beim Schlafen auf der Seite. Richten Sie Ihre Wirbels\u00e4ule aus. Kann zum Lesen, Ausruhen, Schlafen, Yoga usw. Verwendet werden. Ohne Riemen Wenn Sie schlafen, bleibt die Position nie in der gleichen Position, daher haben wir ein tr\u00e4gerloses Design, um unn\u00f6tige Beschwerden beim Umziehen zu vermeiden. Kein Verlust im Bett bei n\u00e4chtlichen Bewegungen.<\/li>\n<li>Hergestellt in Spanien. Gr\u00f6\u00dfe: 15 x 20 x 24 cm. Zusammensetzung: Innenmaterial: weicher PU-Schaumstoff 25D.<\/li>\n<li>Au\u00dfen: atmungsaktives Aloe Vera-Gewebe.<\/li>\n<\/ul>\n","protected":false},"excerpt":{"rendered":"<p>Beinst\u00fctze Schlafkissen | St\u00fctzkissen f\u00fcr Seitenschl\u00e4fer | Ideal f\u00fcr Schwangere Lindert R\u00fcckenschmerzen, Ischias, Knie, H\u00fcfte, Gelenke | Aloe Vera Stoff<\/p>\n<p><strong>Marke:<\/strong> Ortones<br \/>\n<strong>Besonderes:<\/strong> Merkmal Orthop\u00e4disch<br \/>\n<strong>Form:<\/strong> Rechteckig<br \/>\n<strong>Material Schaum<\/strong>, Polyurethanschaum<br \/>\n<strong>Artikelma\u00dfe<\/strong> L x B x H 24 x 20 x 15 cm<\/p>\n","protected":false},"featured_media":2565,"template":"","meta":{"_et_pb_use_builder":"","_et_pb_old_content":"","_et_gb_content_width":""},"product_cat":[73],"product_tag":[],"yoast_head":"<!-- This site is optimized with the Yoast SEO plugin v20.5 - https:\/\/yoast.com\/wordpress\/plugins\/seo\/ -->\n<title>Beinst\u00fctze Schlafkissen | St\u00fctzkissen f\u00fcr Seitenschl\u00e4fer - Comercial Nespral<\/title>\n<meta name=\"description\" content=\"Beinst\u00fctze Schlafkissen | St\u00fctzkissen f\u00fcr Seitenschl\u00e4fer | Ideal f\u00fcr Schwangere Lindert R\u00fcckenschmerzen, Ischias, Knie, H\u00fcfte, Gelenke | Aloe Vera Stoff\" \/>\n<meta name=\"robots\" content=\"index, follow, max-snippet:-1, max-image-preview:large, max-video-preview:-1\" \/>\n<link rel=\"canonical\" href=\"https:\/\/comercialnespral.com\/de\/producto\/beinstuetze-schlafkissen-stuetzkissen-fuer-seitenschlaefer\/\" \/>\n<meta property=\"og:locale\" content=\"de_DE\" \/>\n<meta property=\"og:type\" content=\"article\" \/>\n<meta property=\"og:title\" content=\"Beinst\u00fctze Schlafkissen | St\u00fctzkissen f\u00fcr Seitenschl\u00e4fer - Comercial Nespral\" \/>\n<meta property=\"og:description\" content=\"Beinst\u00fctze Schlafkissen | St\u00fctzkissen f\u00fcr Seitenschl\u00e4fer | Ideal f\u00fcr Schwangere Lindert R\u00fcckenschmerzen, Ischias, Knie, H\u00fcfte, Gelenke | Aloe Vera Stoff\" \/>\n<meta property=\"og:url\" content=\"https:\/\/comercialnespral.com\/de\/producto\/beinstuetze-schlafkissen-stuetzkissen-fuer-seitenschlaefer\/\" \/>\n<meta property=\"og:site_name\" content=\"Comercial Nespral\" \/>\n<meta property=\"article:modified_time\" content=\"2023-04-20T15:46:33+00:00\" \/>\n<meta property=\"og:image\" content=\"https:\/\/comercialnespral.com\/wp-content\/uploads\/2022\/06\/Almohada-de-Piernas-para-Dormir.jpg\" \/>\n\t<meta property=\"og:image:width\" content=\"679\" \/>\n\t<meta property=\"og:image:height\" content=\"679\" \/>\n\t<meta property=\"og:image:type\" content=\"image\/jpeg\" \/>\n<meta name=\"twitter:card\" content=\"summary_large_image\" \/>\n<meta name=\"twitter:label1\" content=\"Gesch\u00e4tzte Lesezeit\" \/>\n\t<meta name=\"twitter:data1\" content=\"1 Minute\" \/>\n<script type=\"application\/ld+json\" class=\"yoast-schema-graph\">{\"@context\":\"https:\/\/schema.org\",\"@graph\":[{\"@type\":\"WebPage\",\"@id\":\"https:\/\/comercialnespral.com\/de\/producto\/beinstuetze-schlafkissen-stuetzkissen-fuer-seitenschlaefer\/\",\"url\":\"https:\/\/comercialnespral.com\/de\/producto\/beinstuetze-schlafkissen-stuetzkissen-fuer-seitenschlaefer\/\",\"name\":\"Beinst\u00fctze Schlafkissen | St\u00fctzkissen f\u00fcr Seitenschl\u00e4fer - Comercial Nespral\",\"isPartOf\":{\"@id\":\"https:\/\/comercialnespral.com\/#website\"},\"datePublished\":\"2023-04-20T15:43:41+00:00\",\"dateModified\":\"2023-04-20T15:46:33+00:00\",\"description\":\"Beinst\u00fctze Schlafkissen | St\u00fctzkissen f\u00fcr Seitenschl\u00e4fer | Ideal f\u00fcr Schwangere Lindert R\u00fcckenschmerzen, Ischias, Knie, H\u00fcfte, Gelenke | Aloe Vera Stoff\",\"breadcrumb\":{\"@id\":\"https:\/\/comercialnespral.com\/de\/producto\/beinstuetze-schlafkissen-stuetzkissen-fuer-seitenschlaefer\/#breadcrumb\"},\"inLanguage\":\"de-DE\",\"potentialAction\":[{\"@type\":\"ReadAction\",\"target\":[\"https:\/\/comercialnespral.com\/de\/producto\/beinstuetze-schlafkissen-stuetzkissen-fuer-seitenschlaefer\/\"]}]},{\"@type\":\"BreadcrumbList\",\"@id\":\"https:\/\/comercialnespral.com\/de\/producto\/beinstuetze-schlafkissen-stuetzkissen-fuer-seitenschlaefer\/#breadcrumb\",\"itemListElement\":[{\"@type\":\"ListItem\",\"position\":1,\"name\":\"Startseite\",\"item\":\"https:\/\/comercialnespral.com\/de\/\"},{\"@type\":\"ListItem\",\"position\":2,\"name\":\"Productos\",\"item\":\"https:\/\/comercialnespral.com\/tienda\/\"},{\"@type\":\"ListItem\",\"position\":3,\"name\":\"Beinst\u00fctze Schlafkissen | St\u00fctzkissen f\u00fcr Seitenschl\u00e4fer\"}]},{\"@type\":\"WebSite\",\"@id\":\"https:\/\/comercialnespral.com\/#website\",\"url\":\"https:\/\/comercialnespral.com\/\",\"name\":\"Comercial Nespral\",\"description\":\"\",\"potentialAction\":[{\"@type\":\"SearchAction\",\"target\":{\"@type\":\"EntryPoint\",\"urlTemplate\":\"https:\/\/comercialnespral.com\/?s={search_term_string}\"},\"query-input\":\"required name=search_term_string\"}],\"inLanguage\":\"de-DE\"}]}<\/script>\n<!-- \/ Yoast SEO plugin. -->","yoast_head_json":{"title":"Beinst\u00fctze Schlafkissen | St\u00fctzkissen f\u00fcr Seitenschl\u00e4fer - Comercial Nespral","description":"Beinst\u00fctze Schlafkissen | St\u00fctzkissen f\u00fcr Seitenschl\u00e4fer | Ideal f\u00fcr Schwangere Lindert R\u00fcckenschmerzen, Ischias, Knie, H\u00fcfte, Gelenke | Aloe Vera Stoff","robots":{"index":"index","follow":"follow","max-snippet":"max-snippet:-1","max-image-preview":"max-image-preview:large","max-video-preview":"max-video-preview:-1"},"canonical":"https:\/\/comercialnespral.com\/de\/producto\/beinstuetze-schlafkissen-stuetzkissen-fuer-seitenschlaefer\/","og_locale":"de_DE","og_type":"article","og_title":"Beinst\u00fctze Schlafkissen | St\u00fctzkissen f\u00fcr Seitenschl\u00e4fer - Comercial Nespral","og_description":"Beinst\u00fctze Schlafkissen | St\u00fctzkissen f\u00fcr Seitenschl\u00e4fer | Ideal f\u00fcr Schwangere Lindert R\u00fcckenschmerzen, Ischias, Knie, H\u00fcfte, Gelenke | Aloe Vera Stoff","og_url":"https:\/\/comercialnespral.com\/de\/producto\/beinstuetze-schlafkissen-stuetzkissen-fuer-seitenschlaefer\/","og_site_name":"Comercial Nespral","article_modified_time":"2023-04-20T15:46:33+00:00","og_image":[{"width":679,"height":679,"url":"https:\/\/comercialnespral.com\/wp-content\/uploads\/2022\/06\/Almohada-de-Piernas-para-Dormir.jpg","type":"image\/jpeg"}],"twitter_card":"summary_large_image","twitter_misc":{"Gesch\u00e4tzte Lesezeit":"1 Minute"},"schema":{"@context":"https:\/\/schema.org","@graph":[{"@type":"WebPage","@id":"https:\/\/comercialnespral.com\/de\/producto\/beinstuetze-schlafkissen-stuetzkissen-fuer-seitenschlaefer\/","url":"https:\/\/comercialnespral.com\/de\/producto\/beinstuetze-schlafkissen-stuetzkissen-fuer-seitenschlaefer\/","name":"Beinst\u00fctze Schlafkissen | St\u00fctzkissen f\u00fcr Seitenschl\u00e4fer - Comercial Nespral","isPartOf":{"@id":"https:\/\/comercialnespral.com\/#website"},"datePublished":"2023-04-20T15:43:41+00:00","dateModified":"2023-04-20T15:46:33+00:00","description":"Beinst\u00fctze Schlafkissen | St\u00fctzkissen f\u00fcr Seitenschl\u00e4fer | Ideal f\u00fcr Schwangere Lindert R\u00fcckenschmerzen, Ischias, Knie, H\u00fcfte, Gelenke | Aloe Vera Stoff","breadcrumb":{"@id":"https:\/\/comercialnespral.com\/de\/producto\/beinstuetze-schlafkissen-stuetzkissen-fuer-seitenschlaefer\/#breadcrumb"},"inLanguage":"de-DE","potentialAction":[{"@type":"ReadAction","target":["https:\/\/comercialnespral.com\/de\/producto\/beinstuetze-schlafkissen-stuetzkissen-fuer-seitenschlaefer\/"]}]},{"@type":"BreadcrumbList","@id":"https:\/\/comercialnespral.com\/de\/producto\/beinstuetze-schlafkissen-stuetzkissen-fuer-seitenschlaefer\/#breadcrumb","itemListElement":[{"@type":"ListItem","position":1,"name":"Startseite","item":"https:\/\/comercialnespral.com\/de\/"},{"@type":"ListItem","position":2,"name":"Productos","item":"https:\/\/comercialnespral.com\/tienda\/"},{"@type":"ListItem","position":3,"name":"Beinst\u00fctze Schlafkissen | St\u00fctzkissen f\u00fcr Seitenschl\u00e4fer"}]},{"@type":"WebSite","@id":"https:\/\/comercialnespral.com\/#website","url":"https:\/\/comercialnespral.com\/","name":"Comercial Nespral","description":"","potentialAction":[{"@type":"SearchAction","target":{"@type":"EntryPoint","urlTemplate":"https:\/\/comercialnespral.com\/?s={search_term_string}"},"query-input":"required name=search_term_string"}],"inLanguage":"de-DE"}]}},"_links":{"self":[{"href":"https:\/\/comercialnespral.com\/de\/wp-json\/wp\/v3\/product\/2662"}],"collection":[{"href":"https:\/\/comercialnespral.com\/de\/wp-json\/wp\/v3\/product"}],"about":[{"href":"https:\/\/comercialnespral.com\/de\/wp-json\/wp\/v2\/types\/product"}],"wp:featuredmedia":[{"embeddable":true,"href":"https:\/\/comercialnespral.com\/de\/wp-json\/wp\/v2\/media\/2565"}],"wp:attachment":[{"href":"https:\/\/comercialnespral.com\/de\/wp-json\/wp\/v2\/media?parent=2662"}],"wp:term":[{"taxonomy":"product_cat","embeddable":true,"href":"https:\/\/comercialnespral.com\/de\/wp-json\/wp\/v2\/product_cat?post=2662"},{"taxonomy":"product_tag","embeddable":true,"href":"https:\/\/comercialnespral.com\/de\/wp-json\/wp\/v2\/product_tag?post=2662"}],"curies":[{"name":"wp","href":"https:\/\/api.w.org\/{rel}","templated":true}]}}