{"id":2642,"date":"2023-04-20T14:33:25","date_gmt":"2023-04-20T14:33:25","guid":{"rendered":"https:\/\/comercialnespral.com\/producto\/rueckenbandage-triband-rueckenbandage-rueckengurt\/"},"modified":"2023-04-20T14:37:23","modified_gmt":"2023-04-20T14:37:23","slug":"rueckenbandage-triband-rueckenbandage-rueckengurt","status":"publish","type":"product","link":"https:\/\/comercialnespral.com\/de\/producto\/rueckenbandage-triband-rueckenbandage-rueckengurt\/","title":{"rendered":"R\u00fcckenbandage Triband | R\u00fcckenbandage R\u00fcckengurt"},"content":{"rendered":"<ul>\n<li><strong>NUTZEN:<\/strong> Der ORTONES R\u00fcckenbandage Triband Girdle dient zur Unterst\u00fctzung und Eind\u00e4mmung der Lenden- und Sakralregion des R\u00fcckens. Sie ist indiziert bei chronischen Kreuzschmerzen infolge verschiedener Pathologien, Verletzungen, F\u00e4llen von Hexenschuss, lumbaler Arthrose, Osteoporose, postoperativem Bandscheibenvorfall, Muskelschw\u00e4che, degenerativen Prozessen oder Rehabilitation, postpartal. Ideal zur Kompression und Unterst\u00fctzung nach Operationen.<\/li>\n<li><strong>RELIEF:<\/strong> Der ORTONES Lendenst\u00fctzg\u00fcrtel erm\u00f6glicht es Ihnen, wieder in den Schwung des Alltags zu kommen, indem er Ihrem unteren R\u00fccken zus\u00e4tzliche Kompression verleiht und Ihre Taille sch\u00fctzt. Sie hilft, Ihre Wirbels\u00e4ule und Lendenwirbels\u00e4ule in einer aufrechten Position stabil zu halten, ohne jedoch die Bewegungsfreiheit einzuschr\u00e4nken. Damit k\u00f6nnen Sie sich von R\u00fcckenschmerzen verabschieden und Ihre Lebensqualit\u00e4t verbessern.<\/li>\n<li><strong>KOMFORT:<\/strong> Ergonomisches Design. Durch die drei B\u00e4nder wird die Lendenwirbels\u00e4ule besser unterst\u00fctzt. Elastisch ohne Wale. Mit Klettverschluss-System zur Erleichterung der Unterwerfung von ultra-resistenter Industriequalit\u00e4t. Die Passform ist eng anliegend und diskret unter der Kleidung. Rutscht nicht nach unten. F\u00fchlt sich weich an. Kann f\u00fcr B\u00fcroarbeit, t\u00e4gliche Arbeit, Autofahren, Arbeitsschutz usw. verwendet werden.<\/li>\n<li><strong>KOMFORTABEL, ATMUNGSFREUNDLICH UND LEICHT<\/strong>: Er hat eine H\u00f6he von 24 cm und f\u00e4ngt so den Lendenbereich vollst\u00e4ndig auf. Mit drei verschiedenen Gr\u00f6\u00dfen, S: von 60 bis 75 cm M: von 75 bis 90 cm. L: von 90 bis 115 cm. F\u00fcr die korrekte Gr\u00f6\u00dfenbestimmung verwenden Sie ein Ma\u00dfband, um Ihre Taille auf der H\u00f6he des Bauchnabels zu messen.<\/li>\n<li><strong>Hergestellt in Spanien.<\/strong> Zusammensetzung: Polyester: 75%, Polyamid: 15%, Elastik: 10%. Atmungsaktives Gewebe mit Baumwolle. Nicht verwenden bei einer Allergie gegen einen der Inhaltsstoffe. Nicht auf offenen Wunden anwenden.<\/li>\n<\/ul>\n","protected":false},"excerpt":{"rendered":"<p>Ortones | R\u00fcckenbandage Triband | R\u00fcckenbandage R\u00fcckengurt | Bauch und R\u00fcckenst\u00fctzg\u00fcrtel Bauchwegg\u00fcrtel | R\u00fcckenbandage Rendenwirbel | Bandage bei Leichten R\u00fcckenschmerzen | (Klein: 60-75 cm)<\/p>\n<p><strong> Marke:<\/strong> Ortones<br \/>\n<strong>Zur Verwendung f\u00fcr:<\/strong> Abdomen<br \/>\n<strong>Gr\u00f6\u00dfe<\/strong> S: von 60 bis 75 cm M: von 75 bis 90 cm. L: von 90 bis 115 cm<br \/>\n<strong>Zusammensetzung:<\/strong> Polyester: 75%, Polyamid: 15%, Elastik: 10%.<br \/>\n<strong>Besonderes Merkmal :<\/strong> Ajustable<\/p>\n","protected":false},"featured_media":2554,"template":"","meta":{"_et_pb_use_builder":"","_et_pb_old_content":"","_et_gb_content_width":""},"product_cat":[72],"product_tag":[],"yoast_head":"<!-- This site is optimized with the Yoast SEO plugin v20.5 - https:\/\/yoast.com\/wordpress\/plugins\/seo\/ -->\n<title>R\u00fcckenbandage Triband | R\u00fcckenbandage R\u00fcckengurt - Comercial Nespral<\/title>\n<meta name=\"description\" content=\"R\u00fcckenbandage Triband | R\u00fcckenbandage R\u00fcckengurt | Bauch und R\u00fcckenst\u00fctzg\u00fcrtel Bauchwegg\u00fcrtel | R\u00fcckenbandage Rendenwirbel | Bandage bei Leichten R\u00fcckenschmerzen | (Klein: 60-75 cm)\" \/>\n<meta name=\"robots\" content=\"index, follow, max-snippet:-1, max-image-preview:large, max-video-preview:-1\" \/>\n<link rel=\"canonical\" href=\"https:\/\/comercialnespral.com\/de\/producto\/rueckenbandage-triband-rueckenbandage-rueckengurt\/\" \/>\n<meta property=\"og:locale\" content=\"de_DE\" \/>\n<meta property=\"og:type\" content=\"article\" \/>\n<meta property=\"og:title\" content=\"R\u00fcckenbandage Triband | R\u00fcckenbandage R\u00fcckengurt - Comercial Nespral\" \/>\n<meta property=\"og:description\" content=\"R\u00fcckenbandage Triband | R\u00fcckenbandage R\u00fcckengurt | Bauch und R\u00fcckenst\u00fctzg\u00fcrtel Bauchwegg\u00fcrtel | R\u00fcckenbandage Rendenwirbel | Bandage bei Leichten R\u00fcckenschmerzen | (Klein: 60-75 cm)\" \/>\n<meta property=\"og:url\" content=\"https:\/\/comercialnespral.com\/de\/producto\/rueckenbandage-triband-rueckenbandage-rueckengurt\/\" \/>\n<meta property=\"og:site_name\" content=\"Comercial Nespral\" \/>\n<meta property=\"article:modified_time\" content=\"2023-04-20T14:37:23+00:00\" \/>\n<meta property=\"og:image\" content=\"https:\/\/comercialnespral.com\/wp-content\/uploads\/2022\/06\/Faja.jpg\" \/>\n\t<meta property=\"og:image:width\" content=\"522\" \/>\n\t<meta property=\"og:image:height\" content=\"522\" \/>\n\t<meta property=\"og:image:type\" content=\"image\/jpeg\" \/>\n<meta name=\"twitter:card\" content=\"summary_large_image\" \/>\n<meta name=\"twitter:label1\" content=\"Gesch\u00e4tzte Lesezeit\" \/>\n\t<meta name=\"twitter:data1\" content=\"2 Minuten\" \/>\n<script type=\"application\/ld+json\" class=\"yoast-schema-graph\">{\"@context\":\"https:\/\/schema.org\",\"@graph\":[{\"@type\":\"WebPage\",\"@id\":\"https:\/\/comercialnespral.com\/de\/producto\/rueckenbandage-triband-rueckenbandage-rueckengurt\/\",\"url\":\"https:\/\/comercialnespral.com\/de\/producto\/rueckenbandage-triband-rueckenbandage-rueckengurt\/\",\"name\":\"R\u00fcckenbandage Triband | R\u00fcckenbandage R\u00fcckengurt - Comercial Nespral\",\"isPartOf\":{\"@id\":\"https:\/\/comercialnespral.com\/#website\"},\"datePublished\":\"2023-04-20T14:33:25+00:00\",\"dateModified\":\"2023-04-20T14:37:23+00:00\",\"description\":\"R\u00fcckenbandage Triband | R\u00fcckenbandage R\u00fcckengurt | Bauch und R\u00fcckenst\u00fctzg\u00fcrtel Bauchwegg\u00fcrtel | R\u00fcckenbandage Rendenwirbel | Bandage bei Leichten R\u00fcckenschmerzen | (Klein: 60-75 cm)\",\"breadcrumb\":{\"@id\":\"https:\/\/comercialnespral.com\/de\/producto\/rueckenbandage-triband-rueckenbandage-rueckengurt\/#breadcrumb\"},\"inLanguage\":\"de-DE\",\"potentialAction\":[{\"@type\":\"ReadAction\",\"target\":[\"https:\/\/comercialnespral.com\/de\/producto\/rueckenbandage-triband-rueckenbandage-rueckengurt\/\"]}]},{\"@type\":\"BreadcrumbList\",\"@id\":\"https:\/\/comercialnespral.com\/de\/producto\/rueckenbandage-triband-rueckenbandage-rueckengurt\/#breadcrumb\",\"itemListElement\":[{\"@type\":\"ListItem\",\"position\":1,\"name\":\"Startseite\",\"item\":\"https:\/\/comercialnespral.com\/de\/\"},{\"@type\":\"ListItem\",\"position\":2,\"name\":\"Productos\",\"item\":\"https:\/\/comercialnespral.com\/tienda\/\"},{\"@type\":\"ListItem\",\"position\":3,\"name\":\"R\u00fcckenbandage Triband | R\u00fcckenbandage R\u00fcckengurt\"}]},{\"@type\":\"WebSite\",\"@id\":\"https:\/\/comercialnespral.com\/#website\",\"url\":\"https:\/\/comercialnespral.com\/\",\"name\":\"Comercial Nespral\",\"description\":\"\",\"potentialAction\":[{\"@type\":\"SearchAction\",\"target\":{\"@type\":\"EntryPoint\",\"urlTemplate\":\"https:\/\/comercialnespral.com\/?s={search_term_string}\"},\"query-input\":\"required name=search_term_string\"}],\"inLanguage\":\"de-DE\"}]}<\/script>\n<!-- \/ Yoast SEO plugin. -->","yoast_head_json":{"title":"R\u00fcckenbandage Triband | R\u00fcckenbandage R\u00fcckengurt - Comercial Nespral","description":"R\u00fcckenbandage Triband | R\u00fcckenbandage R\u00fcckengurt | Bauch und R\u00fcckenst\u00fctzg\u00fcrtel Bauchwegg\u00fcrtel | R\u00fcckenbandage Rendenwirbel | Bandage bei Leichten R\u00fcckenschmerzen | (Klein: 60-75 cm)","robots":{"index":"index","follow":"follow","max-snippet":"max-snippet:-1","max-image-preview":"max-image-preview:large","max-video-preview":"max-video-preview:-1"},"canonical":"https:\/\/comercialnespral.com\/de\/producto\/rueckenbandage-triband-rueckenbandage-rueckengurt\/","og_locale":"de_DE","og_type":"article","og_title":"R\u00fcckenbandage Triband | R\u00fcckenbandage R\u00fcckengurt - Comercial Nespral","og_description":"R\u00fcckenbandage Triband | R\u00fcckenbandage R\u00fcckengurt | Bauch und R\u00fcckenst\u00fctzg\u00fcrtel Bauchwegg\u00fcrtel | R\u00fcckenbandage Rendenwirbel | Bandage bei Leichten R\u00fcckenschmerzen | (Klein: 60-75 cm)","og_url":"https:\/\/comercialnespral.com\/de\/producto\/rueckenbandage-triband-rueckenbandage-rueckengurt\/","og_site_name":"Comercial Nespral","article_modified_time":"2023-04-20T14:37:23+00:00","og_image":[{"width":522,"height":522,"url":"https:\/\/comercialnespral.com\/wp-content\/uploads\/2022\/06\/Faja.jpg","type":"image\/jpeg"}],"twitter_card":"summary_large_image","twitter_misc":{"Gesch\u00e4tzte Lesezeit":"2 Minuten"},"schema":{"@context":"https:\/\/schema.org","@graph":[{"@type":"WebPage","@id":"https:\/\/comercialnespral.com\/de\/producto\/rueckenbandage-triband-rueckenbandage-rueckengurt\/","url":"https:\/\/comercialnespral.com\/de\/producto\/rueckenbandage-triband-rueckenbandage-rueckengurt\/","name":"R\u00fcckenbandage Triband | R\u00fcckenbandage R\u00fcckengurt - Comercial Nespral","isPartOf":{"@id":"https:\/\/comercialnespral.com\/#website"},"datePublished":"2023-04-20T14:33:25+00:00","dateModified":"2023-04-20T14:37:23+00:00","description":"R\u00fcckenbandage Triband | R\u00fcckenbandage R\u00fcckengurt | Bauch und R\u00fcckenst\u00fctzg\u00fcrtel Bauchwegg\u00fcrtel | R\u00fcckenbandage Rendenwirbel | Bandage bei Leichten R\u00fcckenschmerzen | (Klein: 60-75 cm)","breadcrumb":{"@id":"https:\/\/comercialnespral.com\/de\/producto\/rueckenbandage-triband-rueckenbandage-rueckengurt\/#breadcrumb"},"inLanguage":"de-DE","potentialAction":[{"@type":"ReadAction","target":["https:\/\/comercialnespral.com\/de\/producto\/rueckenbandage-triband-rueckenbandage-rueckengurt\/"]}]},{"@type":"BreadcrumbList","@id":"https:\/\/comercialnespral.com\/de\/producto\/rueckenbandage-triband-rueckenbandage-rueckengurt\/#breadcrumb","itemListElement":[{"@type":"ListItem","position":1,"name":"Startseite","item":"https:\/\/comercialnespral.com\/de\/"},{"@type":"ListItem","position":2,"name":"Productos","item":"https:\/\/comercialnespral.com\/tienda\/"},{"@type":"ListItem","position":3,"name":"R\u00fcckenbandage Triband | R\u00fcckenbandage R\u00fcckengurt"}]},{"@type":"WebSite","@id":"https:\/\/comercialnespral.com\/#website","url":"https:\/\/comercialnespral.com\/","name":"Comercial Nespral","description":"","potentialAction":[{"@type":"SearchAction","target":{"@type":"EntryPoint","urlTemplate":"https:\/\/comercialnespral.com\/?s={search_term_string}"},"query-input":"required name=search_term_string"}],"inLanguage":"de-DE"}]}},"_links":{"self":[{"href":"https:\/\/comercialnespral.com\/de\/wp-json\/wp\/v3\/product\/2642"}],"collection":[{"href":"https:\/\/comercialnespral.com\/de\/wp-json\/wp\/v3\/product"}],"about":[{"href":"https:\/\/comercialnespral.com\/de\/wp-json\/wp\/v2\/types\/product"}],"wp:featuredmedia":[{"embeddable":true,"href":"https:\/\/comercialnespral.com\/de\/wp-json\/wp\/v2\/media\/2554"}],"wp:attachment":[{"href":"https:\/\/comercialnespral.com\/de\/wp-json\/wp\/v2\/media?parent=2642"}],"wp:term":[{"taxonomy":"product_cat","embeddable":true,"href":"https:\/\/comercialnespral.com\/de\/wp-json\/wp\/v2\/product_cat?post=2642"},{"taxonomy":"product_tag","embeddable":true,"href":"https:\/\/comercialnespral.com\/de\/wp-json\/wp\/v2\/product_tag?post=2642"}],"curies":[{"name":"wp","href":"https:\/\/api.w.org\/{rel}","templated":true}]}}