{"id":2641,"date":"2023-04-20T14:18:43","date_gmt":"2023-04-20T14:18:43","guid":{"rendered":"https:\/\/comercialnespral.com\/producto\/wegfahrsperren-schulter-arm\/"},"modified":"2023-04-20T14:23:38","modified_gmt":"2023-04-20T14:23:38","slug":"wegfahrsperren-schulter-arm","status":"publish","type":"product","link":"https:\/\/comercialnespral.com\/de\/producto\/wegfahrsperren-schulter-arm\/","title":{"rendered":"Wegfahrsperren Schulter Arm"},"content":{"rendered":"<ul>\n<li><strong>Ideal f\u00fcr:<\/strong> Entz\u00fcndliche Prozesse, die Ruhigstellung, Frakturen, Luxationen und Verletzungen an Armen, Handgelenk, Ellenbogen und Hand erfordern. Unterst\u00fctzung von Gipsarmen, Verstauchungen, Luxationen, nach Operationen.<\/li>\n<li><strong>Einfach zu verwenden.<\/strong> Aus weichem Schaumstoff (Foam) f\u00fcr zus\u00e4tzlichen Komfort. 90 % Foam, 10 % Baumwolle und Polyester<\/li>\n<li><strong>Einheitsgr\u00f6\u00dfe und universell:<\/strong> 115 x 5 cm. Vollst\u00e4ndig verstellbar und entworfen, um Arm und Schulter in jeder Position zu st\u00fctzen und zu sch\u00fctzen.<\/li>\n<li>Sling Armschlinge in achtForm . \u00dcbertr\u00e4gt das Gewicht des verletzten Arms auf den oberen R\u00fccken und den Nacken.<\/li>\n<li><strong>Hergestellt in Spanien.<\/strong><\/li>\n<\/ul>\n","protected":false},"excerpt":{"rendered":"<p>Wegfahrsperren Schulter Arm | Armschlinge | St\u00fctzgurt Medizinischer Qualit\u00e4t | Universalgr\u00f6\u00dfe | Farbe Blau<\/p>\n<p><strong> Marke:<\/strong> Ortones<br \/>\n<strong>Material:<\/strong> 90 % Foam, 10 % Baumwolle und Polyester<br \/>\n<strong>Farbe:<\/strong> blau<br \/>\n<strong>Verpackungsabmessungen:<\/strong> 18.8 x 8 x 6.1 cm; 30 Gramm<br \/>\n<strong>Verschlusstyp:<\/strong> Pull on<br \/>\n<strong>Produktpflegeanweisungen:<\/strong> Nur von Hand mit milden Seifen waschen.<\/p>\n","protected":false},"featured_media":2553,"template":"","meta":{"_et_pb_use_builder":"","_et_pb_old_content":"","_et_gb_content_width":""},"product_cat":[72],"product_tag":[],"yoast_head":"<!-- This site is optimized with the Yoast SEO plugin v20.5 - https:\/\/yoast.com\/wordpress\/plugins\/seo\/ -->\n<title>Wegfahrsperren Schulter Arm - Comercial Nespral<\/title>\n<meta name=\"description\" content=\"Wegfahrsperren Schulter Arm | Armschlinge | St\u00fctzgurt Medizinischer Qualit\u00e4t | Universalgr\u00f6\u00dfe | Farbe Blau\" \/>\n<meta name=\"robots\" content=\"index, follow, max-snippet:-1, max-image-preview:large, max-video-preview:-1\" \/>\n<link rel=\"canonical\" href=\"https:\/\/comercialnespral.com\/de\/producto\/wegfahrsperren-schulter-arm\/\" \/>\n<meta property=\"og:locale\" content=\"de_DE\" \/>\n<meta property=\"og:type\" content=\"article\" \/>\n<meta property=\"og:title\" content=\"Wegfahrsperren Schulter Arm - Comercial Nespral\" \/>\n<meta property=\"og:description\" content=\"Wegfahrsperren Schulter Arm | Armschlinge | St\u00fctzgurt Medizinischer Qualit\u00e4t | Universalgr\u00f6\u00dfe | Farbe Blau\" \/>\n<meta property=\"og:url\" content=\"https:\/\/comercialnespral.com\/de\/producto\/wegfahrsperren-schulter-arm\/\" \/>\n<meta property=\"og:site_name\" content=\"Comercial Nespral\" \/>\n<meta property=\"article:modified_time\" content=\"2023-04-20T14:23:38+00:00\" \/>\n<meta property=\"og:image\" content=\"https:\/\/comercialnespral.com\/wp-content\/uploads\/2022\/06\/Cabestrillo-Inmovilizador-Hombro-Brazo-Muneca.jpg\" \/>\n\t<meta property=\"og:image:width\" content=\"522\" \/>\n\t<meta property=\"og:image:height\" content=\"522\" \/>\n\t<meta property=\"og:image:type\" content=\"image\/jpeg\" \/>\n<meta name=\"twitter:card\" content=\"summary_large_image\" \/>\n<meta name=\"twitter:label1\" content=\"Gesch\u00e4tzte Lesezeit\" \/>\n\t<meta name=\"twitter:data1\" content=\"1 Minute\" \/>\n<script type=\"application\/ld+json\" class=\"yoast-schema-graph\">{\"@context\":\"https:\/\/schema.org\",\"@graph\":[{\"@type\":\"WebPage\",\"@id\":\"https:\/\/comercialnespral.com\/de\/producto\/wegfahrsperren-schulter-arm\/\",\"url\":\"https:\/\/comercialnespral.com\/de\/producto\/wegfahrsperren-schulter-arm\/\",\"name\":\"Wegfahrsperren Schulter Arm - Comercial Nespral\",\"isPartOf\":{\"@id\":\"https:\/\/comercialnespral.com\/#website\"},\"datePublished\":\"2023-04-20T14:18:43+00:00\",\"dateModified\":\"2023-04-20T14:23:38+00:00\",\"description\":\"Wegfahrsperren Schulter Arm | Armschlinge | St\u00fctzgurt Medizinischer Qualit\u00e4t | Universalgr\u00f6\u00dfe | Farbe Blau\",\"breadcrumb\":{\"@id\":\"https:\/\/comercialnespral.com\/de\/producto\/wegfahrsperren-schulter-arm\/#breadcrumb\"},\"inLanguage\":\"de-DE\",\"potentialAction\":[{\"@type\":\"ReadAction\",\"target\":[\"https:\/\/comercialnespral.com\/de\/producto\/wegfahrsperren-schulter-arm\/\"]}]},{\"@type\":\"BreadcrumbList\",\"@id\":\"https:\/\/comercialnespral.com\/de\/producto\/wegfahrsperren-schulter-arm\/#breadcrumb\",\"itemListElement\":[{\"@type\":\"ListItem\",\"position\":1,\"name\":\"Startseite\",\"item\":\"https:\/\/comercialnespral.com\/de\/\"},{\"@type\":\"ListItem\",\"position\":2,\"name\":\"Productos\",\"item\":\"https:\/\/comercialnespral.com\/tienda\/\"},{\"@type\":\"ListItem\",\"position\":3,\"name\":\"Wegfahrsperren Schulter Arm\"}]},{\"@type\":\"WebSite\",\"@id\":\"https:\/\/comercialnespral.com\/#website\",\"url\":\"https:\/\/comercialnespral.com\/\",\"name\":\"Comercial Nespral\",\"description\":\"\",\"potentialAction\":[{\"@type\":\"SearchAction\",\"target\":{\"@type\":\"EntryPoint\",\"urlTemplate\":\"https:\/\/comercialnespral.com\/?s={search_term_string}\"},\"query-input\":\"required name=search_term_string\"}],\"inLanguage\":\"de-DE\"}]}<\/script>\n<!-- \/ Yoast SEO plugin. -->","yoast_head_json":{"title":"Wegfahrsperren Schulter Arm - Comercial Nespral","description":"Wegfahrsperren Schulter Arm | Armschlinge | St\u00fctzgurt Medizinischer Qualit\u00e4t | Universalgr\u00f6\u00dfe | Farbe Blau","robots":{"index":"index","follow":"follow","max-snippet":"max-snippet:-1","max-image-preview":"max-image-preview:large","max-video-preview":"max-video-preview:-1"},"canonical":"https:\/\/comercialnespral.com\/de\/producto\/wegfahrsperren-schulter-arm\/","og_locale":"de_DE","og_type":"article","og_title":"Wegfahrsperren Schulter Arm - Comercial Nespral","og_description":"Wegfahrsperren Schulter Arm | Armschlinge | St\u00fctzgurt Medizinischer Qualit\u00e4t | Universalgr\u00f6\u00dfe | Farbe Blau","og_url":"https:\/\/comercialnespral.com\/de\/producto\/wegfahrsperren-schulter-arm\/","og_site_name":"Comercial Nespral","article_modified_time":"2023-04-20T14:23:38+00:00","og_image":[{"width":522,"height":522,"url":"https:\/\/comercialnespral.com\/wp-content\/uploads\/2022\/06\/Cabestrillo-Inmovilizador-Hombro-Brazo-Muneca.jpg","type":"image\/jpeg"}],"twitter_card":"summary_large_image","twitter_misc":{"Gesch\u00e4tzte Lesezeit":"1 Minute"},"schema":{"@context":"https:\/\/schema.org","@graph":[{"@type":"WebPage","@id":"https:\/\/comercialnespral.com\/de\/producto\/wegfahrsperren-schulter-arm\/","url":"https:\/\/comercialnespral.com\/de\/producto\/wegfahrsperren-schulter-arm\/","name":"Wegfahrsperren Schulter Arm - Comercial Nespral","isPartOf":{"@id":"https:\/\/comercialnespral.com\/#website"},"datePublished":"2023-04-20T14:18:43+00:00","dateModified":"2023-04-20T14:23:38+00:00","description":"Wegfahrsperren Schulter Arm | Armschlinge | St\u00fctzgurt Medizinischer Qualit\u00e4t | Universalgr\u00f6\u00dfe | Farbe Blau","breadcrumb":{"@id":"https:\/\/comercialnespral.com\/de\/producto\/wegfahrsperren-schulter-arm\/#breadcrumb"},"inLanguage":"de-DE","potentialAction":[{"@type":"ReadAction","target":["https:\/\/comercialnespral.com\/de\/producto\/wegfahrsperren-schulter-arm\/"]}]},{"@type":"BreadcrumbList","@id":"https:\/\/comercialnespral.com\/de\/producto\/wegfahrsperren-schulter-arm\/#breadcrumb","itemListElement":[{"@type":"ListItem","position":1,"name":"Startseite","item":"https:\/\/comercialnespral.com\/de\/"},{"@type":"ListItem","position":2,"name":"Productos","item":"https:\/\/comercialnespral.com\/tienda\/"},{"@type":"ListItem","position":3,"name":"Wegfahrsperren Schulter Arm"}]},{"@type":"WebSite","@id":"https:\/\/comercialnespral.com\/#website","url":"https:\/\/comercialnespral.com\/","name":"Comercial Nespral","description":"","potentialAction":[{"@type":"SearchAction","target":{"@type":"EntryPoint","urlTemplate":"https:\/\/comercialnespral.com\/?s={search_term_string}"},"query-input":"required name=search_term_string"}],"inLanguage":"de-DE"}]}},"_links":{"self":[{"href":"https:\/\/comercialnespral.com\/de\/wp-json\/wp\/v3\/product\/2641"}],"collection":[{"href":"https:\/\/comercialnespral.com\/de\/wp-json\/wp\/v3\/product"}],"about":[{"href":"https:\/\/comercialnespral.com\/de\/wp-json\/wp\/v2\/types\/product"}],"wp:featuredmedia":[{"embeddable":true,"href":"https:\/\/comercialnespral.com\/de\/wp-json\/wp\/v2\/media\/2553"}],"wp:attachment":[{"href":"https:\/\/comercialnespral.com\/de\/wp-json\/wp\/v2\/media?parent=2641"}],"wp:term":[{"taxonomy":"product_cat","embeddable":true,"href":"https:\/\/comercialnespral.com\/de\/wp-json\/wp\/v2\/product_cat?post=2641"},{"taxonomy":"product_tag","embeddable":true,"href":"https:\/\/comercialnespral.com\/de\/wp-json\/wp\/v2\/product_tag?post=2641"}],"curies":[{"name":"wp","href":"https:\/\/api.w.org\/{rel}","templated":true}]}}