{"id":2619,"date":"2023-04-20T08:49:55","date_gmt":"2023-04-20T08:49:55","guid":{"rendered":"https:\/\/comercialnespral.com\/producto\/armschlinge-zur-immobilisierung-des-arms-schulter-3\/"},"modified":"2023-04-20T08:51:19","modified_gmt":"2023-04-20T08:51:19","slug":"armschlinge-zur-immobilisierung-des-arms-schulter-3","status":"publish","type":"product","link":"https:\/\/comercialnespral.com\/de\/producto\/armschlinge-zur-immobilisierung-des-arms-schulter-3\/","title":{"rendered":"Armschlinge zur Immobilisierung des Arms Schulter"},"content":{"rendered":"<ul>\n<li><strong>Ideal f\u00fcr:<\/strong> Entz\u00fcndliche Prozesse, die Ruhigstellung und Schl\u00fcsselbein und Humanfrakturen, Verletzungen an Armen oder Handgelenk, Schulterverspannung, Unterst\u00fctzung von Gipsarmen, Verstauchungen, Luxationen, nach Operationen erfordern.<\/li>\n<li><strong>Einheitsgr\u00f6\u00dfe:<\/strong> Der Gurt ist vollst\u00e4ndig verstellbar, sodass Sie Ihren Arm in jeder Position st\u00fctzen k\u00f6nnen. Durch das ergonomische Design passt er perfekt auf deine Schulter.<\/li>\n<li>Er wird bequem mit Klettverschluss am K\u00f6rper befestigt. Er wird bequem mit Klettverschluss am K\u00f6rper befestigt. Verteilt das Gewicht des Arms auf den gesamten Gurt unter Zuhilfenahme des Ellenbogens zur besseren St\u00fctzung und Positionierung. Erm\u00f6glicht die Wahl des Winkels der Ellenbogenflexion.<\/li>\n<li><strong>Bequem, Atmungsaktiv, Weiches Gewebe,<\/strong> der Nackengurt verursacht keine Beschwerden. 90 % Foam, 10 % Baumwolle und Polyester. Ma\u00dfe: 20 x 4 x 35 cm<\/li>\n<li><strong>Hergestellt in Spanien.<\/strong><\/li>\n<\/ul>\n","protected":false},"excerpt":{"rendered":"<p>Armschlinge zur Armimmobilisierung Schulter | Einheitsgr\u00f6\u00dfe | Rechter Arm | Blau<\/p>\n<p><strong> Marke:<\/strong> Ortones<br \/>\n<strong>Anzahl der Artikel :<\/strong> 1<br \/>\n<strong>Material:<\/strong> 90 % Foam, 10 % Baumwolle und Polyester<br \/>\n<strong>Farbe:<\/strong> blau<br \/>\n<strong>Ma\u00dfe:<\/strong> 20 x 4 x 35 cm<br \/>\n<strong>Verschlusstyp:<\/strong> Pull on<br \/>\n<strong>Produktpflegeanweisungen:<\/strong> Nur von Hand mit milden Seifen waschen.<\/p>\n","protected":false},"featured_media":2540,"template":"","meta":{"_et_pb_use_builder":"","_et_pb_old_content":"","_et_gb_content_width":""},"product_cat":[72],"product_tag":[],"yoast_head":"<!-- This site is optimized with the Yoast SEO plugin v20.5 - https:\/\/yoast.com\/wordpress\/plugins\/seo\/ -->\n<title>Armschlinge zur Immobilisierung des Arms Schulter - Comercial Nespral<\/title>\n<meta name=\"description\" content=\"ORTONES | Armschlinge zur Immobilisierung des Arms Schulter | Einheitsgr\u00f6\u00dfe | Mann Frau | Rechts Links | Farbe Blau\" \/>\n<meta name=\"robots\" content=\"index, follow, max-snippet:-1, max-image-preview:large, max-video-preview:-1\" \/>\n<link rel=\"canonical\" href=\"https:\/\/comercialnespral.com\/de\/producto\/armschlinge-zur-immobilisierung-des-arms-schulter-3\/\" \/>\n<meta property=\"og:locale\" content=\"de_DE\" \/>\n<meta property=\"og:type\" content=\"article\" \/>\n<meta property=\"og:title\" content=\"Armschlinge zur Immobilisierung des Arms Schulter - Comercial Nespral\" \/>\n<meta property=\"og:description\" content=\"ORTONES | Armschlinge zur Immobilisierung des Arms Schulter | Einheitsgr\u00f6\u00dfe | Mann Frau | Rechts Links | Farbe Blau\" \/>\n<meta property=\"og:url\" content=\"https:\/\/comercialnespral.com\/de\/producto\/armschlinge-zur-immobilisierung-des-arms-schulter-3\/\" \/>\n<meta property=\"og:site_name\" content=\"Comercial Nespral\" \/>\n<meta property=\"article:modified_time\" content=\"2023-04-20T08:51:19+00:00\" \/>\n<meta property=\"og:image\" content=\"https:\/\/comercialnespral.com\/wp-content\/uploads\/2022\/06\/Cabestrillo-Sling-Inmovilizador-para-Hombro.jpg\" \/>\n\t<meta property=\"og:image:width\" content=\"522\" \/>\n\t<meta property=\"og:image:height\" content=\"522\" \/>\n\t<meta property=\"og:image:type\" content=\"image\/jpeg\" \/>\n<meta name=\"twitter:card\" content=\"summary_large_image\" \/>\n<meta name=\"twitter:label1\" content=\"Gesch\u00e4tzte Lesezeit\" \/>\n\t<meta name=\"twitter:data1\" content=\"1 Minute\" \/>\n<script type=\"application\/ld+json\" class=\"yoast-schema-graph\">{\"@context\":\"https:\/\/schema.org\",\"@graph\":[{\"@type\":\"WebPage\",\"@id\":\"https:\/\/comercialnespral.com\/de\/producto\/armschlinge-zur-immobilisierung-des-arms-schulter-3\/\",\"url\":\"https:\/\/comercialnespral.com\/de\/producto\/armschlinge-zur-immobilisierung-des-arms-schulter-3\/\",\"name\":\"Armschlinge zur Immobilisierung des Arms Schulter - Comercial Nespral\",\"isPartOf\":{\"@id\":\"https:\/\/comercialnespral.com\/#website\"},\"datePublished\":\"2023-04-20T08:49:55+00:00\",\"dateModified\":\"2023-04-20T08:51:19+00:00\",\"description\":\"ORTONES | Armschlinge zur Immobilisierung des Arms Schulter | Einheitsgr\u00f6\u00dfe | Mann Frau | Rechts Links | Farbe Blau\",\"breadcrumb\":{\"@id\":\"https:\/\/comercialnespral.com\/de\/producto\/armschlinge-zur-immobilisierung-des-arms-schulter-3\/#breadcrumb\"},\"inLanguage\":\"de-DE\",\"potentialAction\":[{\"@type\":\"ReadAction\",\"target\":[\"https:\/\/comercialnespral.com\/de\/producto\/armschlinge-zur-immobilisierung-des-arms-schulter-3\/\"]}]},{\"@type\":\"BreadcrumbList\",\"@id\":\"https:\/\/comercialnespral.com\/de\/producto\/armschlinge-zur-immobilisierung-des-arms-schulter-3\/#breadcrumb\",\"itemListElement\":[{\"@type\":\"ListItem\",\"position\":1,\"name\":\"Startseite\",\"item\":\"https:\/\/comercialnespral.com\/de\/\"},{\"@type\":\"ListItem\",\"position\":2,\"name\":\"Productos\",\"item\":\"https:\/\/comercialnespral.com\/tienda\/\"},{\"@type\":\"ListItem\",\"position\":3,\"name\":\"Armschlinge zur Immobilisierung des Arms Schulter\"}]},{\"@type\":\"WebSite\",\"@id\":\"https:\/\/comercialnespral.com\/#website\",\"url\":\"https:\/\/comercialnespral.com\/\",\"name\":\"Comercial Nespral\",\"description\":\"\",\"potentialAction\":[{\"@type\":\"SearchAction\",\"target\":{\"@type\":\"EntryPoint\",\"urlTemplate\":\"https:\/\/comercialnespral.com\/?s={search_term_string}\"},\"query-input\":\"required name=search_term_string\"}],\"inLanguage\":\"de-DE\"}]}<\/script>\n<!-- \/ Yoast SEO plugin. -->","yoast_head_json":{"title":"Armschlinge zur Immobilisierung des Arms Schulter - Comercial Nespral","description":"ORTONES | Armschlinge zur Immobilisierung des Arms Schulter | Einheitsgr\u00f6\u00dfe | Mann Frau | Rechts Links | Farbe Blau","robots":{"index":"index","follow":"follow","max-snippet":"max-snippet:-1","max-image-preview":"max-image-preview:large","max-video-preview":"max-video-preview:-1"},"canonical":"https:\/\/comercialnespral.com\/de\/producto\/armschlinge-zur-immobilisierung-des-arms-schulter-3\/","og_locale":"de_DE","og_type":"article","og_title":"Armschlinge zur Immobilisierung des Arms Schulter - Comercial Nespral","og_description":"ORTONES | Armschlinge zur Immobilisierung des Arms Schulter | Einheitsgr\u00f6\u00dfe | Mann Frau | Rechts Links | Farbe Blau","og_url":"https:\/\/comercialnespral.com\/de\/producto\/armschlinge-zur-immobilisierung-des-arms-schulter-3\/","og_site_name":"Comercial Nespral","article_modified_time":"2023-04-20T08:51:19+00:00","og_image":[{"width":522,"height":522,"url":"https:\/\/comercialnespral.com\/wp-content\/uploads\/2022\/06\/Cabestrillo-Sling-Inmovilizador-para-Hombro.jpg","type":"image\/jpeg"}],"twitter_card":"summary_large_image","twitter_misc":{"Gesch\u00e4tzte Lesezeit":"1 Minute"},"schema":{"@context":"https:\/\/schema.org","@graph":[{"@type":"WebPage","@id":"https:\/\/comercialnespral.com\/de\/producto\/armschlinge-zur-immobilisierung-des-arms-schulter-3\/","url":"https:\/\/comercialnespral.com\/de\/producto\/armschlinge-zur-immobilisierung-des-arms-schulter-3\/","name":"Armschlinge zur Immobilisierung des Arms Schulter - Comercial Nespral","isPartOf":{"@id":"https:\/\/comercialnespral.com\/#website"},"datePublished":"2023-04-20T08:49:55+00:00","dateModified":"2023-04-20T08:51:19+00:00","description":"ORTONES | Armschlinge zur Immobilisierung des Arms Schulter | Einheitsgr\u00f6\u00dfe | Mann Frau | Rechts Links | Farbe Blau","breadcrumb":{"@id":"https:\/\/comercialnespral.com\/de\/producto\/armschlinge-zur-immobilisierung-des-arms-schulter-3\/#breadcrumb"},"inLanguage":"de-DE","potentialAction":[{"@type":"ReadAction","target":["https:\/\/comercialnespral.com\/de\/producto\/armschlinge-zur-immobilisierung-des-arms-schulter-3\/"]}]},{"@type":"BreadcrumbList","@id":"https:\/\/comercialnespral.com\/de\/producto\/armschlinge-zur-immobilisierung-des-arms-schulter-3\/#breadcrumb","itemListElement":[{"@type":"ListItem","position":1,"name":"Startseite","item":"https:\/\/comercialnespral.com\/de\/"},{"@type":"ListItem","position":2,"name":"Productos","item":"https:\/\/comercialnespral.com\/tienda\/"},{"@type":"ListItem","position":3,"name":"Armschlinge zur Immobilisierung des Arms Schulter"}]},{"@type":"WebSite","@id":"https:\/\/comercialnespral.com\/#website","url":"https:\/\/comercialnespral.com\/","name":"Comercial Nespral","description":"","potentialAction":[{"@type":"SearchAction","target":{"@type":"EntryPoint","urlTemplate":"https:\/\/comercialnespral.com\/?s={search_term_string}"},"query-input":"required name=search_term_string"}],"inLanguage":"de-DE"}]}},"_links":{"self":[{"href":"https:\/\/comercialnespral.com\/de\/wp-json\/wp\/v3\/product\/2619"}],"collection":[{"href":"https:\/\/comercialnespral.com\/de\/wp-json\/wp\/v3\/product"}],"about":[{"href":"https:\/\/comercialnespral.com\/de\/wp-json\/wp\/v2\/types\/product"}],"wp:featuredmedia":[{"embeddable":true,"href":"https:\/\/comercialnespral.com\/de\/wp-json\/wp\/v2\/media\/2540"}],"wp:attachment":[{"href":"https:\/\/comercialnespral.com\/de\/wp-json\/wp\/v2\/media?parent=2619"}],"wp:term":[{"taxonomy":"product_cat","embeddable":true,"href":"https:\/\/comercialnespral.com\/de\/wp-json\/wp\/v2\/product_cat?post=2619"},{"taxonomy":"product_tag","embeddable":true,"href":"https:\/\/comercialnespral.com\/de\/wp-json\/wp\/v2\/product_tag?post=2619"}],"curies":[{"name":"wp","href":"https:\/\/api.w.org\/{rel}","templated":true}]}}