{"id":2617,"date":"2023-04-20T08:30:17","date_gmt":"2023-04-20T08:30:17","guid":{"rendered":"https:\/\/comercialnespral.com\/producto\/armschlinge-zur-immobilisierung-des-arms-schulter\/"},"modified":"2023-04-20T08:32:40","modified_gmt":"2023-04-20T08:32:40","slug":"armschlinge-zur-immobilisierung-des-arms-schulter","status":"publish","type":"product","link":"https:\/\/comercialnespral.com\/de\/producto\/armschlinge-zur-immobilisierung-des-arms-schulter\/","title":{"rendered":"Armschlinge zur Immobilisierung des Arms Schulter"},"content":{"rendered":"<ul>\n<li><strong>Perfekt f\u00fcr:<\/strong> Entz\u00fcndungsprozesse, die Immobilisierung erfordern, Schl\u00fcsselbein- und Oberarmbr\u00fcche, Arm-\/Handgelenksverletzungen, ausgerenkte Schulter, Gips-Armst\u00fctze, Verstauchungen, Verrenkungen, Post-OP.<\/li>\n<li><strong>Einheitsgr\u00f6\u00dfe:<\/strong> Der Gurt ist vollst\u00e4ndig verstellbar, sodass Sie Ihren Arm in jeder Position st\u00fctzen k\u00f6nnen. Durch das ergonomische Design passt er perfekt auf deine Schulter.<\/li>\n<li><strong>Er wird bequem mit Klettverschluss am K\u00f6rper befestigt.<\/strong> Verteilt das Gewicht des Arms auf den gesamten Gurt unter Zuhilfenahme des Ellenbogens zur besseren St\u00fctzung und Positionierung. Erm\u00f6glicht die Wahl des Winkels der Ellenbogenflexion.<\/li>\n<li><strong>Bequem, Atmungsaktiv, Weiches Gewebe, der Nackengurt verursacht keine Beschwerden.<\/strong> Hergestellt in Spanien.<\/li>\n<\/ul>\n","protected":false},"excerpt":{"rendered":"<p id=\"title\" class=\"a-size-large a-spacing-none\"><span id=\"productTitle\" class=\"a-size-large product-title-word-break\">Ortones | Armschlinge zur Immobilisierung des Arms Schulter | Einheitsgr\u00f6\u00dfe | Blau<\/span><\/p>\n<p><strong>Spezifische Verwendungsm\u00f6glichkeiten f\u00fcr Produkt: <\/strong>Bruch oder Verrenkung von Arm, Handgelenk<br \/>\n<strong> Marke:<\/strong> Ortones<br \/>\n<strong>Gr\u00f6\u00dfe:<\/strong> 1 St\u00fcck (1er Pack)<br \/>\n<strong>Material:<\/strong> Baumwolle<br \/>\n<strong>Farbe:<\/strong> blau<br \/>\n<strong>Anzahl der Einheiten:<\/strong> 100 gramm<br \/>\n<strong>Besonderes Merkmal:<\/strong> Ajustable<br \/>\n<strong>Um seine Sauberkeit zu erhalten, kann es von Hand und mit milden Seifen gewaschen werden. Nicht schleudern, bleichen oder b\u00fcgeln.<\/strong><\/p>\n","protected":false},"featured_media":2531,"template":"","meta":{"_et_pb_use_builder":"","_et_pb_old_content":"","_et_gb_content_width":""},"product_cat":[72],"product_tag":[],"yoast_head":"<!-- This site is optimized with the Yoast SEO plugin v20.5 - https:\/\/yoast.com\/wordpress\/plugins\/seo\/ -->\n<title>Armschlinge zur Immobilisierung des Arms Schulter - Comercial Nespral<\/title>\n<meta name=\"description\" content=\"Armschlinge zur Immobilisierung des Arms Schulter | Einheitsgr\u00f6\u00dfe | Blau\" \/>\n<meta name=\"robots\" content=\"index, follow, max-snippet:-1, max-image-preview:large, max-video-preview:-1\" \/>\n<link rel=\"canonical\" href=\"https:\/\/comercialnespral.com\/de\/producto\/armschlinge-zur-immobilisierung-des-arms-schulter\/\" \/>\n<meta property=\"og:locale\" content=\"de_DE\" \/>\n<meta property=\"og:type\" content=\"article\" \/>\n<meta property=\"og:title\" content=\"Armschlinge zur Immobilisierung des Arms Schulter - Comercial Nespral\" \/>\n<meta property=\"og:description\" content=\"Armschlinge zur Immobilisierung des Arms Schulter | Einheitsgr\u00f6\u00dfe | Blau\" \/>\n<meta property=\"og:url\" content=\"https:\/\/comercialnespral.com\/de\/producto\/armschlinge-zur-immobilisierung-des-arms-schulter\/\" \/>\n<meta property=\"og:site_name\" content=\"Comercial Nespral\" \/>\n<meta property=\"article:modified_time\" content=\"2023-04-20T08:32:40+00:00\" \/>\n<meta property=\"og:image\" content=\"https:\/\/comercialnespral.com\/wp-content\/uploads\/2022\/06\/Cabestrillo-Sling-para-hombro.jpg\" \/>\n\t<meta property=\"og:image:width\" content=\"425\" \/>\n\t<meta property=\"og:image:height\" content=\"432\" \/>\n\t<meta property=\"og:image:type\" content=\"image\/jpeg\" \/>\n<meta name=\"twitter:card\" content=\"summary_large_image\" \/>\n<meta name=\"twitter:label1\" content=\"Gesch\u00e4tzte Lesezeit\" \/>\n\t<meta name=\"twitter:data1\" content=\"1 Minute\" \/>\n<script type=\"application\/ld+json\" class=\"yoast-schema-graph\">{\"@context\":\"https:\/\/schema.org\",\"@graph\":[{\"@type\":\"WebPage\",\"@id\":\"https:\/\/comercialnespral.com\/de\/producto\/armschlinge-zur-immobilisierung-des-arms-schulter\/\",\"url\":\"https:\/\/comercialnespral.com\/de\/producto\/armschlinge-zur-immobilisierung-des-arms-schulter\/\",\"name\":\"Armschlinge zur Immobilisierung des Arms Schulter - Comercial Nespral\",\"isPartOf\":{\"@id\":\"https:\/\/comercialnespral.com\/#website\"},\"datePublished\":\"2023-04-20T08:30:17+00:00\",\"dateModified\":\"2023-04-20T08:32:40+00:00\",\"description\":\"Armschlinge zur Immobilisierung des Arms Schulter | Einheitsgr\u00f6\u00dfe | Blau\",\"breadcrumb\":{\"@id\":\"https:\/\/comercialnespral.com\/de\/producto\/armschlinge-zur-immobilisierung-des-arms-schulter\/#breadcrumb\"},\"inLanguage\":\"de-DE\",\"potentialAction\":[{\"@type\":\"ReadAction\",\"target\":[\"https:\/\/comercialnespral.com\/de\/producto\/armschlinge-zur-immobilisierung-des-arms-schulter\/\"]}]},{\"@type\":\"BreadcrumbList\",\"@id\":\"https:\/\/comercialnespral.com\/de\/producto\/armschlinge-zur-immobilisierung-des-arms-schulter\/#breadcrumb\",\"itemListElement\":[{\"@type\":\"ListItem\",\"position\":1,\"name\":\"Startseite\",\"item\":\"https:\/\/comercialnespral.com\/de\/\"},{\"@type\":\"ListItem\",\"position\":2,\"name\":\"Productos\",\"item\":\"https:\/\/comercialnespral.com\/tienda\/\"},{\"@type\":\"ListItem\",\"position\":3,\"name\":\"Armschlinge zur Immobilisierung des Arms Schulter\"}]},{\"@type\":\"WebSite\",\"@id\":\"https:\/\/comercialnespral.com\/#website\",\"url\":\"https:\/\/comercialnespral.com\/\",\"name\":\"Comercial Nespral\",\"description\":\"\",\"potentialAction\":[{\"@type\":\"SearchAction\",\"target\":{\"@type\":\"EntryPoint\",\"urlTemplate\":\"https:\/\/comercialnespral.com\/?s={search_term_string}\"},\"query-input\":\"required name=search_term_string\"}],\"inLanguage\":\"de-DE\"}]}<\/script>\n<!-- \/ Yoast SEO plugin. -->","yoast_head_json":{"title":"Armschlinge zur Immobilisierung des Arms Schulter - Comercial Nespral","description":"Armschlinge zur Immobilisierung des Arms Schulter | Einheitsgr\u00f6\u00dfe | Blau","robots":{"index":"index","follow":"follow","max-snippet":"max-snippet:-1","max-image-preview":"max-image-preview:large","max-video-preview":"max-video-preview:-1"},"canonical":"https:\/\/comercialnespral.com\/de\/producto\/armschlinge-zur-immobilisierung-des-arms-schulter\/","og_locale":"de_DE","og_type":"article","og_title":"Armschlinge zur Immobilisierung des Arms Schulter - Comercial Nespral","og_description":"Armschlinge zur Immobilisierung des Arms Schulter | Einheitsgr\u00f6\u00dfe | Blau","og_url":"https:\/\/comercialnespral.com\/de\/producto\/armschlinge-zur-immobilisierung-des-arms-schulter\/","og_site_name":"Comercial Nespral","article_modified_time":"2023-04-20T08:32:40+00:00","og_image":[{"width":425,"height":432,"url":"https:\/\/comercialnespral.com\/wp-content\/uploads\/2022\/06\/Cabestrillo-Sling-para-hombro.jpg","type":"image\/jpeg"}],"twitter_card":"summary_large_image","twitter_misc":{"Gesch\u00e4tzte Lesezeit":"1 Minute"},"schema":{"@context":"https:\/\/schema.org","@graph":[{"@type":"WebPage","@id":"https:\/\/comercialnespral.com\/de\/producto\/armschlinge-zur-immobilisierung-des-arms-schulter\/","url":"https:\/\/comercialnespral.com\/de\/producto\/armschlinge-zur-immobilisierung-des-arms-schulter\/","name":"Armschlinge zur Immobilisierung des Arms Schulter - Comercial Nespral","isPartOf":{"@id":"https:\/\/comercialnespral.com\/#website"},"datePublished":"2023-04-20T08:30:17+00:00","dateModified":"2023-04-20T08:32:40+00:00","description":"Armschlinge zur Immobilisierung des Arms Schulter | Einheitsgr\u00f6\u00dfe | Blau","breadcrumb":{"@id":"https:\/\/comercialnespral.com\/de\/producto\/armschlinge-zur-immobilisierung-des-arms-schulter\/#breadcrumb"},"inLanguage":"de-DE","potentialAction":[{"@type":"ReadAction","target":["https:\/\/comercialnespral.com\/de\/producto\/armschlinge-zur-immobilisierung-des-arms-schulter\/"]}]},{"@type":"BreadcrumbList","@id":"https:\/\/comercialnespral.com\/de\/producto\/armschlinge-zur-immobilisierung-des-arms-schulter\/#breadcrumb","itemListElement":[{"@type":"ListItem","position":1,"name":"Startseite","item":"https:\/\/comercialnespral.com\/de\/"},{"@type":"ListItem","position":2,"name":"Productos","item":"https:\/\/comercialnespral.com\/tienda\/"},{"@type":"ListItem","position":3,"name":"Armschlinge zur Immobilisierung des Arms Schulter"}]},{"@type":"WebSite","@id":"https:\/\/comercialnespral.com\/#website","url":"https:\/\/comercialnespral.com\/","name":"Comercial Nespral","description":"","potentialAction":[{"@type":"SearchAction","target":{"@type":"EntryPoint","urlTemplate":"https:\/\/comercialnespral.com\/?s={search_term_string}"},"query-input":"required name=search_term_string"}],"inLanguage":"de-DE"}]}},"_links":{"self":[{"href":"https:\/\/comercialnespral.com\/de\/wp-json\/wp\/v3\/product\/2617"}],"collection":[{"href":"https:\/\/comercialnespral.com\/de\/wp-json\/wp\/v3\/product"}],"about":[{"href":"https:\/\/comercialnespral.com\/de\/wp-json\/wp\/v2\/types\/product"}],"wp:featuredmedia":[{"embeddable":true,"href":"https:\/\/comercialnespral.com\/de\/wp-json\/wp\/v2\/media\/2531"}],"wp:attachment":[{"href":"https:\/\/comercialnespral.com\/de\/wp-json\/wp\/v2\/media?parent=2617"}],"wp:term":[{"taxonomy":"product_cat","embeddable":true,"href":"https:\/\/comercialnespral.com\/de\/wp-json\/wp\/v2\/product_cat?post=2617"},{"taxonomy":"product_tag","embeddable":true,"href":"https:\/\/comercialnespral.com\/de\/wp-json\/wp\/v2\/product_tag?post=2617"}],"curies":[{"name":"wp","href":"https:\/\/api.w.org\/{rel}","templated":true}]}}