{"id":2616,"date":"2023-04-20T08:21:20","date_gmt":"2023-04-20T08:21:20","guid":{"rendered":"https:\/\/comercialnespral.com\/producto\/halskrause-mit-abnehmbarem-bezung-cervicalstuetze\/"},"modified":"2023-04-20T08:23:32","modified_gmt":"2023-04-20T08:23:32","slug":"halskrause-mit-abnehmbarem-bezung-cervicalstuetze","status":"publish","type":"product","link":"https:\/\/comercialnespral.com\/de\/producto\/halskrause-mit-abnehmbarem-bezung-cervicalstuetze\/","title":{"rendered":"Halskrause mit Abnehmbarem Bezung | Cervicalst\u00fctze"},"content":{"rendered":"<ul>\n<li>Der Ortones-Halskragen sch\u00fctzt die Halswirbels\u00e4ule vor Kompression und hilft, den Bewegungsumfang des Kopfes zu reduzieren. Sie ist f\u00fcr leichte bis mittelschwere Verstauchungen der Halswirbels\u00e4ule indiziert, passt sich dem Nacken durch einen hochfesten Klettverschluss an und verleiht dem Halswirbelbereich Steifigkeit und Stabilit\u00e4t.<\/li>\n<li>Einfache Anpassung: passt den meisten Benutzern mit einem Halsumfang von 33 cm bis 48 cm. Das Anbringen und Abnehmen mit einem Klettsystem erleichtert den Patienten. Die Halskrause sollte nicht den ganzen Tag getragen werden. Wir empfehlen: 3 bis 4 Stunden Gebrauch und eine Stunde Ruhe. Der Bezug ist aus Baumwolle, abnehmbar, elastisch und bei 30 Grad waschbar.<\/li>\n<li>Anwendungen: geeignet f\u00fcr die Rehabilitationsperiode nach Verletzungen, Operationen oder Zerrungen der Halswirbels\u00e4ule. Zur Behandlung von Muskelkater, Zervikale Blasenschw\u00e4che, neurologische Schmerzen, Muskel- und B\u00e4ndersch\u00e4den der Halswirbels\u00e4ule, Steigerung der Mobilit\u00e4t der Halswirbel und des Muskeltonus im unteren Halsbereich.<\/li>\n<li>Bequem und ergonomisch: h\u00e4lt die Halswirbels\u00e4ule in einer ausgerichteten und bequemen Position, die die Bewegung des Halses begrenzt und den verletzten Bereich stabilisiert. Hergestellt aus D30 Polyurethan-Schaumstoff auf der Innenseite und marineblauer Baumwolle, mit Klettverschluss an beiden Enden.<\/li>\n<li>Hergestellt in Spanien<\/li>\n<\/ul>\n","protected":false},"excerpt":{"rendered":"<p>Halskrause | Cervicalst\u00fctze | Nackenst\u00fctze | Linderung von Schmerzen und Druck auf die Wirbels\u00e4ule | Einheitsgr\u00f6\u00dfe | Blau<br \/>\n<strong>Spezifische Verwendungsm\u00f6glichkeiten f\u00fcr Produkt:<\/strong> Verstauchungen<br \/>\n<strong>Marke:<\/strong> Ortones<br \/>\n<strong>Material:<\/strong> Baumwolle<br \/>\n<strong>Verschlusstyp:<\/strong> Klettverschluss<\/p>\n","protected":false},"featured_media":2524,"template":"","meta":{"_et_pb_use_builder":"","_et_pb_old_content":"","_et_gb_content_width":""},"product_cat":[72],"product_tag":[],"yoast_head":"<!-- This site is optimized with the Yoast SEO plugin v20.5 - https:\/\/yoast.com\/wordpress\/plugins\/seo\/ -->\n<title>Halskrause mit Abnehmbarem Bezung | Cervicalst\u00fctze<\/title>\n<meta name=\"description\" content=\"Halskrause mit Abnehmbarem Bezung | Cervicalst\u00fctze | Nackenst\u00fctze | Linderung von Schmerzen und Druck auf die Wirbels\u00e4ule | Einheitsgr\u00f6\u00dfe | Blau\" \/>\n<meta name=\"robots\" content=\"index, follow, max-snippet:-1, max-image-preview:large, max-video-preview:-1\" \/>\n<link rel=\"canonical\" href=\"https:\/\/comercialnespral.com\/de\/producto\/halskrause-mit-abnehmbarem-bezung-cervicalstuetze\/\" \/>\n<meta property=\"og:locale\" content=\"de_DE\" \/>\n<meta property=\"og:type\" content=\"article\" \/>\n<meta property=\"og:title\" content=\"Halskrause mit Abnehmbarem Bezung | Cervicalst\u00fctze\" \/>\n<meta property=\"og:description\" content=\"Halskrause mit Abnehmbarem Bezung | Cervicalst\u00fctze | Nackenst\u00fctze | Linderung von Schmerzen und Druck auf die Wirbels\u00e4ule | Einheitsgr\u00f6\u00dfe | Blau\" \/>\n<meta property=\"og:url\" content=\"https:\/\/comercialnespral.com\/de\/producto\/halskrause-mit-abnehmbarem-bezung-cervicalstuetze\/\" \/>\n<meta property=\"og:site_name\" content=\"Comercial Nespral\" \/>\n<meta property=\"article:modified_time\" content=\"2023-04-20T08:23:32+00:00\" \/>\n<meta property=\"og:image\" content=\"https:\/\/comercialnespral.com\/wp-content\/uploads\/2022\/06\/61OvRJDYLAL._SX522_.jpg\" \/>\n\t<meta property=\"og:image:width\" content=\"522\" \/>\n\t<meta property=\"og:image:height\" content=\"522\" \/>\n\t<meta property=\"og:image:type\" content=\"image\/jpeg\" \/>\n<meta name=\"twitter:card\" content=\"summary_large_image\" \/>\n<meta name=\"twitter:label1\" content=\"Gesch\u00e4tzte Lesezeit\" \/>\n\t<meta name=\"twitter:data1\" content=\"1 Minute\" \/>\n<script type=\"application\/ld+json\" class=\"yoast-schema-graph\">{\"@context\":\"https:\/\/schema.org\",\"@graph\":[{\"@type\":\"WebPage\",\"@id\":\"https:\/\/comercialnespral.com\/de\/producto\/halskrause-mit-abnehmbarem-bezung-cervicalstuetze\/\",\"url\":\"https:\/\/comercialnespral.com\/de\/producto\/halskrause-mit-abnehmbarem-bezung-cervicalstuetze\/\",\"name\":\"Halskrause mit Abnehmbarem Bezung | Cervicalst\u00fctze\",\"isPartOf\":{\"@id\":\"https:\/\/comercialnespral.com\/#website\"},\"datePublished\":\"2023-04-20T08:21:20+00:00\",\"dateModified\":\"2023-04-20T08:23:32+00:00\",\"description\":\"Halskrause mit Abnehmbarem Bezung | Cervicalst\u00fctze | Nackenst\u00fctze | Linderung von Schmerzen und Druck auf die Wirbels\u00e4ule | Einheitsgr\u00f6\u00dfe | Blau\",\"breadcrumb\":{\"@id\":\"https:\/\/comercialnespral.com\/de\/producto\/halskrause-mit-abnehmbarem-bezung-cervicalstuetze\/#breadcrumb\"},\"inLanguage\":\"de-DE\",\"potentialAction\":[{\"@type\":\"ReadAction\",\"target\":[\"https:\/\/comercialnespral.com\/de\/producto\/halskrause-mit-abnehmbarem-bezung-cervicalstuetze\/\"]}]},{\"@type\":\"BreadcrumbList\",\"@id\":\"https:\/\/comercialnespral.com\/de\/producto\/halskrause-mit-abnehmbarem-bezung-cervicalstuetze\/#breadcrumb\",\"itemListElement\":[{\"@type\":\"ListItem\",\"position\":1,\"name\":\"Startseite\",\"item\":\"https:\/\/comercialnespral.com\/de\/\"},{\"@type\":\"ListItem\",\"position\":2,\"name\":\"Productos\",\"item\":\"https:\/\/comercialnespral.com\/tienda\/\"},{\"@type\":\"ListItem\",\"position\":3,\"name\":\"Halskrause mit Abnehmbarem Bezung | Cervicalst\u00fctze\"}]},{\"@type\":\"WebSite\",\"@id\":\"https:\/\/comercialnespral.com\/#website\",\"url\":\"https:\/\/comercialnespral.com\/\",\"name\":\"Comercial Nespral\",\"description\":\"\",\"potentialAction\":[{\"@type\":\"SearchAction\",\"target\":{\"@type\":\"EntryPoint\",\"urlTemplate\":\"https:\/\/comercialnespral.com\/?s={search_term_string}\"},\"query-input\":\"required name=search_term_string\"}],\"inLanguage\":\"de-DE\"}]}<\/script>\n<!-- \/ Yoast SEO plugin. -->","yoast_head_json":{"title":"Halskrause mit Abnehmbarem Bezung | Cervicalst\u00fctze","description":"Halskrause mit Abnehmbarem Bezung | Cervicalst\u00fctze | Nackenst\u00fctze | Linderung von Schmerzen und Druck auf die Wirbels\u00e4ule | Einheitsgr\u00f6\u00dfe | Blau","robots":{"index":"index","follow":"follow","max-snippet":"max-snippet:-1","max-image-preview":"max-image-preview:large","max-video-preview":"max-video-preview:-1"},"canonical":"https:\/\/comercialnespral.com\/de\/producto\/halskrause-mit-abnehmbarem-bezung-cervicalstuetze\/","og_locale":"de_DE","og_type":"article","og_title":"Halskrause mit Abnehmbarem Bezung | Cervicalst\u00fctze","og_description":"Halskrause mit Abnehmbarem Bezung | Cervicalst\u00fctze | Nackenst\u00fctze | Linderung von Schmerzen und Druck auf die Wirbels\u00e4ule | Einheitsgr\u00f6\u00dfe | Blau","og_url":"https:\/\/comercialnespral.com\/de\/producto\/halskrause-mit-abnehmbarem-bezung-cervicalstuetze\/","og_site_name":"Comercial Nespral","article_modified_time":"2023-04-20T08:23:32+00:00","og_image":[{"width":522,"height":522,"url":"https:\/\/comercialnespral.com\/wp-content\/uploads\/2022\/06\/61OvRJDYLAL._SX522_.jpg","type":"image\/jpeg"}],"twitter_card":"summary_large_image","twitter_misc":{"Gesch\u00e4tzte Lesezeit":"1 Minute"},"schema":{"@context":"https:\/\/schema.org","@graph":[{"@type":"WebPage","@id":"https:\/\/comercialnespral.com\/de\/producto\/halskrause-mit-abnehmbarem-bezung-cervicalstuetze\/","url":"https:\/\/comercialnespral.com\/de\/producto\/halskrause-mit-abnehmbarem-bezung-cervicalstuetze\/","name":"Halskrause mit Abnehmbarem Bezung | Cervicalst\u00fctze","isPartOf":{"@id":"https:\/\/comercialnespral.com\/#website"},"datePublished":"2023-04-20T08:21:20+00:00","dateModified":"2023-04-20T08:23:32+00:00","description":"Halskrause mit Abnehmbarem Bezung | Cervicalst\u00fctze | Nackenst\u00fctze | Linderung von Schmerzen und Druck auf die Wirbels\u00e4ule | Einheitsgr\u00f6\u00dfe | Blau","breadcrumb":{"@id":"https:\/\/comercialnespral.com\/de\/producto\/halskrause-mit-abnehmbarem-bezung-cervicalstuetze\/#breadcrumb"},"inLanguage":"de-DE","potentialAction":[{"@type":"ReadAction","target":["https:\/\/comercialnespral.com\/de\/producto\/halskrause-mit-abnehmbarem-bezung-cervicalstuetze\/"]}]},{"@type":"BreadcrumbList","@id":"https:\/\/comercialnespral.com\/de\/producto\/halskrause-mit-abnehmbarem-bezung-cervicalstuetze\/#breadcrumb","itemListElement":[{"@type":"ListItem","position":1,"name":"Startseite","item":"https:\/\/comercialnespral.com\/de\/"},{"@type":"ListItem","position":2,"name":"Productos","item":"https:\/\/comercialnespral.com\/tienda\/"},{"@type":"ListItem","position":3,"name":"Halskrause mit Abnehmbarem Bezung | Cervicalst\u00fctze"}]},{"@type":"WebSite","@id":"https:\/\/comercialnespral.com\/#website","url":"https:\/\/comercialnespral.com\/","name":"Comercial Nespral","description":"","potentialAction":[{"@type":"SearchAction","target":{"@type":"EntryPoint","urlTemplate":"https:\/\/comercialnespral.com\/?s={search_term_string}"},"query-input":"required name=search_term_string"}],"inLanguage":"de-DE"}]}},"_links":{"self":[{"href":"https:\/\/comercialnespral.com\/de\/wp-json\/wp\/v3\/product\/2616"}],"collection":[{"href":"https:\/\/comercialnespral.com\/de\/wp-json\/wp\/v3\/product"}],"about":[{"href":"https:\/\/comercialnespral.com\/de\/wp-json\/wp\/v2\/types\/product"}],"wp:featuredmedia":[{"embeddable":true,"href":"https:\/\/comercialnespral.com\/de\/wp-json\/wp\/v2\/media\/2524"}],"wp:attachment":[{"href":"https:\/\/comercialnespral.com\/de\/wp-json\/wp\/v2\/media?parent=2616"}],"wp:term":[{"taxonomy":"product_cat","embeddable":true,"href":"https:\/\/comercialnespral.com\/de\/wp-json\/wp\/v2\/product_cat?post=2616"},{"taxonomy":"product_tag","embeddable":true,"href":"https:\/\/comercialnespral.com\/de\/wp-json\/wp\/v2\/product_tag?post=2616"}],"curies":[{"name":"wp","href":"https:\/\/api.w.org\/{rel}","templated":true}]}}