{"id":2614,"date":"2023-04-19T16:43:29","date_gmt":"2023-04-19T16:43:29","guid":{"rendered":"https:\/\/comercialnespral.com\/producto\/viskoelastisches-anti-dekubitus-kissen-atmungsaktiver\/"},"modified":"2023-04-19T16:45:45","modified_gmt":"2023-04-19T16:45:45","slug":"viskoelastisches-anti-dekubitus-kissen-atmungsaktiver","status":"publish","type":"product","link":"https:\/\/comercialnespral.com\/de\/producto\/viskoelastisches-anti-dekubitus-kissen-atmungsaktiver\/","title":{"rendered":"Viskoelastisches Anti-Dekubitus-Kissen | Atmungsaktiver"},"content":{"rendered":"<ul>\n<li>Anatomisch\/Ergonomisch\/Orthop\u00e4disch, geeignet zur Vorbeugung von Druckstellen im ersten Stadium, u.a. f\u00fcr H\u00e4morrhoiden, Ischias, Hernien, f\u00fcr Entlastung der Wirbels\u00e4ule beim Sitzen. Entlastung der Wirbels\u00e4ule beim Sitzen.<\/li>\n<li>Es bietet Haltungsstabilit\u00e4t und optimale Druckumverteilung unter Ber\u00fccksichtigung der individuellen klinischen Bed\u00fcrfnisse jedes Patienten. Hocheffektive Verteilung des K\u00f6rpergewicht des Benutzers. Benutzerfreundlichkeit und Komfort auf h\u00f6chstem Niveau.<\/li>\n<li>An jeden Sitz anpassbar: passt perfekt in Rollstuhl, Auto, Flugzeug, Zug, B\u00fcro und Stadionstuhl. Tragbar.<\/li>\n<li>An st\u00e4ndige Positions\u00e4nderung musst du nicht mehr denken. Es \u00fcbt keinen Druck auf den K\u00f6rper aus.<\/li>\n<li>Ideal f\u00fcr Berufst\u00e4tige: Auto-, Taxi-, Busfahrer, und im Sitzen Arbeitende, die viel Zeit im B\u00fcro verbringen. Die perfekte Wahl, um dein Wohlbefinden und deine Gesundheit zu verbessern. VERFORMT SICH NICHT.<\/li>\n<li><span class=\"a-list-item\">Hergestellt in Spanien.<\/span><\/li>\n<\/ul>\n","protected":false},"excerpt":{"rendered":"<p>Ortones | Viskoelastisches Anti-Dekubitus-Kissen | Atmungsaktiver 3D-Gewebebezug | Rollstuhl | 7 cm Beckenmulde | Dichte 80 kg\/m\u00b3 | Druckentlastung im Stei\u00dfbeinbereich | Nicht Verformbar | 42x42x8<\/p>\n<p><strong> Marke:<\/strong> Ortones<br \/>\n<strong>Farbe:<\/strong> blau<br \/>\n<strong>Material :<\/strong> Leder<br \/>\n<strong>Artikelgewicht:<\/strong> 1.24 kg<br \/>\n<strong>Produktabmessungen:<\/strong> 42x42x8 cm<br \/>\n<strong>Form:<\/strong> Quadratisch<br \/>\n<strong>Waschanleitung: <\/strong>Au\u00dfenbezug aus atmungsaktivem 3D-Gewebe: Handw\u00e4sche mit warmem Wasser und neutraler Seife oder Maschinenw\u00e4sche bis 30\u00ba<br \/>\n<strong>Tipo de tejido:<\/strong> 3d<\/p>\n","protected":false},"featured_media":2495,"template":"","meta":{"_et_pb_use_builder":"","_et_pb_old_content":"","_et_gb_content_width":""},"product_cat":[71],"product_tag":[],"yoast_head":"<!-- This site is optimized with the Yoast SEO plugin v20.5 - https:\/\/yoast.com\/wordpress\/plugins\/seo\/ -->\n<title>Viskoelastisches Anti-Dekubitus-Kissen | Atmungsaktiver 3D-Gewebebezug<\/title>\n<meta name=\"description\" content=\"Viskoelastisches Anti-Dekubitus-Kissen | Atmungsaktiver 3D-Gewebebezug | Rollstuhl | 7 cm Beckenmulde | Dichte 80 kg\/m\u00b3 | Druckentlastung im Stei\u00dfbeinbereich | Nicht Verformbar | 42x42x8\" \/>\n<meta name=\"robots\" content=\"index, follow, max-snippet:-1, max-image-preview:large, max-video-preview:-1\" \/>\n<link rel=\"canonical\" href=\"https:\/\/comercialnespral.com\/de\/producto\/viskoelastisches-anti-dekubitus-kissen-atmungsaktiver\/\" \/>\n<meta property=\"og:locale\" content=\"de_DE\" \/>\n<meta property=\"og:type\" content=\"article\" \/>\n<meta property=\"og:title\" content=\"Viskoelastisches Anti-Dekubitus-Kissen | Atmungsaktiver 3D-Gewebebezug\" \/>\n<meta property=\"og:description\" content=\"Viskoelastisches Anti-Dekubitus-Kissen | Atmungsaktiver 3D-Gewebebezug | Rollstuhl | 7 cm Beckenmulde | Dichte 80 kg\/m\u00b3 | Druckentlastung im Stei\u00dfbeinbereich | Nicht Verformbar | 42x42x8\" \/>\n<meta property=\"og:url\" content=\"https:\/\/comercialnespral.com\/de\/producto\/viskoelastisches-anti-dekubitus-kissen-atmungsaktiver\/\" \/>\n<meta property=\"og:site_name\" content=\"Comercial Nespral\" \/>\n<meta property=\"article:modified_time\" content=\"2023-04-19T16:45:45+00:00\" \/>\n<meta property=\"og:image\" content=\"https:\/\/comercialnespral.com\/wp-content\/uploads\/2022\/06\/Cojin-Antiescaras-Viscoelastico-Funda-Transpirable.jpg\" \/>\n\t<meta property=\"og:image:width\" content=\"679\" \/>\n\t<meta property=\"og:image:height\" content=\"377\" \/>\n\t<meta property=\"og:image:type\" content=\"image\/jpeg\" \/>\n<meta name=\"twitter:card\" content=\"summary_large_image\" \/>\n<meta name=\"twitter:label1\" content=\"Gesch\u00e4tzte Lesezeit\" \/>\n\t<meta name=\"twitter:data1\" content=\"1 Minute\" \/>\n<script type=\"application\/ld+json\" class=\"yoast-schema-graph\">{\"@context\":\"https:\/\/schema.org\",\"@graph\":[{\"@type\":\"WebPage\",\"@id\":\"https:\/\/comercialnespral.com\/de\/producto\/viskoelastisches-anti-dekubitus-kissen-atmungsaktiver\/\",\"url\":\"https:\/\/comercialnespral.com\/de\/producto\/viskoelastisches-anti-dekubitus-kissen-atmungsaktiver\/\",\"name\":\"Viskoelastisches Anti-Dekubitus-Kissen | Atmungsaktiver 3D-Gewebebezug\",\"isPartOf\":{\"@id\":\"https:\/\/comercialnespral.com\/#website\"},\"datePublished\":\"2023-04-19T16:43:29+00:00\",\"dateModified\":\"2023-04-19T16:45:45+00:00\",\"description\":\"Viskoelastisches Anti-Dekubitus-Kissen | Atmungsaktiver 3D-Gewebebezug | Rollstuhl | 7 cm Beckenmulde | Dichte 80 kg\/m\u00b3 | Druckentlastung im Stei\u00dfbeinbereich | Nicht Verformbar | 42x42x8\",\"breadcrumb\":{\"@id\":\"https:\/\/comercialnespral.com\/de\/producto\/viskoelastisches-anti-dekubitus-kissen-atmungsaktiver\/#breadcrumb\"},\"inLanguage\":\"de-DE\",\"potentialAction\":[{\"@type\":\"ReadAction\",\"target\":[\"https:\/\/comercialnespral.com\/de\/producto\/viskoelastisches-anti-dekubitus-kissen-atmungsaktiver\/\"]}]},{\"@type\":\"BreadcrumbList\",\"@id\":\"https:\/\/comercialnespral.com\/de\/producto\/viskoelastisches-anti-dekubitus-kissen-atmungsaktiver\/#breadcrumb\",\"itemListElement\":[{\"@type\":\"ListItem\",\"position\":1,\"name\":\"Startseite\",\"item\":\"https:\/\/comercialnespral.com\/de\/\"},{\"@type\":\"ListItem\",\"position\":2,\"name\":\"Productos\",\"item\":\"https:\/\/comercialnespral.com\/tienda\/\"},{\"@type\":\"ListItem\",\"position\":3,\"name\":\"Viskoelastisches Anti-Dekubitus-Kissen | Atmungsaktiver\"}]},{\"@type\":\"WebSite\",\"@id\":\"https:\/\/comercialnespral.com\/#website\",\"url\":\"https:\/\/comercialnespral.com\/\",\"name\":\"Comercial Nespral\",\"description\":\"\",\"potentialAction\":[{\"@type\":\"SearchAction\",\"target\":{\"@type\":\"EntryPoint\",\"urlTemplate\":\"https:\/\/comercialnespral.com\/?s={search_term_string}\"},\"query-input\":\"required name=search_term_string\"}],\"inLanguage\":\"de-DE\"}]}<\/script>\n<!-- \/ Yoast SEO plugin. -->","yoast_head_json":{"title":"Viskoelastisches Anti-Dekubitus-Kissen | Atmungsaktiver 3D-Gewebebezug","description":"Viskoelastisches Anti-Dekubitus-Kissen | Atmungsaktiver 3D-Gewebebezug | Rollstuhl | 7 cm Beckenmulde | Dichte 80 kg\/m\u00b3 | Druckentlastung im Stei\u00dfbeinbereich | Nicht Verformbar | 42x42x8","robots":{"index":"index","follow":"follow","max-snippet":"max-snippet:-1","max-image-preview":"max-image-preview:large","max-video-preview":"max-video-preview:-1"},"canonical":"https:\/\/comercialnespral.com\/de\/producto\/viskoelastisches-anti-dekubitus-kissen-atmungsaktiver\/","og_locale":"de_DE","og_type":"article","og_title":"Viskoelastisches Anti-Dekubitus-Kissen | Atmungsaktiver 3D-Gewebebezug","og_description":"Viskoelastisches Anti-Dekubitus-Kissen | Atmungsaktiver 3D-Gewebebezug | Rollstuhl | 7 cm Beckenmulde | Dichte 80 kg\/m\u00b3 | Druckentlastung im Stei\u00dfbeinbereich | Nicht Verformbar | 42x42x8","og_url":"https:\/\/comercialnespral.com\/de\/producto\/viskoelastisches-anti-dekubitus-kissen-atmungsaktiver\/","og_site_name":"Comercial Nespral","article_modified_time":"2023-04-19T16:45:45+00:00","og_image":[{"width":679,"height":377,"url":"https:\/\/comercialnespral.com\/wp-content\/uploads\/2022\/06\/Cojin-Antiescaras-Viscoelastico-Funda-Transpirable.jpg","type":"image\/jpeg"}],"twitter_card":"summary_large_image","twitter_misc":{"Gesch\u00e4tzte Lesezeit":"1 Minute"},"schema":{"@context":"https:\/\/schema.org","@graph":[{"@type":"WebPage","@id":"https:\/\/comercialnespral.com\/de\/producto\/viskoelastisches-anti-dekubitus-kissen-atmungsaktiver\/","url":"https:\/\/comercialnespral.com\/de\/producto\/viskoelastisches-anti-dekubitus-kissen-atmungsaktiver\/","name":"Viskoelastisches Anti-Dekubitus-Kissen | Atmungsaktiver 3D-Gewebebezug","isPartOf":{"@id":"https:\/\/comercialnespral.com\/#website"},"datePublished":"2023-04-19T16:43:29+00:00","dateModified":"2023-04-19T16:45:45+00:00","description":"Viskoelastisches Anti-Dekubitus-Kissen | Atmungsaktiver 3D-Gewebebezug | Rollstuhl | 7 cm Beckenmulde | Dichte 80 kg\/m\u00b3 | Druckentlastung im Stei\u00dfbeinbereich | Nicht Verformbar | 42x42x8","breadcrumb":{"@id":"https:\/\/comercialnespral.com\/de\/producto\/viskoelastisches-anti-dekubitus-kissen-atmungsaktiver\/#breadcrumb"},"inLanguage":"de-DE","potentialAction":[{"@type":"ReadAction","target":["https:\/\/comercialnespral.com\/de\/producto\/viskoelastisches-anti-dekubitus-kissen-atmungsaktiver\/"]}]},{"@type":"BreadcrumbList","@id":"https:\/\/comercialnespral.com\/de\/producto\/viskoelastisches-anti-dekubitus-kissen-atmungsaktiver\/#breadcrumb","itemListElement":[{"@type":"ListItem","position":1,"name":"Startseite","item":"https:\/\/comercialnespral.com\/de\/"},{"@type":"ListItem","position":2,"name":"Productos","item":"https:\/\/comercialnespral.com\/tienda\/"},{"@type":"ListItem","position":3,"name":"Viskoelastisches Anti-Dekubitus-Kissen | Atmungsaktiver"}]},{"@type":"WebSite","@id":"https:\/\/comercialnespral.com\/#website","url":"https:\/\/comercialnespral.com\/","name":"Comercial Nespral","description":"","potentialAction":[{"@type":"SearchAction","target":{"@type":"EntryPoint","urlTemplate":"https:\/\/comercialnespral.com\/?s={search_term_string}"},"query-input":"required name=search_term_string"}],"inLanguage":"de-DE"}]}},"_links":{"self":[{"href":"https:\/\/comercialnespral.com\/de\/wp-json\/wp\/v3\/product\/2614"}],"collection":[{"href":"https:\/\/comercialnespral.com\/de\/wp-json\/wp\/v3\/product"}],"about":[{"href":"https:\/\/comercialnespral.com\/de\/wp-json\/wp\/v2\/types\/product"}],"wp:featuredmedia":[{"embeddable":true,"href":"https:\/\/comercialnespral.com\/de\/wp-json\/wp\/v2\/media\/2495"}],"wp:attachment":[{"href":"https:\/\/comercialnespral.com\/de\/wp-json\/wp\/v2\/media?parent=2614"}],"wp:term":[{"taxonomy":"product_cat","embeddable":true,"href":"https:\/\/comercialnespral.com\/de\/wp-json\/wp\/v2\/product_cat?post=2614"},{"taxonomy":"product_tag","embeddable":true,"href":"https:\/\/comercialnespral.com\/de\/wp-json\/wp\/v2\/product_tag?post=2614"}],"curies":[{"name":"wp","href":"https:\/\/api.w.org\/{rel}","templated":true}]}}