{"id":2611,"date":"2023-04-19T14:30:56","date_gmt":"2023-04-19T14:30:56","guid":{"rendered":"https:\/\/comercialnespral.com\/producto\/viskoelastisches-antidekubitus-sitzkissen\/"},"modified":"2023-04-19T14:46:12","modified_gmt":"2023-04-19T14:46:12","slug":"viskoelastisches-antidekubitus-sitzkissen","status":"publish","type":"product","link":"https:\/\/comercialnespral.com\/de\/producto\/viskoelastisches-antidekubitus-sitzkissen\/","title":{"rendered":"Viskoelastisches Antidekubitus Sitzkissen"},"content":{"rendered":"<ul>\n<li>Anatomisch\/Ergonomisch\/Orthop\u00e4disch, geeignet zur Vorbeugung von Druckstellen im ersten Stadium, u.a. f\u00fcr H\u00e4morrhoiden, Ischias, Hernien, f\u00fcr Entlastung der Wirbels\u00e4ule beim Sitzen. Entlastung der Wirbels\u00e4ule beim Sitzen.<\/li>\n<li>Es bietet Haltungsstabilit\u00e4t und optimale Druckumverteilung unter Ber\u00fccksichtigung der individuellen klinischen Bed\u00fcrfnisse jedes Patienten. Hocheffektive Verteilung des K\u00f6rpergewicht des Benutzers. Benutzerfreundlichkeit und Komfort auf h\u00f6chstem Niveau.<\/li>\n<li>An jeden Sitz anpassbar: passt perfekt in Rollstuhl, Auto, Flugzeug, Zug, B\u00fcro und Stadionstuhl. Tragbar.<\/li>\n<li>An st\u00e4ndige Positions\u00e4nderung musst du nicht mehr denken. Es \u00fcbt keinen Druck auf den K\u00f6rper aus.<\/li>\n<li>Ideal f\u00fcr Berufst\u00e4tige: Auto-, Taxi-, Busfahrer, und im Sitzen Arbeitende, die viel Zeit im B\u00fcro verbringen. Die perfekte Wahl, um dein Wohlbefinden und deine Gesundheit zu verbessern. NUNCA SE DEFORMA.<\/li>\n<li><span class=\"a-list-item\">Hergestellt in Spanien.<\/span><\/li>\n<\/ul>\n","protected":false},"excerpt":{"rendered":"<p>ORTONES | Viskoelastisches Antidekubitus Sitzkissen<\/p>\n<p><strong> Marke:<\/strong> Ortones<br \/>\n<strong>Farbe:<\/strong> blau<br \/>\n<strong>F\u00fcllmaterial :<\/strong> Gel-Memory-Schaum<br \/>\n<strong>Artikelgewicht:<\/strong> 570g<br \/>\n<strong>Produktabmessungen:<\/strong> 40 x 4 x 8 cm<br \/>\n<strong>Form:<\/strong> Quadratisch<br \/>\n<strong>Waschanleitung:<\/strong> Au\u00dfenbezug: Normale W\u00e4sche bis 30 Grad. Es wird davon abgeraten, Bleichmittel, Desinfektionsmittel mit Alkohol oder abrasive Produkte zu verwenden. Wir empfehlen einen Vortest, wenn Sie Krankenhausreiniger verwenden.<\/p>\n","protected":false},"featured_media":2488,"template":"","meta":{"_et_pb_use_builder":"","_et_pb_old_content":"","_et_gb_content_width":""},"product_cat":[71],"product_tag":[],"yoast_head":"<!-- This site is optimized with the Yoast SEO plugin v20.5 - https:\/\/yoast.com\/wordpress\/plugins\/seo\/ -->\n<title>Viskoelastisches Antidekubitus Sitzkissen | Mit atmungsaktivem Bezug aus 3D-Gewebe<\/title>\n<meta name=\"description\" content=\"Viskoelastisches Antidekubitus Sitzkissen | Mit atmungsaktivem Bezug aus 3D-Gewebe | Ergonomisches Sitzkissen f\u00fcr Rollstuhl, B\u00fcrostuhl | 50 kg\/m\u00b3 Dichte\" \/>\n<meta name=\"robots\" content=\"index, follow, max-snippet:-1, max-image-preview:large, max-video-preview:-1\" \/>\n<link rel=\"canonical\" href=\"https:\/\/comercialnespral.com\/de\/producto\/viskoelastisches-antidekubitus-sitzkissen\/\" \/>\n<meta property=\"og:locale\" content=\"de_DE\" \/>\n<meta property=\"og:type\" content=\"article\" \/>\n<meta property=\"og:title\" content=\"Viskoelastisches Antidekubitus Sitzkissen | Mit atmungsaktivem Bezug aus 3D-Gewebe\" \/>\n<meta property=\"og:description\" content=\"Viskoelastisches Antidekubitus Sitzkissen | Mit atmungsaktivem Bezug aus 3D-Gewebe | Ergonomisches Sitzkissen f\u00fcr Rollstuhl, B\u00fcrostuhl | 50 kg\/m\u00b3 Dichte\" \/>\n<meta property=\"og:url\" content=\"https:\/\/comercialnespral.com\/de\/producto\/viskoelastisches-antidekubitus-sitzkissen\/\" \/>\n<meta property=\"og:site_name\" content=\"Comercial Nespral\" \/>\n<meta property=\"article:modified_time\" content=\"2023-04-19T14:46:12+00:00\" \/>\n<meta property=\"og:image\" content=\"https:\/\/comercialnespral.com\/wp-content\/uploads\/2022\/06\/Cojin-Antiescaras-Viscoelastico-3d.jpg\" \/>\n\t<meta property=\"og:image:width\" content=\"679\" \/>\n\t<meta property=\"og:image:height\" content=\"679\" \/>\n\t<meta property=\"og:image:type\" content=\"image\/jpeg\" \/>\n<meta name=\"twitter:card\" content=\"summary_large_image\" \/>\n<meta name=\"twitter:label1\" content=\"Gesch\u00e4tzte Lesezeit\" \/>\n\t<meta name=\"twitter:data1\" content=\"1 Minute\" \/>\n<script type=\"application\/ld+json\" class=\"yoast-schema-graph\">{\"@context\":\"https:\/\/schema.org\",\"@graph\":[{\"@type\":\"WebPage\",\"@id\":\"https:\/\/comercialnespral.com\/de\/producto\/viskoelastisches-antidekubitus-sitzkissen\/\",\"url\":\"https:\/\/comercialnespral.com\/de\/producto\/viskoelastisches-antidekubitus-sitzkissen\/\",\"name\":\"Viskoelastisches Antidekubitus Sitzkissen | Mit atmungsaktivem Bezug aus 3D-Gewebe\",\"isPartOf\":{\"@id\":\"https:\/\/comercialnespral.com\/#website\"},\"datePublished\":\"2023-04-19T14:30:56+00:00\",\"dateModified\":\"2023-04-19T14:46:12+00:00\",\"description\":\"Viskoelastisches Antidekubitus Sitzkissen | Mit atmungsaktivem Bezug aus 3D-Gewebe | Ergonomisches Sitzkissen f\u00fcr Rollstuhl, B\u00fcrostuhl | 50 kg\/m\u00b3 Dichte\",\"breadcrumb\":{\"@id\":\"https:\/\/comercialnespral.com\/de\/producto\/viskoelastisches-antidekubitus-sitzkissen\/#breadcrumb\"},\"inLanguage\":\"de-DE\",\"potentialAction\":[{\"@type\":\"ReadAction\",\"target\":[\"https:\/\/comercialnespral.com\/de\/producto\/viskoelastisches-antidekubitus-sitzkissen\/\"]}]},{\"@type\":\"BreadcrumbList\",\"@id\":\"https:\/\/comercialnespral.com\/de\/producto\/viskoelastisches-antidekubitus-sitzkissen\/#breadcrumb\",\"itemListElement\":[{\"@type\":\"ListItem\",\"position\":1,\"name\":\"Startseite\",\"item\":\"https:\/\/comercialnespral.com\/de\/\"},{\"@type\":\"ListItem\",\"position\":2,\"name\":\"Productos\",\"item\":\"https:\/\/comercialnespral.com\/tienda\/\"},{\"@type\":\"ListItem\",\"position\":3,\"name\":\"Viskoelastisches Antidekubitus Sitzkissen\"}]},{\"@type\":\"WebSite\",\"@id\":\"https:\/\/comercialnespral.com\/#website\",\"url\":\"https:\/\/comercialnespral.com\/\",\"name\":\"Comercial Nespral\",\"description\":\"\",\"potentialAction\":[{\"@type\":\"SearchAction\",\"target\":{\"@type\":\"EntryPoint\",\"urlTemplate\":\"https:\/\/comercialnespral.com\/?s={search_term_string}\"},\"query-input\":\"required name=search_term_string\"}],\"inLanguage\":\"de-DE\"}]}<\/script>\n<!-- \/ Yoast SEO plugin. -->","yoast_head_json":{"title":"Viskoelastisches Antidekubitus Sitzkissen | Mit atmungsaktivem Bezug aus 3D-Gewebe","description":"Viskoelastisches Antidekubitus Sitzkissen | Mit atmungsaktivem Bezug aus 3D-Gewebe | Ergonomisches Sitzkissen f\u00fcr Rollstuhl, B\u00fcrostuhl | 50 kg\/m\u00b3 Dichte","robots":{"index":"index","follow":"follow","max-snippet":"max-snippet:-1","max-image-preview":"max-image-preview:large","max-video-preview":"max-video-preview:-1"},"canonical":"https:\/\/comercialnespral.com\/de\/producto\/viskoelastisches-antidekubitus-sitzkissen\/","og_locale":"de_DE","og_type":"article","og_title":"Viskoelastisches Antidekubitus Sitzkissen | Mit atmungsaktivem Bezug aus 3D-Gewebe","og_description":"Viskoelastisches Antidekubitus Sitzkissen | Mit atmungsaktivem Bezug aus 3D-Gewebe | Ergonomisches Sitzkissen f\u00fcr Rollstuhl, B\u00fcrostuhl | 50 kg\/m\u00b3 Dichte","og_url":"https:\/\/comercialnespral.com\/de\/producto\/viskoelastisches-antidekubitus-sitzkissen\/","og_site_name":"Comercial Nespral","article_modified_time":"2023-04-19T14:46:12+00:00","og_image":[{"width":679,"height":679,"url":"https:\/\/comercialnespral.com\/wp-content\/uploads\/2022\/06\/Cojin-Antiescaras-Viscoelastico-3d.jpg","type":"image\/jpeg"}],"twitter_card":"summary_large_image","twitter_misc":{"Gesch\u00e4tzte Lesezeit":"1 Minute"},"schema":{"@context":"https:\/\/schema.org","@graph":[{"@type":"WebPage","@id":"https:\/\/comercialnespral.com\/de\/producto\/viskoelastisches-antidekubitus-sitzkissen\/","url":"https:\/\/comercialnespral.com\/de\/producto\/viskoelastisches-antidekubitus-sitzkissen\/","name":"Viskoelastisches Antidekubitus Sitzkissen | Mit atmungsaktivem Bezug aus 3D-Gewebe","isPartOf":{"@id":"https:\/\/comercialnespral.com\/#website"},"datePublished":"2023-04-19T14:30:56+00:00","dateModified":"2023-04-19T14:46:12+00:00","description":"Viskoelastisches Antidekubitus Sitzkissen | Mit atmungsaktivem Bezug aus 3D-Gewebe | Ergonomisches Sitzkissen f\u00fcr Rollstuhl, B\u00fcrostuhl | 50 kg\/m\u00b3 Dichte","breadcrumb":{"@id":"https:\/\/comercialnespral.com\/de\/producto\/viskoelastisches-antidekubitus-sitzkissen\/#breadcrumb"},"inLanguage":"de-DE","potentialAction":[{"@type":"ReadAction","target":["https:\/\/comercialnespral.com\/de\/producto\/viskoelastisches-antidekubitus-sitzkissen\/"]}]},{"@type":"BreadcrumbList","@id":"https:\/\/comercialnespral.com\/de\/producto\/viskoelastisches-antidekubitus-sitzkissen\/#breadcrumb","itemListElement":[{"@type":"ListItem","position":1,"name":"Startseite","item":"https:\/\/comercialnespral.com\/de\/"},{"@type":"ListItem","position":2,"name":"Productos","item":"https:\/\/comercialnespral.com\/tienda\/"},{"@type":"ListItem","position":3,"name":"Viskoelastisches Antidekubitus Sitzkissen"}]},{"@type":"WebSite","@id":"https:\/\/comercialnespral.com\/#website","url":"https:\/\/comercialnespral.com\/","name":"Comercial Nespral","description":"","potentialAction":[{"@type":"SearchAction","target":{"@type":"EntryPoint","urlTemplate":"https:\/\/comercialnespral.com\/?s={search_term_string}"},"query-input":"required name=search_term_string"}],"inLanguage":"de-DE"}]}},"_links":{"self":[{"href":"https:\/\/comercialnespral.com\/de\/wp-json\/wp\/v3\/product\/2611"}],"collection":[{"href":"https:\/\/comercialnespral.com\/de\/wp-json\/wp\/v3\/product"}],"about":[{"href":"https:\/\/comercialnespral.com\/de\/wp-json\/wp\/v2\/types\/product"}],"wp:featuredmedia":[{"embeddable":true,"href":"https:\/\/comercialnespral.com\/de\/wp-json\/wp\/v2\/media\/2488"}],"wp:attachment":[{"href":"https:\/\/comercialnespral.com\/de\/wp-json\/wp\/v2\/media?parent=2611"}],"wp:term":[{"taxonomy":"product_cat","embeddable":true,"href":"https:\/\/comercialnespral.com\/de\/wp-json\/wp\/v2\/product_cat?post=2611"},{"taxonomy":"product_tag","embeddable":true,"href":"https:\/\/comercialnespral.com\/de\/wp-json\/wp\/v2\/product_tag?post=2611"}],"curies":[{"name":"wp","href":"https:\/\/api.w.org\/{rel}","templated":true}]}}