{"id":2609,"date":"2023-04-19T14:14:20","date_gmt":"2023-04-19T14:14:20","guid":{"rendered":"https:\/\/comercialnespral.com\/producto\/fersenpolster-fersenschoner-universal-anti-dekubitus\/"},"modified":"2023-04-19T14:16:58","modified_gmt":"2023-04-19T14:16:58","slug":"fersenpolster-fersenschoner-universal-anti-dekubitus","status":"publish","type":"product","link":"https:\/\/comercialnespral.com\/de\/producto\/fersenpolster-fersenschoner-universal-anti-dekubitus\/","title":{"rendered":"Fersenpolster, Fersenschoner Universal Anti-dekubitus"},"content":{"rendered":"<ul>\n<li>Ideal f\u00fcr Patienten, Kranke und \u00e4ltere Menschen, die aufgrund ihres Zustands oder ihrer Krankheit l\u00e4ngere Zeit sitzen oder im Bett bleiben m\u00fcssen. Sie erhalten die K\u00f6rperw\u00e4rme. Hygienisch und Hindert Wachstum von Bakterien.<\/li>\n<li>Ellbogen-, Fu\u00df- und Fersenschutz, der vor Reibung oder Reibung durch Rutschen sch\u00fctzt und das Auftreten von Dekubitus\/Geschw\u00fcren auf der Haut verhindert.<\/li>\n<li>Der Innenteil ist mit Hohlfasern gef\u00fcllt, die f\u00fcr eine bessere Luftzirkulation sowie Frische und Komfort sorgen. Seine Sandwichform erm\u00f6glicht die Anpassung an den zu sch\u00fctzenden Bereich.<\/li>\n<li>Innere Oberfl\u00e4che aus Shearling. Au\u00dfen mit Velours ausgekleidet und mit einem Klettverschluss, mit dem Sie den Gegenstand auf die gew\u00fcnschte Gr\u00f6\u00dfe einstellen k\u00f6nnen, um ausreichend Halt und Komfort zu gew\u00e4hrleisten. Einheitsgr\u00f6\u00dfe.<\/li>\n<li>Hergestellt in Spanien.<\/li>\n<\/ul>\n","protected":false},"excerpt":{"rendered":"<p>Fersenpolster, Fersenschoner Universal 1 Paar Anti-dekubitus | Fu\u00df- oder Ellbogenschutz f\u00fcr Bett oder Rollstuhl | Rechts und Links<\/p>\n<p><strong>Spezifische:<\/strong> Dekubitus-Pr\u00e4vention<br \/>\n<strong>Zur Verwendung f\u00fcr:<\/strong> Fu\u00df<br \/>\n<strong> Marke:<\/strong> Ortones<br \/>\n<strong>Gr\u00f6\u00dfe :<\/strong> Einheitsgr\u00f6\u00dfe<br \/>\n<strong>Besonderes Merkmal :<\/strong> Ajustable<br \/>\n<strong>Altersspektrum (Beschreibung) :<\/strong> Ab 12 Jahren<br \/>\n<strong>Material:<\/strong> Baumwolle<br \/>\n<strong>wei\u00dfe:<\/strong> Farbe<br \/>\n<strong>Anzahl der Artikel:<\/strong> 1<br \/>\n<strong>Tipo de cierre:<\/strong> Pull On<\/p>\n","protected":false},"featured_media":2481,"template":"","meta":{"_et_pb_use_builder":"","_et_pb_old_content":"","_et_gb_content_width":""},"product_cat":[71],"product_tag":[],"yoast_head":"<!-- This site is optimized with the Yoast SEO plugin v20.5 - https:\/\/yoast.com\/wordpress\/plugins\/seo\/ -->\n<title>Fersenpolster, Fersenschoner Universal Anti-dekubitus - Comercial Nespral<\/title>\n<meta name=\"description\" content=\"Fersenpolster, Fersenschoner Universal Anti-dekubitus | Fu\u00df- oder Ellbogenschutz f\u00fcr Bett oder Rollstuhl | Passend f\u00fcr beide F\u00fc\u00dfe, rechts und links | Einheit\" \/>\n<meta name=\"robots\" content=\"index, follow, max-snippet:-1, max-image-preview:large, max-video-preview:-1\" \/>\n<link rel=\"canonical\" href=\"https:\/\/comercialnespral.com\/de\/producto\/fersenpolster-fersenschoner-universal-anti-dekubitus\/\" \/>\n<meta property=\"og:locale\" content=\"de_DE\" \/>\n<meta property=\"og:type\" content=\"article\" \/>\n<meta property=\"og:title\" content=\"Fersenpolster, Fersenschoner Universal Anti-dekubitus - Comercial Nespral\" \/>\n<meta property=\"og:description\" content=\"Fersenpolster, Fersenschoner Universal Anti-dekubitus | Fu\u00df- oder Ellbogenschutz f\u00fcr Bett oder Rollstuhl | Passend f\u00fcr beide F\u00fc\u00dfe, rechts und links | Einheit\" \/>\n<meta property=\"og:url\" content=\"https:\/\/comercialnespral.com\/de\/producto\/fersenpolster-fersenschoner-universal-anti-dekubitus\/\" \/>\n<meta property=\"og:site_name\" content=\"Comercial Nespral\" \/>\n<meta property=\"article:modified_time\" content=\"2023-04-19T14:16:58+00:00\" \/>\n<meta property=\"og:image\" content=\"https:\/\/comercialnespral.com\/wp-content\/uploads\/2022\/06\/Patucos-antiescaras.jpg\" \/>\n\t<meta property=\"og:image:width\" content=\"425\" \/>\n\t<meta property=\"og:image:height\" content=\"399\" \/>\n\t<meta property=\"og:image:type\" content=\"image\/jpeg\" \/>\n<meta name=\"twitter:card\" content=\"summary_large_image\" \/>\n<meta name=\"twitter:label1\" content=\"Gesch\u00e4tzte Lesezeit\" \/>\n\t<meta name=\"twitter:data1\" content=\"1 Minute\" \/>\n<script type=\"application\/ld+json\" class=\"yoast-schema-graph\">{\"@context\":\"https:\/\/schema.org\",\"@graph\":[{\"@type\":\"WebPage\",\"@id\":\"https:\/\/comercialnespral.com\/de\/producto\/fersenpolster-fersenschoner-universal-anti-dekubitus\/\",\"url\":\"https:\/\/comercialnespral.com\/de\/producto\/fersenpolster-fersenschoner-universal-anti-dekubitus\/\",\"name\":\"Fersenpolster, Fersenschoner Universal Anti-dekubitus - Comercial Nespral\",\"isPartOf\":{\"@id\":\"https:\/\/comercialnespral.com\/#website\"},\"datePublished\":\"2023-04-19T14:14:20+00:00\",\"dateModified\":\"2023-04-19T14:16:58+00:00\",\"description\":\"Fersenpolster, Fersenschoner Universal Anti-dekubitus | Fu\u00df- oder Ellbogenschutz f\u00fcr Bett oder Rollstuhl | Passend f\u00fcr beide F\u00fc\u00dfe, rechts und links | Einheit\",\"breadcrumb\":{\"@id\":\"https:\/\/comercialnespral.com\/de\/producto\/fersenpolster-fersenschoner-universal-anti-dekubitus\/#breadcrumb\"},\"inLanguage\":\"de-DE\",\"potentialAction\":[{\"@type\":\"ReadAction\",\"target\":[\"https:\/\/comercialnespral.com\/de\/producto\/fersenpolster-fersenschoner-universal-anti-dekubitus\/\"]}]},{\"@type\":\"BreadcrumbList\",\"@id\":\"https:\/\/comercialnespral.com\/de\/producto\/fersenpolster-fersenschoner-universal-anti-dekubitus\/#breadcrumb\",\"itemListElement\":[{\"@type\":\"ListItem\",\"position\":1,\"name\":\"Startseite\",\"item\":\"https:\/\/comercialnespral.com\/de\/\"},{\"@type\":\"ListItem\",\"position\":2,\"name\":\"Productos\",\"item\":\"https:\/\/comercialnespral.com\/tienda\/\"},{\"@type\":\"ListItem\",\"position\":3,\"name\":\"Fersenpolster, Fersenschoner Universal Anti-dekubitus\"}]},{\"@type\":\"WebSite\",\"@id\":\"https:\/\/comercialnespral.com\/#website\",\"url\":\"https:\/\/comercialnespral.com\/\",\"name\":\"Comercial Nespral\",\"description\":\"\",\"potentialAction\":[{\"@type\":\"SearchAction\",\"target\":{\"@type\":\"EntryPoint\",\"urlTemplate\":\"https:\/\/comercialnespral.com\/?s={search_term_string}\"},\"query-input\":\"required name=search_term_string\"}],\"inLanguage\":\"de-DE\"}]}<\/script>\n<!-- \/ Yoast SEO plugin. -->","yoast_head_json":{"title":"Fersenpolster, Fersenschoner Universal Anti-dekubitus - Comercial Nespral","description":"Fersenpolster, Fersenschoner Universal Anti-dekubitus | Fu\u00df- oder Ellbogenschutz f\u00fcr Bett oder Rollstuhl | Passend f\u00fcr beide F\u00fc\u00dfe, rechts und links | Einheit","robots":{"index":"index","follow":"follow","max-snippet":"max-snippet:-1","max-image-preview":"max-image-preview:large","max-video-preview":"max-video-preview:-1"},"canonical":"https:\/\/comercialnespral.com\/de\/producto\/fersenpolster-fersenschoner-universal-anti-dekubitus\/","og_locale":"de_DE","og_type":"article","og_title":"Fersenpolster, Fersenschoner Universal Anti-dekubitus - Comercial Nespral","og_description":"Fersenpolster, Fersenschoner Universal Anti-dekubitus | Fu\u00df- oder Ellbogenschutz f\u00fcr Bett oder Rollstuhl | Passend f\u00fcr beide F\u00fc\u00dfe, rechts und links | Einheit","og_url":"https:\/\/comercialnespral.com\/de\/producto\/fersenpolster-fersenschoner-universal-anti-dekubitus\/","og_site_name":"Comercial Nespral","article_modified_time":"2023-04-19T14:16:58+00:00","og_image":[{"width":425,"height":399,"url":"https:\/\/comercialnespral.com\/wp-content\/uploads\/2022\/06\/Patucos-antiescaras.jpg","type":"image\/jpeg"}],"twitter_card":"summary_large_image","twitter_misc":{"Gesch\u00e4tzte Lesezeit":"1 Minute"},"schema":{"@context":"https:\/\/schema.org","@graph":[{"@type":"WebPage","@id":"https:\/\/comercialnespral.com\/de\/producto\/fersenpolster-fersenschoner-universal-anti-dekubitus\/","url":"https:\/\/comercialnespral.com\/de\/producto\/fersenpolster-fersenschoner-universal-anti-dekubitus\/","name":"Fersenpolster, Fersenschoner Universal Anti-dekubitus - Comercial Nespral","isPartOf":{"@id":"https:\/\/comercialnespral.com\/#website"},"datePublished":"2023-04-19T14:14:20+00:00","dateModified":"2023-04-19T14:16:58+00:00","description":"Fersenpolster, Fersenschoner Universal Anti-dekubitus | Fu\u00df- oder Ellbogenschutz f\u00fcr Bett oder Rollstuhl | Passend f\u00fcr beide F\u00fc\u00dfe, rechts und links | Einheit","breadcrumb":{"@id":"https:\/\/comercialnespral.com\/de\/producto\/fersenpolster-fersenschoner-universal-anti-dekubitus\/#breadcrumb"},"inLanguage":"de-DE","potentialAction":[{"@type":"ReadAction","target":["https:\/\/comercialnespral.com\/de\/producto\/fersenpolster-fersenschoner-universal-anti-dekubitus\/"]}]},{"@type":"BreadcrumbList","@id":"https:\/\/comercialnespral.com\/de\/producto\/fersenpolster-fersenschoner-universal-anti-dekubitus\/#breadcrumb","itemListElement":[{"@type":"ListItem","position":1,"name":"Startseite","item":"https:\/\/comercialnespral.com\/de\/"},{"@type":"ListItem","position":2,"name":"Productos","item":"https:\/\/comercialnespral.com\/tienda\/"},{"@type":"ListItem","position":3,"name":"Fersenpolster, Fersenschoner Universal Anti-dekubitus"}]},{"@type":"WebSite","@id":"https:\/\/comercialnespral.com\/#website","url":"https:\/\/comercialnespral.com\/","name":"Comercial Nespral","description":"","potentialAction":[{"@type":"SearchAction","target":{"@type":"EntryPoint","urlTemplate":"https:\/\/comercialnespral.com\/?s={search_term_string}"},"query-input":"required name=search_term_string"}],"inLanguage":"de-DE"}]}},"_links":{"self":[{"href":"https:\/\/comercialnespral.com\/de\/wp-json\/wp\/v3\/product\/2609"}],"collection":[{"href":"https:\/\/comercialnespral.com\/de\/wp-json\/wp\/v3\/product"}],"about":[{"href":"https:\/\/comercialnespral.com\/de\/wp-json\/wp\/v2\/types\/product"}],"wp:featuredmedia":[{"embeddable":true,"href":"https:\/\/comercialnespral.com\/de\/wp-json\/wp\/v2\/media\/2481"}],"wp:attachment":[{"href":"https:\/\/comercialnespral.com\/de\/wp-json\/wp\/v2\/media?parent=2609"}],"wp:term":[{"taxonomy":"product_cat","embeddable":true,"href":"https:\/\/comercialnespral.com\/de\/wp-json\/wp\/v2\/product_cat?post=2609"},{"taxonomy":"product_tag","embeddable":true,"href":"https:\/\/comercialnespral.com\/de\/wp-json\/wp\/v2\/product_tag?post=2609"}],"curies":[{"name":"wp","href":"https:\/\/api.w.org\/{rel}","templated":true}]}}