{"id":2602,"date":"2023-04-19T09:21:07","date_gmt":"2023-04-19T09:21:07","guid":{"rendered":"https:\/\/comercialnespral.com\/producto\/bauchstuetzgurt-fuer-rollstuhl-oder-geriatrischen-stuhl\/"},"modified":"2023-04-19T09:23:06","modified_gmt":"2023-04-19T09:23:06","slug":"bauchstuetzgurt-fuer-rollstuhl-oder-geriatrischen-stuhl","status":"publish","type":"product","link":"https:\/\/comercialnespral.com\/de\/producto\/bauchstuetzgurt-fuer-rollstuhl-oder-geriatrischen-stuhl\/","title":{"rendered":"Bauchst\u00fctzgurt f\u00fcr Rollstuhl oder geriatrischen Stuhl"},"content":{"rendered":"<ul>\n<li>Maximale Unterst\u00fctzung und Sicherheit: Designt, um dem Benutzer des Rollstuhls Maximalen Komfort zu bieten. Bietet Extra Unterst\u00fctzung zur Vermeidung von Unf\u00e4llen und St\u00fcrzen.<\/li>\n<li>Das Druckverschlusssystem erleichtert das An- und Ausziehen. Verstellbare Nylonb\u00e4nder mit Schnallen zur Befestigung und Anpassung an die Gew\u00fcnschte Form.<\/li>\n<li>Ma\u00dfe: Extra Lang: 160 cm. Einheitsgr\u00f6\u00dfe passt sich an jeden Stuhl oder Rollstuhl an. Hergestellt aus Hochbest\u00e4ndigem Gepolstertem Material. Zusammensetzung: Nyloncord und Wildleder. Dreizackverschluss.<\/li>\n<li>Das Einstellungs- und Schnallenbefestigungssystem erm\u00f6glicht schnelles Anziehen, sorgt f\u00fcr ausreichende Stabilit\u00e4t und vermeidet seitliches Verschieben und Verrutschen.<\/li>\n<li>Verringert die Wahrscheinlichkeit, dass der Patient kippt, st\u00fcrzt, ausrutscht oder sich verletzt. Hergestellt in Spanien.<\/li>\n<\/ul>\n","protected":false},"excerpt":{"rendered":"<p>Gurt f\u00fcr Rollstuhl | Bauchst\u00fctzgurt f\u00fcr Rollstuhl oder geriatrischen Stuhl | Einheitsgr\u00f6\u00dfe<\/p>\n","protected":false},"featured_media":2408,"template":"","meta":{"_et_pb_use_builder":"","_et_pb_old_content":"","_et_gb_content_width":""},"product_cat":[70],"product_tag":[],"yoast_head":"<!-- This site is optimized with the Yoast SEO plugin v20.5 - https:\/\/yoast.com\/wordpress\/plugins\/seo\/ -->\n<title>Bauchst\u00fctzgurt f\u00fcr Rollstuhl oder geriatrischen Stuhl - Comercial Nespral<\/title>\n<meta name=\"description\" content=\"Gurt f\u00fcr Rollstuhl | Bauchst\u00fctzgurt f\u00fcr Rollstuhl oder geriatrischen Stuhl | Einheitsgr\u00f6\u00dfe\" \/>\n<meta name=\"robots\" content=\"index, follow, max-snippet:-1, max-image-preview:large, max-video-preview:-1\" \/>\n<link rel=\"canonical\" href=\"https:\/\/comercialnespral.com\/de\/producto\/bauchstuetzgurt-fuer-rollstuhl-oder-geriatrischen-stuhl\/\" \/>\n<meta property=\"og:locale\" content=\"de_DE\" \/>\n<meta property=\"og:type\" content=\"article\" \/>\n<meta property=\"og:title\" content=\"Bauchst\u00fctzgurt f\u00fcr Rollstuhl oder geriatrischen Stuhl - Comercial Nespral\" \/>\n<meta property=\"og:description\" content=\"Gurt f\u00fcr Rollstuhl | Bauchst\u00fctzgurt f\u00fcr Rollstuhl oder geriatrischen Stuhl | Einheitsgr\u00f6\u00dfe\" \/>\n<meta property=\"og:url\" content=\"https:\/\/comercialnespral.com\/de\/producto\/bauchstuetzgurt-fuer-rollstuhl-oder-geriatrischen-stuhl\/\" \/>\n<meta property=\"og:site_name\" content=\"Comercial Nespral\" \/>\n<meta property=\"article:modified_time\" content=\"2023-04-19T09:23:06+00:00\" \/>\n<meta property=\"og:image\" content=\"https:\/\/comercialnespral.com\/wp-content\/uploads\/2022\/06\/Cinturon-de-Sujecion-Abdominal-4.jpg\" \/>\n\t<meta property=\"og:image:width\" content=\"425\" \/>\n\t<meta property=\"og:image:height\" content=\"425\" \/>\n\t<meta property=\"og:image:type\" content=\"image\/jpeg\" \/>\n<meta name=\"twitter:card\" content=\"summary_large_image\" \/>\n<meta name=\"twitter:label1\" content=\"Gesch\u00e4tzte Lesezeit\" \/>\n\t<meta name=\"twitter:data1\" content=\"1 Minute\" \/>\n<script type=\"application\/ld+json\" class=\"yoast-schema-graph\">{\"@context\":\"https:\/\/schema.org\",\"@graph\":[{\"@type\":\"WebPage\",\"@id\":\"https:\/\/comercialnespral.com\/de\/producto\/bauchstuetzgurt-fuer-rollstuhl-oder-geriatrischen-stuhl\/\",\"url\":\"https:\/\/comercialnespral.com\/de\/producto\/bauchstuetzgurt-fuer-rollstuhl-oder-geriatrischen-stuhl\/\",\"name\":\"Bauchst\u00fctzgurt f\u00fcr Rollstuhl oder geriatrischen Stuhl - Comercial Nespral\",\"isPartOf\":{\"@id\":\"https:\/\/comercialnespral.com\/#website\"},\"datePublished\":\"2023-04-19T09:21:07+00:00\",\"dateModified\":\"2023-04-19T09:23:06+00:00\",\"description\":\"Gurt f\u00fcr Rollstuhl | Bauchst\u00fctzgurt f\u00fcr Rollstuhl oder geriatrischen Stuhl | Einheitsgr\u00f6\u00dfe\",\"breadcrumb\":{\"@id\":\"https:\/\/comercialnespral.com\/de\/producto\/bauchstuetzgurt-fuer-rollstuhl-oder-geriatrischen-stuhl\/#breadcrumb\"},\"inLanguage\":\"de-DE\",\"potentialAction\":[{\"@type\":\"ReadAction\",\"target\":[\"https:\/\/comercialnespral.com\/de\/producto\/bauchstuetzgurt-fuer-rollstuhl-oder-geriatrischen-stuhl\/\"]}]},{\"@type\":\"BreadcrumbList\",\"@id\":\"https:\/\/comercialnespral.com\/de\/producto\/bauchstuetzgurt-fuer-rollstuhl-oder-geriatrischen-stuhl\/#breadcrumb\",\"itemListElement\":[{\"@type\":\"ListItem\",\"position\":1,\"name\":\"Startseite\",\"item\":\"https:\/\/comercialnespral.com\/de\/\"},{\"@type\":\"ListItem\",\"position\":2,\"name\":\"Productos\",\"item\":\"https:\/\/comercialnespral.com\/tienda\/\"},{\"@type\":\"ListItem\",\"position\":3,\"name\":\"Bauchst\u00fctzgurt f\u00fcr Rollstuhl oder geriatrischen Stuhl\"}]},{\"@type\":\"WebSite\",\"@id\":\"https:\/\/comercialnespral.com\/#website\",\"url\":\"https:\/\/comercialnespral.com\/\",\"name\":\"Comercial Nespral\",\"description\":\"\",\"potentialAction\":[{\"@type\":\"SearchAction\",\"target\":{\"@type\":\"EntryPoint\",\"urlTemplate\":\"https:\/\/comercialnespral.com\/?s={search_term_string}\"},\"query-input\":\"required name=search_term_string\"}],\"inLanguage\":\"de-DE\"}]}<\/script>\n<!-- \/ Yoast SEO plugin. -->","yoast_head_json":{"title":"Bauchst\u00fctzgurt f\u00fcr Rollstuhl oder geriatrischen Stuhl - Comercial Nespral","description":"Gurt f\u00fcr Rollstuhl | Bauchst\u00fctzgurt f\u00fcr Rollstuhl oder geriatrischen Stuhl | Einheitsgr\u00f6\u00dfe","robots":{"index":"index","follow":"follow","max-snippet":"max-snippet:-1","max-image-preview":"max-image-preview:large","max-video-preview":"max-video-preview:-1"},"canonical":"https:\/\/comercialnespral.com\/de\/producto\/bauchstuetzgurt-fuer-rollstuhl-oder-geriatrischen-stuhl\/","og_locale":"de_DE","og_type":"article","og_title":"Bauchst\u00fctzgurt f\u00fcr Rollstuhl oder geriatrischen Stuhl - Comercial Nespral","og_description":"Gurt f\u00fcr Rollstuhl | Bauchst\u00fctzgurt f\u00fcr Rollstuhl oder geriatrischen Stuhl | Einheitsgr\u00f6\u00dfe","og_url":"https:\/\/comercialnespral.com\/de\/producto\/bauchstuetzgurt-fuer-rollstuhl-oder-geriatrischen-stuhl\/","og_site_name":"Comercial Nespral","article_modified_time":"2023-04-19T09:23:06+00:00","og_image":[{"width":425,"height":425,"url":"https:\/\/comercialnespral.com\/wp-content\/uploads\/2022\/06\/Cinturon-de-Sujecion-Abdominal-4.jpg","type":"image\/jpeg"}],"twitter_card":"summary_large_image","twitter_misc":{"Gesch\u00e4tzte Lesezeit":"1 Minute"},"schema":{"@context":"https:\/\/schema.org","@graph":[{"@type":"WebPage","@id":"https:\/\/comercialnespral.com\/de\/producto\/bauchstuetzgurt-fuer-rollstuhl-oder-geriatrischen-stuhl\/","url":"https:\/\/comercialnespral.com\/de\/producto\/bauchstuetzgurt-fuer-rollstuhl-oder-geriatrischen-stuhl\/","name":"Bauchst\u00fctzgurt f\u00fcr Rollstuhl oder geriatrischen Stuhl - Comercial Nespral","isPartOf":{"@id":"https:\/\/comercialnespral.com\/#website"},"datePublished":"2023-04-19T09:21:07+00:00","dateModified":"2023-04-19T09:23:06+00:00","description":"Gurt f\u00fcr Rollstuhl | Bauchst\u00fctzgurt f\u00fcr Rollstuhl oder geriatrischen Stuhl | Einheitsgr\u00f6\u00dfe","breadcrumb":{"@id":"https:\/\/comercialnespral.com\/de\/producto\/bauchstuetzgurt-fuer-rollstuhl-oder-geriatrischen-stuhl\/#breadcrumb"},"inLanguage":"de-DE","potentialAction":[{"@type":"ReadAction","target":["https:\/\/comercialnespral.com\/de\/producto\/bauchstuetzgurt-fuer-rollstuhl-oder-geriatrischen-stuhl\/"]}]},{"@type":"BreadcrumbList","@id":"https:\/\/comercialnespral.com\/de\/producto\/bauchstuetzgurt-fuer-rollstuhl-oder-geriatrischen-stuhl\/#breadcrumb","itemListElement":[{"@type":"ListItem","position":1,"name":"Startseite","item":"https:\/\/comercialnespral.com\/de\/"},{"@type":"ListItem","position":2,"name":"Productos","item":"https:\/\/comercialnespral.com\/tienda\/"},{"@type":"ListItem","position":3,"name":"Bauchst\u00fctzgurt f\u00fcr Rollstuhl oder geriatrischen Stuhl"}]},{"@type":"WebSite","@id":"https:\/\/comercialnespral.com\/#website","url":"https:\/\/comercialnespral.com\/","name":"Comercial Nespral","description":"","potentialAction":[{"@type":"SearchAction","target":{"@type":"EntryPoint","urlTemplate":"https:\/\/comercialnespral.com\/?s={search_term_string}"},"query-input":"required name=search_term_string"}],"inLanguage":"de-DE"}]}},"_links":{"self":[{"href":"https:\/\/comercialnespral.com\/de\/wp-json\/wp\/v3\/product\/2602"}],"collection":[{"href":"https:\/\/comercialnespral.com\/de\/wp-json\/wp\/v3\/product"}],"about":[{"href":"https:\/\/comercialnespral.com\/de\/wp-json\/wp\/v2\/types\/product"}],"wp:featuredmedia":[{"embeddable":true,"href":"https:\/\/comercialnespral.com\/de\/wp-json\/wp\/v2\/media\/2408"}],"wp:attachment":[{"href":"https:\/\/comercialnespral.com\/de\/wp-json\/wp\/v2\/media?parent=2602"}],"wp:term":[{"taxonomy":"product_cat","embeddable":true,"href":"https:\/\/comercialnespral.com\/de\/wp-json\/wp\/v2\/product_cat?post=2602"},{"taxonomy":"product_tag","embeddable":true,"href":"https:\/\/comercialnespral.com\/de\/wp-json\/wp\/v2\/product_tag?post=2602"}],"curies":[{"name":"wp","href":"https:\/\/api.w.org\/{rel}","templated":true}]}}