{"id":2599,"date":"2023-04-18T14:37:43","date_gmt":"2023-04-18T14:37:43","guid":{"rendered":"https:\/\/comercialnespral.com\/producto\/halteband-fuer-gehhilfen-und-kruecken\/"},"modified":"2023-04-18T14:39:26","modified_gmt":"2023-04-18T14:39:26","slug":"halteband-fuer-gehhilfen-und-kruecken","status":"publish","type":"product","link":"https:\/\/comercialnespral.com\/de\/producto\/halteband-fuer-gehhilfen-und-kruecken\/","title":{"rendered":"Halteband f\u00fcr Gehhilfen und Kr\u00fccken"},"content":{"rendered":"<ul>\n<li>Praktisch und komfortabel: So haben Sie die H\u00e4nde frei f\u00fcr allt\u00e4gliche Aktivit\u00e4ten wie z. B. Telefonieren. Es ist ein sehr n\u00fctzliches und leichtes Ger\u00e4t.<\/li>\n<li>Einfache Handhabung: Das St\u00fctzband erm\u00f6glicht es, die Kr\u00fccken in einer geeigneten H\u00f6he zu halten und verhindert, dass sie auf den Boden fallen.<\/li>\n<li>Universell: Dank des einfachen Verstellsystems passt er auf jeden Kr\u00fcckentyp.<\/li>\n<li>Verstellbar: F\u00fcr alle Benutzertypen mit unterschiedlicher K\u00f6rpergr\u00f6\u00dfe, die Bewegungsfreiheit in den oberen Gliedma\u00dfen ben\u00f6tigen.<\/li>\n<li>Hergestellt in Spanien<\/li>\n<\/ul>\n","protected":false},"excerpt":{"rendered":"<p>Kr\u00fcckenband | Halteband f\u00fcr Gehhilfen und Kr\u00fccken | Unterarmgehst\u00fctzen<\/p>\n","protected":false},"featured_media":2431,"template":"","meta":{"_et_pb_use_builder":"","_et_pb_old_content":"","_et_gb_content_width":""},"product_cat":[70],"product_tag":[],"yoast_head":"<!-- This site is optimized with the Yoast SEO plugin v20.5 - https:\/\/yoast.com\/wordpress\/plugins\/seo\/ -->\n<title>Halteband f\u00fcr Gehhilfen und Kr\u00fccken - Comercial Nespral<\/title>\n<meta name=\"description\" content=\"Kr\u00fcckenband | Halteband f\u00fcr Gehhilfen und Kr\u00fccken | Unterarmgehst\u00fctzen\" \/>\n<meta name=\"robots\" content=\"index, follow, max-snippet:-1, max-image-preview:large, max-video-preview:-1\" \/>\n<link rel=\"canonical\" href=\"https:\/\/comercialnespral.com\/de\/producto\/halteband-fuer-gehhilfen-und-kruecken\/\" \/>\n<meta property=\"og:locale\" content=\"de_DE\" \/>\n<meta property=\"og:type\" content=\"article\" \/>\n<meta property=\"og:title\" content=\"Halteband f\u00fcr Gehhilfen und Kr\u00fccken - Comercial Nespral\" \/>\n<meta property=\"og:description\" content=\"Kr\u00fcckenband | Halteband f\u00fcr Gehhilfen und Kr\u00fccken | Unterarmgehst\u00fctzen\" \/>\n<meta property=\"og:url\" content=\"https:\/\/comercialnespral.com\/de\/producto\/halteband-fuer-gehhilfen-und-kruecken\/\" \/>\n<meta property=\"og:site_name\" content=\"Comercial Nespral\" \/>\n<meta property=\"article:modified_time\" content=\"2023-04-18T14:39:26+00:00\" \/>\n<meta property=\"og:image\" content=\"https:\/\/comercialnespral.com\/wp-content\/uploads\/2022\/06\/Banda-de-Soporte-para-Muletas.jpg\" \/>\n\t<meta property=\"og:image:width\" content=\"425\" \/>\n\t<meta property=\"og:image:height\" content=\"425\" \/>\n\t<meta property=\"og:image:type\" content=\"image\/jpeg\" \/>\n<meta name=\"twitter:card\" content=\"summary_large_image\" \/>\n<meta name=\"twitter:label1\" content=\"Gesch\u00e4tzte Lesezeit\" \/>\n\t<meta name=\"twitter:data1\" content=\"1 Minute\" \/>\n<script type=\"application\/ld+json\" class=\"yoast-schema-graph\">{\"@context\":\"https:\/\/schema.org\",\"@graph\":[{\"@type\":\"WebPage\",\"@id\":\"https:\/\/comercialnespral.com\/de\/producto\/halteband-fuer-gehhilfen-und-kruecken\/\",\"url\":\"https:\/\/comercialnespral.com\/de\/producto\/halteband-fuer-gehhilfen-und-kruecken\/\",\"name\":\"Halteband f\u00fcr Gehhilfen und Kr\u00fccken - Comercial Nespral\",\"isPartOf\":{\"@id\":\"https:\/\/comercialnespral.com\/#website\"},\"datePublished\":\"2023-04-18T14:37:43+00:00\",\"dateModified\":\"2023-04-18T14:39:26+00:00\",\"description\":\"Kr\u00fcckenband | Halteband f\u00fcr Gehhilfen und Kr\u00fccken | Unterarmgehst\u00fctzen\",\"breadcrumb\":{\"@id\":\"https:\/\/comercialnespral.com\/de\/producto\/halteband-fuer-gehhilfen-und-kruecken\/#breadcrumb\"},\"inLanguage\":\"de-DE\",\"potentialAction\":[{\"@type\":\"ReadAction\",\"target\":[\"https:\/\/comercialnespral.com\/de\/producto\/halteband-fuer-gehhilfen-und-kruecken\/\"]}]},{\"@type\":\"BreadcrumbList\",\"@id\":\"https:\/\/comercialnespral.com\/de\/producto\/halteband-fuer-gehhilfen-und-kruecken\/#breadcrumb\",\"itemListElement\":[{\"@type\":\"ListItem\",\"position\":1,\"name\":\"Startseite\",\"item\":\"https:\/\/comercialnespral.com\/de\/\"},{\"@type\":\"ListItem\",\"position\":2,\"name\":\"Productos\",\"item\":\"https:\/\/comercialnespral.com\/tienda\/\"},{\"@type\":\"ListItem\",\"position\":3,\"name\":\"Halteband f\u00fcr Gehhilfen und Kr\u00fccken\"}]},{\"@type\":\"WebSite\",\"@id\":\"https:\/\/comercialnespral.com\/#website\",\"url\":\"https:\/\/comercialnespral.com\/\",\"name\":\"Comercial Nespral\",\"description\":\"\",\"potentialAction\":[{\"@type\":\"SearchAction\",\"target\":{\"@type\":\"EntryPoint\",\"urlTemplate\":\"https:\/\/comercialnespral.com\/?s={search_term_string}\"},\"query-input\":\"required name=search_term_string\"}],\"inLanguage\":\"de-DE\"}]}<\/script>\n<!-- \/ Yoast SEO plugin. -->","yoast_head_json":{"title":"Halteband f\u00fcr Gehhilfen und Kr\u00fccken - Comercial Nespral","description":"Kr\u00fcckenband | Halteband f\u00fcr Gehhilfen und Kr\u00fccken | Unterarmgehst\u00fctzen","robots":{"index":"index","follow":"follow","max-snippet":"max-snippet:-1","max-image-preview":"max-image-preview:large","max-video-preview":"max-video-preview:-1"},"canonical":"https:\/\/comercialnespral.com\/de\/producto\/halteband-fuer-gehhilfen-und-kruecken\/","og_locale":"de_DE","og_type":"article","og_title":"Halteband f\u00fcr Gehhilfen und Kr\u00fccken - Comercial Nespral","og_description":"Kr\u00fcckenband | Halteband f\u00fcr Gehhilfen und Kr\u00fccken | Unterarmgehst\u00fctzen","og_url":"https:\/\/comercialnespral.com\/de\/producto\/halteband-fuer-gehhilfen-und-kruecken\/","og_site_name":"Comercial Nespral","article_modified_time":"2023-04-18T14:39:26+00:00","og_image":[{"width":425,"height":425,"url":"https:\/\/comercialnespral.com\/wp-content\/uploads\/2022\/06\/Banda-de-Soporte-para-Muletas.jpg","type":"image\/jpeg"}],"twitter_card":"summary_large_image","twitter_misc":{"Gesch\u00e4tzte Lesezeit":"1 Minute"},"schema":{"@context":"https:\/\/schema.org","@graph":[{"@type":"WebPage","@id":"https:\/\/comercialnespral.com\/de\/producto\/halteband-fuer-gehhilfen-und-kruecken\/","url":"https:\/\/comercialnespral.com\/de\/producto\/halteband-fuer-gehhilfen-und-kruecken\/","name":"Halteband f\u00fcr Gehhilfen und Kr\u00fccken - Comercial Nespral","isPartOf":{"@id":"https:\/\/comercialnespral.com\/#website"},"datePublished":"2023-04-18T14:37:43+00:00","dateModified":"2023-04-18T14:39:26+00:00","description":"Kr\u00fcckenband | Halteband f\u00fcr Gehhilfen und Kr\u00fccken | Unterarmgehst\u00fctzen","breadcrumb":{"@id":"https:\/\/comercialnespral.com\/de\/producto\/halteband-fuer-gehhilfen-und-kruecken\/#breadcrumb"},"inLanguage":"de-DE","potentialAction":[{"@type":"ReadAction","target":["https:\/\/comercialnespral.com\/de\/producto\/halteband-fuer-gehhilfen-und-kruecken\/"]}]},{"@type":"BreadcrumbList","@id":"https:\/\/comercialnespral.com\/de\/producto\/halteband-fuer-gehhilfen-und-kruecken\/#breadcrumb","itemListElement":[{"@type":"ListItem","position":1,"name":"Startseite","item":"https:\/\/comercialnespral.com\/de\/"},{"@type":"ListItem","position":2,"name":"Productos","item":"https:\/\/comercialnespral.com\/tienda\/"},{"@type":"ListItem","position":3,"name":"Halteband f\u00fcr Gehhilfen und Kr\u00fccken"}]},{"@type":"WebSite","@id":"https:\/\/comercialnespral.com\/#website","url":"https:\/\/comercialnespral.com\/","name":"Comercial Nespral","description":"","potentialAction":[{"@type":"SearchAction","target":{"@type":"EntryPoint","urlTemplate":"https:\/\/comercialnespral.com\/?s={search_term_string}"},"query-input":"required name=search_term_string"}],"inLanguage":"de-DE"}]}},"_links":{"self":[{"href":"https:\/\/comercialnespral.com\/de\/wp-json\/wp\/v3\/product\/2599"}],"collection":[{"href":"https:\/\/comercialnespral.com\/de\/wp-json\/wp\/v3\/product"}],"about":[{"href":"https:\/\/comercialnespral.com\/de\/wp-json\/wp\/v2\/types\/product"}],"wp:featuredmedia":[{"embeddable":true,"href":"https:\/\/comercialnespral.com\/de\/wp-json\/wp\/v2\/media\/2431"}],"wp:attachment":[{"href":"https:\/\/comercialnespral.com\/de\/wp-json\/wp\/v2\/media?parent=2599"}],"wp:term":[{"taxonomy":"product_cat","embeddable":true,"href":"https:\/\/comercialnespral.com\/de\/wp-json\/wp\/v2\/product_cat?post=2599"},{"taxonomy":"product_tag","embeddable":true,"href":"https:\/\/comercialnespral.com\/de\/wp-json\/wp\/v2\/product_tag?post=2599"}],"curies":[{"name":"wp","href":"https:\/\/api.w.org\/{rel}","templated":true}]}}