{"id":2598,"date":"2023-04-18T11:23:22","date_gmt":"2023-04-18T11:23:22","guid":{"rendered":"https:\/\/comercialnespral.com\/producto\/packung-mit-2-verstellbaren-aluminium-kruecken-fuer-erwachsene-2\/"},"modified":"2023-04-18T11:27:09","modified_gmt":"2023-04-18T11:27:09","slug":"packung-mit-2-verstellbaren-aluminium-kruecken-fuer-erwachsene-2","status":"publish","type":"product","link":"https:\/\/comercialnespral.com\/de\/producto\/packung-mit-2-verstellbaren-aluminium-kruecken-fuer-erwachsene-2\/","title":{"rendered":"Packung mit 2 Verstellbaren Aluminium kr\u00fccken f\u00fcr Erwachsene"},"content":{"rendered":"<ul>\n<li>H\u00f6henverstellbar: In sieben Positionen mittels einer hochfesten Metallverl\u00e4ngerung, um sich perfekt an die K\u00f6rpergr\u00f6\u00dfe des Benutzers anzupassen. Maximale L\u00e4nge ausgefahrener Arm: 22,50 cm Schaftl\u00e4nge: 67,50-98,00 cm Griffl\u00e4nge: 12,50 cm<\/li>\n<li>Leicht und vielseitig: Hergestellt aus hochfestem Aluminiumrohr und Griff aus Polypropylen. Ihr Gewicht betr\u00e4gt 520 Gramm. Maximales Benutzergewicht: 125 kg St\u00fctzwinkel: 21 Grad Winkel: 104,50 Grad<\/li>\n<li>Der Stutzen \/ D\u00fcbel ist aus hochhaftendem PVC, rutschfest 18 mm. Es wird empfohlen, sie regelm\u00e4\u00dfig zu \u00fcberpr\u00fcfen, da es der Teil ist, der am meisten Verschlei\u00df leiden kann.<\/li>\n<li>Die englischen St\u00f6cke bringen Sicherheit und Vertrauen. Anatomisch, ergonomisch und orthop\u00e4disch.<br \/>\nHergestellt in Spanien.<\/li>\n<\/ul>\n","protected":false},"excerpt":{"rendered":"<p>Packung mit 2 Verstellbaren Aluminium kr\u00fccken f\u00fcr Erwachsene | Gehhilfen | Farbe: Blau<\/p>\n","protected":false},"featured_media":2438,"template":"","meta":{"_et_pb_use_builder":"","_et_pb_old_content":"","_et_gb_content_width":""},"product_cat":[70],"product_tag":[],"yoast_head":"<!-- This site is optimized with the Yoast SEO plugin v20.5 - https:\/\/yoast.com\/wordpress\/plugins\/seo\/ -->\n<title>Packung mit 2 Verstellbaren Aluminium kr\u00fccken f\u00fcr Erwachsene - Comercial Nespral<\/title>\n<meta name=\"robots\" content=\"index, follow, max-snippet:-1, max-image-preview:large, max-video-preview:-1\" \/>\n<link rel=\"canonical\" href=\"https:\/\/comercialnespral.com\/de\/producto\/packung-mit-2-verstellbaren-aluminium-kruecken-fuer-erwachsene-2\/\" \/>\n<meta property=\"og:locale\" content=\"de_DE\" \/>\n<meta property=\"og:type\" content=\"article\" \/>\n<meta property=\"og:title\" content=\"Packung mit 2 Verstellbaren Aluminium kr\u00fccken f\u00fcr Erwachsene - Comercial Nespral\" \/>\n<meta property=\"og:description\" content=\"Packung mit 2 Verstellbaren Aluminium kr\u00fccken f\u00fcr Erwachsene | Gehhilfen | Farbe: Blau\" \/>\n<meta property=\"og:url\" content=\"https:\/\/comercialnespral.com\/de\/producto\/packung-mit-2-verstellbaren-aluminium-kruecken-fuer-erwachsene-2\/\" \/>\n<meta property=\"og:site_name\" content=\"Comercial Nespral\" \/>\n<meta property=\"article:modified_time\" content=\"2023-04-18T11:27:09+00:00\" \/>\n<meta property=\"og:image\" content=\"https:\/\/comercialnespral.com\/wp-content\/uploads\/2022\/06\/Pack-de-2-Muletas-Adulto-Regulable.jpg\" \/>\n\t<meta property=\"og:image:width\" content=\"425\" \/>\n\t<meta property=\"og:image:height\" content=\"425\" \/>\n\t<meta property=\"og:image:type\" content=\"image\/jpeg\" \/>\n<meta name=\"twitter:card\" content=\"summary_large_image\" \/>\n<meta name=\"twitter:label1\" content=\"Gesch\u00e4tzte Lesezeit\" \/>\n\t<meta name=\"twitter:data1\" content=\"1 Minute\" \/>\n<script type=\"application\/ld+json\" class=\"yoast-schema-graph\">{\"@context\":\"https:\/\/schema.org\",\"@graph\":[{\"@type\":\"WebPage\",\"@id\":\"https:\/\/comercialnespral.com\/de\/producto\/packung-mit-2-verstellbaren-aluminium-kruecken-fuer-erwachsene-2\/\",\"url\":\"https:\/\/comercialnespral.com\/de\/producto\/packung-mit-2-verstellbaren-aluminium-kruecken-fuer-erwachsene-2\/\",\"name\":\"Packung mit 2 Verstellbaren Aluminium kr\u00fccken f\u00fcr Erwachsene - Comercial Nespral\",\"isPartOf\":{\"@id\":\"https:\/\/comercialnespral.com\/#website\"},\"datePublished\":\"2023-04-18T11:23:22+00:00\",\"dateModified\":\"2023-04-18T11:27:09+00:00\",\"breadcrumb\":{\"@id\":\"https:\/\/comercialnespral.com\/de\/producto\/packung-mit-2-verstellbaren-aluminium-kruecken-fuer-erwachsene-2\/#breadcrumb\"},\"inLanguage\":\"de-DE\",\"potentialAction\":[{\"@type\":\"ReadAction\",\"target\":[\"https:\/\/comercialnespral.com\/de\/producto\/packung-mit-2-verstellbaren-aluminium-kruecken-fuer-erwachsene-2\/\"]}]},{\"@type\":\"BreadcrumbList\",\"@id\":\"https:\/\/comercialnespral.com\/de\/producto\/packung-mit-2-verstellbaren-aluminium-kruecken-fuer-erwachsene-2\/#breadcrumb\",\"itemListElement\":[{\"@type\":\"ListItem\",\"position\":1,\"name\":\"Startseite\",\"item\":\"https:\/\/comercialnespral.com\/de\/\"},{\"@type\":\"ListItem\",\"position\":2,\"name\":\"Productos\",\"item\":\"https:\/\/comercialnespral.com\/tienda\/\"},{\"@type\":\"ListItem\",\"position\":3,\"name\":\"Packung mit 2 Verstellbaren Aluminium kr\u00fccken f\u00fcr Erwachsene\"}]},{\"@type\":\"WebSite\",\"@id\":\"https:\/\/comercialnespral.com\/#website\",\"url\":\"https:\/\/comercialnespral.com\/\",\"name\":\"Comercial Nespral\",\"description\":\"\",\"potentialAction\":[{\"@type\":\"SearchAction\",\"target\":{\"@type\":\"EntryPoint\",\"urlTemplate\":\"https:\/\/comercialnespral.com\/?s={search_term_string}\"},\"query-input\":\"required name=search_term_string\"}],\"inLanguage\":\"de-DE\"}]}<\/script>\n<!-- \/ Yoast SEO plugin. -->","yoast_head_json":{"title":"Packung mit 2 Verstellbaren Aluminium kr\u00fccken f\u00fcr Erwachsene - Comercial Nespral","robots":{"index":"index","follow":"follow","max-snippet":"max-snippet:-1","max-image-preview":"max-image-preview:large","max-video-preview":"max-video-preview:-1"},"canonical":"https:\/\/comercialnespral.com\/de\/producto\/packung-mit-2-verstellbaren-aluminium-kruecken-fuer-erwachsene-2\/","og_locale":"de_DE","og_type":"article","og_title":"Packung mit 2 Verstellbaren Aluminium kr\u00fccken f\u00fcr Erwachsene - Comercial Nespral","og_description":"Packung mit 2 Verstellbaren Aluminium kr\u00fccken f\u00fcr Erwachsene | Gehhilfen | Farbe: Blau","og_url":"https:\/\/comercialnespral.com\/de\/producto\/packung-mit-2-verstellbaren-aluminium-kruecken-fuer-erwachsene-2\/","og_site_name":"Comercial Nespral","article_modified_time":"2023-04-18T11:27:09+00:00","og_image":[{"width":425,"height":425,"url":"https:\/\/comercialnespral.com\/wp-content\/uploads\/2022\/06\/Pack-de-2-Muletas-Adulto-Regulable.jpg","type":"image\/jpeg"}],"twitter_card":"summary_large_image","twitter_misc":{"Gesch\u00e4tzte Lesezeit":"1 Minute"},"schema":{"@context":"https:\/\/schema.org","@graph":[{"@type":"WebPage","@id":"https:\/\/comercialnespral.com\/de\/producto\/packung-mit-2-verstellbaren-aluminium-kruecken-fuer-erwachsene-2\/","url":"https:\/\/comercialnespral.com\/de\/producto\/packung-mit-2-verstellbaren-aluminium-kruecken-fuer-erwachsene-2\/","name":"Packung mit 2 Verstellbaren Aluminium kr\u00fccken f\u00fcr Erwachsene - Comercial Nespral","isPartOf":{"@id":"https:\/\/comercialnespral.com\/#website"},"datePublished":"2023-04-18T11:23:22+00:00","dateModified":"2023-04-18T11:27:09+00:00","breadcrumb":{"@id":"https:\/\/comercialnespral.com\/de\/producto\/packung-mit-2-verstellbaren-aluminium-kruecken-fuer-erwachsene-2\/#breadcrumb"},"inLanguage":"de-DE","potentialAction":[{"@type":"ReadAction","target":["https:\/\/comercialnespral.com\/de\/producto\/packung-mit-2-verstellbaren-aluminium-kruecken-fuer-erwachsene-2\/"]}]},{"@type":"BreadcrumbList","@id":"https:\/\/comercialnespral.com\/de\/producto\/packung-mit-2-verstellbaren-aluminium-kruecken-fuer-erwachsene-2\/#breadcrumb","itemListElement":[{"@type":"ListItem","position":1,"name":"Startseite","item":"https:\/\/comercialnespral.com\/de\/"},{"@type":"ListItem","position":2,"name":"Productos","item":"https:\/\/comercialnespral.com\/tienda\/"},{"@type":"ListItem","position":3,"name":"Packung mit 2 Verstellbaren Aluminium kr\u00fccken f\u00fcr Erwachsene"}]},{"@type":"WebSite","@id":"https:\/\/comercialnespral.com\/#website","url":"https:\/\/comercialnespral.com\/","name":"Comercial Nespral","description":"","potentialAction":[{"@type":"SearchAction","target":{"@type":"EntryPoint","urlTemplate":"https:\/\/comercialnespral.com\/?s={search_term_string}"},"query-input":"required name=search_term_string"}],"inLanguage":"de-DE"}]}},"_links":{"self":[{"href":"https:\/\/comercialnespral.com\/de\/wp-json\/wp\/v3\/product\/2598"}],"collection":[{"href":"https:\/\/comercialnespral.com\/de\/wp-json\/wp\/v3\/product"}],"about":[{"href":"https:\/\/comercialnespral.com\/de\/wp-json\/wp\/v2\/types\/product"}],"wp:featuredmedia":[{"embeddable":true,"href":"https:\/\/comercialnespral.com\/de\/wp-json\/wp\/v2\/media\/2438"}],"wp:attachment":[{"href":"https:\/\/comercialnespral.com\/de\/wp-json\/wp\/v2\/media?parent=2598"}],"wp:term":[{"taxonomy":"product_cat","embeddable":true,"href":"https:\/\/comercialnespral.com\/de\/wp-json\/wp\/v2\/product_cat?post=2598"},{"taxonomy":"product_tag","embeddable":true,"href":"https:\/\/comercialnespral.com\/de\/wp-json\/wp\/v2\/product_tag?post=2598"}],"curies":[{"name":"wp","href":"https:\/\/api.w.org\/{rel}","templated":true}]}}