{"id":2652,"date":"2023-04-20T15:09:24","date_gmt":"2023-04-20T15:09:24","guid":{"rendered":"https:\/\/comercialnespral.com\/katalog\/"},"modified":"2023-04-20T15:09:24","modified_gmt":"2023-04-20T15:09:24","slug":"katalog","status":"publish","type":"page","link":"https:\/\/comercialnespral.com\/de\/katalog\/","title":{"rendered":"Katalog"},"content":{"rendered":"<p>[et_pb_section fb_built=&#8220;1&#8243; custom_padding_last_edited=&#8220;on|phone&#8220; admin_label=&#8220;Services&#8220; _builder_version=&#8220;4.16&#8243; _module_preset=&#8220;default&#8220; background_image=&#8220;https:\/\/comercialnespral.com\/wp-content\/uploads\/2022\/06\/family-doctor-012.png&#8220; custom_padding=&#8220;140px||140px||true|&#8220; custom_padding_tablet=&#8220;60px||60px||true|false&#8220; custom_padding_phone=&#8220;40px||40px||true|false&#8220; global_colors_info=&#8220;{}&#8220;][et_pb_row _builder_version=&#8220;4.16&#8243; _module_preset=&#8220;default&#8220; custom_padding=&#8220;27px|||||&#8220; locked=&#8220;off&#8220; global_colors_info=&#8220;{}&#8220;][et_pb_column type=&#8220;4_4&#8243; _builder_version=&#8220;4.16&#8243; _module_preset=&#8220;default&#8220; global_colors_info=&#8220;{}&#8220;][et_pb_text _builder_version=&#8220;4.17.4&#8243; _module_preset=&#8220;default&#8220; header_2_font=&#8220;Poppins|600|||||||&#8220; header_2_text_color=&#8220;#005450&#8243; header_2_font_size=&#8220;60px&#8220; header_2_line_height=&#8220;1.2em&#8220; text_orientation=&#8220;center&#8220; hover_enabled=&#8220;0&#8243; header_2_font_size_tablet=&#8220;42px&#8220; header_2_font_size_phone=&#8220;24px&#8220; header_2_font_size_last_edited=&#8220;on|phone&#8220; locked=&#8220;off&#8220; global_colors_info=&#8220;{}&#8220; text_font_size=&#8220;16px&#8220; text_font=&#8220;||||||||&#8220; sticky_enabled=&#8220;0&#8243;]<\/p>\n<h2>Katalog<\/h2>\n<p style=\"text-align: center;\"><span style=\"color: #000000;\">Alle unsere Produkte werden in Spanien hergestellt und unterst\u00fctzen das nationale Industrienetz. Unsere Maxime ist es, ein wettbewerbsf\u00e4higes Produkt anzubieten, das das Leben der Menschen, insbesondere der \u00e4lteren Menschen, verbessert und ihnen den Alltag erleichtert.<\/span><\/p>\n<p>[\/et_pb_text][\/et_pb_column][\/et_pb_row][\/et_pb_section][et_pb_section fb_built=&#8220;1&#8243; _builder_version=&#8220;4.17.4&#8243; _module_preset=&#8220;default&#8220; custom_margin=&#8220;||||false|false&#8220; global_colors_info=&#8220;{}&#8220;][et_pb_row _builder_version=&#8220;4.17.4&#8243; _module_preset=&#8220;default&#8220; custom_margin=&#8220;-9%||||false|false&#8220; custom_margin_tablet=&#8220;-9%||||false|false&#8220; custom_margin_phone=&#8220;-9%||||false|false&#8220; custom_margin_last_edited=&#8220;on|desktop&#8220; global_colors_info=&#8220;{}&#8220;][et_pb_column type=&#8220;4_4&#8243; _builder_version=&#8220;4.17.4&#8243; _module_preset=&#8220;default&#8220; global_colors_info=&#8220;{}&#8220;][et_pb_shop type=&#8220;product_category&#8220; posts_number=&#8220;16&#8243; show_pagination=&#8220;on&#8220; include_categories=&#8220;all&#8220; columns_number=&#8220;4&#8243; sale_badge_color=&#8220;rgba(0,0,0,0.6)&#8220; icon_hover_color=&#8220;#ffffff&#8220; hover_overlay_color=&#8220;rgba(0,84,80,0.55)&#8220; show_rating=&#8220;off&#8220; _builder_version=&#8220;4.17.4&#8243; _module_preset=&#8220;default&#8220; title_text_color=&#8220;#000000&#8243; title_font_size=&#8220;17px&#8220; title_line_height=&#8220;1.2em&#8220; price_text_color=&#8220;#005450&#8243; price_font_size=&#8220;18px&#8220; sale_badge_text_color=&#8220;#FFFFFF&#8220; box_shadow_style_image=&#8220;preset1&#8243; global_colors_info=&#8220;{}&#8220;][\/et_pb_shop][\/et_pb_column][\/et_pb_row][\/et_pb_section]<\/p>\n","protected":false},"excerpt":{"rendered":"<p>Katalog Alle unsere Produkte werden in Spanien hergestellt und unterst\u00fctzen das nationale Industrienetz. Unsere Maxime ist es, ein wettbewerbsf\u00e4higes Produkt anzubieten, das das Leben der Menschen, insbesondere der \u00e4lteren Menschen, verbessert und ihnen den Alltag erleichtert.<\/p>\n","protected":false},"author":1,"featured_media":0,"parent":0,"menu_order":0,"comment_status":"closed","ping_status":"closed","template":"","meta":{"_et_pb_use_builder":"on","_et_pb_old_content":"","_et_gb_content_width":""},"yoast_head":"<!-- This site is optimized with the Yoast SEO plugin v20.5 - https:\/\/yoast.com\/wordpress\/plugins\/seo\/ -->\n<title>Katalog - Comercial Nespral<\/title>\n<meta name=\"description\" content=\"Alle unsere Produkte werden in Spanien hergestellt und unterst\u00fctzen das nationale Industrienetz. Unsere Maxime ist es, ein wettbewerbsf\u00e4higes Produkt anzubieten, das das Leben der Menschen, insbesondere der \u00e4lteren Menschen, verbessert und ihnen den Alltag erleichtert.\" \/>\n<meta name=\"robots\" content=\"index, follow, max-snippet:-1, max-image-preview:large, max-video-preview:-1\" \/>\n<link rel=\"canonical\" href=\"https:\/\/comercialnespral.com\/de\/katalog\/\" \/>\n<meta property=\"og:locale\" content=\"de_DE\" \/>\n<meta property=\"og:type\" content=\"article\" \/>\n<meta property=\"og:title\" content=\"Katalog - Comercial Nespral\" \/>\n<meta property=\"og:description\" content=\"Alle unsere Produkte werden in Spanien hergestellt und unterst\u00fctzen das nationale Industrienetz. Unsere Maxime ist es, ein wettbewerbsf\u00e4higes Produkt anzubieten, das das Leben der Menschen, insbesondere der \u00e4lteren Menschen, verbessert und ihnen den Alltag erleichtert.\" \/>\n<meta property=\"og:url\" content=\"https:\/\/comercialnespral.com\/de\/katalog\/\" \/>\n<meta property=\"og:site_name\" content=\"Comercial Nespral\" \/>\n<meta name=\"twitter:card\" content=\"summary_large_image\" \/>\n<meta name=\"twitter:label1\" content=\"Gesch\u00e4tzte Lesezeit\" \/>\n\t<meta name=\"twitter:data1\" content=\"2 Minuten\" \/>\n<script type=\"application\/ld+json\" class=\"yoast-schema-graph\">{\"@context\":\"https:\/\/schema.org\",\"@graph\":[{\"@type\":\"WebPage\",\"@id\":\"https:\/\/comercialnespral.com\/de\/katalog\/\",\"url\":\"https:\/\/comercialnespral.com\/de\/katalog\/\",\"name\":\"Katalog - Comercial Nespral\",\"isPartOf\":{\"@id\":\"https:\/\/comercialnespral.com\/#website\"},\"datePublished\":\"2023-04-20T15:09:24+00:00\",\"dateModified\":\"2023-04-20T15:09:24+00:00\",\"description\":\"Alle unsere Produkte werden in Spanien hergestellt und unterst\u00fctzen das nationale Industrienetz. Unsere Maxime ist es, ein wettbewerbsf\u00e4higes Produkt anzubieten, das das Leben der Menschen, insbesondere der \u00e4lteren Menschen, verbessert und ihnen den Alltag erleichtert.\",\"breadcrumb\":{\"@id\":\"https:\/\/comercialnespral.com\/de\/katalog\/#breadcrumb\"},\"inLanguage\":\"de-DE\",\"potentialAction\":[{\"@type\":\"ReadAction\",\"target\":[\"https:\/\/comercialnespral.com\/de\/katalog\/\"]}]},{\"@type\":\"BreadcrumbList\",\"@id\":\"https:\/\/comercialnespral.com\/de\/katalog\/#breadcrumb\",\"itemListElement\":[{\"@type\":\"ListItem\",\"position\":1,\"name\":\"Startseite\",\"item\":\"https:\/\/comercialnespral.com\/de\/\"},{\"@type\":\"ListItem\",\"position\":2,\"name\":\"Katalog\"}]},{\"@type\":\"WebSite\",\"@id\":\"https:\/\/comercialnespral.com\/#website\",\"url\":\"https:\/\/comercialnespral.com\/\",\"name\":\"Comercial Nespral\",\"description\":\"\",\"potentialAction\":[{\"@type\":\"SearchAction\",\"target\":{\"@type\":\"EntryPoint\",\"urlTemplate\":\"https:\/\/comercialnespral.com\/?s={search_term_string}\"},\"query-input\":\"required name=search_term_string\"}],\"inLanguage\":\"de-DE\"}]}<\/script>\n<!-- \/ Yoast SEO plugin. -->","yoast_head_json":{"title":"Katalog - Comercial Nespral","description":"Alle unsere Produkte werden in Spanien hergestellt und unterst\u00fctzen das nationale Industrienetz. Unsere Maxime ist es, ein wettbewerbsf\u00e4higes Produkt anzubieten, das das Leben der Menschen, insbesondere der \u00e4lteren Menschen, verbessert und ihnen den Alltag erleichtert.","robots":{"index":"index","follow":"follow","max-snippet":"max-snippet:-1","max-image-preview":"max-image-preview:large","max-video-preview":"max-video-preview:-1"},"canonical":"https:\/\/comercialnespral.com\/de\/katalog\/","og_locale":"de_DE","og_type":"article","og_title":"Katalog - Comercial Nespral","og_description":"Alle unsere Produkte werden in Spanien hergestellt und unterst\u00fctzen das nationale Industrienetz. Unsere Maxime ist es, ein wettbewerbsf\u00e4higes Produkt anzubieten, das das Leben der Menschen, insbesondere der \u00e4lteren Menschen, verbessert und ihnen den Alltag erleichtert.","og_url":"https:\/\/comercialnespral.com\/de\/katalog\/","og_site_name":"Comercial Nespral","twitter_card":"summary_large_image","twitter_misc":{"Gesch\u00e4tzte Lesezeit":"2 Minuten"},"schema":{"@context":"https:\/\/schema.org","@graph":[{"@type":"WebPage","@id":"https:\/\/comercialnespral.com\/de\/katalog\/","url":"https:\/\/comercialnespral.com\/de\/katalog\/","name":"Katalog - Comercial Nespral","isPartOf":{"@id":"https:\/\/comercialnespral.com\/#website"},"datePublished":"2023-04-20T15:09:24+00:00","dateModified":"2023-04-20T15:09:24+00:00","description":"Alle unsere Produkte werden in Spanien hergestellt und unterst\u00fctzen das nationale Industrienetz. Unsere Maxime ist es, ein wettbewerbsf\u00e4higes Produkt anzubieten, das das Leben der Menschen, insbesondere der \u00e4lteren Menschen, verbessert und ihnen den Alltag erleichtert.","breadcrumb":{"@id":"https:\/\/comercialnespral.com\/de\/katalog\/#breadcrumb"},"inLanguage":"de-DE","potentialAction":[{"@type":"ReadAction","target":["https:\/\/comercialnespral.com\/de\/katalog\/"]}]},{"@type":"BreadcrumbList","@id":"https:\/\/comercialnespral.com\/de\/katalog\/#breadcrumb","itemListElement":[{"@type":"ListItem","position":1,"name":"Startseite","item":"https:\/\/comercialnespral.com\/de\/"},{"@type":"ListItem","position":2,"name":"Katalog"}]},{"@type":"WebSite","@id":"https:\/\/comercialnespral.com\/#website","url":"https:\/\/comercialnespral.com\/","name":"Comercial Nespral","description":"","potentialAction":[{"@type":"SearchAction","target":{"@type":"EntryPoint","urlTemplate":"https:\/\/comercialnespral.com\/?s={search_term_string}"},"query-input":"required name=search_term_string"}],"inLanguage":"de-DE"}]}},"_links":{"self":[{"href":"https:\/\/comercialnespral.com\/de\/wp-json\/wp\/v2\/pages\/2652"}],"collection":[{"href":"https:\/\/comercialnespral.com\/de\/wp-json\/wp\/v2\/pages"}],"about":[{"href":"https:\/\/comercialnespral.com\/de\/wp-json\/wp\/v2\/types\/page"}],"author":[{"embeddable":true,"href":"https:\/\/comercialnespral.com\/de\/wp-json\/wp\/v2\/users\/1"}],"replies":[{"embeddable":true,"href":"https:\/\/comercialnespral.com\/de\/wp-json\/wp\/v2\/comments?post=2652"}],"version-history":[{"count":2,"href":"https:\/\/comercialnespral.com\/de\/wp-json\/wp\/v2\/pages\/2652\/revisions"}],"predecessor-version":[{"id":2654,"href":"https:\/\/comercialnespral.com\/de\/wp-json\/wp\/v2\/pages\/2652\/revisions\/2654"}],"wp:attachment":[{"href":"https:\/\/comercialnespral.com\/de\/wp-json\/wp\/v2\/media?parent=2652"}],"curies":[{"name":"wp","href":"https:\/\/api.w.org\/{rel}","templated":true}]}}