{"id":2646,"date":"2023-04-20T15:07:19","date_gmt":"2023-04-20T15:07:19","guid":{"rendered":"https:\/\/comercialnespral.com\/orthese\/"},"modified":"2023-04-20T15:07:20","modified_gmt":"2023-04-20T15:07:20","slug":"orthese","status":"publish","type":"page","link":"https:\/\/comercialnespral.com\/de\/katalog\/orthese\/","title":{"rendered":"Orthese"},"content":{"rendered":"<p>[et_pb_section fb_built=&#8220;1&#8243; custom_padding_last_edited=&#8220;on|phone&#8220; admin_label=&#8220;Services&#8220; _builder_version=&#8220;4.16&#8243; _module_preset=&#8220;default&#8220; background_image=&#8220;https:\/\/comercialnespral.com\/wp-content\/uploads\/2022\/06\/family-doctor-012.png&#8220; custom_padding=&#8220;140px||140px||true|&#8220; custom_padding_tablet=&#8220;60px||60px||true|false&#8220; custom_padding_phone=&#8220;40px||40px||true|false&#8220; global_colors_info=&#8220;{}&#8220; theme_builder_area=&#8220;post_content&#8220;][et_pb_row _builder_version=&#8220;4.16&#8243; _module_preset=&#8220;default&#8220; custom_padding=&#8220;27px|||||&#8220; locked=&#8220;off&#8220; global_colors_info=&#8220;{}&#8220; theme_builder_area=&#8220;post_content&#8220;][et_pb_column type=&#8220;4_4&#8243; _builder_version=&#8220;4.16&#8243; _module_preset=&#8220;default&#8220; global_colors_info=&#8220;{}&#8220; theme_builder_area=&#8220;post_content&#8220;][et_pb_text _builder_version=&#8220;4.17.4&#8243; _module_preset=&#8220;default&#8220; header_2_font=&#8220;Poppins|600|||||||&#8220; header_2_text_color=&#8220;#005450&#8243; header_2_font_size=&#8220;60px&#8220; header_2_line_height=&#8220;1.2em&#8220; text_orientation=&#8220;center&#8220; hover_enabled=&#8220;0&#8243; header_2_font_size_tablet=&#8220;42px&#8220; header_2_font_size_phone=&#8220;24px&#8220; header_2_font_size_last_edited=&#8220;on|phone&#8220; locked=&#8220;off&#8220; global_colors_info=&#8220;{}&#8220; theme_builder_area=&#8220;post_content&#8220; sticky_enabled=&#8220;0&#8243;]<\/p>\n<h2>Orthese<\/h2>\n<p style=\"text-align: center;\"><span>Unsere Orthop\u00e4dieprodukte unterst\u00fctzen Sie bei Problemen an den Gelenken, den B\u00e4ndern oder dem R\u00fccken.<\/span><\/p>\n<p>[\/et_pb_text][\/et_pb_column][\/et_pb_row][et_pb_row _builder_version=&#8220;4.17.4&#8243; _module_preset=&#8220;default&#8220; global_colors_info=&#8220;{}&#8220; theme_builder_area=&#8220;post_content&#8220;][et_pb_column type=&#8220;4_4&#8243; _builder_version=&#8220;4.17.4&#8243; _module_preset=&#8220;default&#8220; global_colors_info=&#8220;{}&#8220; theme_builder_area=&#8220;post_content&#8220;][et_pb_shop type=&#8220;product_category&#8220; include_categories=&#8220;39&#8243; columns_number=&#8220;4&#8243; sale_badge_color=&#8220;rgba(0,0,0,0.6)&#8220; icon_hover_color=&#8220;#ffffff&#8220; hover_overlay_color=&#8220;rgba(0,84,80,0.55)&#8220; _builder_version=&#8220;4.17.4&#8243; _module_preset=&#8220;default&#8220; title_text_color=&#8220;#000000&#8243; title_font_size=&#8220;17px&#8220; title_line_height=&#8220;1.2em&#8220; price_text_color=&#8220;#005450&#8243; price_font_size=&#8220;18px&#8220; sale_badge_text_color=&#8220;#FFFFFF&#8220; hover_enabled=&#8220;0&#8243; box_shadow_style_image=&#8220;preset1&#8243; global_colors_info=&#8220;{}&#8220; theme_builder_area=&#8220;post_content&#8220; sticky_enabled=&#8220;0&#8243;][\/et_pb_shop][\/et_pb_column][\/et_pb_row][\/et_pb_section]<\/p>\n","protected":false},"excerpt":{"rendered":"<p>Unsere Orthop\u00e4dieprodukte unterst\u00fctzen Sie bei Problemen an den Gelenken, den B\u00e4ndern oder dem R\u00fccken.<\/p>\n","protected":false},"author":1,"featured_media":0,"parent":2652,"menu_order":0,"comment_status":"closed","ping_status":"closed","template":"","meta":{"_et_pb_use_builder":"on","_et_pb_old_content":"","_et_gb_content_width":""},"yoast_head":"<!-- This site is optimized with the Yoast SEO plugin v20.5 - https:\/\/yoast.com\/wordpress\/plugins\/seo\/ -->\n<title>Orthese -Productos Ortop\u00e9dicos Orton\u00e9s - Comercial Nespral<\/title>\n<meta name=\"description\" content=\"Unsere Orthop\u00e4dieprodukte unterst\u00fctzen Sie bei Problemen an den Gelenken, den B\u00e4ndern oder dem R\u00fccken.\" \/>\n<meta name=\"robots\" content=\"index, follow, max-snippet:-1, max-image-preview:large, max-video-preview:-1\" \/>\n<link rel=\"canonical\" href=\"https:\/\/comercialnespral.com\/de\/orthese\/\" \/>\n<meta property=\"og:locale\" content=\"de_DE\" \/>\n<meta property=\"og:type\" content=\"article\" \/>\n<meta property=\"og:title\" content=\"Orthese -Productos Ortop\u00e9dicos Orton\u00e9s - Comercial Nespral\" \/>\n<meta property=\"og:description\" content=\"Unsere Orthop\u00e4dieprodukte unterst\u00fctzen Sie bei Problemen an den Gelenken, den B\u00e4ndern oder dem R\u00fccken.\" \/>\n<meta property=\"og:url\" content=\"https:\/\/comercialnespral.com\/de\/orthese\/\" \/>\n<meta property=\"og:site_name\" content=\"Comercial Nespral\" \/>\n<meta property=\"article:modified_time\" content=\"2023-04-20T15:07:20+00:00\" \/>\n<meta name=\"twitter:card\" content=\"summary_large_image\" \/>\n<meta name=\"twitter:label1\" content=\"Gesch\u00e4tzte Lesezeit\" \/>\n\t<meta name=\"twitter:data1\" content=\"1 Minute\" \/>\n<script type=\"application\/ld+json\" class=\"yoast-schema-graph\">{\"@context\":\"https:\/\/schema.org\",\"@graph\":[{\"@type\":\"WebPage\",\"@id\":\"https:\/\/comercialnespral.com\/de\/orthese\/\",\"url\":\"https:\/\/comercialnespral.com\/de\/orthese\/\",\"name\":\"Orthese -Productos Ortop\u00e9dicos Orton\u00e9s - Comercial Nespral\",\"isPartOf\":{\"@id\":\"https:\/\/comercialnespral.com\/#website\"},\"datePublished\":\"2023-04-20T15:07:19+00:00\",\"dateModified\":\"2023-04-20T15:07:20+00:00\",\"description\":\"Unsere Orthop\u00e4dieprodukte unterst\u00fctzen Sie bei Problemen an den Gelenken, den B\u00e4ndern oder dem R\u00fccken.\",\"breadcrumb\":{\"@id\":\"https:\/\/comercialnespral.com\/de\/orthese\/#breadcrumb\"},\"inLanguage\":\"de-DE\",\"potentialAction\":[{\"@type\":\"ReadAction\",\"target\":[\"https:\/\/comercialnespral.com\/de\/orthese\/\"]}]},{\"@type\":\"BreadcrumbList\",\"@id\":\"https:\/\/comercialnespral.com\/de\/orthese\/#breadcrumb\",\"itemListElement\":[{\"@type\":\"ListItem\",\"position\":1,\"name\":\"Startseite\",\"item\":\"https:\/\/comercialnespral.com\/de\/\"},{\"@type\":\"ListItem\",\"position\":2,\"name\":\"Orthese\"}]},{\"@type\":\"WebSite\",\"@id\":\"https:\/\/comercialnespral.com\/#website\",\"url\":\"https:\/\/comercialnespral.com\/\",\"name\":\"Comercial Nespral\",\"description\":\"\",\"potentialAction\":[{\"@type\":\"SearchAction\",\"target\":{\"@type\":\"EntryPoint\",\"urlTemplate\":\"https:\/\/comercialnespral.com\/?s={search_term_string}\"},\"query-input\":\"required name=search_term_string\"}],\"inLanguage\":\"de-DE\"}]}<\/script>\n<!-- \/ Yoast SEO plugin. -->","yoast_head_json":{"title":"Orthese -Productos Ortop\u00e9dicos Orton\u00e9s - Comercial Nespral","description":"Unsere Orthop\u00e4dieprodukte unterst\u00fctzen Sie bei Problemen an den Gelenken, den B\u00e4ndern oder dem R\u00fccken.","robots":{"index":"index","follow":"follow","max-snippet":"max-snippet:-1","max-image-preview":"max-image-preview:large","max-video-preview":"max-video-preview:-1"},"canonical":"https:\/\/comercialnespral.com\/de\/orthese\/","og_locale":"de_DE","og_type":"article","og_title":"Orthese -Productos Ortop\u00e9dicos Orton\u00e9s - Comercial Nespral","og_description":"Unsere Orthop\u00e4dieprodukte unterst\u00fctzen Sie bei Problemen an den Gelenken, den B\u00e4ndern oder dem R\u00fccken.","og_url":"https:\/\/comercialnespral.com\/de\/orthese\/","og_site_name":"Comercial Nespral","article_modified_time":"2023-04-20T15:07:20+00:00","twitter_card":"summary_large_image","twitter_misc":{"Gesch\u00e4tzte Lesezeit":"1 Minute"},"schema":{"@context":"https:\/\/schema.org","@graph":[{"@type":"WebPage","@id":"https:\/\/comercialnespral.com\/de\/orthese\/","url":"https:\/\/comercialnespral.com\/de\/orthese\/","name":"Orthese -Productos Ortop\u00e9dicos Orton\u00e9s - Comercial Nespral","isPartOf":{"@id":"https:\/\/comercialnespral.com\/#website"},"datePublished":"2023-04-20T15:07:19+00:00","dateModified":"2023-04-20T15:07:20+00:00","description":"Unsere Orthop\u00e4dieprodukte unterst\u00fctzen Sie bei Problemen an den Gelenken, den B\u00e4ndern oder dem R\u00fccken.","breadcrumb":{"@id":"https:\/\/comercialnespral.com\/de\/orthese\/#breadcrumb"},"inLanguage":"de-DE","potentialAction":[{"@type":"ReadAction","target":["https:\/\/comercialnespral.com\/de\/orthese\/"]}]},{"@type":"BreadcrumbList","@id":"https:\/\/comercialnespral.com\/de\/orthese\/#breadcrumb","itemListElement":[{"@type":"ListItem","position":1,"name":"Startseite","item":"https:\/\/comercialnespral.com\/de\/"},{"@type":"ListItem","position":2,"name":"Orthese"}]},{"@type":"WebSite","@id":"https:\/\/comercialnespral.com\/#website","url":"https:\/\/comercialnespral.com\/","name":"Comercial Nespral","description":"","potentialAction":[{"@type":"SearchAction","target":{"@type":"EntryPoint","urlTemplate":"https:\/\/comercialnespral.com\/?s={search_term_string}"},"query-input":"required name=search_term_string"}],"inLanguage":"de-DE"}]}},"_links":{"self":[{"href":"https:\/\/comercialnespral.com\/de\/wp-json\/wp\/v2\/pages\/2646"}],"collection":[{"href":"https:\/\/comercialnespral.com\/de\/wp-json\/wp\/v2\/pages"}],"about":[{"href":"https:\/\/comercialnespral.com\/de\/wp-json\/wp\/v2\/types\/page"}],"author":[{"embeddable":true,"href":"https:\/\/comercialnespral.com\/de\/wp-json\/wp\/v2\/users\/1"}],"replies":[{"embeddable":true,"href":"https:\/\/comercialnespral.com\/de\/wp-json\/wp\/v2\/comments?post=2646"}],"version-history":[{"count":2,"href":"https:\/\/comercialnespral.com\/de\/wp-json\/wp\/v2\/pages\/2646\/revisions"}],"predecessor-version":[{"id":2648,"href":"https:\/\/comercialnespral.com\/de\/wp-json\/wp\/v2\/pages\/2646\/revisions\/2648"}],"up":[{"embeddable":true,"href":"https:\/\/comercialnespral.com\/de\/wp-json\/wp\/v2\/pages\/2652"}],"wp:attachment":[{"href":"https:\/\/comercialnespral.com\/de\/wp-json\/wp\/v2\/media?parent=2646"}],"curies":[{"name":"wp","href":"https:\/\/api.w.org\/{rel}","templated":true}]}}